{"id":24711,"date":"2024-05-07T05:59:17","date_gmt":"2024-05-07T05:59:17","guid":{"rendered":"https:\/\/partners.extu.com\/formulaire-de-soumission-des-ventes-mondiales\/"},"modified":"2024-05-30T14:31:28","modified_gmt":"2024-05-30T14:31:28","slug":"formulaire-de-soumission-des-ventes-mondiales","status":"publish","type":"page","link":"https:\/\/partners.extu.com\/fr_ca\/formulaire-de-soumission-des-ventes-mondiales\/","title":{"rendered":"Formulaire de soumission des ventes mondiales"},"content":{"rendered":"<div class=\"wpb-content-wrapper\"><p>[vc_row full_width=\u00a0\u00bbstretch_row\u00a0\u00bb css=\u00a0\u00bb.vc_custom_1694160573081{background-color: #000000 !important;}\u00a0\u00bb][vc_column]<div class=\"boc_spacing \" style=\"height: 40px\"><\/div><h2 class=\"boc_heading  center  \"  style=\"margin-bottom: 20px;margin-top: 0px;color: #ededda;\"><span>Partagez vos ventes conclues<\/span><\/h2><h3 class=\"boc_heading  center  \"  style=\"margin-bottom: 20px;margin-top: 0px;color: #ededda;\"><span>R\u00e9pondez \u00e0 vos exigences de soumission des ventes et contribuez \u00e0 soutenir le programme<\/span><\/h3><div class=\"boc_spacing \" style=\"height: 40px\"><\/div>[\/vc_column][\/vc_row][vc_row][vc_column]<div class=\"boc_spacing \" style=\"height: 40px\"><\/div>[\/vc_column][\/vc_row][vc_row][vc_column width=\u00a0\u00bb2\/3&Prime;]<div class=\"vcSFIframeWrap vcCEWrap \"><div id=\"sf_iframe\" data-url=\"https:\/\/a.extu.com\/s3\/SRU-fr-ca\" data-qs=\"csid\" data-lang=\"lang\" data-ih=\"2000\"><\/div><\/div><!--.vcCEWrap-->[\/vc_column][vc_column width=\u00a0\u00bb1\/3&Prime;]<h3 class=\"boc_heading  al_left  \"  style=\"margin-bottom: 20px;margin-top: 0px;color: #333;\"><span>Questions Fr\u00e9quemment Pos\u00e9es<\/span><\/h3><div class=\"acc_holder  no_sibling_toggle   border\"><div class=\"acc_item\"><h4 class=\"accordion\"><span class=\"acc_control \"><\/span><span class=\"acc_heading\">Quels re\u00e7us puis-je soumettre?<\/span><\/h4><div class=\"accordion_content\"><\/p>\n<ul>\n<li>Les re\u00e7us \u00e9ligibles sont des copies de vos <strong>factures clients<\/strong> (fichiers PDF ou images) d\u00e9montrant la preuve de vente des produits de votre fournisseur sponsoris\u00e9. Notre \u00e9quipe s\u00e9parera les \u00e9l\u00e9ments \u00e9ligibles des \u00e9l\u00e9ments non \u00e9ligibles sur chaque re\u00e7u (vous n&rsquo;avez pas besoin de le faire vous-m\u00eame).<\/li>\n<li>Les r\u00e9sum\u00e9s d\u00e9taill\u00e9s des ventes sont \u00e9galement \u00e9ligibles mais peuvent \u00eatre soumis \u00e0 une v\u00e9rification.<\/li>\n<li>Les soumissions de factures et de r\u00e9sum\u00e9s des ventes doivent contenir les informations suivantes:\n<ul>\n<li>La date de la facture<\/li>\n<li>Le num\u00e9ro de la facture<\/li>\n<li>Le nom de l&rsquo;entreprise cliente<\/li>\n<li>La description du produit<\/li>\n<li>La quantit\u00e9 de produit<\/li>\n<li>Le prix unitaire<\/li>\n<li>Le montant total<\/li>\n<\/ul>\n<\/li>\n<li>Veuillez ne pas soumettre les re\u00e7us provenant de votre distributeur. Si vous \u00eates pr\u00e9occup\u00e9 par les d\u00e9tails personnels des clients, veuillez lire ci-dessous.<\/li>\n<li>Les re\u00e7us doivent \u00eatre soumis dans les deux mois suivant la vente (date de la facture) et dans les 60 jours suivant l&rsquo;envoi de votre derni\u00e8re campagne.<\/li>\n<li>Les re\u00e7us ou les offres que vous avez d\u00e9j\u00e0 fournis ne sont pas pris en compte.<\/li>\n<\/ul>\n<p><\/div><\/div><div class=\"acc_item\"><h4 class=\"accordion\"><span class=\"acc_control \"><\/span><span class=\"acc_heading\">Pourquoi soumettre ?<\/span><\/h4><div class=\"accordion_content\">Votre marque sponsoris\u00e9e souhaite savoir si et comment son soutien marketing vous aide \u00e0 g\u00e9n\u00e9rer plus d&rsquo;affaires. En soumettant vos re\u00e7us de vente, vous contribuez \u00e0 justifier votre participation continue \u00e0 ce programme avec la ou les marques sponsorisant votre campagne.<\/div><\/div><div class=\"acc_item\"><h4 class=\"accordion\"><span class=\"acc_control \"><\/span><span class=\"acc_heading\">Qu'en est-il de la confidentialit\u00e9 de mes clients?<\/span><\/h4><div class=\"accordion_content\">Veuillez noter que nous partagerons toutes les factures admissibles avec votre ou vos fournisseurs uniquement \u00e0 des fins de validation. Le(s) fournisseur(s) ne contactera pas vos clients, et ne fournira pas les d\u00e9tails de vos clients \u00e0 un tiers.<\/div><\/div><\/div>[\/vc_column][\/vc_row]<\/p>\n<\/div>","protected":false},"excerpt":{"rendered":"<p>[vc_row full_width=\u00a0\u00bbstretch_row\u00a0\u00bb css=\u00a0\u00bb.vc_custom_1694160573081{background-color: #000000 !important;}\u00a0\u00bb][vc_column][\/vc_column][\/vc_row][vc_row][vc_column][\/vc_column][\/vc_row][vc_row][vc_column width=\u00a0\u00bb2\/3&Prime;][\/vc_column][vc_column width=\u00a0\u00bb1\/3&Prime;][\/vc_column][\/vc_row]<\/p>\n","protected":false},"author":54,"featured_media":0,"parent":0,"menu_order":0,"comment_status":"closed","ping_status":"closed","template":"","meta":{"_acf_changed":false,"om_disable_all_campaigns":false,"footnotes":""},"class_list":["post-24711","page","type-page","status-publish","hentry"],"acf":{"footer_box_text":"","footer_form":""},"_links":{"self":[{"href":"https:\/\/partners.extu.com\/fr_ca\/wp-json\/wp\/v2\/pages\/24711","targetHints":{"allow":["GET"]}}],"collection":[{"href":"https:\/\/partners.extu.com\/fr_ca\/wp-json\/wp\/v2\/pages"}],"about":[{"href":"https:\/\/partners.extu.com\/fr_ca\/wp-json\/wp\/v2\/types\/page"}],"author":[{"embeddable":true,"href":"https:\/\/partners.extu.com\/fr_ca\/wp-json\/wp\/v2\/users\/54"}],"replies":[{"embeddable":true,"href":"https:\/\/partners.extu.com\/fr_ca\/wp-json\/wp\/v2\/comments?post=24711"}],"version-history":[{"count":0,"href":"https:\/\/partners.extu.com\/fr_ca\/wp-json\/wp\/v2\/pages\/24711\/revisions"}],"wp:attachment":[{"href":"https:\/\/partners.extu.com\/fr_ca\/wp-json\/wp\/v2\/media?parent=24711"}],"curies":[{"name":"wp","href":"https:\/\/api.w.org\/{rel}","templated":true}]}}