{"id":24671,"date":"2024-05-07T05:21:53","date_gmt":"2024-05-07T05:21:53","guid":{"rendered":"https:\/\/partners.extu.com\/formulaire-de-description-de-contenu-personnalise\/"},"modified":"2024-05-30T14:31:40","modified_gmt":"2024-05-30T14:31:40","slug":"formulaire-de-description-de-contenu-personnalise","status":"publish","type":"page","link":"https:\/\/partners.extu.com\/fr_ca\/formulaire-de-description-de-contenu-personnalise\/","title":{"rendered":"Formulaire de Description de Contenu Personnalis\u00e9"},"content":{"rendered":"<div class=\"wpb-content-wrapper\"><p>[vc_row full_width=\u00a0\u00bbstretch_row_content\u00a0\u00bb content_placement=\u00a0\u00bbmiddle\u00a0\u00bb css=\u00a0\u00bb.vc_custom_1694122089739{background-color: #0a0a0a !important;background-position: center !important;background-repeat: no-repeat !important;background-size: cover !important;}\u00a0\u00bb][vc_column]<div class=\"boc_spacing \" style=\"height: 40px\"><\/div><h2 class=\"boc_heading  center  \"  style=\"margin-bottom: 20px;margin-top: 0px;color: #ededda;\"><span>Formulaire de Description de Contenu Personnalis\u00e9<\/span><\/h2><div class=\"boc_spacing \" style=\"height: 40px\"><\/div>[\/vc_column][\/vc_row][vc_row sf_sec_background=\u00a0\u00bbbg-cream\u00a0\u00bb][vc_column width=\u00a0\u00bb2\/3&Prime;][vc_column_text]<\/p>\n<h3>Veuillez remplir le formulaire ci-dessous avec votre demande de contenu personnalis\u00e9 pour inclusion dans votre prochaine campagne.<\/h3>\n<p style=\"text-align: left;\">Veuillez pr\u00e9voir environ <span style=\"color: #ff0000;\"><strong>~5 jours ouvrables<\/strong><\/span> pour que le travail personnalis\u00e9 soit termin\u00e9<\/p>\n<p>[\/vc_column_text]<div class=\"boc_divider_holder\"><div class=\"boc_divider  \"  style=\"margin-top: 20px;margin-bottom: 20px;height: 1px;background: #eeeeee;\"><\/div><\/div><div class=\"vcSFIframeWrap vcCEWrap \"><div id=\"sf_iframe\" data-url=\"https:\/\/survey.alchemer.com\/s3\/6215575\/fr-ca\" data-qs=\"dac\" data-lang=\"\" data-ih=\"2500\"><\/div><\/div><!--.vcCEWrap-->[\/vc_column][vc_column width=\u00a0\u00bb1\/3&Prime;]<div class=\"boc_spacing \" style=\"height: 20px\"><\/div><h3 class=\"boc_heading  al_left  \" ><span>Questions fr\u00e9quemment pos\u00e9es<\/span><\/h3><div class=\"acc_holder   with_bgr \"><div class=\"acc_item\"><h4 class=\"accordion\"><span class=\"acc_control \"><\/span><span class=\"acc_heading\">Qu'est-ce que le contenu personnalis\u00e9?<\/span><\/h4><div class=\"accordion_content\">Le contenu personnalis\u00e9 est g\u00e9n\u00e9ralement du contenu qui est unique \u00e0 votre entreprise. Les exemples incluent les mises \u00e0 jour de l&rsquo;entreprise, les invitations \u00e0 des webinaires ou des ressources utiles telles que des d\u00e9monstrations de formation. <\/div><\/div><div class=\"acc_item\"><h4 class=\"accordion\"><span class=\"acc_control \"><\/span><span class=\"acc_heading\">Qu'est-ce que le contenu personnalis\u00e9 de produit?<\/span><\/h4><div class=\"accordion_content\">Nous faisons de notre mieux pour fournir les caract\u00e9ristiques de produit les plus pertinentes dans votre campagne mensuelle. Cependant, nous comprenons qu&rsquo;il peut arriver que certains produits que vous vendez ne soient pas disponibles dans votre campagne. Vous pouvez utiliser cette option pour demander un produit qui n&rsquo;a pas \u00e9t\u00e9 ou ne sera pas pr\u00e9sent\u00e9 dans votre campagne mensuelle Extu.<\/p>\n<p>Selon votre programme, vous devez inclure au moins 1 \u00e0 2 caract\u00e9ristiques de produit s\u00e9lectionn\u00e9es par votre marque sponsoris\u00e9e. Vous ne pouvez pas pr\u00e9senter ou citer des marques concurrentes de celle qui sponsorise votre marque.<\/div><\/div><div class=\"acc_item\"><h4 class=\"accordion\"><span class=\"acc_control \"><\/span><span class=\"acc_heading\">Comment savoir quel contenu personnalis\u00e9 je peux ou ne peux pas inclure ?<\/span><\/h4><div class=\"accordion_content\">Tout contenu provenant de votre entreprise est consid\u00e9r\u00e9 comme du contenu personnalis\u00e9.<\/p>\n<p>Nous ne vous recommandons pas de lier des travaux d&rsquo;autres auteurs ou r\u00e9dacteurs, car cela entra\u00eenerait un trafic loin de votre campagne. \u00c0 la place, vous pouvez tirer parti de l&rsquo;une des s\u00e9lections d&rsquo;articles de leadership \u00e9clair\u00e9 que nous mettons \u00e0 votre disposition chaque mois, ce qui maintient le lecteur sur votre microsite et disponible pour poser des questions qui vous sont directement adress\u00e9es.<\/p>\n<p><\/div><\/div><\/div><div class=\"boc_spacing \" style=\"height: 20px\"><\/div><div class=\"boc_spacing \" style=\"height: 20px\"><\/div>[\/vc_column][\/vc_row]<\/p>\n<\/div>","protected":false},"excerpt":{"rendered":"<p>[vc_row full_width=\u00a0\u00bbstretch_row_content\u00a0\u00bb content_placement=\u00a0\u00bbmiddle\u00a0\u00bb css=\u00a0\u00bb.vc_custom_1694122089739{background-color: #0a0a0a !important;background-position: center !important;background-repeat: no-repeat !important;background-size: cover !important;}\u00a0\u00bb][vc_column][\/vc_column][\/vc_row][vc_row sf_sec_background=\u00a0\u00bbbg-cream\u00a0\u00bb][vc_column width=\u00a0\u00bb2\/3&Prime;][vc_column_text] Veuillez remplir le formulaire ci-dessous avec votre demande de contenu personnalis\u00e9 pour inclusion dans votre prochaine campagne. Veuillez pr\u00e9voir environ ~5 jours ouvrables pour que le travail personnalis\u00e9 soit termin\u00e9 [\/vc_column_text][\/vc_column][vc_column width=\u00a0\u00bb1\/3&Prime;][\/vc_column][\/vc_row]<\/p>\n","protected":false},"author":54,"featured_media":0,"parent":0,"menu_order":0,"comment_status":"closed","ping_status":"closed","template":"","meta":{"_acf_changed":false,"om_disable_all_campaigns":false,"footnotes":""},"class_list":["post-24671","page","type-page","status-publish","hentry"],"acf":{"footer_box_text":"","footer_form":""},"_links":{"self":[{"href":"https:\/\/partners.extu.com\/fr_ca\/wp-json\/wp\/v2\/pages\/24671","targetHints":{"allow":["GET"]}}],"collection":[{"href":"https:\/\/partners.extu.com\/fr_ca\/wp-json\/wp\/v2\/pages"}],"about":[{"href":"https:\/\/partners.extu.com\/fr_ca\/wp-json\/wp\/v2\/types\/page"}],"author":[{"embeddable":true,"href":"https:\/\/partners.extu.com\/fr_ca\/wp-json\/wp\/v2\/users\/54"}],"replies":[{"embeddable":true,"href":"https:\/\/partners.extu.com\/fr_ca\/wp-json\/wp\/v2\/comments?post=24671"}],"version-history":[{"count":0,"href":"https:\/\/partners.extu.com\/fr_ca\/wp-json\/wp\/v2\/pages\/24671\/revisions"}],"wp:attachment":[{"href":"https:\/\/partners.extu.com\/fr_ca\/wp-json\/wp\/v2\/media?parent=24671"}],"curies":[{"name":"wp","href":"https:\/\/api.w.org\/{rel}","templated":true}]}}