{"id":18734,"date":"2022-02-14T17:32:22","date_gmt":"2022-02-14T17:32:22","guid":{"rendered":"http:\/\/partners.oneaffiniti.com\/caracteristiques\/"},"modified":"2022-04-27T11:09:48","modified_gmt":"2022-04-27T11:09:48","slug":"caracteristiques","status":"publish","type":"page","link":"https:\/\/partners.extu.com\/fr\/caracteristiques\/","title":{"rendered":"Caract\u00e9ristiques"},"content":{"rendered":"<div class=\"wpb-content-wrapper\"><p>[vc_row full_width=\u00a0\u00bbstretch_row\u00a0\u00bb content_placement=\u00a0\u00bbmiddle\u00a0\u00bb css=\u00a0\u00bb.vc_custom_1573710789675{background-image: url(https:\/\/partners.extu.com\/wp-content\/uploads\/2019\/11\/Navy-Pattern.png?id=8737) !important;background-position: center !important;background-repeat: no-repeat !important;background-size: cover !important;}\u00a0\u00bb][vc_column]<div class=\"boc_spacing \" style=\"height: 40px\"><\/div><h2 class=\"boc_heading  center  \"  style=\"margin-bottom: 20px;margin-top: 0px;color: #ffffff;\"><span>Une technologie et des services pour vous aider \u00e0 \u00e9largir votre activit\u00e9<\/span><\/h2><h3 class=\"boc_heading  center  \"  style=\"margin-bottom: 20px;margin-top: 0px;color: #ffffff;\"><span>Le marketing num\u00e9rique n\u2019a jamais \u00e9t\u00e9 aussi simple<\/span><\/h3><div class=\"boc_spacing \" style=\"height: 20px\"><\/div><div class=\"boc_spacing \" style=\"height: 60px\"><\/div>[\/vc_column][\/vc_row][vc_row][vc_column]<div class=\"boc_spacing \" style=\"height: 20px\"><\/div>[vc_row_inner][vc_column_inner width=\u00a0\u00bb1\/2&Prime;]<div class=\"boc_spacing \" style=\"height: 40px\"><\/div><h3 class=\"boc_heading  al_left  boc_animate_when_almost_visible boc_left-to-right\"  style=\"margin-bottom: 20px;margin-top: 0px;color: #333;\"><span>Validez votre campagne en quelques minutes<\/span><\/h3>[vc_column_text css_animation=\u00a0\u00bbboc_animate_when_almost_visible boc_left-to-right\u00a0\u00bb]<\/p>\n<p class=\"boc_heading al_left \">Notre programme ne vous prend que quelques minutes de votre temps chaque mois pour \u00e9valuer et approuver le contenu de votre campagne. Vous pourrez remplacer des articles par d\u2019autres de notre biblioth\u00e8que de contenus ou les laisser tels quel pour un envoi automatique 4\u00a0jours apr\u00e8s la r\u00e9ception du brouillon.<\/p>\n<p>[\/vc_column_text]<a\thref=\"https:\/\/partners.extu.com\/fr\/validation-de-campagne\/\" \n\t\t\t\tclass=\"button btn_medium btn_theme_color btn_rounded btn_normal_style   boc_animate_when_almost_visible boc_left-to-right \"  target='_blank'><span>En savoir plus<\/span><\/a>[\/vc_column_inner][vc_column_inner width=\u00a0\u00bb1\/2&Prime;][vc_single_image source=\u00a0\u00bbexternal_link\u00a0\u00bb custom_src=\u00a0\u00bbhttps:\/\/cdn.brandfolder.io\/8TODOWLK\/at\/pjkw9skrwwnj8nk7s39tg7f\/Review-and-Approval-Process.gif\u00a0\u00bb][\/vc_column_inner][\/vc_row_inner]<div class=\"boc_spacing \" style=\"height: 60px\"><\/div>[\/vc_column][\/vc_row][vc_row full_width=\u00a0\u00bbstretch_row\u00a0\u00bb css=\u00a0\u00bb.vc_custom_1612743587540{background-color: #e5ebe7 !important;}\u00a0\u00bb][vc_column width=\u00a0\u00bb1\/2&Prime;]<div class=\"boc_spacing \" style=\"height: 20px\"><\/div>[vc_single_image source=\u00a0\u00bbexternal_link\u00a0\u00bb custom_src=\u00a0\u00bbhttps:\/\/cdn.brandfolder.io\/8TODOWLK\/at\/73xcrzrfhc8kczrsx74qvc5\/LinkedIn-Publishing.gif\u00a0\u00bb][\/vc_column][vc_column width=\u00a0\u00bb1\/2&Prime;]<div class=\"boc_spacing \" style=\"height: 40px\"><\/div><h3 class=\"boc_heading  al_left  boc_animate_when_almost_visible boc_right-to-left\"  style=\"margin-bottom: 20px;margin-top: 0px;color: #333333;\"><span>Multipliez vos connexions LinkedIn par 6<\/span><\/h3><div class=\"boc_spacing \" style=\"height: 20px\"><\/div>[vc_column_text css_animation=\u00a0\u00bbboc_animate_when_almost_visible boc_right-to-left\u00a0\u00bb]<\/p>\n<p class=\"boc_heading al_left \">Attirez de nouveaux abonn\u00e9s avec du contenu de leadership \u00e9clair\u00e9 et professionnel sur LinkedIn. Notre outil de publication LinkedIn planifie automatiquement la publication progressive du contenu de votre campagne mensuelle pour votre audience LinkedIn.<\/p>\n<p>[\/vc_column_text]<a\thref=\"https:\/\/partners.extu.com\/fr\/linkedin-publisher-2\/\" \n\t\t\t\tclass=\"button btn_medium btn_theme_color btn_rounded btn_normal_style   boc_animate_when_almost_visible boc_right-to-left \"  target='_blank'><span>En savoir plus<\/span><\/a>[\/vc_column][\/vc_row][vc_row full_width=\u00a0\u00bbstretch_row\u00a0\u00bb][vc_column width=\u00a0\u00bb1\/2&Prime;]<div class=\"boc_spacing \" style=\"height: 40px\"><\/div><h3 class=\"boc_heading  al_left  boc_animate_when_almost_visible boc_left-to-right\"  style=\"margin-bottom: 20px;margin-top: 0px;color: #333333;\"><span>G\u00e9rez votre liste et l\u2019engagement des abonn\u00e9s<\/span><\/h3><div class=\"boc_spacing \" style=\"height: 20px\"><\/div>[vc_column_text css_animation=\u00a0\u00bbboc_animate_when_almost_visible boc_left-to-right\u00a0\u00bb]<\/p>\n<p class=\"boc_heading center \" style=\"text-align: left;\">Obtenez des informations sur la performance de votre campagne avec les analyses de Campaign\u00a0Monitor. Vous pouvez voir qui sont les abonn\u00e9s les plus engag\u00e9s et suivre et mesurer les performances de vos campagnes pour recevoir des informations exploitables afin d\u2019am\u00e9liorer votre campagne.<\/p>\n<p>[\/vc_column_text]<a\thref=\"https:\/\/partners.extu.com\/fr\/analyses-des-campagnes\/\" \n\t\t\t\tclass=\"button btn_medium btn_theme_color btn_rounded btn_normal_style   boc_animate_when_almost_visible boc_left-to-right \"  target='_self'><span>En savoir plus<\/span><\/a>[\/vc_column][vc_column width=\u00a0\u00bb1\/2&Prime;]<div class=\"boc_spacing \" style=\"height: 20px\"><\/div>[vc_single_image source=\u00a0\u00bbexternal_link\u00a0\u00bb custom_src=\u00a0\u00bbhttps:\/\/cdn.brandfolder.io\/8TODOWLK\/at\/7fb8qvkgnk8qg69n7c3wbkb\/Checklist.gif\u00a0\u00bb][\/vc_column][\/vc_row][vc_row full_width=\u00a0\u00bbstretch_row\u00a0\u00bb css=\u00a0\u00bb.vc_custom_1612743587540{background-color: #e5ebe7 !important;}\u00a0\u00bb][vc_column width=\u00a0\u00bb1\/2&Prime;]<div class=\"boc_spacing \" style=\"height: 20px\"><\/div>[vc_single_image source=\u00a0\u00bbexternal_link\u00a0\u00bb css_animation=\u00a0\u00bbboc_animate_when_almost_visible boc_left-to-right\u00a0\u00bb custom_src=\u00a0\u00bbhttps:\/\/cdn.brandfolder.io\/8TODOWLK\/at\/c37k8w6p2jpf7xjtjhg3z7k\/Lead-Follow-up-.gif\u00a0\u00bb][\/vc_column][vc_column width=\u00a0\u00bb1\/2&Prime;]<div class=\"boc_spacing \" style=\"height: 40px\"><\/div><h3 class=\"boc_heading  al_left  boc_animate_when_almost_visible boc_right-to-left\"  style=\"margin-bottom: 20px;margin-top: 0px;color: #333333;\"><span>Classez par ordre de priorit\u00e9 vos leads<\/span><\/h3><div class=\"boc_spacing \" style=\"height: 20px\"><\/div>[vc_column_text css_animation=\u00a0\u00bbboc_animate_when_almost_visible boc_right-to-left\u00a0\u00bb]<span style=\"font-weight: 400;\">Nous proposons des fonctionnalit\u00e9s am\u00e9lior\u00e9es de suivi des leads avec l\u2019<\/span><a href=\"https:\/\/partners.extu.com\/insight-hub\/\" target=\"_blank\" rel=\"noopener\"><b>Insights Hub<\/b><\/a><span style=\"font-weight: 400;\">, un syst\u00e8me de gestion des leads prot\u00e9g\u00e9 par mot de passe. <\/span><span style=\"font-weight: 400;\"><br \/>\n<\/span><span style=\"font-weight: 400;\"><br \/>\n<\/span><span style=\"font-weight: 400;\">Vous pouvez afficher tous les leads g\u00e9n\u00e9r\u00e9s \u00e0 partir de votre campagne au m\u00eame endroit. <\/span>Les leads sont not\u00e9s et class\u00e9s par ordre de priorit\u00e9 pour un suivi facile de vos opportunit\u00e9s, afin que vous terminiez la vente efficacement.[\/vc_column_text]<a\thref=\"https:\/\/partners.extu.com\/fr\/insights-hub-2\/\" \n\t\t\t\tclass=\"button btn_medium btn_theme_color btn_rounded btn_normal_style   boc_animate_when_almost_visible boc_right-to-left \"  target='_blank'><span>En savoir plus<\/span><\/a>[\/vc_column][\/vc_row][vc_row full_width=\u00a0\u00bbstretch_row\u00a0\u00bb disable_element=\u00a0\u00bbyes\u00a0\u00bb][vc_column width=\u00a0\u00bb1\/2&Prime;]<div class=\"boc_spacing \" style=\"height: 40px\"><\/div><h3 class=\"boc_heading  al_left  boc_animate_when_almost_visible boc_left-to-right\"  style=\"margin-bottom: 20px;margin-top: 0px;color: #333333;\"><span>Concluez plus de deals, plus rapidement gr\u00e2ce au profilage de compte et aux signaux d\u2019intention<\/span><\/h3><div class=\"boc_spacing \" style=\"height: 20px\"><\/div>[vc_column_text css_animation=\u00a0\u00bbboc_animate_when_almost_visible boc_left-to-right\u00a0\u00bb]<\/p>\n<p class=\"boc_heading al_left \" style=\"text-align: left;\">Les partenaires des programmes premium peuvent obtenir de nouvelles informations pour savoir quels comptes sont pr\u00eats \u00e0 acheter et ce qu\u2019ils cherchent avec le <a style=\"text-decoration: underline;\" href=\"https:\/\/partners.extu.com\/account-profiling\/\" target=\"_blank\" rel=\"noopener\">Profilage de compte<\/a> et les <a style=\"text-decoration: underline;\" href=\"https:\/\/partners.extu.com\/intent-signals\/\" target=\"_blank\" rel=\"noopener\">Signaux d\u2019intention<\/a>.<\/p>\n<p class=\"boc_heading center \" style=\"text-align: left;\">Le profilage de compte est un service premium qui associe des donn\u00e9es d\u2019intention riches pour fournir des informations sur les clients et prospects actifs sur le march\u00e9 afin que votre \u00e9quipe puisse cibler le bon compte au moment opportun.<\/p>\n<p>[\/vc_column_text]<a\thref=\"https:\/\/partners.extu.com\/account-profiling\/\" \n\t\t\t\tclass=\"button btn_medium btn_theme_color btn_rounded btn_normal_style   boc_animate_when_almost_visible boc_left-to-right \"  target='_blank'><span>En savoir plus<\/span><\/a>[\/vc_column][vc_column width=\u00a0\u00bb1\/2&Prime;]<div class=\"boc_spacing \" style=\"height: 20px\"><\/div>[vc_single_image source=\u00a0\u00bbexternal_link\u00a0\u00bb css_animation=\u00a0\u00bbboc_animate_when_almost_visible boc_right-to-left\u00a0\u00bb custom_src=\u00a0\u00bbhttps:\/\/cdn.brandfolder.io\/8TODOWLK\/at\/6grzmmtfbrjbfkngz3qxx3z\/Account_Profiling_-_Premium_Service.gif\u00a0\u00bb]<div class=\"boc_spacing \" style=\"height: 60px\"><\/div>[\/vc_column][\/vc_row][vc_row full_width=\u00a0\u00bbstretch_row\u00a0\u00bb css=\u00a0\u00bb.vc_custom_1612743587540{background-color: #e5ebe7 !important;}\u00a0\u00bb][vc_column width=\u00a0\u00bb1\/2&Prime;]<div class=\"boc_spacing \" style=\"height: 20px\"><\/div>[vc_single_image source=\u00a0\u00bbexternal_link\u00a0\u00bb css_animation=\u00a0\u00bbboc_animate_when_almost_visible boc_left-to-right\u00a0\u00bb custom_src=\u00a0\u00bbhttps:\/\/cdn.brandfolder.io\/8TODOWLK\/at\/vktq8gf3vqhp5j6gkffrwj\/List_Build-Select.png\u00a0\u00bb]<div class=\"boc_spacing \" style=\"height: 20px\"><\/div>[\/vc_column][vc_column width=\u00a0\u00bb1\/2&Prime;]<div class=\"boc_spacing \" style=\"height: 40px\"><\/div><h3 class=\"boc_heading  al_left  boc_animate_when_almost_visible boc_right-to-left\"  style=\"margin-bottom: 20px;margin-top: 0px;color: #333333;\"><span>Maintenez votre base de donn\u00e9es gr\u00e2ce \u00e0 la cr\u00e9ation de listes d\u2019adresses<\/span><\/h3><div class=\"boc_spacing \" style=\"height: 20px\"><\/div>[vc_column_text css_animation=\u00a0\u00bbboc_animate_when_almost_visible boc_right-to-left\u00a0\u00bb]La cr\u00e9ation de listes d\u2019adresses est une solution simple pour que vous et vos coll\u00e8gues importiez des contacts e-mail de votre r\u00e9seau, de sorte que vos campagnes marketing atteignent une audience plus vaste.[\/vc_column_text]<a\thref=\"https:\/\/partners.extu.com\/list-build-feature\/\" \n\t\t\t\tclass=\"button btn_medium btn_theme_color btn_rounded btn_normal_style   boc_animate_when_almost_visible boc_right-to-left \"  target='_blank'><span>En savoir plus<\/span><\/a><div class=\"boc_spacing \" style=\"height: 60px\"><\/div>[\/vc_column][\/vc_row][vc_row full_width=\u00a0\u00bbstretch_row\u00a0\u00bb disable_element=\u00a0\u00bbyes\u00a0\u00bb css=\u00a0\u00bb.vc_custom_1615789409048{background-color: #284068 !important;}\u00a0\u00bb][vc_column]<div class=\"boc_spacing \" style=\"height: 40px\"><\/div><h2 class=\"boc_heading  center  \"  style=\"margin-bottom: 20px;margin-top: 0px;color: #ffffff;\"><span>Questions fr\u00e9quentes<\/span><\/h2><div class=\"boc_spacing \" style=\"height: 40px\"><\/div>[\/vc_column][\/vc_row][vc_row disable_element=\u00a0\u00bbyes\u00a0\u00bb][vc_column width=\u00a0\u00bb1\/2&Prime;]<div class=\"acc_holder    \"><div class=\"acc_item\"><h4 class=\"accordion\"><span class=\"acc_control \"><\/span><span class=\"acc_heading\">Partagez-vous mes leads avec d\u2019autres entreprises ?<\/span><\/h4><div class=\"accordion_content\"><\/p>\n<p class=\"intercom-align-left\">Non, les r\u00e9ponses \u00e0 votre campagne vous seront envoy\u00e9es directement. Nous ne fournissons aucune information relative \u00e0 des leads aux fournisseurs tant que vous enregistrez des opportunit\u00e9s avec votre fournisseur.<\/p>\n<p class=\"intercom-align-left\">En revanche, nous communiquons aux fournisseurs les chiffres globaux concernant le programme (par exemple, le nombre de campagnes approuv\u00e9es, le nombre d\u2019abonn\u00e9s qui les ont re\u00e7ues, etc.) mais aucune r\u00e9ponse sp\u00e9cifique d\u2019un client priv\u00e9 ne sera partag\u00e9e avec eux.<\/p>\n<p><\/div><\/div><div class=\"acc_item\"><h4 class=\"accordion\"><span class=\"acc_control \"><\/span><span class=\"acc_heading\">Comment mettre \u00e0 jour les destinataires des notifications concernant les leads ?<\/span><\/h4><div class=\"accordion_content\"><\/p>\n<p class=\"zfr3Q\">Envoyez un courriel \u00e0 votre conseiller en marketing pour ajouter votre \u00e9quipe de commerciaux ou votre bo\u00eete de r\u00e9ception pour recevoir des notifications concernant les leads. Nous vous recommandons d\u2019assurer un suivi dans les 5\u00a0minutes qui suivent la r\u00e9ception d\u2019un lead pour obtenir les meilleurs r\u00e9sultats.<\/p>\n<p><\/div><\/div><\/div>[\/vc_column][vc_column width=\u00a0\u00bb1\/2&Prime;]<div class=\"acc_holder    \"><div class=\"acc_item\"><h4 class=\"accordion\"><span class=\"acc_control \"><\/span><span class=\"acc_heading\">Comment se connecter \u00e0 l\u2019Insight Hub ?<\/span><\/h4><div class=\"accordion_content\"><span style=\"font-weight: 400;\">Votre repr\u00e9sentant Extu vous invitera, vous et vos repr\u00e9sentants commerciaux, \u00e0 ouvrir votre session dans Insight Hub.\u00a0<\/span><\/p>\n<p><span style=\"font-weight: 400;\">Quand vous recevez votre invitation, vous n\u2019aurez qu\u2019\u00e0 vous connecter avec votre profil LinkedIn ou vos identifiants Google.\u00a0<\/span><\/p>\n<p><span style=\"font-weight: 400;\">Vous pouvez aussi vous connecter avec un courriel et un mot de passe. Assurez-vous de bien v\u00e9rifier votre adresse \u00e9lectronique une fois l\u2019option choisie.<\/span><\/div><\/div><div class=\"acc_item\"><h4 class=\"accordion\"><span class=\"acc_control \"><\/span><span class=\"acc_heading\">Comment acc\u00e9der au profilage de compte et aux signaux d\u2019intention ?<\/span><\/h4><div class=\"accordion_content\"><\/p>\n<p class=\"intercom-align-left\">Le profilage de compte et les signaux d\u2019intention sont des services premium qui ne sont disponibles que pour les partenaires des programmes Premium et Premium Plus.<\/p>\n<p class=\"intercom-align-left\">Si vous \u00eates int\u00e9ress\u00e9s par ces services, contactez votre repr\u00e9sentant qui \u00e9changera avec votre fournisseur.<\/p>\n<p><\/div><\/div><\/div>[\/vc_column][\/vc_row][vc_row disable_element=\u00a0\u00bbyes\u00a0\u00bb el_id=\u00a0\u00bbcontact-us\u00a0\u00bb][vc_column]<div class=\"boc_spacing \" style=\"height: 40px\"><\/div><div class=\"boc_divider_holder\"><div class=\"boc_divider  \"  style=\"margin-top: 20px;margin-bottom: 20px;height: 1px;background: #eeeeee;\"><\/div><\/div><div class=\"boc_spacing \" style=\"height: 40px\"><\/div><h2 class=\"boc_heading  center  \" ><span>Des questions\u00a0? Contactez-nous<\/span><\/h2>[vc_column_text]<\/p>\n<p style=\"text-align: center;\">Si vous avez des questions, contactez votre repr\u00e9sentant Extu gr\u00e2ce au formulaire ci-dessous.<\/p>\n<p>[\/vc_column_text][vc_row_inner][vc_column_inner width=\u00a0\u00bb1\/4&Prime;][\/vc_column_inner][vc_column_inner width=\u00a0\u00bb1\/2&Prime;]<div class=\"boc_spacing \" style=\"height: 20px\"><\/div>[vc_raw_html]JTNDc2NyaXB0JTIwdHlwZSUzRCUyMnRleHQlMkZqYXZhc2NyaXB0JTIyJTNFJTBBdmFyJTIwZmllbGRJZCUyMCUzRCUyMCUyMkdldF9QYWdlX1VSTCUyMiUzQiUwQXZhciUyMGZvcm1VcmwlMjAlM0QlMjAlMjJodHRwcyUzQSUyRiUyRnd3dzIub25lYWZmaW5pdGkuY29tJTJGbCUyRjUxMTczMSUyRjIwMjEtMDEtMjAlMkY5bGYzYnAlMjIlM0IlMEF2YXIlMjB0aXRsZSUyMCUzRCUyMGVuY29kZVVSSSUyOGRvY3VtZW50LnRpdGxlJTI5JTNCJTBBZG9jdW1lbnQud3JpdGUlMjglMjclM0NpZnJhbWUlMjB3aWR0aCUzRCUyMjEwMCUyNSUyMiUyMGhlaWdodCUzRCUyMjcwMCUyMiUyMGZyYW1lYm9yZGVyJTNEJTIyMCUyMiUyMHN0eWxlJTNEJTIyYm9yZGVyJTNBJTIwMCUzQiUyMiUyMHNyYyUzRCUyMiUyNyUyMCUyQiUyMGZvcm1VcmwlMjklM0IlMEFkb2N1bWVudC53cml0ZSUyOCUyNyUzRiUyNyUyMCUyQiUyMGZpZWxkSWQlMjAlMkIlMjAlMjclM0QlMjclMjAlMkIlMjB0aXRsZSUyOSUzQiUwQWRvY3VtZW50LndyaXRlJTI4JTI3JTIyJTNFJTNDJTJGaWZyYW1lJTNFJTI3JTI5JTNCJTBBJTNDJTJGc2NyaXB0JTNF[\/vc_raw_html][\/vc_column_inner][vc_column_inner width=\u00a0\u00bb1\/4&Prime;][\/vc_column_inner][\/vc_row_inner][\/vc_column][\/vc_row]<\/p>\n<\/div>","protected":false},"excerpt":{"rendered":"<p>[vc_row full_width=\u00a0\u00bbstretch_row\u00a0\u00bb content_placement=\u00a0\u00bbmiddle\u00a0\u00bb css=\u00a0\u00bb.vc_custom_1573710789675{background-image: url(https:\/\/partners.extu.com\/wp-content\/uploads\/2019\/11\/Navy-Pattern.png?id=8737) !important;background-position: center !important;background-repeat: no-repeat !important;background-size: cover !important;}\u00a0\u00bb][vc_column][\/vc_column][\/vc_row][vc_row][vc_column][vc_row_inner][vc_column_inner width=\u00a0\u00bb1\/2&Prime;][vc_column_text css_animation=\u00a0\u00bbboc_animate_when_almost_visible boc_left-to-right\u00a0\u00bb] Notre programme ne vous prend que quelques minutes de votre temps chaque mois pour \u00e9valuer et approuver le contenu de votre campagne. Vous pourrez remplacer des articles par d\u2019autres de notre biblioth\u00e8que de contenus ou les laisser tels quel pour un envoi automatique 4\u00a0jours apr\u00e8s<\/p>\n<div class=\"h10\"><\/div>\n<p><a class=\"more-link1\" href=\"https:\/\/partners.extu.com\/fr\/caracteristiques\/\">Read more<\/a><\/p>\n","protected":false},"author":54,"featured_media":0,"parent":0,"menu_order":0,"comment_status":"closed","ping_status":"closed","template":"","meta":{"_acf_changed":false,"om_disable_all_campaigns":false,"footnotes":""},"class_list":["post-18734","page","type-page","status-publish","hentry"],"acf":{"footer_box_text":"","footer_form":""},"_links":{"self":[{"href":"https:\/\/partners.extu.com\/fr\/wp-json\/wp\/v2\/pages\/18734","targetHints":{"allow":["GET"]}}],"collection":[{"href":"https:\/\/partners.extu.com\/fr\/wp-json\/wp\/v2\/pages"}],"about":[{"href":"https:\/\/partners.extu.com\/fr\/wp-json\/wp\/v2\/types\/page"}],"author":[{"embeddable":true,"href":"https:\/\/partners.extu.com\/fr\/wp-json\/wp\/v2\/users\/54"}],"replies":[{"embeddable":true,"href":"https:\/\/partners.extu.com\/fr\/wp-json\/wp\/v2\/comments?post=18734"}],"version-history":[{"count":0,"href":"https:\/\/partners.extu.com\/fr\/wp-json\/wp\/v2\/pages\/18734\/revisions"}],"wp:attachment":[{"href":"https:\/\/partners.extu.com\/fr\/wp-json\/wp\/v2\/media?parent=18734"}],"curies":[{"name":"wp","href":"https:\/\/api.w.org\/{rel}","templated":true}]}}