{"id":18518,"date":"2022-01-21T08:34:52","date_gmt":"2022-01-21T08:34:52","guid":{"rendered":"http:\/\/partners.oneaffiniti.com\/formulaire-denvoi-des-ventes-internationales\/"},"modified":"2025-02-17T13:08:18","modified_gmt":"2025-02-17T13:08:18","slug":"formulaire-denvoi-des-ventes-internationales","status":"publish","type":"page","link":"https:\/\/partners.extu.com\/fr\/formulaire-denvoi-des-ventes-internationales\/","title":{"rendered":"Formulaire d\u2019envoi des ventes internationales"},"content":{"rendered":"<div class=\"wpb-content-wrapper\"><p>[vc_row full_width=\u00a0\u00bbstretch_row\u00a0\u00bb css=\u00a0\u00bb.vc_custom_1694160573081{background-color: #000000 !important;}\u00a0\u00bb][vc_column]<div class=\"boc_spacing \" style=\"height: 40px\"><\/div><h2 class=\"boc_heading  center  \"  style=\"margin-bottom: 20px;margin-top: 0px;color: #ededda;\"><span>Communiquez vos ventes conclues<\/span><\/h2><h3 class=\"boc_heading  center  \"  style=\"margin-bottom: 20px;margin-top: 0px;color: #ededda;\"><span>R\u00e9pondez \u00e0 vos exigences de soumission des ventes et aidez \u00e0 soutenir le programme<\/span><\/h3><div class=\"boc_spacing \" style=\"height: 40px\"><\/div>[\/vc_column][\/vc_row][vc_row][vc_column]<div class=\"boc_spacing \" style=\"height: 40px\"><\/div>[\/vc_column][\/vc_row][vc_row][vc_column width=\u00a0\u00bb2\/3&Prime;]<div class=\"vcSFIframeWrap vcCEWrap \"><div id=\"sf_iframe\" data-url=\"https:\/\/survey.alchemer.com\/s3\/6399638\/fr-fr\" data-qs=\"csid\" data-lang=\"lang\" data-ih=\"2000\"><\/div><\/div><!--.vcCEWrap-->[\/vc_column][vc_column width=\u00a0\u00bb1\/3&Prime;]<h3 class=\"boc_heading  al_left  \"  style=\"margin-bottom: 20px;margin-top: 0px;color: #333;\"><span>Questions fr\u00e9quemment pos\u00e9es<\/span><\/h3><div class=\"acc_holder  no_sibling_toggle   border\"><div class=\"acc_item\"><h4 class=\"accordion\"><span class=\"acc_control \"><\/span><span class=\"acc_heading\">Quels re\u00e7us puis-je envoyer ?<\/span><\/h4><div class=\"accordion_content\"><\/p>\n<ul>\n<li>Les re\u00e7us \u00e9ligibles sont des <strong>copies de vos factures clients<\/strong> (fichiers PDF ou images) prouvant les ventes des produits de votre vendeur sponsor. Notre \u00e9quipe s\u00e9parera les articles admissibles des articles non admissibles sur chaque re\u00e7u. (Pas besoin de le faire vous-m\u00eame.)<\/li>\n<li>Des r\u00e9sum\u00e9s d\u00e9taill\u00e9s des ventes peuvent \u00eatre soumis, mais peuvent faire l\u2019objet d\u2019un audit.<\/li>\n<li>Les soumissions de factures et de r\u00e9capitulatifs des ventes doivent contenir les d\u00e9tails suivants :\n<ul>\n<li>date de la facture<\/li>\n<li>num\u00e9ro de facture<\/li>\n<li>entreprise de l&rsquo;utilisateur final<\/li>\n<li>description du produit<\/li>\n<li>quantit\u00e9 de produit<\/li>\n<li>prix unitaire<\/li>\n<li>et montant total<\/li>\n<\/ul>\n<\/li>\n<li>Veuillez ne pas soumettre de re\u00e7us de votre distributeur. Si vous \u00eates pr\u00e9occup\u00e9 par les d\u00e9tails personnels des clients, veuillez lire ci-dessous.<\/li>\n<li>Les re\u00e7us doivent \u00eatre soumis dans les deux mois suivant la vente (date de facturation) et dans les 60 jours suivant l&rsquo;envoi de votre derni\u00e8re campagne.<\/li>\n<li>Tous les re\u00e7us ou offres que vous avez pr\u00e9c\u00e9demment fournis ne compteront pas.<\/li>\n<\/ul>\n<p><\/div><\/div><div class=\"acc_item\"><h4 class=\"accordion\"><span class=\"acc_control \"><\/span><span class=\"acc_heading\">Pourquoi soumettre ?<\/span><\/h4><div class=\"accordion_content\">Votre ou vos marques de sponsor veulent savoir si\/comment leur soutien marketing vous aide \u00e0 g\u00e9n\u00e9rer plus d&rsquo;affaires. En soumettant vos re\u00e7us de vente, vous contribuez \u00e0 justifier votre participation continue \u00e0 ce programme aupr\u00e8s de la ou des marques parrainant votre campagne.<\/div><\/div><div class=\"acc_item\"><h4 class=\"accordion\"><span class=\"acc_control \"><\/span><span class=\"acc_heading\">Qu'en est-il de la confidentialit\u00e9 de mes clients ?<\/span><\/h4><div class=\"accordion_content\">Veuillez noter que nous partagerons tous les re\u00e7us admissibles avec vos fournisseurs \u00e0 des fins de validation uniquement. Le ou les fournisseurs ne contacteront pas vos clients et ne fourniront pas les coordonn\u00e9es de votre client \u00e0 des tiers.<\/p>\n<p><span style=\"text-decoration: underline;\"><a href=\"https:\/\/extu.com\/fr\/informations-legales\/\" target=\"_blank\" rel=\"noopener\">Consultez notre Politique de confidentialit\u00e9 pour plus de d\u00e9tails<\/a><\/span><\/p>\n<p><\/div><\/div><\/div>[\/vc_column][\/vc_row]<\/p>\n<\/div>","protected":false},"excerpt":{"rendered":"<p>[vc_row full_width=\u00a0\u00bbstretch_row\u00a0\u00bb css=\u00a0\u00bb.vc_custom_1694160573081{background-color: #000000 !important;}\u00a0\u00bb][vc_column][\/vc_column][\/vc_row][vc_row][vc_column][\/vc_column][\/vc_row][vc_row][vc_column width=\u00a0\u00bb2\/3&Prime;][\/vc_column][vc_column width=\u00a0\u00bb1\/3&Prime;][\/vc_column][\/vc_row]<\/p>\n","protected":false},"author":54,"featured_media":0,"parent":0,"menu_order":0,"comment_status":"closed","ping_status":"closed","template":"","meta":{"_acf_changed":false,"om_disable_all_campaigns":false,"footnotes":""},"class_list":["post-18518","page","type-page","status-publish","hentry"],"acf":{"footer_box_text":"","footer_form":""},"_links":{"self":[{"href":"https:\/\/partners.extu.com\/fr\/wp-json\/wp\/v2\/pages\/18518","targetHints":{"allow":["GET"]}}],"collection":[{"href":"https:\/\/partners.extu.com\/fr\/wp-json\/wp\/v2\/pages"}],"about":[{"href":"https:\/\/partners.extu.com\/fr\/wp-json\/wp\/v2\/types\/page"}],"author":[{"embeddable":true,"href":"https:\/\/partners.extu.com\/fr\/wp-json\/wp\/v2\/users\/54"}],"replies":[{"embeddable":true,"href":"https:\/\/partners.extu.com\/fr\/wp-json\/wp\/v2\/comments?post=18518"}],"version-history":[{"count":5,"href":"https:\/\/partners.extu.com\/fr\/wp-json\/wp\/v2\/pages\/18518\/revisions"}],"predecessor-version":[{"id":25760,"href":"https:\/\/partners.extu.com\/fr\/wp-json\/wp\/v2\/pages\/18518\/revisions\/25760"}],"wp:attachment":[{"href":"https:\/\/partners.extu.com\/fr\/wp-json\/wp\/v2\/media?parent=18518"}],"curies":[{"name":"wp","href":"https:\/\/api.w.org\/{rel}","templated":true}]}}