{"id":15449,"date":"2021-06-29T08:24:25","date_gmt":"2021-06-29T08:24:25","guid":{"rendered":"http:\/\/partners.oneaffiniti.com\/validation-de-campagne\/"},"modified":"2023-09-20T19:54:06","modified_gmt":"2023-09-20T19:54:06","slug":"validation-de-campagne","status":"publish","type":"page","link":"https:\/\/partners.extu.com\/fr\/validation-de-campagne\/","title":{"rendered":"Validation de campagne"},"content":{"rendered":"<div class=\"wpb-content-wrapper\"><p>[vc_row full_width=\u00a0\u00bbstretch_row\u00a0\u00bb content_placement=\u00a0\u00bbmiddle\u00a0\u00bb css=\u00a0\u00bb.vc_custom_1695239413083{background-color: #000000 !important;background-position: center !important;background-repeat: no-repeat !important;background-size: cover !important;}\u00a0\u00bb][vc_column width=\u00a0\u00bb1\/2&Prime;]<div class=\"boc_spacing \" style=\"height: 40px\"><\/div><h2 class=\"boc_heading  al_left  \"  style=\"margin-bottom: 20px;margin-top: 0px;color: #ededda;\"><span>Validez votre campagne en quelques minutes<\/span><\/h2><h3 class=\"boc_heading  al_left  \"  style=\"margin-bottom: 20px;margin-top: 0px;color: #ededda;\"><span>R\u00e9visez et validez votre campagne en utilisant notre syst\u00e8me d\u2019auto-approbation<\/span><\/h3><div class=\"boc_spacing \" style=\"height: 60px\"><\/div>[\/vc_column][vc_column width=\u00a0\u00bb1\/2&Prime;]<div class=\"boc_spacing \" style=\"height: 20px\"><\/div>[vc_raw_html]JTNDaWZyYW1lJTIwd2lkdGglM0QlMjI1NjAlMjIlMjBoZWlnaHQlM0QlMjIzMTUlMjIlMjBzcmMlM0QlMjJodHRwcyUzQSUyRiUyRnd3dy55b3V0dWJlLmNvbSUyRmVtYmVkJTJGYlRpUmp0SngtZTglMjIlMjB0aXRsZSUzRCUyMllvdVR1YmUlMjB2aWRlbyUyMHBsYXllciUyMiUyMGZyYW1lYm9yZGVyJTNEJTIyMCUyMiUyMGFsbG93JTNEJTIyYWNjZWxlcm9tZXRlciUzQiUyMGF1dG9wbGF5JTNCJTIwY2xpcGJvYXJkLXdyaXRlJTNCJTIwZW5jcnlwdGVkLW1lZGlhJTNCJTIwZ3lyb3Njb3BlJTNCJTIwcGljdHVyZS1pbi1waWN0dXJlJTIyJTIwYWxsb3dmdWxsc2NyZWVuJTNFJTNDJTJGaWZyYW1lJTNF[\/vc_raw_html]<div class=\"boc_spacing \" style=\"height: 20px\"><\/div>[\/vc_column][\/vc_row][vc_row][vc_column]<div class=\"boc_spacing \" style=\"height: 20px\"><\/div>[vc_row_inner][vc_column_inner width=\u00a0\u00bb1\/2&Prime;]<div class=\"boc_spacing \" style=\"height: 20px\"><\/div><h3 class=\"boc_heading  al_left  \"  style=\"margin-bottom: 20px;margin-top: 0px;color: #333;\"><span>Souhaitez-vous apporter des modifications\u00a0? C\u2019est simple.<\/span><\/h3>[vc_column_text]<span style=\"font-weight: 400;\">Apporter des changements \u00e0 votre campagne Extu est simple et rapide.\u00a0<\/span><span style=\"font-weight: 400;\">Vous pouvez apporter de simples changements\u00a0:<\/span><\/p>\n<ul>\n<li style=\"font-weight: 400;\"><span style=\"font-weight: 400;\">Changer l\u2019heure et la date d\u2019envoi<\/span><\/li>\n<li style=\"font-weight: 400;\"><span style=\"font-weight: 400;\">L\u2019objet du courriel<\/span><\/li>\n<li style=\"font-weight: 400;\"><span style=\"font-weight: 400;\">Information de base en pied de page avec des liens vers les r\u00e9seaux sociaux<\/span><\/li>\n<li style=\"font-weight: 400;\"><span style=\"font-weight: 400;\">Caract\u00e9ristiques des articles<\/span><\/li>\n<\/ul>\n<p><span style=\"font-weight: 400;\">Si vous souhaitez effectuer ces changements, d\u00e9filez vers le bas du premier jet du courriel et cliquez sur le bouton \u00ab\u00a0Apporter des modifications\u00a0\u00bb.<\/span>[\/vc_column_text][\/vc_column_inner][vc_column_inner width=\u00a0\u00bb1\/2&Prime;]<div class=\"boc_spacing \" style=\"height: 20px\"><\/div>[vc_raw_html]JTNDaWZyYW1lJTIwd2lkdGglM0QlMjI1NjAlMjIlMjBoZWlnaHQlM0QlMjIzMTUlMjIlMjBzcmMlM0QlMjJodHRwcyUzQSUyRiUyRnd3dy55b3V0dWJlLmNvbSUyRmVtYmVkJTJGNE44QWtQSFRCbmclMjIlMjB0aXRsZSUzRCUyMllvdVR1YmUlMjB2aWRlbyUyMHBsYXllciUyMiUyMGZyYW1lYm9yZGVyJTNEJTIyMCUyMiUyMGFsbG93JTNEJTIyYWNjZWxlcm9tZXRlciUzQiUyMGF1dG9wbGF5JTNCJTIwY2xpcGJvYXJkLXdyaXRlJTNCJTIwZW5jcnlwdGVkLW1lZGlhJTNCJTIwZ3lyb3Njb3BlJTNCJTIwcGljdHVyZS1pbi1waWN0dXJlJTIyJTIwYWxsb3dmdWxsc2NyZWVuJTNFJTNDJTJGaWZyYW1lJTNF[\/vc_raw_html][\/vc_column_inner][\/vc_row_inner]<div class=\"boc_spacing \" style=\"height: 40px\"><\/div>[\/vc_column][\/vc_row][vc_row full_width=\u00a0\u00bbstretch_row\u00a0\u00bb][vc_column]<div class=\"boc_divider_holder\"><div class=\"boc_divider  \"  style=\"margin-top: 20px;margin-bottom: 20px;height: 1px;background: #000000;\"><\/div><\/div>[vc_row_inner][vc_column_inner]<div class=\"boc_spacing \" style=\"height: 40px\"><\/div><h3 class=\"boc_heading  center  \"  style=\"margin-bottom: 20px;margin-top: 0px;color: #333333;\"><span>Les quatre types de contenu de campagne\u00a0:<\/span><\/h3>[\/vc_column_inner][\/vc_row_inner][vc_row_inner][vc_column_inner width=\u00a0\u00bb1\/2&Prime;]<div class=\"side_icon_box normal  \"><span class=\"icon_feat \" style=\"\"><i class=\"icon icon-news-paper\" style=\"\"><\/i><\/span><h3>Industry Content<\/h3><div class=\"side_icon_box_content\"><span style=\"font-weight: 400;\">Nous avons des strat\u00e8ges et des cr\u00e9ateurs de contenu experts dans votre domaine.\u00a0 Ils utilisent des donn\u00e9es tir\u00e9es de milliers de campagnes pour cr\u00e9er du contenu performant et pertinent pour votre audience.<\/span><\/p>\n<p><\/div><\/div><div class=\"side_icon_box normal  \"><span class=\"icon_feat \" style=\"\"><i class=\"icon icon-cash\" style=\"\"><\/i><\/span><h3>Sponsored Content<\/h3><div class=\"side_icon_box_content\"><span style=\"font-weight: 400;\">Votre sponsor nous fournit le contenu de leurs produits, les services et les offres sp\u00e9ciales.<\/span><\/div><\/div>[\/vc_column_inner][vc_column_inner width=\u00a0\u00bb1\/2&Prime;]<div class=\"side_icon_box normal  \"><span class=\"icon_feat \" style=\"\"><i class=\"icon icon-target3\" style=\"\"><\/i><\/span><h3>Lead Generation Content<\/h3><div class=\"side_icon_box_content\"><span style=\"font-weight: 400;\">Ces contenus de haute qualit\u00e9, tels que des sondages et des livres num\u00e9riques, sont con\u00e7us pour attirer des leads et produire des enqu\u00eates.<\/span><\/div><\/div><div class=\"side_icon_box normal  \"><span class=\"icon_feat \" style=\"\"><i class=\"icon icon-megaphone\" style=\"\"><\/i><\/span><h3>Custom Content<\/h3><div class=\"side_icon_box_content\"><span style=\"font-weight: 400;\">Vous pouvez \u00e9galement proposer votre propre contenu original. \u00c0 l\u2019approche d\u2019une date anniversaire ou d\u2019un \u00e9v\u00e8nement sp\u00e9cial que vous souhaiteriez incorporer dans votre prochaine campagne, vous n\u2019aurez qu\u2019\u00e0 laisser une note et nous nous chargerons du reste.<\/span><\/p>\n<p><\/div><\/div>[\/vc_column_inner][\/vc_row_inner]<div class=\"boc_spacing \" style=\"height: 40px\"><\/div>[\/vc_column][\/vc_row][vc_row full_width=\u00a0\u00bbstretch_row\u00a0\u00bb][vc_column]<div class=\"boc_divider_holder\"><div class=\"boc_divider  \"  style=\"margin-top: 20px;margin-bottom: 20px;height: 1px;background: #000000;\"><\/div><\/div><div class=\"boc_spacing \" style=\"height: 40px\"><\/div><h3 class=\"boc_heading  center  \"  style=\"margin-bottom: 20px;margin-top: 0px;color: #333;\"><span>Une campagne r\u00e9guli\u00e8re portera ses fruits<\/span><\/h3>[vc_row_inner][vc_column_inner][vc_column_text]<\/p>\n<p style=\"text-align: center;\"><a style=\"text-decoration: underline;\" href=\"https:\/\/smallbusiness.chron.com\/importance-consistent-email-marketing-schedule-3303.html\" target=\"_blank\" rel=\"noopener\">L\u2019envoi r\u00e9gulier de courriels marketing<\/a> vous permettra de construire des relations dans le temps avec les clients, actuels et futurs, de r\u00e9pondre aux attentes de croissance de votre entreprise, et de l\u2019\u00e9tablir comme, une autorit\u00e9 et une expertise, quand votre contenu est pertinent et utile.<\/p>\n<p style=\"text-align: center;\">Quand un client d\u00e9cide d\u2019acheter, il choisit en g\u00e9n\u00e9ral de travailler avec quelqu\u2019un de confiance, et qu\u2019il voit comme un expert.<\/p>\n<p>[\/vc_column_text]<div class=\"boc_spacing \" style=\"height: 20px\"><\/div>[\/vc_column_inner][\/vc_row_inner][vc_row_inner][vc_column_inner width=\u00a0\u00bb1\/3&Prime;]<div id=\"top_icon_box_93411\" class=\"top_icon_box type1  \"><div class=\"icon_holder\"><div class=\"icon_bgr\"><\/div><div class=\"icon_center\"><i class=\"icon icon-smile\"><\/i><\/div><\/div><h3>Construire son r\u00e9seau<\/h3><p>L\u2019envoi r\u00e9gulier de courriels vous permettra de rester la priorit\u00e9 de vos clients et augmentera la probabilit\u00e9 que ces derniers effectuent des achats aupr\u00e8s de vous plut\u00f4t que d\u2019une entreprise concurrente.<\/p><\/div>[\/vc_column_inner][vc_column_inner width=\u00a0\u00bb1\/3&Prime;]<div id=\"top_icon_box_88026\" class=\"top_icon_box type1  \"><div class=\"icon_holder\"><div class=\"icon_bgr\"><\/div><div class=\"icon_center\"><i class=\"icon icon-graph2\"><\/i><\/div><\/div><h3>R\u00e9pondre aux attentes<\/h3><p>L\u2019envoi r\u00e9gulier de courriels renvoie l\u2019image \u00e0 vos clients d\u2019une entreprise qui se d\u00e9veloppe et qui prosp\u00e8re.<\/p><\/div>[\/vc_column_inner][vc_column_inner width=\u00a0\u00bb1\/3&Prime;]<div id=\"top_icon_box_89278\" class=\"top_icon_box type1  \"><div class=\"icon_holder\"><div class=\"icon_bgr\"><\/div><div class=\"icon_center\"><i class=\"icon icon-chat3\"><\/i><\/div><\/div><h3>D\u00e9velopper la confiance<\/h3><p>Quand le message marketing de vos courriels contient des informations int\u00e9ressantes et pertinentes pour votre audience, cela \u00e9tablit un lien de confiance entre votre business et vos abonn\u00e9s, et cela vous place en tant qu\u2019expert dans votre domaine ou industrie.<\/p><\/div>[\/vc_column_inner][\/vc_row_inner]<div class=\"boc_spacing \" style=\"height: 40px\"><\/div>[\/vc_column][\/vc_row][vc_row full_width=\u00a0\u00bbstretch_row\u00a0\u00bb css=\u00a0\u00bb.vc_custom_1695239569697{background-color: #000000 !important;}\u00a0\u00bb][vc_column]<div class=\"boc_spacing \" style=\"height: 40px\"><\/div><h2 class=\"boc_heading  center  \"  style=\"margin-bottom: 20px;margin-top: 0px;color: #ededda;\"><span>Questions fr\u00e9quentes<\/span><\/h2><div class=\"boc_spacing \" style=\"height: 40px\"><\/div>[\/vc_column][\/vc_row][vc_row][vc_column]<div class=\"acc_holder    \"><div class=\"acc_item\"><h4 class=\"accordion\"><span class=\"acc_control \"><\/span><span class=\"acc_heading\">Puis-je mettre \u00e0 jour les informations de mon compte avant l\u2019envoi ?<\/span><\/h4><div class=\"accordion_content\"><\/p>\n<p class=\"intercom-align-left\">Oui, vous pouvez mettre \u00e0 jour les informations suivantes pendant le processus d\u2019approbation\u00a0:<\/p>\n<ul>\n<li>Nom de l\u2019entreprise<\/li>\n<li>Site Web<\/li>\n<li>Num\u00e9ro de t\u00e9l\u00e9phone<\/li>\n<li>Courriel<\/li>\n<li>\u00c0 propos de nous<\/li>\n<\/ul>\n<p class=\"intercom-align-left\">Vos informations n\u2019auront besoin d\u2019\u00eatre mises \u00e0 jour qu\u2019une seule fois, et seront sauvegard\u00e9es pour la fois suivante.<\/p>\n<p class=\"intercom-align-left\">Vous pouvez mettre \u00e0 jour les informations suivantes lors de la validation du courriel\u00a0:<\/p>\n<div class=\"intercom-container intercom-align-left\"><img decoding=\"async\" src=\"https:\/\/cdn.brandfolder.io\/8TODOWLK\/at\/f79x5c2c6n6hfz4gc8rvfr75\/Campaign-Update.png\" \/><\/div>\n<p><\/div><\/div><div class=\"acc_item\"><h4 class=\"accordion\"><span class=\"acc_control \"><\/span><span class=\"acc_heading\">Comment reprogrammer ma campagne ?<\/span><\/h4><div class=\"accordion_content\"><\/p>\n<p class=\"intercom-align-left\">Nous choisirons automatiquement le meilleur moment pour envoyer votre courriel, vous pouvez cependant choisir la date et l\u2019heure d\u2019envoi \u00e0 tout moment.<\/p>\n<p class=\"intercom-align-left\">Pour ce faire, d\u00e9filez vers le bas du premier jet du courriel et cliquez sur le bouton \u00ab\u00a0Apporter des modifications\u00a0\u00bb.<\/p>\n<p><img decoding=\"async\" src=\"https:\/\/cdn.brandfolder.io\/8TODOWLK\/at\/673hcrb66nztx6n4tfw4867\/Campaign-Make_Changes.png\" \/><\/p>\n<p class=\"intercom-align-left\">Puis, s\u00e9lectionnez l\u2019heure et la date de votre pr\u00e9f\u00e9rence dans le syst\u00e8me d\u2019auto-approbation.<\/p>\n<div class=\"intercom-container intercom-align-left\"><img decoding=\"async\" src=\"https:\/\/cdn.brandfolder.io\/8TODOWLK\/at\/hwsrhnvfhk4hpcck25q8j5c\/Campaign-Schedule.png\" \/><\/div>\n<p><\/div><\/div><div class=\"acc_item\"><h4 class=\"accordion\"><span class=\"acc_control \"><\/span><span class=\"acc_heading\">Puis-je changer le nom ou l\u2019adresse \u00e9lectronique qui appara\u00eet lors de l\u2019envoi mensuel de la campagne ?<\/span><\/h4><div class=\"accordion_content\"><\/p>\n<p class=\"intercom-align-left\">Oui, vous pouvez changer le \u00ab\u00a0nom de l\u2019exp\u00e9diteur\u00a0\u00bb et l\u2019adresse d\u2019o\u00f9 semble provenir votre courriel.<\/p>\n<p class=\"intercom-align-left\">Mettez simplement \u00e0 jour les informations suivantes quand vous validez votre courriel\u00a0:<\/p>\n<div class=\"intercom-container intercom-align-left\"><img decoding=\"async\" src=\"https:\/\/cdn.brandfolder.io\/8TODOWLK\/at\/gn5tvj5q4msfg7csk35mxwpv\/Campaign-Change_Email.png\" \/><\/div>\n<p><\/div><\/div><div class=\"acc_item\"><h4 class=\"accordion\"><span class=\"acc_control \"><\/span><span class=\"acc_heading\">Puis-je ajouter un lien vers les r\u00e9seaux sociaux dans mon courriel ?<\/span><\/h4><div class=\"accordion_content\"><\/p>\n<p class=\"intercom-align-left\">Oui, vous pouvez ajouter un lien vers le m\u00e9dia social suivant dans votre courriel\u00a0:<\/p>\n<ul>\n<li>Twitter<\/li>\n<li>Facebook<\/li>\n<li>LinkedIn<\/li>\n<li>Google+<\/li>\n<li>Instagram<\/li>\n<li>YouTube<\/li>\n<\/ul>\n<p class=\"intercom-align-left\">Sur la page d\u2019auto-approbation, mettez \u00e0 jour les informations suivantes\u00a0:<\/p>\n<div class=\"intercom-container intercom-align-left\"><img decoding=\"async\" src=\"https:\/\/cdn.brandfolder.io\/8TODOWLK\/at\/3bsfph6fnwrpmrq9jr7sz9\/Campaign-Add_Socials.png\" \/><\/div>\n<p><\/div><\/div><div class=\"acc_item\"><h4 class=\"accordion\"><span class=\"acc_control \"><\/span><span class=\"acc_heading\">Puis-je changer l\u2019objet de mon courriel mensuel ?<\/span><\/h4><div class=\"accordion_content\"><\/p>\n<p class=\"intercom-align-left\">Vous avez l\u2019enti\u00e8re possibilit\u00e9 de changer l\u2019en-t\u00eate, en revanche, notez que nous cherchons \u00e0 optimiser l\u2019objet du courriel en rapport \u00e0 son contenu.<\/p>\n<p class=\"intercom-align-left\">Pour changer l\u2019objet du courriel, d\u00e9filez vers le bas du premier jet et cliquez sur le bouton \u00ab\u00a0Apporter des modifications\u00a0\u00bb.<\/p>\n<div class=\"intercom-container intercom-align-left\"><img decoding=\"async\" src=\"https:\/\/cdn.brandfolder.io\/8TODOWLK\/at\/673hcrb66nztx6n4tfw4867\/Campaign-Make_Changes.png\" \/><\/div>\n<p class=\"intercom-align-left\">Puis, changez le texte dans le champ \u00ab\u00a0Objet du courriel\u00a0\u00bb.<\/p>\n<div class=\"intercom-container intercom-align-left\"><img decoding=\"async\" src=\"https:\/\/cdn.brandfolder.io\/8TODOWLK\/at\/rkxxqwtrtn266rh8nt7qxv9x\/Campaign-Subject_Line.png\" \/><\/div>\n<p><\/div><\/div><div class=\"acc_item\"><h4 class=\"accordion\"><span class=\"acc_control \"><\/span><span class=\"acc_heading\">J\u2019ai programm\u00e9 ma campagne par erreur avant d\u2019avoir pu faire les changements. Comment puis-je l\u2019annuler ?<\/span><\/h4><div class=\"accordion_content\"><span style=\"font-weight: 400;\">Vous devrez envoyer un courriel \u00e0 votre conseiller marketing partenaire pour manuellement annuler et r\u00e9diger \u00e0 nouveau votre campagne.\u00a0<\/span><\/div><\/div><div class=\"acc_item\"><h4 class=\"accordion\"><span class=\"acc_control \"><\/span><span class=\"acc_heading\">Je dois apporter des changements mais ma campagne a d\u00e9j\u00e0 \u00e9t\u00e9 envoy\u00e9e. Que puis-je faire ?<\/span><\/h4><div class=\"accordion_content\"><\/p>\n<p class=\"intercom-align-left\">Votre campagne est automatiquement programm\u00e9e pour \u00eatre envoy\u00e9e \u00e0 votre liste quatre jours ouvr\u00e9s apr\u00e8s la r\u00e9ception de votre premier jet. Vous pouvez effectuer des changements dans ce laps de temps en cliquant sur le bouton \u00ab\u00a0Apporter des modifications\u00a0\u00bb en bas, et acc\u00e9der \u00e0 nos modifications d\u2019auto-approbation pour apporter des changements.<\/p>\n<p>Apr\u00e8s l\u2019envoi de votre campagne, vous ne pourrez plus faire de modifications. Vous pouvez envoyer un courriel \u00e0 votre conseiller marketing partenaire pour vous assurer que les changements seront inclus dans votre prochaine campagne.<\/div><\/div><\/div><div class=\"boc_spacing \" style=\"height: 40px\"><\/div>[\/vc_column][\/vc_row][vc_row disable_element=\u00a0\u00bbyes\u00a0\u00bb el_id=\u00a0\u00bbcontact-us\u00a0\u00bb][vc_column]<div class=\"boc_spacing \" style=\"height: 40px\"><\/div><div class=\"boc_divider_holder\"><div class=\"boc_divider  \"  style=\"margin-top: 20px;margin-bottom: 20px;height: 1px;background: #eeeeee;\"><\/div><\/div><div class=\"boc_spacing \" style=\"height: 40px\"><\/div><h2 class=\"boc_heading  center  \" ><span>Des questions\u00a0? Contactez-nous<\/span><\/h2><div class=\"boc_spacing \" style=\"height: 20px\"><\/div>[vc_column_text]<\/p>\n<p style=\"text-align: center;\">Si vous avez des questions, contactez votre repr\u00e9sentant Extu gr\u00e2ce au formulaire ci-dessous.<\/p>\n<p>[\/vc_column_text][vc_row_inner][vc_column_inner width=\u00a0\u00bb1\/4&Prime;][\/vc_column_inner][vc_column_inner width=\u00a0\u00bb1\/2&Prime;]<div class=\"boc_spacing \" style=\"height: 20px\"><\/div><div class=\"vcSFIframeWrap vcCEWrap \"><div id=\"sf_iframe\" data-url=\"https:\/\/www2.oneaffiniti.com\/l\/511731\/2021-07-26\/9mf7tf\" data-qs=\"lsid\" data-lang=\"lang\" data-ih=\"\"><\/div><\/div><!--.vcCEWrap-->[\/vc_column_inner][vc_column_inner width=\u00a0\u00bb1\/4&Prime;][\/vc_column_inner][\/vc_row_inner][\/vc_column][\/vc_row]<\/p>\n<\/div>","protected":false},"excerpt":{"rendered":"<p>[vc_row full_width=\u00a0\u00bbstretch_row\u00a0\u00bb content_placement=\u00a0\u00bbmiddle\u00a0\u00bb css=\u00a0\u00bb.vc_custom_1695239413083{background-color: #000000 !important;background-position: center !important;background-repeat: no-repeat !important;background-size: cover !important;}\u00a0\u00bb][vc_column width=\u00a0\u00bb1\/2&Prime;][\/vc_column][vc_column width=\u00a0\u00bb1\/2&Prime;][vc_raw_html]JTNDaWZyYW1lJTIwd2lkdGglM0QlMjI1NjAlMjIlMjBoZWlnaHQlM0QlMjIzMTUlMjIlMjBzcmMlM0QlMjJodHRwcyUzQSUyRiUyRnd3dy55b3V0dWJlLmNvbSUyRmVtYmVkJTJGYlRpUmp0SngtZTglMjIlMjB0aXRsZSUzRCUyMllvdVR1YmUlMjB2aWRlbyUyMHBsYXllciUyMiUyMGZyYW1lYm9yZGVyJTNEJTIyMCUyMiUyMGFsbG93JTNEJTIyYWNjZWxlcm9tZXRlciUzQiUyMGF1dG9wbGF5JTNCJTIwY2xpcGJvYXJkLXdyaXRlJTNCJTIwZW5jcnlwdGVkLW1lZGlhJTNCJTIwZ3lyb3Njb3BlJTNCJTIwcGljdHVyZS1pbi1waWN0dXJlJTIyJTIwYWxsb3dmdWxsc2NyZWVuJTNFJTNDJTJGaWZyYW1lJTNF[\/vc_raw_html][\/vc_column][\/vc_row][vc_row][vc_column][vc_row_inner][vc_column_inner width=\u00a0\u00bb1\/2&Prime;][vc_column_text]Apporter des changements \u00e0 votre campagne Extu est simple et rapide.\u00a0Vous pouvez apporter de simples changements\u00a0: Changer l\u2019heure et la date d\u2019envoi L\u2019objet du courriel Information de base en pied de page avec des liens vers les r\u00e9seaux sociaux Caract\u00e9ristiques des articles Si vous souhaitez effectuer<\/p>\n<div class=\"h10\"><\/div>\n<p><a class=\"more-link1\" href=\"https:\/\/partners.extu.com\/fr\/validation-de-campagne\/\">Read more<\/a><\/p>\n","protected":false},"author":18,"featured_media":0,"parent":0,"menu_order":0,"comment_status":"closed","ping_status":"closed","template":"","meta":{"_acf_changed":false,"om_disable_all_campaigns":false,"footnotes":""},"class_list":["post-15449","page","type-page","status-publish","hentry"],"acf":{"footer_box_text":"","footer_form":""},"_links":{"self":[{"href":"https:\/\/partners.extu.com\/fr\/wp-json\/wp\/v2\/pages\/15449","targetHints":{"allow":["GET"]}}],"collection":[{"href":"https:\/\/partners.extu.com\/fr\/wp-json\/wp\/v2\/pages"}],"about":[{"href":"https:\/\/partners.extu.com\/fr\/wp-json\/wp\/v2\/types\/page"}],"author":[{"embeddable":true,"href":"https:\/\/partners.extu.com\/fr\/wp-json\/wp\/v2\/users\/18"}],"replies":[{"embeddable":true,"href":"https:\/\/partners.extu.com\/fr\/wp-json\/wp\/v2\/comments?post=15449"}],"version-history":[{"count":0,"href":"https:\/\/partners.extu.com\/fr\/wp-json\/wp\/v2\/pages\/15449\/revisions"}],"wp:attachment":[{"href":"https:\/\/partners.extu.com\/fr\/wp-json\/wp\/v2\/media?parent=15449"}],"curies":[{"name":"wp","href":"https:\/\/api.w.org\/{rel}","templated":true}]}}