{"id":15443,"date":"2021-06-29T08:24:15","date_gmt":"2021-06-29T08:24:15","guid":{"rendered":"http:\/\/partners.oneaffiniti.com\/formulaire-de-satisfaction-personnalise\/"},"modified":"2023-09-20T19:57:23","modified_gmt":"2023-09-20T19:57:23","slug":"formulaire-de-satisfaction-personnalise","status":"publish","type":"page","link":"https:\/\/partners.extu.com\/fr\/formulaire-de-satisfaction-personnalise\/","title":{"rendered":"Formulaire de satisfaction personnalis\u00e9"},"content":{"rendered":"<div class=\"wpb-content-wrapper\"><p>[vc_row full_width=\u00a0\u00bbstretch_row_content\u00a0\u00bb content_placement=\u00a0\u00bbmiddle\u00a0\u00bb css=\u00a0\u00bb.vc_custom_1695239731144{background-color: #000000 !important;background-position: center !important;background-repeat: no-repeat !important;background-size: cover !important;}\u00a0\u00bb][vc_column]<div class=\"boc_spacing \" style=\"height: 40px\"><\/div><h2 class=\"boc_heading  center  \"  style=\"margin-bottom: 20px;margin-top: 0px;color: #ededda;\"><span>Formulaire de satisfaction personnalis\u00e9<\/span><\/h2><div class=\"boc_spacing \" style=\"height: 40px\"><\/div>[\/vc_column][\/vc_row][vc_row][vc_column width=\u00a0\u00bb2\/3&Prime;][vc_column_text]<\/p>\n<h3 style=\"text-align: left;\"><strong>Compl\u00e9tez le formulaire avec votre demande de contenu personnalis\u00e9 \u00e0 inclure dans votre prochaine campagne<\/strong><\/h3>\n<p style=\"text-align: left;\">Veuillez pr\u00e9voir ~5 jours ouvr\u00e9s pour que le travail personnalis\u00e9 soit termin\u00e9<\/p>\n<p>[\/vc_column_text]<div class=\"boc_divider_holder\"><div class=\"boc_divider  \"  style=\"margin-top: 20px;margin-bottom: 20px;height: 1px;background: #eeeeee;\"><\/div><\/div><div class=\"vcSFIframeWrap vcCEWrap \"><div id=\"sf_iframe\" data-url=\"https:\/\/survey.alchemer.com\/s3\/6215575\/fr-FR\" data-qs=\"dac\" data-lang=\"\" data-ih=\"2400\"><\/div><\/div><!--.vcCEWrap-->[\/vc_column][vc_column width=\u00a0\u00bb1\/3&Prime;]<div class=\"boc_spacing \" style=\"height: 20px\"><\/div><h3 class=\"boc_heading  al_left  \" ><span>Questions fr\u00e9quentes<\/span><\/h3><div class=\"acc_holder   with_bgr \"><div class=\"acc_item\"><h4 class=\"accordion\"><span class=\"acc_control \"><\/span><span class=\"acc_heading\">Qu\u2019est-ce que le contenu personnalis\u00e9 ?<\/span><\/h4><div class=\"accordion_content\">Le contenu personnalis\u00e9 est en g\u00e9n\u00e9ral du contenu unique \u00e0 votre entreprise. Les exemples comprennent les mises \u00e0 jour de l\u2019entreprise, les invit\u00e9s des webinaires ou des ressources utiles comme des d\u00e9mos de formation. <a style=\"text-decoration: underline;\" href=\"https:\/\/partners.extu.com\/fr\/contenu-personnalise\/\" target=\"_blank\" rel=\"noopener\">Voir notre guide pour en savoir plus sur le contenu personnalis\u00e9<\/a>.<\/div><\/div><div class=\"acc_item\"><h4 class=\"accordion\"><span class=\"acc_control \"><\/span><span class=\"acc_heading\">Qu\u2019est-ce que le contenu personnalis\u00e9 produit ?<\/span><\/h4><div class=\"accordion_content\">Nous faisons notre maximum pour fournir les caract\u00e9ristiques de produits les plus pertinentes pour votre campagne mensuelle, mais comprenez qu\u2019il y a des moments o\u00f9 certains produits que vous vendez ne sont pas disponibles dans votre campagne.\u00a0 Vous pouvez utiliser cette option pour faire la demande d\u2019un produit qui sera pr\u00e9sent\u00e9 ou pas dans votre campagne mensuelle Extu.<\/p>\n<p>Selon votre programme, vous devez inclure au moins 1-2 caract\u00e9ristiques de produits s\u00e9lectionn\u00e9s par votre marque sponsor.\u00a0Vous ne pouvez pr\u00e9senter un site ou toute autre marque concurrente \u00e0 celle qui vous sponsorise.<\/div><\/div><div class=\"acc_item\"><h4 class=\"accordion\"><span class=\"acc_control \"><\/span><span class=\"acc_heading\">Comment savoir quel contenu personnalis\u00e9 est \u00e0 inclure ou pas ?<\/span><\/h4><div class=\"accordion_content\">Tout contenu issu de votre entreprise est consid\u00e9r\u00e9 comme du contenu personnalis\u00e9.<\/p>\n<p>Nous vous d\u00e9conseillons de cr\u00e9er des liens vers d\u2019autres auteurs ou r\u00e9dacteurs, car cela d\u00e9tournerait le trafic de votre campagne. Au lieu de cela, vous pouvez tirer parti de l\u2019une des s\u00e9lections d\u2019articles de leadership mise \u00e0 votre disposition chaque mois qui maintient le lecteur sur votre microsite et disponible pour r\u00e9pondre aux demandes qui vous sont directement adress\u00e9es.<\/p>\n<p>Voir notre <a style=\"text-decoration: underline;\" href=\"https:\/\/partners.extu.com\/fr\/contenu-personnalise\/\" target=\"_blank\" rel=\"noopener\">guide de contenu personnalis\u00e9<\/a> pour des exemples sur ce qu\u2019il faut inclure.<\/div><\/div><\/div><div class=\"boc_spacing \" style=\"height: 20px\"><\/div><div class=\"boc_spacing \" style=\"height: 20px\"><\/div><a class=\"button vcCE  button-dark\" href=\"https:\/\/partners.extu.com\/custom-content\/\" target=\"_blank\">Voir le guide de contenu personnalis\u00e9<\/a>[\/vc_column][\/vc_row]<\/p>\n<\/div>","protected":false},"excerpt":{"rendered":"<p>[vc_row full_width=\u00a0\u00bbstretch_row_content\u00a0\u00bb content_placement=\u00a0\u00bbmiddle\u00a0\u00bb css=\u00a0\u00bb.vc_custom_1695239731144{background-color: #000000 !important;background-position: center !important;background-repeat: no-repeat !important;background-size: cover !important;}\u00a0\u00bb][vc_column][\/vc_column][\/vc_row][vc_row][vc_column width=\u00a0\u00bb2\/3&Prime;][vc_column_text] Compl\u00e9tez le formulaire avec votre demande de contenu personnalis\u00e9 \u00e0 inclure dans votre prochaine campagne Veuillez pr\u00e9voir ~5 jours ouvr\u00e9s pour que le travail personnalis\u00e9 soit termin\u00e9 [\/vc_column_text][\/vc_column][vc_column width=\u00a0\u00bb1\/3&Prime;][\/vc_column][\/vc_row]<\/p>\n","protected":false},"author":54,"featured_media":0,"parent":0,"menu_order":0,"comment_status":"closed","ping_status":"closed","template":"","meta":{"_acf_changed":false,"om_disable_all_campaigns":false,"footnotes":""},"class_list":["post-15443","page","type-page","status-publish","hentry"],"acf":{"footer_box_text":"","footer_form":""},"_links":{"self":[{"href":"https:\/\/partners.extu.com\/fr\/wp-json\/wp\/v2\/pages\/15443","targetHints":{"allow":["GET"]}}],"collection":[{"href":"https:\/\/partners.extu.com\/fr\/wp-json\/wp\/v2\/pages"}],"about":[{"href":"https:\/\/partners.extu.com\/fr\/wp-json\/wp\/v2\/types\/page"}],"author":[{"embeddable":true,"href":"https:\/\/partners.extu.com\/fr\/wp-json\/wp\/v2\/users\/54"}],"replies":[{"embeddable":true,"href":"https:\/\/partners.extu.com\/fr\/wp-json\/wp\/v2\/comments?post=15443"}],"version-history":[{"count":0,"href":"https:\/\/partners.extu.com\/fr\/wp-json\/wp\/v2\/pages\/15443\/revisions"}],"wp:attachment":[{"href":"https:\/\/partners.extu.com\/fr\/wp-json\/wp\/v2\/media?parent=15443"}],"curies":[{"name":"wp","href":"https:\/\/api.w.org\/{rel}","templated":true}]}}