{"id":15409,"date":"2021-06-29T08:23:25","date_gmt":"2021-06-29T08:23:25","guid":{"rendered":"http:\/\/partners.oneaffiniti.com\/faq-liste-de-diffusion\/"},"modified":"2021-07-28T11:44:16","modified_gmt":"2021-07-28T11:44:16","slug":"faq-liste-de-diffusion","status":"publish","type":"page","link":"https:\/\/partners.extu.com\/fr\/faq-liste-de-diffusion\/","title":{"rendered":"FAQ liste de diffusion"},"content":{"rendered":"<div class=\"wpb-content-wrapper\"><p>[vc_row full_width=\u00a0\u00bbstretch_row\u00a0\u00bb content_placement=\u00a0\u00bbmiddle\u00a0\u00bb css=\u00a0\u00bb.vc_custom_1573710789675{background-image: url(https:\/\/partners.extu.com\/wp-content\/uploads\/2019\/11\/Navy-Pattern.png?id=8737) !important;background-position: center !important;background-repeat: no-repeat !important;background-size: cover !important;}\u00a0\u00bb][vc_column width=\u00a0\u00bb1\/2&Prime;]<div class=\"boc_spacing \" style=\"height: 40px\"><\/div><h2 class=\"boc_heading  al_left  \"  style=\"margin-bottom: 20px;margin-top: 0px;color: #ffffff;\"><span>FAQ liste de diffusion<\/span><\/h2><h3 class=\"boc_heading  al_left  \"  style=\"margin-bottom: 20px;margin-top: 0px;color: #ffffff;\"><span>Questions fr\u00e9quentes sur les listes de diffusion<\/span><\/h3><a href=\"https:\/\/login.createsend.com\/l\" class=\"button btn_medium btn_theme_color btn_rounded btn_normal_style    \" target=\"_blank\" rel=\"noopener\"><span>Connectez-vous sur Campaign Monitor<\/span><\/a><div class=\"boc_spacing \" style=\"height: 60px\"><\/div>[\/vc_column][vc_column width=\u00a0\u00bb1\/2&Prime;]<div class=\"boc_spacing \" style=\"height: 20px\"><\/div>[vc_raw_html]JTNDaWZyYW1lJTIwd2lkdGglM0QlMjI1NjAlMjIlMjBoZWlnaHQlM0QlMjIzMTUlMjIlMjBzcmMlM0QlMjJodHRwcyUzQSUyRiUyRnd3dy55b3V0dWJlLmNvbSUyRmVtYmVkJTJGSGFYVEZnNTNKQWclM0ZjY19sb2FkX3BvbGljeSUzRDElMjZhdXRvcGxheSUzRDAlMjZtb2Rlc3RicmFuZGluZyUzRDElMjZyZWwlM0QwJTIyJTIwZnJhbWVib3JkZXIlM0QlMjIwJTIyJTIwJTNFJTNDJTJGaWZyYW1lJTNF[\/vc_raw_html]<div class=\"boc_spacing \" style=\"height: 20px\"><\/div>[\/vc_column][\/vc_row][vc_row gap=\u00a0\u00bb10&Prime; equal_height=\u00a0\u00bbyes\u00a0\u00bb content_placement=\u00a0\u00bbmiddle\u00a0\u00bb el_id=\u00a0\u00bbhow-it-works\u00a0\u00bb][vc_column]<div class=\"boc_spacing \" style=\"height: 40px\"><\/div><h3 class=\"boc_heading  al_left  \"  style=\"margin-bottom: 20px;margin-top: 0px;color: #333333;\"><span>Qu\u2019est-ce que Campaign Monitor\u00a0? <\/span><\/h3>[vc_column_text]Campaign Monitor est la plateforme de mailing tierce que nous utilisons pour programmer et envoyer vos campagnes. Vous utiliserez Campaign Monitor pour g\u00e9rer vos listes d\u2019abonn\u00e9s et \u00e9galement pour suivre la performance de vos campagnes.[\/vc_column_text]<div class=\"boc_spacing \" style=\"height: 20px\"><\/div><div class=\"boc_divider_holder\"><div class=\"boc_divider  \"  style=\"margin-top: 20px;margin-bottom: 20px;height: 1px;background: #eeeeee;\"><\/div><\/div>[\/vc_column][\/vc_row][vc_row gap=\u00a0\u00bb10&Prime; equal_height=\u00a0\u00bbyes\u00a0\u00bb content_placement=\u00a0\u00bbmiddle\u00a0\u00bb el_id=\u00a0\u00bblist-post-upload\u00a0\u00bb][vc_column]<div class=\"boc_spacing \" style=\"height: 40px\"><\/div><h3 class=\"boc_heading  al_left  \"  style=\"margin-bottom: 20px;margin-top: 0px;color: #333333;\"><span>Que faites-vous de mes contacts une fois l\u2019import effectu\u00e9\u00a0? <\/span><\/h3>[vc_column_text el_id=\u00a0\u00bbattribution\u00a0\u00bb]En vertu de votre contrat, vous poss\u00e9dez l\u00e9galement votre liste d\u2019abonn\u00e9s et vous \u00eates responsables de sa gestion et conformit\u00e9. Nous ne les partageons pas avec les fournisseurs et n\u2019envoyons aucun autre mat\u00e9riel marketing en dehors de nos campagnes que vous nous autorisez \u00e0 envoyer avec ce programme.<\/p>\n<p>Le partage d\u2019information avec une tierce personne n\u2019intervient que dans les cas o\u00f9 nous souhaitons offrir ou am\u00e9liorer nos services. Voir nos\u00a0<a href=\"https:\/\/www.oneaffiniti.com\/usa-terms-and-conditions\/\" target=\"_blank\" rel=\"noopener\">conditions g\u00e9n\u00e9rales<\/a>\u00a0et\u00a0<a href=\"https:\/\/www.oneaffiniti.com\/usa-privacy-policy\/\" target=\"_blank\" rel=\"noopener\">politique de confidentialit\u00e9<\/a>\u00a0pour plus de d\u00e9tails.[\/vc_column_text]<div class=\"boc_spacing \" style=\"height: 20px\"><\/div><div class=\"boc_divider_holder\"><div class=\"boc_divider  \"  style=\"margin-top: 20px;margin-bottom: 20px;height: 1px;background: #eeeeee;\"><\/div><\/div>[\/vc_column][\/vc_row][vc_row gap=\u00a0\u00bb10&Prime; equal_height=\u00a0\u00bbyes\u00a0\u00bb content_placement=\u00a0\u00bbmiddle\u00a0\u00bb el_id=\u00a0\u00bbopt-in\u00a0\u00bb][vc_column]<div class=\"boc_spacing \" style=\"height: 40px\"><\/div><h3 class=\"boc_heading  al_left  \"  style=\"margin-bottom: 20px;margin-top: 0px;color: #333333;\"><span>Ai-je besoin de la permission de mes contacts pour leur envoyer\u00a0? <\/span><\/h3>[vc_column_text]Oui, en important vos contacts, vous certifiez que vous disposez de motifs l\u00e9gaux pour traiter leurs adresses \u00e9lectroniques conform\u00e9ment aux\u00a0<strong><a href=\"https:\/\/www.oneaffiniti.com\/legal\/\" target=\"_blank\" rel=\"noopener noreferrer\">conditions g\u00e9n\u00e9rales<\/a>.<\/strong><\/p>\n<p>Les motifs l\u00e9gaux de traitement des adresses \u00e9lectroniques comprennent <strong>le consentement<\/strong>\u00a0et\/ou un\u00a0<strong>int\u00e9r\u00eat commercial l\u00e9gitime<\/strong>\u00a0pour contacter une personne avec une relation commerciale existante.<\/p>\n<p>Une relation commerciale existante est d\u00e9finie par les crit\u00e8res suivants\u00a0:<\/p>\n<ul>\n<li>La personne a effectu\u00e9 un achat au cours des derniers 24\u00a0mois<\/li>\n<li>La personne a re\u00e7u un devis, fait une demande, entam\u00e9 une discussion ou pos\u00e9 une question concernant un produit\/service au cours des 12\u00a0derniers mois.<\/li>\n<\/ul>\n<p><strong>Remarque\u00a0:<\/strong>\u00a0Extu respecte un programme de confidentialit\u00e9 con\u00e7u \u00e0 partir du R\u00e8glement g\u00e9n\u00e9ral sur la protection des donn\u00e9es (RGPD).[\/vc_column_text]<div class=\"boc_spacing \" style=\"height: 20px\"><\/div><div class=\"boc_divider_holder\"><div class=\"boc_divider  \"  style=\"margin-top: 20px;margin-bottom: 20px;height: 1px;background: #eeeeee;\"><\/div><\/div>[\/vc_column][\/vc_row][vc_row gap=\u00a0\u00bb10&Prime; equal_height=\u00a0\u00bbyes\u00a0\u00bb content_placement=\u00a0\u00bbmiddle\u00a0\u00bb el_id=\u00a0\u00bbprivacy-concerns\u00a0\u00bb][vc_column]<div class=\"boc_spacing \" style=\"height: 40px\"><\/div><h3 class=\"boc_heading  al_left  \"  style=\"margin-bottom: 20px;margin-top: 0px;color: #333333;\"><span>Puis-je ajouter des abonn\u00e9s apr\u00e8s la programmation de ma campagne\u00a0? <\/span><\/h3>[vc_column_text]Vous pouvez ajouter n\u2019importe quel contact \u00e0 votre liste de courriels avant le lancement de votre campagne.\u00a0Toute personne que vous ajoutez apr\u00e8s cette date\/heure ne recevra rien avant<b>\u00a0<\/b>votre prochain jet.<\/p>\n<p>[\/vc_column_text]<div class=\"boc_spacing \" style=\"height: 20px\"><\/div><div class=\"boc_divider_holder\"><div class=\"boc_divider  \"  style=\"margin-top: 20px;margin-bottom: 20px;height: 1px;background: #eeeeee;\"><\/div><\/div>[\/vc_column][\/vc_row][vc_row gap=\u00a0\u00bb10&Prime; equal_height=\u00a0\u00bbyes\u00a0\u00bb content_placement=\u00a0\u00bbmiddle\u00a0\u00bb el_id=\u00a0\u00bbno-sales\u00a0\u00bb][vc_column]<div class=\"boc_spacing \" style=\"height: 40px\"><\/div><h3 class=\"boc_heading  al_left  \"  style=\"margin-bottom: 20px;margin-top: 0px;color: #333333;\"><span>Combien ajouter manuellement des abonn\u00e9s \u00e0 une liste\u00a0? <\/span><\/h3>[vc_column_text]Tapez les adresses \u00e9lectroniques dans la zone de texte, un abonn\u00e9 par ligne. Utilisez des virgules pour s\u00e9parer les informations suppl\u00e9mentaires de l\u2019abonn\u00e9, assurez-vous que les d\u00e9tails sont dans le m\u00eame ordre \u00e0 chaque fois.<\/p>\n<p>Voir le guide Campaign Monitor\u00a0<a href=\"https:\/\/help.campaignmonitor.com\/add-subscribers-to-a-list\" target=\"_blank\" rel=\"noopener noreferrer\">ici<\/a>.[\/vc_column_text]<div class=\"boc_spacing \" style=\"height: 20px\"><\/div><div class=\"boc_divider_holder\"><div class=\"boc_divider  \"  style=\"margin-top: 20px;margin-bottom: 20px;height: 1px;background: #eeeeee;\"><\/div><\/div>[\/vc_column][\/vc_row][vc_row gap=\u00a0\u00bb10&Prime; equal_height=\u00a0\u00bbyes\u00a0\u00bb content_placement=\u00a0\u00bbmiddle\u00a0\u00bb][vc_column]<div class=\"boc_spacing \" style=\"height: 40px\"><\/div><h3 class=\"boc_heading  al_left  \"  style=\"margin-bottom: 20px;margin-top: 0px;color: #333333;\"><span>Comment exporter mes abonn\u00e9s apr\u00e8s les avoir t\u00e9l\u00e9charg\u00e9s\u00a0? <\/span><\/h3>[vc_column_text]Les d\u00e9tails des abonn\u00e9s peuvent \u00eatre t\u00e9l\u00e9charg\u00e9s en fichier CSV (valeurs texte s\u00e9par\u00e9es par des virgules) ou en fichier texte d\u00e9limit\u00e9 par des tabulations. Si vous avez plusieurs listes, chacune doit \u00eatre t\u00e9l\u00e9charg\u00e9e en tant que fichier s\u00e9par\u00e9.<\/p>\n<ol>\n<li>Cliquez sur\u00a0<strong>Listes et abonn\u00e9s<\/strong>.<\/li>\n<li>Cliquez sur un nom de liste pour faire appara\u00eetre les d\u00e9tails de la page, puis dans la barre lat\u00e9rale droite, cliquez\u00a0<strong>Exporter les abonn\u00e9s<\/strong>.<\/li>\n<li>Utilisez le\u00a0<strong>Menu<\/strong>\u00a0d\u2019exportation pour s\u00e9lectionner le type d\u2019abonn\u00e9s que vous voulez t\u00e9l\u00e9charger, par exemple,\u00ab\u00a0abonn\u00e9s actifs\u00a0\u00bb uniquement ou bien\u00ab\u00a0tous les abonn\u00e9s\u00a0\u00bb.<\/li>\n<li>Choisissez votre type de fichier pr\u00e9f\u00e9r\u00e9\u00a0: CSV ou d\u00e9limit\u00e9 par des tabulations.<\/li>\n<li>Veuillez s\u00e9lectionner les champs d\u2019abonn\u00e9s appropri\u00e9s \u00e0 inclure dans le t\u00e9l\u00e9chargement<\/li>\n<li>Cliquez\u00a0<strong>Exporter les abonn\u00e9s<\/strong>\u00a0pour t\u00e9l\u00e9charger le fichier.<\/li>\n<\/ol>\n<p>Voir le guide Campaign Monitor sur\u00a0<a href=\"https:\/\/help.campaignmonitor.com\/export-subscribers\" target=\"_blank\" rel=\"noopener noreferrer\">comment exporter les listes ici<\/a>.[\/vc_column_text]<div class=\"boc_spacing \" style=\"height: 20px\"><\/div><div class=\"boc_divider_holder\"><div class=\"boc_divider  \"  style=\"margin-top: 20px;margin-bottom: 20px;height: 1px;background: #eeeeee;\"><\/div><\/div>[\/vc_column][\/vc_row][vc_row gap=\u00a0\u00bb10&Prime; equal_height=\u00a0\u00bbyes\u00a0\u00bb content_placement=\u00a0\u00bbmiddle\u00a0\u00bb][vc_column]<div class=\"boc_spacing \" style=\"height: 40px\"><\/div><h3 class=\"boc_heading  al_left  \"  style=\"margin-bottom: 20px;margin-top: 0px;color: #333333;\"><span>Comment emp\u00eacher mes abonn\u00e9s de recevoir des campagnes futures\u00a0? <\/span><\/h3>[vc_column_text]Tous les abonn\u00e9s qui se d\u00e9sabonnent de vos campagnes seront automatiquement retir\u00e9s de votre liste active, et vos campagnes futures ne leur seront pas envoy\u00e9es.<\/p>\n<p>Vous pouvez \u00e9galement supprimer des abonn\u00e9s un \u00e0 un ou en grande quantit\u00e9 en modifiant leur\u00a0<a href=\"https:\/\/help.campaignmonitor.com\/subscriber-statuses\" target=\"_blank\" rel=\"noopener\">statut<\/a>\u00a0soit sur \u00ab\u00a0Supprim\u00e9\u00a0\u00bb ou \u00ab\u00a0D\u00e9sabonn\u00e9\u00a0\u00bb. Leurs rapports de donn\u00e9es et profils d\u2019abonn\u00e9s seront sauvegard\u00e9s.<\/p>\n<p>Modifier le statut d\u2019un abonn\u00e9 sur\u00a0:<\/p>\n<ul>\n<li><strong>Supprim\u00e9<\/strong>\u00a0\u2014 Les supprime de la liste actuelle, mais ils ne seront pas ajout\u00e9s \u00e0 la liste de suppression. Si l\u2019abonn\u00e9 se r\u00e9abonne, son statut sera automatiquement modifi\u00e9 sur \u00ab\u00a0Actif\u00a0\u00bb.<\/li>\n<li><strong>D\u00e9sabonn\u00e9<\/strong>\u00a0\u2014 Les retire de la liste actuelle ou de toutes les listes, selon les param\u00e8tres de d\u00e9sabonnement des listes. Si l\u2019option \u00ab\u00a0toutes listes\u00a0\u00bb est activ\u00e9e, les abonn\u00e9s seront \u00e9galement ajout\u00e9s sur la liste de suppression.<\/li>\n<\/ul>\n<p>Voir le guide Campaign Monitor sur\u00a0<a href=\"https:\/\/help.campaignmonitor.com\/remove-subscribers-from-lists\" target=\"_blank\" rel=\"noopener noreferrer\">comment supprimer les abonn\u00e9s de votre liste ici<\/a>.[\/vc_column_text]<div class=\"boc_spacing \" style=\"height: 20px\"><\/div><div class=\"boc_divider_holder\"><div class=\"boc_divider  \"  style=\"margin-top: 20px;margin-bottom: 20px;height: 1px;background: #eeeeee;\"><\/div><\/div>[\/vc_column][\/vc_row][vc_row gap=\u00a0\u00bb10&Prime; equal_height=\u00a0\u00bbyes\u00a0\u00bb content_placement=\u00a0\u00bbmiddle\u00a0\u00bb][vc_column]<div class=\"boc_spacing \" style=\"height: 40px\"><\/div><h3 class=\"boc_heading  al_left  \"  style=\"margin-bottom: 20px;margin-top: 0px;color: #333333;\"><span>Comment voir qui s\u2019est d\u00e9sabonn\u00e9 de mes campagnes\u00a0? <\/span><\/h3>[vc_column_text]Quand une adresse \u00e9lectronique est ajout\u00e9e \u00e0 une liste sur votre compte, un\u00ab\u00a0aper\u00e7u\u00a0\u00bb est cr\u00e9\u00e9, c\u2019est-\u00e0-dire, un profil pour cet abonn\u00e9 individuel sur cette liste individuelle. Sur la page d\u2019aper\u00e7u, vous pouvez modifier les d\u00e9tails d\u2019un abonn\u00e9, changez son\u00a0<a href=\"https:\/\/help.campaignmonitor.com\/subscriber-statuses\" target=\"_blank\" rel=\"noopener\">statut d\u2019abonn\u00e9<\/a>\u00a0pour la liste associ\u00e9e, et consulter l\u2019historique des courriels qui lui a \u00e9t\u00e9 envoy\u00e9.<\/p>\n<p>Voir le guide Campaign Monitor sur <a href=\"https:\/\/help.campaignmonitor.com\/view-subscriber-profile\" target=\"_blank\" rel=\"noopener noreferrer\">comment consulter le profil d\u2019un abonn\u00e9 ici<\/a>.[\/vc_column_text]<div class=\"boc_spacing \" style=\"height: 20px\"><\/div><div class=\"boc_divider_holder\"><div class=\"boc_divider  \"  style=\"margin-top: 20px;margin-bottom: 20px;height: 1px;background: #eeeeee;\"><\/div><\/div>[\/vc_column][\/vc_row][vc_row gap=\u00a0\u00bb10&Prime; equal_height=\u00a0\u00bbyes\u00a0\u00bb content_placement=\u00a0\u00bbmiddle\u00a0\u00bb][vc_column]<div class=\"boc_spacing \" style=\"height: 40px\"><\/div><h3 class=\"boc_heading  al_left  \"  style=\"margin-bottom: 20px;margin-top: 0px;color: #333333;\"><span>Je n\u2019ai pas re\u00e7u mon invitation pour me connecter \u00e0 Campaign Monitor<\/span><\/h3>[vc_column_text]Apr\u00e8s avoir compl\u00e9t\u00e9 votre inscription, notre \u00e9quipe g\u00e9n\u00e8rera une invitation pour vous connecter \u00e0 votre Campaign Monitor avec pour objet\u00ab\u00a0<strong>Bienvenue sur Extu &#8211; VOTRE R\u00c9GION\u00a0\u00bb<\/strong><\/p>\n<p><img loading=\"lazy\" decoding=\"async\" class=\"alignnone size-medium wp-image-13074\" src=\"https:\/\/partners.extu.com\/wp-content\/uploads\/2020\/11\/CM-invite-generic-300x202.png\" alt=\"\" width=\"300\" height=\"202\" srcset=\"https:\/\/partners.extu.com\/wp-content\/uploads\/2020\/11\/CM-invite-generic-300x202.png 300w, https:\/\/partners.extu.com\/wp-content\/uploads\/2020\/11\/CM-invite-generic-1024x691.png 1024w, https:\/\/partners.extu.com\/wp-content\/uploads\/2020\/11\/CM-invite-generic-768x518.png 768w, https:\/\/partners.extu.com\/wp-content\/uploads\/2020\/11\/CM-invite-generic-272x182.png 272w, https:\/\/partners.extu.com\/wp-content\/uploads\/2020\/11\/CM-invite-generic.png 1387w\" sizes=\"auto, (max-width: 300px) 100vw, 300px\" \/><\/p>\n<p>Si vous ne l\u2019avez pas re\u00e7u, veuillez regarder dans vos spams. Votre invitation expirera apr\u00e8s 72\u00a0heures, donc en cas de besoin, veuillez contacter votre repr\u00e9sentant Extu pour la recevoir \u00e0 nouveau.[\/vc_column_text]<div class=\"boc_spacing \" style=\"height: 20px\"><\/div><div class=\"boc_divider_holder\"><div class=\"boc_divider  \"  style=\"margin-top: 20px;margin-bottom: 20px;height: 1px;background: #eeeeee;\"><\/div><\/div>[\/vc_column][\/vc_row][vc_row gap=\u00a0\u00bb10&Prime; equal_height=\u00a0\u00bbyes\u00a0\u00bb content_placement=\u00a0\u00bbmiddle\u00a0\u00bb][vc_column]<div class=\"boc_spacing \" style=\"height: 40px\"><\/div><h3 class=\"boc_heading  al_left  \"  style=\"margin-bottom: 20px;margin-top: 0px;color: #333333;\"><span>J\u2019ai oubli\u00e9 mon mot de passe Campaign Monitor<\/span><\/h3>[vc_column_text]Une fois l\u2019invitation accept\u00e9e et le mot de passe pour Campaign Monitor cr\u00e9\u00e9, vous pouvez r\u00e9initialiser votre mot de passe \u00e0 tout moment en cliquant sur \u00ab\u00a0<a class=\"js-login-link-forgot\" href=\"https:\/\/login.createsend.com\/p\/reset\" target=\"_blank\" rel=\"noopener\">Vous avez oubli\u00e9 votre mot de passe\u00a0?<\/a>\u00a0\u00bb pour que Campaign Monitor vous envoie votre lien de r\u00e9initialisation.<\/p>\n<p>Connectez-vous \u00e0 votre compte sur\u00a0<a href=\"https:\/\/login.createsend.com\/l\" target=\"_blank\" rel=\"noopener noreferrer\">https:\/\/login.createsend.com\/l\u00a0<\/a>[\/vc_column_text]<div class=\"boc_spacing \" style=\"height: 20px\"><\/div>[\/vc_column][\/vc_row][vc_row gap=\u00a0\u00bb10&Prime; equal_height=\u00a0\u00bbyes\u00a0\u00bb content_placement=\u00a0\u00bbmiddle\u00a0\u00bb][vc_column]<div class=\"boc_spacing \" style=\"height: 40px\"><\/div>[vc_row_inner][vc_column_inner width=\u00a0\u00bb1\/3&Prime;][\/vc_column_inner][vc_column_inner width=\u00a0\u00bb1\/3&Prime;]<a href=\"https:\/\/help.campaignmonitor.com\/category-lists-and-subscribers\" class=\"button btn_medium btn_theme_color btn_rounded btn_normal_style    \" target=\"_blank\" rel=\"noopener\"><span>En savoir plus &amp; FAQ des abonn\u00e9s<\/span><\/a>[\/vc_column_inner][vc_column_inner width=\u00a0\u00bb1\/3&Prime;][\/vc_column_inner][\/vc_row_inner]<div class=\"boc_spacing \" style=\"height: 40px\"><\/div>[\/vc_column][\/vc_row][vc_row full_width=\u00a0\u00bbstretch_row\u00a0\u00bb disable_element=\u00a0\u00bbyes\u00a0\u00bb css=\u00a0\u00bb.vc_custom_1614105208266{background-color: #1e3869 !important;}\u00a0\u00bb][vc_column]<div class=\"boc_spacing \" style=\"height: 40px\"><\/div>[vc_row_inner][vc_column_inner width=\u00a0\u00bb2\/3&Prime;]<h3 class=\"boc_heading  al_left  \"  style=\"margin-bottom: 20px;margin-top: 0px;color: #ffffff;\"><span>Vous avez des ventes Lenovo \u00e0 partager\u00a0? T\u00e9l\u00e9chargez-les maintenant<\/span><\/h3>[\/vc_column_inner][vc_column_inner width=\u00a0\u00bb1\/3&Prime;]<a href=\"https:\/\/partners.extu.com\/rewards\/us\/lenovo-expand\/\" class=\"button btn_medium btn_theme_color btn_rounded btn_normal_style    \" target=\"_blank\"><span>Saisissez les ventes<\/span><\/a>[\/vc_column_inner][\/vc_row_inner]<div class=\"boc_spacing \" style=\"height: 40px\"><\/div>[\/vc_column][\/vc_row][vc_row el_id=\u00a0\u00bbcontact-us\u00a0\u00bb][vc_column]<div class=\"boc_spacing \" style=\"height: 40px\"><\/div><div class=\"boc_divider_holder\"><div class=\"boc_divider  \"  style=\"margin-top: 20px;margin-bottom: 20px;height: 1px;background: #eeeeee;\"><\/div><\/div><h2 class=\"boc_heading  center  \" ><span>Des questions\u00a0?<\/span><\/h2><div class=\"boc_spacing \" style=\"height: 40px\"><\/div>[vc_column_text]<\/p>\n<p style=\"text-align: center;\">Avez-vous des questions sur la pr\u00e9paration ou le t\u00e9l\u00e9chargement de votre liste\u00a0? Remplissez le formulaire ci-dessous et un membre de notre \u00e9quipe vous contactera.<\/p>\n<p>[\/vc_column_text][vc_row_inner][vc_column_inner width=\u00a0\u00bb1\/4&Prime;][\/vc_column_inner][vc_column_inner width=\u00a0\u00bb1\/2&Prime;][\/vc_column_inner][vc_column_inner width=\u00a0\u00bb1\/4&Prime;][\/vc_column_inner][\/vc_row_inner][\/vc_column][\/vc_row]<\/p>\n<\/div>","protected":false},"excerpt":{"rendered":"<p>[vc_row full_width=\u00a0\u00bbstretch_row\u00a0\u00bb content_placement=\u00a0\u00bbmiddle\u00a0\u00bb css=\u00a0\u00bb.vc_custom_1573710789675{background-image: url(https:\/\/partners.extu.com\/wp-content\/uploads\/2019\/11\/Navy-Pattern.png?id=8737) !important;background-position: center !important;background-repeat: no-repeat !important;background-size: cover !important;}\u00a0\u00bb][vc_column width=\u00a0\u00bb1\/2&Prime;][\/vc_column][vc_column width=\u00a0\u00bb1\/2&Prime;][vc_raw_html]JTNDaWZyYW1lJTIwd2lkdGglM0QlMjI1NjAlMjIlMjBoZWlnaHQlM0QlMjIzMTUlMjIlMjBzcmMlM0QlMjJodHRwcyUzQSUyRiUyRnd3dy55b3V0dWJlLmNvbSUyRmVtYmVkJTJGSGFYVEZnNTNKQWclM0ZjY19sb2FkX3BvbGljeSUzRDElMjZhdXRvcGxheSUzRDAlMjZtb2Rlc3RicmFuZGluZyUzRDElMjZyZWwlM0QwJTIyJTIwZnJhbWVib3JkZXIlM0QlMjIwJTIyJTIwJTNFJTNDJTJGaWZyYW1lJTNF[\/vc_raw_html][\/vc_column][\/vc_row][vc_row gap=\u00a0\u00bb10&Prime; equal_height=\u00a0\u00bbyes\u00a0\u00bb content_placement=\u00a0\u00bbmiddle\u00a0\u00bb el_id=\u00a0\u00bbhow-it-works\u00a0\u00bb][vc_column][vc_column_text]Campaign Monitor est la plateforme de mailing tierce que nous utilisons pour programmer et envoyer vos campagnes. Vous utiliserez Campaign Monitor pour g\u00e9rer vos listes d\u2019abonn\u00e9s et \u00e9galement pour suivre la performance de vos campagnes.[\/vc_column_text][\/vc_column][\/vc_row][vc_row gap=\u00a0\u00bb10&Prime; equal_height=\u00a0\u00bbyes\u00a0\u00bb content_placement=\u00a0\u00bbmiddle\u00a0\u00bb el_id=\u00a0\u00bblist-post-upload\u00a0\u00bb][vc_column][vc_column_text el_id=\u00a0\u00bbattribution\u00a0\u00bb]En vertu de votre<\/p>\n<div class=\"h10\"><\/div>\n<p><a class=\"more-link1\" href=\"https:\/\/partners.extu.com\/fr\/faq-liste-de-diffusion\/\">Read more<\/a><\/p>\n","protected":false},"author":18,"featured_media":0,"parent":0,"menu_order":0,"comment_status":"closed","ping_status":"closed","template":"","meta":{"_acf_changed":false,"om_disable_all_campaigns":false,"footnotes":""},"class_list":["post-15409","page","type-page","status-publish","hentry"],"acf":{"footer_box_text":"","footer_form":""},"_links":{"self":[{"href":"https:\/\/partners.extu.com\/fr\/wp-json\/wp\/v2\/pages\/15409","targetHints":{"allow":["GET"]}}],"collection":[{"href":"https:\/\/partners.extu.com\/fr\/wp-json\/wp\/v2\/pages"}],"about":[{"href":"https:\/\/partners.extu.com\/fr\/wp-json\/wp\/v2\/types\/page"}],"author":[{"embeddable":true,"href":"https:\/\/partners.extu.com\/fr\/wp-json\/wp\/v2\/users\/18"}],"replies":[{"embeddable":true,"href":"https:\/\/partners.extu.com\/fr\/wp-json\/wp\/v2\/comments?post=15409"}],"version-history":[{"count":0,"href":"https:\/\/partners.extu.com\/fr\/wp-json\/wp\/v2\/pages\/15409\/revisions"}],"wp:attachment":[{"href":"https:\/\/partners.extu.com\/fr\/wp-json\/wp\/v2\/media?parent=15409"}],"curies":[{"name":"wp","href":"https:\/\/api.w.org\/{rel}","templated":true}]}}