{"id":24200,"date":"2024-04-19T17:25:56","date_gmt":"2024-04-19T17:25:56","guid":{"rendered":"https:\/\/partners.extu.com\/informacion-legal\/"},"modified":"2024-04-19T23:53:10","modified_gmt":"2024-04-19T23:53:10","slug":"informacion-legal","status":"publish","type":"page","link":"https:\/\/partners.extu.com\/es_mx\/informacion-legal\/","title":{"rendered":"Informaci\u00f3n legal"},"content":{"rendered":"<div class=\"wpb-content-wrapper\"><p>[vc_row full_width=&#8221;stretch_row&#8221; css=&#8221;.vc_custom_1529435415265{background-color: #e5ebe7 !important;}&#8221;][vc_column]<div class=\"boc_spacing \" style=\"height: 40px\"><\/div><h2 class=\"boc_heading  center  \"  style=\"margin-bottom: 20px;margin-top: 0px;color: #333;\"><span>Informaci\u00f3n legal<\/span><\/h2><h3 class=\"boc_heading  center  \"  style=\"margin-bottom: 20px;margin-top: 0px;color: #333;\"><span>Avisos de Privacidad, Acuerdos de Servicio e informaci\u00f3n del RGPD<\/span><\/h3><div class=\"boc_spacing \" style=\"height: 60px\"><\/div>[\/vc_column][\/vc_row][vc_row][vc_column][vc_column_text]Seleccione una de las siguientes opciones para conocer m\u00e1s acerca de las pol\u00edticas legales de Extu en esa regi\u00f3n.[\/vc_column_text]<div class=\"boc_spacing \" style=\"height: 10px\"><\/div>\n\t\t<!--New Tabs-->\n\t\t<div class=\"newtabs clearfix horizontal \">\n\t\t\t<ul class=\"resp-tabs-list\">\n\t\t\t<\/ul>\n\t\t\t<div class=\"resp-tabs-container\">\n\t\t<div class=\"single_tab_div\" rel-title=\"United States\" rel-icon=\"\"><div class=\"boc_spacing \" style=\"height: 20px\"><\/div>[vc_row_inner][vc_column_inner width=&#8221;1\/2&#8243;]<div id=\"top_icon_box_42665\" class=\"top_icon_box type4  \"><a href=\"https:\/\/extu.com\/es_mx\/informacion-legal\/aviso-de-privacidad\/\" target=\"_self\" rel=\"noopener\"><div class=\"icon_holder\"><div class=\"icon_bgr\"><\/div><div class=\"icon_center\"><i class=\"icon icon-document\"><\/i><\/div><\/div><\/a><h3><a href=\"https:\/\/extu.com\/es_mx\/informacion-legal\/aviso-de-privacidad\/\" target=\"_self\" rel=\"noopener\">Pol\u00edtica de Privacidad<\/a><\/h3><p>Entienda c\u00f3mo tratamos la informaci\u00f3n personal que recolectamos de usted.<\/p><\/div>[\/vc_column_inner][vc_column_inner width=&#8221;1\/2&#8243;]<div id=\"top_icon_box_92665\" class=\"top_icon_box type4  \"><a href=\"https:\/\/extu.com\/es_mx\/informacion-legal\/terminos-generales-de-servicio\/\" target=\"_self\" rel=\"noopener\"><div class=\"icon_holder\"><div class=\"icon_bgr\"><\/div><div class=\"icon_center\"><i class=\"icon icon-ribbon2\"><\/i><\/div><\/div><\/a><h3><a href=\"https:\/\/extu.com\/es_mx\/informacion-legal\/terminos-generales-de-servicio\/\" target=\"_self\" rel=\"noopener\">Acuerdo de Servicios<\/a><\/h3><p>Lea los t\u00e9rminos y condiciones para unirse a nuestro programa.<\/p><\/div>[\/vc_column_inner][\/vc_row_inner]<\/div><div class=\"single_tab_div\" rel-title=\"Australia\" rel-icon=\"\"><div class=\"boc_spacing \" style=\"height: 20px\"><\/div>[vc_row_inner][vc_column_inner width=&#8221;1\/2&#8243;]<div id=\"top_icon_box_67582\" class=\"top_icon_box type4  \"><a href=\"https:\/\/extu.com\/es_mx\/informacion-legal\/aviso-de-privacidad\/\" target=\"_self\" rel=\"noopener\"><div class=\"icon_holder\"><div class=\"icon_bgr\"><\/div><div class=\"icon_center\"><i class=\"icon icon-document\"><\/i><\/div><\/div><\/a><h3><a href=\"https:\/\/extu.com\/es_mx\/informacion-legal\/aviso-de-privacidad\/\" target=\"_self\" rel=\"noopener\">Pol\u00edtica de Privacidad<\/a><\/h3><p>Entienda c\u00f3mo tratamos la informaci\u00f3n personal que recolectamos de usted.<\/p><\/div>[\/vc_column_inner][vc_column_inner width=&#8221;1\/2&#8243;]<div id=\"top_icon_box_85962\" class=\"top_icon_box type4  \"><a href=\"https:\/\/extu.com\/es_mx\/informacion-legal\/terminos-generales-de-servicio\/\" target=\"_self\" rel=\"noopener\"><div class=\"icon_holder\"><div class=\"icon_bgr\"><\/div><div class=\"icon_center\"><i class=\"icon icon-ribbon2\"><\/i><\/div><\/div><\/a><h3><a href=\"https:\/\/extu.com\/es_mx\/informacion-legal\/terminos-generales-de-servicio\/\" target=\"_self\" rel=\"noopener\">Acuerdo de Servicios<\/a><\/h3><p>Lea los t\u00e9rminos y condiciones para unirse a nuestro programa.<\/p><\/div>[\/vc_column_inner][\/vc_row_inner]<\/div><div class=\"single_tab_div\" rel-title=\"Canada\" rel-icon=\"\"><div class=\"boc_spacing \" style=\"height: 20px\"><\/div>[vc_row_inner][vc_column_inner width=&#8221;1\/2&#8243;]<div id=\"top_icon_box_17500\" class=\"top_icon_box type4  \"><a href=\"https:\/\/extu.com\/es_mx\/informacion-legal\/aviso-de-privacidad\/\" target=\"_self\" rel=\"noopener\"><div class=\"icon_holder\"><div class=\"icon_bgr\"><\/div><div class=\"icon_center\"><i class=\"icon icon-document\"><\/i><\/div><\/div><\/a><h3><a href=\"https:\/\/extu.com\/es_mx\/informacion-legal\/aviso-de-privacidad\/\" target=\"_self\" rel=\"noopener\">Pol\u00edtica de Privacidad<\/a><\/h3><p>Entienda c\u00f3mo tratamos la informaci\u00f3n personal que recolectamos de usted.<\/p><\/div>[\/vc_column_inner][vc_column_inner width=&#8221;1\/2&#8243;]<div id=\"top_icon_box_49526\" class=\"top_icon_box type4  \"><a href=\"https:\/\/extu.com\/es_mx\/informacion-legal\/terminos-generales-de-servicio\/\" target=\"_self\" rel=\"noopener\"><div class=\"icon_holder\"><div class=\"icon_bgr\"><\/div><div class=\"icon_center\"><i class=\"icon icon-ribbon2\"><\/i><\/div><\/div><\/a><h3><a href=\"https:\/\/extu.com\/es_mx\/informacion-legal\/terminos-generales-de-servicio\/\" target=\"_self\" rel=\"noopener\">Acuerdo de Servicios<\/a><\/h3><p>Lea los t\u00e9rminos y condiciones para unirse a nuestro programa.<\/p><\/div>[\/vc_column_inner][\/vc_row_inner]<\/div><div class=\"single_tab_div\" rel-title=\"United Kingdom\" rel-icon=\"\"><div class=\"boc_spacing \" style=\"height: 20px\"><\/div>[vc_row_inner][vc_column_inner width=&#8221;1\/3&#8243;]<div id=\"top_icon_box_35647\" class=\"top_icon_box type4  \"><a href=\"https:\/\/extu.com\/es_mx\/informacion-legal\/aviso-de-privacidad\/\" target=\"_self\" rel=\"noopener\"><div class=\"icon_holder\"><div class=\"icon_bgr\"><\/div><div class=\"icon_center\"><i class=\"icon icon-document\"><\/i><\/div><\/div><\/a><h3><a href=\"https:\/\/extu.com\/es_mx\/informacion-legal\/aviso-de-privacidad\/\" target=\"_self\" rel=\"noopener\">Pol\u00edtica de Privacidad<\/a><\/h3><p>Entienda c\u00f3mo tratamos la informaci\u00f3n personal que recolectamos de usted.<\/p><\/div>[\/vc_column_inner][vc_column_inner width=&#8221;1\/3&#8243;]<div id=\"top_icon_box_30554\" class=\"top_icon_box type4  \"><a href=\"https:\/\/extu.com\/es_mx\/informacion-legal\/terminos-generales-de-servicio\/\" target=\"_self\" rel=\"noopener\"><div class=\"icon_holder\"><div class=\"icon_bgr\"><\/div><div class=\"icon_center\"><i class=\"icon icon-ribbon2\"><\/i><\/div><\/div><\/a><h3><a href=\"https:\/\/extu.com\/es_mx\/informacion-legal\/terminos-generales-de-servicio\/\" target=\"_self\" rel=\"noopener\">Acuerdo de Servicios<\/a><\/h3><p>Lea los t\u00e9rminos y condiciones para unirse a nuestro programa.<\/p><\/div>[\/vc_column_inner][vc_column_inner width=&#8221;1\/3&#8243;]<div id=\"top_icon_box_27457\" class=\"top_icon_box type4  \"><a href=\"https:\/\/extu.com\/es_mx\/informacion-legal\/centro-de-confianza-de-gdpr\/\" target=\"_self\" rel=\"noopener\"><div class=\"icon_holder\"><div class=\"icon_bgr\"><\/div><div class=\"icon_center\"><i class=\"icon icon-shield3\"><\/i><\/div><\/div><\/a><h3><a href=\"https:\/\/extu.com\/es_mx\/informacion-legal\/centro-de-confianza-de-gdpr\/\" target=\"_self\" rel=\"noopener\">Centro de Confianza de RGPD<\/a><\/h3><p>Descubra c\u00f3mo Extu le ayuda con el RGPD<\/p><\/div>[\/vc_column_inner][\/vc_row_inner]<\/div><div class=\"single_tab_div\" rel-title=\"Singapore\" rel-icon=\"\"><div class=\"boc_spacing \" style=\"height: 20px\"><\/div>[vc_row_inner][vc_column_inner width=&#8221;1\/2&#8243;]<div id=\"top_icon_box_86582\" class=\"top_icon_box type4  \"><a href=\"https:\/\/extu.com\/es_mx\/informacion-legal\/aviso-de-privacidad\/\" target=\"_self\" rel=\"noopener\"><div class=\"icon_holder\"><div class=\"icon_bgr\"><\/div><div class=\"icon_center\"><i class=\"icon icon-document\"><\/i><\/div><\/div><\/a><h3><a href=\"https:\/\/extu.com\/es_mx\/informacion-legal\/aviso-de-privacidad\/\" target=\"_self\" rel=\"noopener\">Pol\u00edtica de Privacidad<\/a><\/h3><p>Entienda c\u00f3mo tratamos la informaci\u00f3n personal que recolectamos de usted.<\/p><\/div>[\/vc_column_inner][vc_column_inner width=&#8221;1\/2&#8243;]<div id=\"top_icon_box_69335\" class=\"top_icon_box type4  \"><a href=\"https:\/\/extu.com\/es_mx\/informacion-legal\/terminos-generales-de-servicio\/\" target=\"_self\" rel=\"noopener\"><div class=\"icon_holder\"><div class=\"icon_bgr\"><\/div><div class=\"icon_center\"><i class=\"icon icon-ribbon2\"><\/i><\/div><\/div><\/a><h3><a href=\"https:\/\/extu.com\/es_mx\/informacion-legal\/terminos-generales-de-servicio\/\" target=\"_self\" rel=\"noopener\">Acuerdo de Servicios<\/a><\/h3><p>Lea los t\u00e9rminos y condiciones para unirse a nuestro programa.<\/p><\/div>[\/vc_column_inner][\/vc_row_inner]<\/div><\/div>\n\t\t\t\t<\/div>[\/vc_column][\/vc_row]<\/p>\n<\/div>","protected":false},"excerpt":{"rendered":"<p>[vc_row full_width=&#8221;stretch_row&#8221; css=&#8221;.vc_custom_1529435415265{background-color: #e5ebe7 !important;}&#8221;][vc_column][\/vc_column][\/vc_row][vc_row][vc_column][vc_column_text]Seleccione una de las siguientes opciones para conocer m\u00e1s acerca de las pol\u00edticas legales de Extu en esa regi\u00f3n.[\/vc_column_text][\/vc_column][\/vc_row]<\/p>\n","protected":false},"author":18,"featured_media":0,"parent":0,"menu_order":0,"comment_status":"closed","ping_status":"closed","template":"","meta":{"_acf_changed":false,"om_disable_all_campaigns":false,"footnotes":""},"class_list":["post-24200","page","type-page","status-publish","hentry"],"acf":{"footer_box_text":"","footer_form":""},"_links":{"self":[{"href":"https:\/\/partners.extu.com\/es_mx\/wp-json\/wp\/v2\/pages\/24200","targetHints":{"allow":["GET"]}}],"collection":[{"href":"https:\/\/partners.extu.com\/es_mx\/wp-json\/wp\/v2\/pages"}],"about":[{"href":"https:\/\/partners.extu.com\/es_mx\/wp-json\/wp\/v2\/types\/page"}],"author":[{"embeddable":true,"href":"https:\/\/partners.extu.com\/es_mx\/wp-json\/wp\/v2\/users\/18"}],"replies":[{"embeddable":true,"href":"https:\/\/partners.extu.com\/es_mx\/wp-json\/wp\/v2\/comments?post=24200"}],"version-history":[{"count":0,"href":"https:\/\/partners.extu.com\/es_mx\/wp-json\/wp\/v2\/pages\/24200\/revisions"}],"wp:attachment":[{"href":"https:\/\/partners.extu.com\/es_mx\/wp-json\/wp\/v2\/media?parent=24200"}],"curies":[{"name":"wp","href":"https:\/\/api.w.org\/{rel}","templated":true}]}}