{"id":24122,"date":"2024-04-16T18:41:51","date_gmt":"2024-04-16T18:41:51","guid":{"rendered":"https:\/\/partners.extu.com\/formulario-de-envio-de-ventas-globales\/"},"modified":"2024-04-30T02:50:36","modified_gmt":"2024-04-30T02:50:36","slug":"formulario-de-envio-de-ventas-globales","status":"publish","type":"page","link":"https:\/\/partners.extu.com\/es_mx\/formulario-de-envio-de-ventas-globales\/","title":{"rendered":"Formulario de Env\u00edo de Ventas Globales"},"content":{"rendered":"<div class=\"wpb-content-wrapper\"><p>[vc_row full_width=&#8221;stretch_row&#8221; css=&#8221;.vc_custom_1694160573081{background-color: #000000 !important;}&#8221;][vc_column]<div class=\"boc_spacing \" style=\"height: 40px\"><\/div><h2 class=\"boc_heading  center  \"  style=\"margin-bottom: 20px;margin-top: 0px;color: #ededda;\"><span>Comparta sus ventas cerradas<\/span><\/h2><h3 class=\"boc_heading  center  \"  style=\"margin-bottom: 20px;margin-top: 0px;color: #ededda;\"><span>Cumpla el requisito de presentaci\u00f3n de ventas y contribuya a apoyar el programa<\/span><\/h3><div class=\"boc_spacing \" style=\"height: 40px\"><\/div>[\/vc_column][\/vc_row][vc_row][vc_column]<div class=\"boc_spacing \" style=\"height: 40px\"><\/div>[\/vc_column][\/vc_row][vc_row][vc_column width=&#8221;2\/3&#8243;]<div class=\"vcSFIframeWrap vcCEWrap \"><div id=\"sf_iframe\" data-url=\"https:\/\/a.extu.com\/s3\/SRU-es-mx\" data-qs=\"csid\" data-lang=\"lang\" data-ih=\"2000\"><\/div><\/div><!--.vcCEWrap-->[\/vc_column][vc_column width=&#8221;1\/3&#8243;]<h3 class=\"boc_heading  al_left  \"  style=\"margin-bottom: 20px;margin-top: 0px;color: #333;\"><span>Preguntas frecuentes<\/span><\/h3><div class=\"acc_holder  no_sibling_toggle   border\"><div class=\"acc_item\"><h4 class=\"accordion\"><span class=\"acc_control \"><\/span><span class=\"acc_heading\">\u00bfQu\u00e9 recibos puedo presentar?<\/span><\/h4><div class=\"accordion_content\"><\/p>\n<ul>\n<li>Los recibos admisibles son copias de las facturas <strong>dirigidas al cliente<\/strong> (archivos PDF o de im\u00e1genes) que muestran prueba de venta de los productos de su proveedor patrocinador. Nuestro equipo separar\u00e1 los art\u00edculos que cumplen con los requisitos en cada recibo. (No es necesario que lo haga usted mismo).<\/li>\n<li>Se pueden enviar res\u00famenes de ventas detallados, pero pueden ser auditados.<\/li>\n<li>Los env\u00edos de facturas y res\u00famenes de ventas deben contener los siguientes detalles:\n<ul>\n<li>Fecha de factura<\/li>\n<li>N\u00famero de factura<\/li>\n<li>Empresa usuaria final<\/li>\n<li>Descripci\u00f3n del producto<\/li>\n<li>Cantidad del producto<\/li>\n<li>Precio unitario<\/li>\n<li>Y el importe total<\/li>\n<\/ul>\n<\/li>\n<li>No env\u00ede recibos de su distribuidor. Si le preocupan los datos personales del cliente, lea a continuaci\u00f3n.<\/li>\n<li>Los recibos deben enviarse dentro de los dos meses posteriores a la venta (fecha de la factura) y dentro de los 60 d\u00edas posteriores al \u00faltimo env\u00edo de su campa\u00f1a.<\/li>\n<li>Cualquier recibo u oferta que haya proporcionado anteriormente no contar\u00e1.<\/li>\n<\/ul>\n<p><\/div><\/div><div class=\"acc_item\"><h4 class=\"accordion\"><span class=\"acc_control \"><\/span><span class=\"acc_heading\">\u00bfPor qu\u00e9 enviar?<\/span><\/h4><div class=\"accordion_content\">Su(s) marca(s) patrocinadora(s) quiere(n) saber si su apoyo de marketing le est\u00e1 ayudando a generar m\u00e1s negocios y c\u00f3mo. Al enviar sus recibos de venta, est\u00e1 ayudando a justificar su participaci\u00f3n continua en este programa ante las marcas que patrocinan su campa\u00f1a.<\/div><\/div><div class=\"acc_item\"><h4 class=\"accordion\"><span class=\"acc_control \"><\/span><span class=\"acc_heading\">\u00bfQu\u00e9 pasa con la privacidad de mis clientes?<\/span><\/h4><div class=\"accordion_content\">Tenga en cuenta que compartiremos todos los recibos elegibles con su(s) proveedor(es) \u00fanicamente con fines de validaci\u00f3n. Los proveedores no se comunicar\u00e1n con sus clientes ni proporcionar\u00e1n los datos de su cliente a ning\u00fan tercero.<\/p>\n<p><span style=\"text-decoration: underline;\"><a href=\"https:\/\/extu.com\/es_mx\/informacion-legal\/\" target=\"_blank\" rel=\"noopener\">Consulte nuestra pol\u00edtica de privacidad para m\u00e1s detalles<\/a><\/span><\/div><\/div><\/div>[\/vc_column][\/vc_row]<\/p>\n<\/div>","protected":false},"excerpt":{"rendered":"<p>[vc_row full_width=&#8221;stretch_row&#8221; css=&#8221;.vc_custom_1694160573081{background-color: #000000 !important;}&#8221;][vc_column][\/vc_column][\/vc_row][vc_row][vc_column][\/vc_column][\/vc_row][vc_row][vc_column width=&#8221;2\/3&#8243;][\/vc_column][vc_column width=&#8221;1\/3&#8243;][\/vc_column][\/vc_row]<\/p>\n","protected":false},"author":54,"featured_media":0,"parent":0,"menu_order":0,"comment_status":"closed","ping_status":"closed","template":"","meta":{"_acf_changed":false,"om_disable_all_campaigns":false,"footnotes":""},"class_list":["post-24122","page","type-page","status-publish","hentry"],"acf":{"footer_box_text":"","footer_form":""},"_links":{"self":[{"href":"https:\/\/partners.extu.com\/es_mx\/wp-json\/wp\/v2\/pages\/24122","targetHints":{"allow":["GET"]}}],"collection":[{"href":"https:\/\/partners.extu.com\/es_mx\/wp-json\/wp\/v2\/pages"}],"about":[{"href":"https:\/\/partners.extu.com\/es_mx\/wp-json\/wp\/v2\/types\/page"}],"author":[{"embeddable":true,"href":"https:\/\/partners.extu.com\/es_mx\/wp-json\/wp\/v2\/users\/54"}],"replies":[{"embeddable":true,"href":"https:\/\/partners.extu.com\/es_mx\/wp-json\/wp\/v2\/comments?post=24122"}],"version-history":[{"count":0,"href":"https:\/\/partners.extu.com\/es_mx\/wp-json\/wp\/v2\/pages\/24122\/revisions"}],"wp:attachment":[{"href":"https:\/\/partners.extu.com\/es_mx\/wp-json\/wp\/v2\/media?parent=24122"}],"curies":[{"name":"wp","href":"https:\/\/api.w.org\/{rel}","templated":true}]}}