{"id":15825,"date":"2021-08-16T19:16:26","date_gmt":"2021-08-16T19:16:26","guid":{"rendered":"http:\/\/partners.oneaffiniti.com\/no-pudimos-encontrar-esta-pagina\/"},"modified":"2021-08-16T19:16:26","modified_gmt":"2021-08-16T19:16:26","slug":"no-pudimos-encontrar-esta-pagina","status":"publish","type":"page","link":"https:\/\/partners.extu.com\/es_mx\/no-pudimos-encontrar-esta-pagina\/","title":{"rendered":"No pudimos encontrar esta p\u00e1gina"},"content":{"rendered":"<div id=\"pl-341\" class=\"panel-layout\">\n<div id=\"pg-341-0\" class=\"panel-grid panel-has-style\" data-style=\"{&quot;class&quot;:&quot;padding-t-b&quot;,&quot;background_display&quot;:&quot;tile&quot;,&quot;lsow_dark_bg&quot;:&quot;&quot;,&quot;cell_alignment&quot;:&quot;flex-start&quot;}\">\n<div class=\"padding-t-b panel-row-style panel-row-style-for-341-0\">\n<div id=\"pgc-341-0-0\" class=\"panel-grid-cell\" data-weight=\"1\">\n<div id=\"panel-341-0-0-0\" class=\"so-panel widget widget_sow-editor panel-first-child panel-last-child widgetopts-SO\" data-index=\"0\" data-style=\"{&quot;background_display&quot;:&quot;tile&quot;,&quot;animation_offset&quot;:&quot;10&quot;,&quot;animation_iteration&quot;:&quot;1&quot;}\">\n<div class=\"so-widget-sow-editor so-widget-sow-editor-base\">\n<h3 class=\"widget-title\">\u00a1Vaya, algo ha salido mal!<\/h3>\n<div class=\"siteorigin-widget-tinymce textwidget\">\n<h2>Error 404<\/h2>\n<p>Parece que la p\u00e1gina que buscas no existe, nunca ha existido, o se ha movido a otra ubicaci\u00f3n.<\/p>\n<p><a class=\"btn btn-primary btn-sm\" href=\"\/es\/\">VOLVER A LA P\u00c1GINA PRINCIPAL<\/a><\/p>\n<\/div>\n<\/div>\n<\/div>\n<\/div>\n<\/div>\n<\/div>\n<\/div>\n","protected":false},"excerpt":{"rendered":"<p>\u00a1Vaya, algo ha salido mal! Error 404 Parece que la p\u00e1gina que buscas no existe, nunca ha existido, o se ha movido a otra ubicaci\u00f3n. VOLVER A LA P\u00c1GINA PRINCIPAL<\/p>\n","protected":false},"author":18,"featured_media":0,"parent":0,"menu_order":0,"comment_status":"closed","ping_status":"closed","template":"","meta":{"_acf_changed":false,"om_disable_all_campaigns":false,"footnotes":""},"class_list":["post-15825","page","type-page","status-publish","hentry"],"acf":{"footer_box_text":"","footer_form":""},"_links":{"self":[{"href":"https:\/\/partners.extu.com\/es_mx\/wp-json\/wp\/v2\/pages\/15825","targetHints":{"allow":["GET"]}}],"collection":[{"href":"https:\/\/partners.extu.com\/es_mx\/wp-json\/wp\/v2\/pages"}],"about":[{"href":"https:\/\/partners.extu.com\/es_mx\/wp-json\/wp\/v2\/types\/page"}],"author":[{"embeddable":true,"href":"https:\/\/partners.extu.com\/es_mx\/wp-json\/wp\/v2\/users\/18"}],"replies":[{"embeddable":true,"href":"https:\/\/partners.extu.com\/es_mx\/wp-json\/wp\/v2\/comments?post=15825"}],"version-history":[{"count":0,"href":"https:\/\/partners.extu.com\/es_mx\/wp-json\/wp\/v2\/pages\/15825\/revisions"}],"wp:attachment":[{"href":"https:\/\/partners.extu.com\/es_mx\/wp-json\/wp\/v2\/media?parent=15825"}],"curies":[{"name":"wp","href":"https:\/\/api.w.org\/{rel}","templated":true}]}}