{"id":15438,"date":"2021-06-29T08:24:09","date_gmt":"2021-06-29T08:24:09","guid":{"rendered":"http:\/\/partners.oneaffiniti.com\/formulario-de-resumen-de-contenido-personalizado\/"},"modified":"2024-04-26T07:33:30","modified_gmt":"2024-04-26T07:33:30","slug":"formulario-de-resumen-de-contenido-personalizado","status":"publish","type":"page","link":"https:\/\/partners.extu.com\/es_mx\/formulario-de-resumen-de-contenido-personalizado\/","title":{"rendered":"Formulario de resumen de contenido personalizado"},"content":{"rendered":"<div class=\"wpb-content-wrapper\"><p>[vc_row full_width=&#8221;stretch_row_content&#8221; content_placement=&#8221;middle&#8221; sf_background_style=&#8221;section-bg-dark&#8221; sf_sec_background=&#8221;bg-black&#8221; css=&#8221;.vc_custom_1710858234614{background-position: center !important;background-repeat: no-repeat !important;background-size: cover !important;}&#8221;][vc_column]<div class=\"boc_spacing \" style=\"height: 40px\"><\/div><h2 class=\"boc_heading  center  \"  style=\"margin-bottom: 20px;margin-top: 0px;color: #ededda;\"><span>Formulario de resumen de contenido personalizado<\/span><\/h2><div class=\"boc_spacing \" style=\"height: 40px\"><\/div>[\/vc_column][\/vc_row][vc_row full_height=&#8221;yes&#8221;][vc_column width=&#8221;2\/3&#8243;][vc_column_text css=&#8221;&#8221;]<\/p>\n<h3 style=\"text-align: left;\"><strong>Complete el siguiente formulario con su solicitud de contenido personalizado para incluirlo en su pr\u00f3xima campa\u00f1a.<\/strong><\/h3>\n<p style=\"text-align: left;\">Por favor espere <span style=\"color: #ff0000;\"><strong>~5 d\u00edas h\u00e1biles<\/strong><\/span> para que se complete el trabajo personalizado<\/p>\n<p>[\/vc_column_text]<div class=\"boc_divider_holder\"><div class=\"boc_divider  \"  style=\"margin-top: 20px;margin-bottom: 20px;height: 1px;background: #eeeeee;\"><\/div><\/div><div class=\"vcSFIframeWrap vcCEWrap \"><div id=\"sf_iframe\" data-url=\"https:\/\/a.extu.com\/s3\/es-mx\" data-qs=\"lsid\" data-lang=\"lang\" data-ih=\"2600\"><\/div><\/div><!--.vcCEWrap-->[\/vc_column][vc_column width=&#8221;1\/3&#8243;]<div class=\"boc_spacing \" style=\"height: 20px\"><\/div><h3 class=\"boc_heading  al_left  \"  style=\"margin-bottom: 20px;margin-top: 0px;color: #333;\"><span>Preguntas Frecuentes<\/span><\/h3><div class=\"acc_holder   with_bgr \"><div class=\"acc_item\"><h4 class=\"accordion\"><span class=\"acc_control \"><\/span><span class=\"acc_heading\">\u00bfQu\u00e9 es el contenido personalizado?<\/span><\/h4><div class=\"accordion_content\">El contenido personalizado es normalmente contenido exclusivo de su empresa. Los ejemplos incluyen actualizaciones de la empresa, invitaciones a seminarios web o recursos \u00fatiles como demostraciones de capacitaci\u00f3n.<\/div><\/div><div class=\"acc_item\"><h4 class=\"accordion\"><span class=\"acc_control \"><\/span><span class=\"acc_heading\">\u00bfQu\u00e9 es el contenido personalizado del producto?<\/span><\/h4><div class=\"accordion_content\">Hacemos todo lo posible para proporcionar las caracter\u00edsticas de producto m\u00e1s relevantes en su campa\u00f1a mensual; sin embargo, entendemos que hay ocasiones en las que algunos productos que usted vende no est\u00e1n disponibles en su campa\u00f1a. Usted puede utilizar esta opci\u00f3n para solicitar un producto que no apareci\u00f3 o no aparecer\u00e1 en su campa\u00f1a mensual de Extu.<\/p>\n<p>Dependiendo de su programa, usted debe incluir al menos 1 o 2 caracter\u00edsticas del producto seleccionadas por su marca patrocinadora. No puede presentar ni colocar ninguna marca que compita con la que patrocina su marca.<\/div><\/div><div class=\"acc_item\"><h4 class=\"accordion\"><span class=\"acc_control \"><\/span><span class=\"acc_heading\">\u00bfC\u00f3mo s\u00e9 qu\u00e9 contenido personalizado puedo o no incluir?<\/span><\/h4><div class=\"accordion_content\">Cualquier contenido que se origine en su empresa se considera contenido personalizado.<\/p>\n<p>No recomendamos que enlace trabajos de otros autores o escritores, ya que esto alejar\u00e1 el tr\u00e1fico de su campa\u00f1a. En vez de esto, puede aprovechar una de las selecciones de art\u00edculos sobre liderazgo de opini\u00f3n que ponemos a su disposici\u00f3n cada mes y que mantiene al lector en su micrositio y disponible para realizar consultas directamente dirigidas a usted.<\/p>\n<p><\/div><\/div><\/div>[\/vc_column][\/vc_row]<\/p>\n<\/div>","protected":false},"excerpt":{"rendered":"<p>[vc_row full_width=&#8221;stretch_row_content&#8221; content_placement=&#8221;middle&#8221; sf_background_style=&#8221;section-bg-dark&#8221; sf_sec_background=&#8221;bg-black&#8221; css=&#8221;.vc_custom_1710858234614{background-position: center !important;background-repeat: no-repeat !important;background-size: cover !important;}&#8221;][vc_column][\/vc_column][\/vc_row][vc_row full_height=&#8221;yes&#8221;][vc_column width=&#8221;2\/3&#8243;][vc_column_text css=&#8221;&#8221;] Complete el siguiente formulario con su solicitud de contenido personalizado para incluirlo en su pr\u00f3xima campa\u00f1a. Por favor espere ~5 d\u00edas h\u00e1biles para que se complete el trabajo personalizado [\/vc_column_text][\/vc_column][vc_column width=&#8221;1\/3&#8243;][\/vc_column][\/vc_row]<\/p>\n","protected":false},"author":18,"featured_media":0,"parent":0,"menu_order":0,"comment_status":"closed","ping_status":"closed","template":"","meta":{"_acf_changed":false,"om_disable_all_campaigns":false,"footnotes":""},"class_list":["post-15438","page","type-page","status-publish","hentry"],"acf":{"footer_box_text":"","footer_form":""},"_links":{"self":[{"href":"https:\/\/partners.extu.com\/es_mx\/wp-json\/wp\/v2\/pages\/15438","targetHints":{"allow":["GET"]}}],"collection":[{"href":"https:\/\/partners.extu.com\/es_mx\/wp-json\/wp\/v2\/pages"}],"about":[{"href":"https:\/\/partners.extu.com\/es_mx\/wp-json\/wp\/v2\/types\/page"}],"author":[{"embeddable":true,"href":"https:\/\/partners.extu.com\/es_mx\/wp-json\/wp\/v2\/users\/18"}],"replies":[{"embeddable":true,"href":"https:\/\/partners.extu.com\/es_mx\/wp-json\/wp\/v2\/comments?post=15438"}],"version-history":[{"count":0,"href":"https:\/\/partners.extu.com\/es_mx\/wp-json\/wp\/v2\/pages\/15438\/revisions"}],"wp:attachment":[{"href":"https:\/\/partners.extu.com\/es_mx\/wp-json\/wp\/v2\/media?parent=15438"}],"curies":[{"name":"wp","href":"https:\/\/api.w.org\/{rel}","templated":true}]}}