{"id":15436,"date":"2021-06-29T08:24:06","date_gmt":"2021-06-29T08:24:06","guid":{"rendered":"http:\/\/partners.oneaffiniti.com\/preguntas-frecuentes-sobre-la-lista-de-correo-electronico\/"},"modified":"2021-07-28T12:10:17","modified_gmt":"2021-07-28T12:10:17","slug":"preguntas-frecuentes-sobre-la-lista-de-correo-electronico","status":"publish","type":"page","link":"https:\/\/partners.extu.com\/es_mx\/preguntas-frecuentes-sobre-la-lista-de-correo-electronico\/","title":{"rendered":"Preguntas frecuentes sobre la lista de correo electr\u00f3nico"},"content":{"rendered":"<div class=\"wpb-content-wrapper\"><p>[vc_row full_width=&#8221;stretch_row&#8221; content_placement=&#8221;middle&#8221; css=&#8221;.vc_custom_1573710789675{background-image: url(https:\/\/partners.extu.com\/wp-content\/uploads\/2019\/11\/Navy-Pattern.png?id=8737) !important;background-position: center !important;background-repeat: no-repeat !important;background-size: cover !important;}&#8221;][vc_column width=&#8221;1\/2&#8243;]<div class=\"boc_spacing \" style=\"height: 40px\"><\/div><h2 class=\"boc_heading  al_left  \"  style=\"margin-bottom: 20px;margin-top: 0px;color: #ffffff;\"><span>Preguntas frecuentes sobre las listas de correo electr\u00f3nico<\/span><\/h2><h3 class=\"boc_heading  al_left  \"  style=\"margin-bottom: 20px;margin-top: 0px;color: #ffffff;\"><span>Preguntas frecuentes sobre listas de correo electr\u00f3nico<\/span><\/h3><a href=\"https:\/\/login.createsend.com\/l\" class=\"button btn_medium btn_theme_color btn_rounded btn_normal_style    \" target=\"_blank\" rel=\"noopener\"><span>Iniciar sesi\u00f3n en Campaign Monitor<\/span><\/a><div class=\"boc_spacing \" style=\"height: 60px\"><\/div>[\/vc_column][vc_column width=&#8221;1\/2&#8243;]<div class=\"boc_spacing \" style=\"height: 20px\"><\/div>[vc_raw_html]JTNDaWZyYW1lJTIwd2lkdGglM0QlMjI1NjAlMjIlMjBoZWlnaHQlM0QlMjIzMTUlMjIlMjBzcmMlM0QlMjJodHRwcyUzQSUyRiUyRnd3dy55b3V0dWJlLmNvbSUyRmVtYmVkJTJGSGFYVEZnNTNKQWclM0ZjY19sb2FkX3BvbGljeSUzRDElMjZhdXRvcGxheSUzRDAlMjZtb2Rlc3RicmFuZGluZyUzRDElMjZyZWwlM0QwJTIyJTIwZnJhbWVib3JkZXIlM0QlMjIwJTIyJTIwJTNFJTNDJTJGaWZyYW1lJTNF[\/vc_raw_html]<div class=\"boc_spacing \" style=\"height: 20px\"><\/div>[\/vc_column][\/vc_row][vc_row gap=&#8221;10&#8243; equal_height=&#8221;yes&#8221; content_placement=&#8221;middle&#8221; el_id=&#8221;how-it-works&#8221;][vc_column]<div class=\"boc_spacing \" style=\"height: 40px\"><\/div><h3 class=\"boc_heading  al_left  \"  style=\"margin-bottom: 20px;margin-top: 0px;color: #333333;\"><span>\u00bfQu\u00e9 es Campaign Monitor? <\/span><\/h3>[vc_column_text]Campaign Monitor es la plataforma de correo de terceros que utilizamos para programar y enviar sus campa\u00f1as. Utilizar\u00e1 Campaign Monitor para administrar sus listas de suscriptores y tambi\u00e9n para realizar un seguimiento del rendimiento de su campa\u00f1a.[\/vc_column_text]<div class=\"boc_spacing \" style=\"height: 20px\"><\/div><div class=\"boc_divider_holder\"><div class=\"boc_divider  \"  style=\"margin-top: 20px;margin-bottom: 20px;height: 1px;background: #eeeeee;\"><\/div><\/div>[\/vc_column][\/vc_row][vc_row gap=&#8221;10&#8243; equal_height=&#8221;yes&#8221; content_placement=&#8221;middle&#8221; el_id=&#8221;list-post-upload&#8221;][vc_column]<div class=\"boc_spacing \" style=\"height: 40px\"><\/div><h3 class=\"boc_heading  al_left  \"  style=\"margin-bottom: 20px;margin-top: 0px;color: #333333;\"><span>\u00bfQu\u00e9 hace con mis contactos despu\u00e9s de importarlos? <\/span><\/h3>[vc_column_text el_id=&#8221;attribution&#8221;]Nuestro acuerdo de servicio mantiene que usted es el propietario legal de su lista de suscriptores y es responsable de su gesti\u00f3n y cumplimiento. No lo compartimos con proveedores ni enviamos ning\u00fan otro material de marketing fuera de las campa\u00f1as que usted nos autoriza a enviar a trav\u00e9s de este programa.<\/p>\n<p>Solo compartimos informaci\u00f3n con terceros con el fin de proporcionar u optimizar los servicios. Consulte nuestros <a href=\"https:\/\/www.oneaffiniti.com\/usa-terms-and-conditions\/\" target=\"_blank\" rel=\"noopener\">t\u00e9rminos y condiciones<\/a> y la <a href=\"https:\/\/www.oneaffiniti.com\/usa-privacy-policy\/\" target=\"_blank\" rel=\"noopener\">pol\u00edtica de privacidad<\/a> para obtener m\u00e1s detalles.[\/vc_column_text]<div class=\"boc_spacing \" style=\"height: 20px\"><\/div><div class=\"boc_divider_holder\"><div class=\"boc_divider  \"  style=\"margin-top: 20px;margin-bottom: 20px;height: 1px;background: #eeeeee;\"><\/div><\/div>[\/vc_column][\/vc_row][vc_row gap=&#8221;10&#8243; equal_height=&#8221;yes&#8221; content_placement=&#8221;middle&#8221; el_id=&#8221;opt-in&#8221;][vc_column]<div class=\"boc_spacing \" style=\"height: 40px\"><\/div><h3 class=\"boc_heading  al_left  \"  style=\"margin-bottom: 20px;margin-top: 0px;color: #333333;\"><span>\u00bfNecesito permiso de mis contactos para enviarles mensajes? <\/span><\/h3>[vc_column_text]S\u00ed, al importar sus contactos, certifica que tiene bases legales para procesar sus direcciones de correo electr\u00f3nico de acuerdo con nuestros <strong><a href=\"https:\/\/www.oneaffiniti.com\/legal\/\" target=\"_blank\" rel=\"noopener noreferrer\">t\u00e9rminos y condiciones<\/a>.<\/strong><\/p>\n<p>Las bases legales para procesar una direcci\u00f3n de correo electr\u00f3nico incluyen tener <strong>consentimiento<\/strong> y\/o un <strong>inter\u00e9s comercial leg\u00edtimo<\/strong> para poner en contacto a una persona con una relaci\u00f3n comercial existente.<\/p>\n<p>Una relaci\u00f3n comercial existente se puede identificar bas\u00e1ndose en las siguientes pautas:<\/p>\n<ul>\n<li>El individuo realiz\u00f3 una compra en los \u00faltimos 24 meses.<\/li>\n<li>El individuo recibi\u00f3 un presupuesto, hizo una consulta, particip\u00f3 en una discusi\u00f3n o hizo una pregunta en relaci\u00f3n a un producto o servicio en los \u00faltimos 12 meses.<\/li>\n<\/ul>\n<p><strong>Nota:<\/strong>\u00a0Extu mantiene un programa de privacidad dise\u00f1ado en torno al Reglamento general de protecci\u00f3n de datos (RGPD).[\/vc_column_text]<div class=\"boc_spacing \" style=\"height: 20px\"><\/div><div class=\"boc_divider_holder\"><div class=\"boc_divider  \"  style=\"margin-top: 20px;margin-bottom: 20px;height: 1px;background: #eeeeee;\"><\/div><\/div>[\/vc_column][\/vc_row][vc_row gap=&#8221;10&#8243; equal_height=&#8221;yes&#8221; content_placement=&#8221;middle&#8221; el_id=&#8221;privacy-concerns&#8221;][vc_column]<div class=\"boc_spacing \" style=\"height: 40px\"><\/div><h3 class=\"boc_heading  al_left  \"  style=\"margin-bottom: 20px;margin-top: 0px;color: #333333;\"><span>\u00bfPuedo a\u00f1adir suscriptores despu\u00e9s de que se haya programado mi campa\u00f1a? <\/span><\/h3>[vc_column_text]Puede a\u00f1adir nuevos contactos a sus listas de correo electr\u00f3nico antes de que se env\u00ede su campa\u00f1a.\u00a0Cualquier contacto que a\u00f1ada despu\u00e9s de esa fecha u hora no recibir\u00e1 nada hasta<b> <\/b>su pr\u00f3ximo borrador.<\/p>\n<p>[\/vc_column_text]<div class=\"boc_spacing \" style=\"height: 20px\"><\/div><div class=\"boc_divider_holder\"><div class=\"boc_divider  \"  style=\"margin-top: 20px;margin-bottom: 20px;height: 1px;background: #eeeeee;\"><\/div><\/div>[\/vc_column][\/vc_row][vc_row gap=&#8221;10&#8243; equal_height=&#8221;yes&#8221; content_placement=&#8221;middle&#8221; el_id=&#8221;no-sales&#8221;][vc_column]<div class=\"boc_spacing \" style=\"height: 40px\"><\/div><h3 class=\"boc_heading  al_left  \"  style=\"margin-bottom: 20px;margin-top: 0px;color: #333333;\"><span>\u00bfC\u00f3mo a\u00f1ado suscriptores manualmente a una lista? <\/span><\/h3>[vc_column_text]Introduzca las direcciones de correo electr\u00f3nico en el cuadro de texto, un suscriptor por l\u00ednea. Use comas para separar los detalles adicionales del suscriptor, asegur\u00e1ndose de que los tipos de detalles est\u00e9n en el mismo orden cada vez.<\/p>\n<p>Consulte la gu\u00eda de Campaign Monitor <a href=\"https:\/\/help.campaignmonitor.com\/add-subscribers-to-a-list\" target=\"_blank\" rel=\"noopener noreferrer\">aqu\u00ed<\/a>.[\/vc_column_text]<div class=\"boc_spacing \" style=\"height: 20px\"><\/div><div class=\"boc_divider_holder\"><div class=\"boc_divider  \"  style=\"margin-top: 20px;margin-bottom: 20px;height: 1px;background: #eeeeee;\"><\/div><\/div>[\/vc_column][\/vc_row][vc_row gap=&#8221;10&#8243; equal_height=&#8221;yes&#8221; content_placement=&#8221;middle&#8221;][vc_column]<div class=\"boc_spacing \" style=\"height: 40px\"><\/div><h3 class=\"boc_heading  al_left  \"  style=\"margin-bottom: 20px;margin-top: 0px;color: #333333;\"><span>\u00bfC\u00f3mo exporto mis suscriptores despu\u00e9s de cargarlos? <\/span><\/h3>[vc_column_text]Los detalles del suscriptor se pueden descargar como un archivo CSV (valores separados por comas) o un archivo de texto delimitado por tabulaciones. Si tiene varias listas, cada una de ellas debe descargarse como un archivo separado.<\/p>\n<ol>\n<li>Haga clic en\u00a0<strong>Listas y suscriptores<\/strong>.<\/li>\n<li>Haga clic en el nombre de una lista para abrir la p\u00e1gina de detalles de la lista, a continuaci\u00f3n, en la barra lateral derecha, haga clic en <strong>Exportar suscriptores<\/strong>.<\/li>\n<li>Utilice el men\u00fa <strong>Exportar<\/strong> para seleccionar el tipo de suscriptores que desea descargar, por ejemplo, \u00abSuscriptores activos\u00bb solamente o \u00abTodos los suscriptores\u00bb.<\/li>\n<li>Elija su tipo de archivo preferido: CSV o delimitado por tabulaciones.<\/li>\n<li>Seleccione qu\u00e9 campos de suscriptor incluir en la descarga<\/li>\n<li>Haga clic en <strong>Exportar suscriptores<\/strong> para descargar el archivo.<\/li>\n<\/ol>\n<p>Consulte la gu\u00eda de Campaign Monitor sobre <a href=\"https:\/\/help.campaignmonitor.com\/export-subscribers\" target=\"_blank\" rel=\"noopener noreferrer\">c\u00f3mo exportar listas aqu\u00ed<\/a>.[\/vc_column_text]<div class=\"boc_spacing \" style=\"height: 20px\"><\/div><div class=\"boc_divider_holder\"><div class=\"boc_divider  \"  style=\"margin-top: 20px;margin-bottom: 20px;height: 1px;background: #eeeeee;\"><\/div><\/div>[\/vc_column][\/vc_row][vc_row gap=&#8221;10&#8243; equal_height=&#8221;yes&#8221; content_placement=&#8221;middle&#8221;][vc_column]<div class=\"boc_spacing \" style=\"height: 40px\"><\/div><h3 class=\"boc_heading  al_left  \"  style=\"margin-bottom: 20px;margin-top: 0px;color: #333333;\"><span>\u00bfC\u00f3mo elimino a los suscriptores para que no reciban campa\u00f1as futuras? <\/span><\/h3>[vc_column_text]Todos los suscriptores que se den de baja de sus campa\u00f1as se eliminar\u00e1n autom\u00e1ticamente de la lista activa y no se les enviar\u00e1n campa\u00f1as futuras.<\/p>\n<p>Tambi\u00e9n puede eliminar suscriptores individualmente o realizar una eliminaci\u00f3n masiva cambiando su <a href=\"https:\/\/help.campaignmonitor.com\/subscriber-statuses\" target=\"_blank\" rel=\"noopener\">estado<\/a> a \u00abEliminado\u00bb o \u00abDado de baja\u00bb. Se conservar\u00e1n los datos de los informes y el perfil de suscriptor.<\/p>\n<p>Cambiar el estado de un suscriptor a:<\/p>\n<ul>\n<li><strong>Eliminado<\/strong>: los elimina de la lista actual, pero no los a\u00f1adir\u00e1 a la lista de supresi\u00f3n. Si el suscriptor se vuelve a suscribir, autom\u00e1ticamente volver\u00e1 al estado \u00abActivo\u00bb.<\/li>\n<li><strong>Dado de baja<\/strong>: los elimina de la lista actual o de todas las listas, seg\u00fan la configuraci\u00f3n de cancelaci\u00f3n de suscripci\u00f3n de la lista. Si est\u00e1 configurado en \u00abtodas las listas\u00bb, el suscriptor tambi\u00e9n se a\u00f1adir\u00e1 a la lista de supresi\u00f3n.<\/li>\n<\/ul>\n<p>Consulte la gu\u00eda de Campaign Monitor sobre <a href=\"https:\/\/help.campaignmonitor.com\/remove-subscribers-from-lists\" target=\"_blank\" rel=\"noopener noreferrer\">c\u00f3mo eliminar suscriptores de la lista aqu\u00ed<\/a>.[\/vc_column_text]<div class=\"boc_spacing \" style=\"height: 20px\"><\/div><div class=\"boc_divider_holder\"><div class=\"boc_divider  \"  style=\"margin-top: 20px;margin-bottom: 20px;height: 1px;background: #eeeeee;\"><\/div><\/div>[\/vc_column][\/vc_row][vc_row gap=&#8221;10&#8243; equal_height=&#8221;yes&#8221; content_placement=&#8221;middle&#8221;][vc_column]<div class=\"boc_spacing \" style=\"height: 40px\"><\/div><h3 class=\"boc_heading  al_left  \"  style=\"margin-bottom: 20px;margin-top: 0px;color: #333333;\"><span>\u00bfC\u00f3mo veo qui\u00e9n se ha dado de baja de mis campa\u00f1as? <\/span><\/h3>[vc_column_text]Cuando se a\u00f1ade una direcci\u00f3n de correo electr\u00f3nico a una lista en su cuenta, se crea una \u00abinstant\u00e1nea\u00bb, que es un perfil para ese suscriptor individual en esa lista individual. En la p\u00e1gina de instant\u00e1neas, puede editar los detalles de un suscriptor, cambiar su <a href=\"https:\/\/help.campaignmonitor.com\/subscriber-statuses\" target=\"_blank\" rel=\"noopener\">estado de suscriptor<\/a> para la lista asociada y ver la actividad de cualquier correo electr\u00f3nico que se les haya enviado.<\/p>\n<p>Consulte la gu\u00eda de Campaign Monitor sobre <a href=\"https:\/\/help.campaignmonitor.com\/view-subscriber-profile\" target=\"_blank\" rel=\"noopener noreferrer\">c\u00f3mo ver los perfiles de los suscriptores aqu\u00ed<\/a>.[\/vc_column_text]<div class=\"boc_spacing \" style=\"height: 20px\"><\/div><div class=\"boc_divider_holder\"><div class=\"boc_divider  \"  style=\"margin-top: 20px;margin-bottom: 20px;height: 1px;background: #eeeeee;\"><\/div><\/div>[\/vc_column][\/vc_row][vc_row gap=&#8221;10&#8243; equal_height=&#8221;yes&#8221; content_placement=&#8221;middle&#8221;][vc_column]<div class=\"boc_spacing \" style=\"height: 40px\"><\/div><h3 class=\"boc_heading  al_left  \"  style=\"margin-bottom: 20px;margin-top: 0px;color: #333333;\"><span>No he recibido mi invitaci\u00f3n para iniciar sesi\u00f3n en Campaign Monitor.<\/span><\/h3>[vc_column_text]Despu\u00e9s de completar su registro, nuestro equipo le enviar\u00e1 una invitaci\u00f3n para iniciar sesi\u00f3n en su Campaign Monitor con el asunto \u00ab<strong>Bienvenido a Extu &#8211; SU REGI\u00d3N\u00bb<\/strong><\/p>\n<p><img loading=\"lazy\" decoding=\"async\" class=\"alignnone size-medium wp-image-13074\" src=\"https:\/\/partners.extu.com\/wp-content\/uploads\/2020\/11\/CM-invite-generic-300x202.png\" alt=\"\" width=\"300\" height=\"202\" srcset=\"https:\/\/partners.extu.com\/wp-content\/uploads\/2020\/11\/CM-invite-generic-300x202.png 300w, https:\/\/partners.extu.com\/wp-content\/uploads\/2020\/11\/CM-invite-generic-1024x691.png 1024w, https:\/\/partners.extu.com\/wp-content\/uploads\/2020\/11\/CM-invite-generic-768x518.png 768w, https:\/\/partners.extu.com\/wp-content\/uploads\/2020\/11\/CM-invite-generic-272x182.png 272w, https:\/\/partners.extu.com\/wp-content\/uploads\/2020\/11\/CM-invite-generic.png 1387w\" sizes=\"auto, (max-width: 300px) 100vw, 300px\" \/><\/p>\n<p>Si no lo recibe, revise su carpeta de correo no deseado. Su invitaci\u00f3n caduca despu\u00e9s de 72 horas, por lo que si tiene alg\u00fan problema, p\u00f3ngase en contacto con su representante de Extu para que se vuelva a activar.[\/vc_column_text]<div class=\"boc_spacing \" style=\"height: 20px\"><\/div><div class=\"boc_divider_holder\"><div class=\"boc_divider  \"  style=\"margin-top: 20px;margin-bottom: 20px;height: 1px;background: #eeeeee;\"><\/div><\/div>[\/vc_column][\/vc_row][vc_row gap=&#8221;10&#8243; equal_height=&#8221;yes&#8221; content_placement=&#8221;middle&#8221;][vc_column]<div class=\"boc_spacing \" style=\"height: 40px\"><\/div><h3 class=\"boc_heading  al_left  \"  style=\"margin-bottom: 20px;margin-top: 0px;color: #333333;\"><span>He olvidado mi contrase\u00f1a de Campaign Monitor<\/span><\/h3>[vc_column_text]Una vez que acepte su invitaci\u00f3n y cree una contrase\u00f1a para Campaign Monitor, puede restablecer la contrase\u00f1a en cualquier momento haciendo clic en \u00ab<a class=\"js-login-link-forgot\" href=\"https:\/\/login.createsend.com\/p\/reset\" target=\"_blank\" rel=\"noopener\">\u00bfNo recuerda su contrase\u00f1a?<\/a>\u00bb para que Campaign Monitor env\u00ede el enlace de restablecimiento.<\/p>\n<p>Inicie sesi\u00f3n en su cuenta en\u00a0<a href=\"https:\/\/login.createsend.com\/l\" target=\"_blank\" rel=\"noopener noreferrer\">https:\/\/login.createsend.com\/l\u00a0<\/a>[\/vc_column_text]<div class=\"boc_spacing \" style=\"height: 20px\"><\/div>[\/vc_column][\/vc_row][vc_row gap=&#8221;10&#8243; equal_height=&#8221;yes&#8221; content_placement=&#8221;middle&#8221;][vc_column]<div class=\"boc_spacing \" style=\"height: 40px\"><\/div>[vc_row_inner][vc_column_inner width=&#8221;1\/3&#8243;][\/vc_column_inner][vc_column_inner width=&#8221;1\/3&#8243;]<a href=\"https:\/\/help.campaignmonitor.com\/category-lists-and-subscribers\" class=\"button btn_medium btn_theme_color btn_rounded btn_normal_style    \" target=\"_blank\" rel=\"noopener\"><span>Ver m\u00e1s preguntas frecuentes sobre listas y suscriptores<\/span><\/a>[\/vc_column_inner][vc_column_inner width=&#8221;1\/3&#8243;][\/vc_column_inner][\/vc_row_inner]<div class=\"boc_spacing \" style=\"height: 40px\"><\/div>[\/vc_column][\/vc_row][vc_row full_width=&#8221;stretch_row&#8221; disable_element=&#8221;yes&#8221; css=&#8221;.vc_custom_1614105208266{background-color: #1e3869 !important;}&#8221;][vc_column]<div class=\"boc_spacing \" style=\"height: 40px\"><\/div>[vc_row_inner][vc_column_inner width=&#8221;2\/3&#8243;]<h3 class=\"boc_heading  al_left  \"  style=\"margin-bottom: 20px;margin-top: 0px;color: #ffffff;\"><span>\u00bfTiene ventas de Lenovo para compartir? C\u00e1rguelas ahora<\/span><\/h3>[\/vc_column_inner][vc_column_inner width=&#8221;1\/3&#8243;]<a href=\"https:\/\/partners.extu.com\/rewards\/us\/lenovo-expand\/\" class=\"button btn_medium btn_theme_color btn_rounded btn_normal_style    \" target=\"_blank\"><span>Enviar ventas<\/span><\/a>[\/vc_column_inner][\/vc_row_inner]<div class=\"boc_spacing \" style=\"height: 40px\"><\/div>[\/vc_column][\/vc_row][vc_row el_id=&#8221;contact-us&#8221;][vc_column]<div class=\"boc_spacing \" style=\"height: 40px\"><\/div><div class=\"boc_divider_holder\"><div class=\"boc_divider  \"  style=\"margin-top: 20px;margin-bottom: 20px;height: 1px;background: #eeeeee;\"><\/div><\/div><h2 class=\"boc_heading  center  \" ><span>\u00bfPreguntas?<\/span><\/h2><div class=\"boc_spacing \" style=\"height: 40px\"><\/div>[vc_column_text]<\/p>\n<p style=\"text-align: center;\">\u00bfTiene preguntas sobre c\u00f3mo preparar o cargar su lista? Complete sus datos a continuaci\u00f3n y uno de los miembros de nuestro equipo se pondr\u00e1 en contacto con usted.<\/p>\n<p>[\/vc_column_text][vc_row_inner][vc_column_inner width=&#8221;1\/4&#8243;][\/vc_column_inner][vc_column_inner width=&#8221;1\/2&#8243;][\/vc_column_inner][vc_column_inner width=&#8221;1\/4&#8243;][\/vc_column_inner][\/vc_row_inner][\/vc_column][\/vc_row]<\/p>\n<\/div>","protected":false},"excerpt":{"rendered":"<p>[vc_row full_width=&#8221;stretch_row&#8221; content_placement=&#8221;middle&#8221; css=&#8221;.vc_custom_1573710789675{background-image: url(https:\/\/partners.extu.com\/wp-content\/uploads\/2019\/11\/Navy-Pattern.png?id=8737) !important;background-position: center !important;background-repeat: no-repeat !important;background-size: cover !important;}&#8221;][vc_column width=&#8221;1\/2&#8243;][\/vc_column][vc_column width=&#8221;1\/2&#8243;][vc_raw_html]JTNDaWZyYW1lJTIwd2lkdGglM0QlMjI1NjAlMjIlMjBoZWlnaHQlM0QlMjIzMTUlMjIlMjBzcmMlM0QlMjJodHRwcyUzQSUyRiUyRnd3dy55b3V0dWJlLmNvbSUyRmVtYmVkJTJGSGFYVEZnNTNKQWclM0ZjY19sb2FkX3BvbGljeSUzRDElMjZhdXRvcGxheSUzRDAlMjZtb2Rlc3RicmFuZGluZyUzRDElMjZyZWwlM0QwJTIyJTIwZnJhbWVib3JkZXIlM0QlMjIwJTIyJTIwJTNFJTNDJTJGaWZyYW1lJTNF[\/vc_raw_html][\/vc_column][\/vc_row][vc_row gap=&#8221;10&#8243; equal_height=&#8221;yes&#8221; content_placement=&#8221;middle&#8221; el_id=&#8221;how-it-works&#8221;][vc_column][vc_column_text]Campaign Monitor es la plataforma de correo de terceros que utilizamos para programar y enviar sus campa\u00f1as. Utilizar\u00e1 Campaign Monitor para administrar sus listas de suscriptores y tambi\u00e9n para realizar un seguimiento del rendimiento de su campa\u00f1a.[\/vc_column_text][\/vc_column][\/vc_row][vc_row gap=&#8221;10&#8243; equal_height=&#8221;yes&#8221; content_placement=&#8221;middle&#8221; el_id=&#8221;list-post-upload&#8221;][vc_column][vc_column_text el_id=&#8221;attribution&#8221;]Nuestro acuerdo<\/p>\n<div class=\"h10\"><\/div>\n<p><a class=\"more-link1\" href=\"https:\/\/partners.extu.com\/es_mx\/preguntas-frecuentes-sobre-la-lista-de-correo-electronico\/\">Read more<\/a><\/p>\n","protected":false},"author":18,"featured_media":0,"parent":0,"menu_order":0,"comment_status":"closed","ping_status":"closed","template":"","meta":{"_acf_changed":false,"om_disable_all_campaigns":false,"footnotes":""},"class_list":["post-15436","page","type-page","status-publish","hentry"],"acf":{"footer_box_text":"","footer_form":""},"_links":{"self":[{"href":"https:\/\/partners.extu.com\/es_mx\/wp-json\/wp\/v2\/pages\/15436","targetHints":{"allow":["GET"]}}],"collection":[{"href":"https:\/\/partners.extu.com\/es_mx\/wp-json\/wp\/v2\/pages"}],"about":[{"href":"https:\/\/partners.extu.com\/es_mx\/wp-json\/wp\/v2\/types\/page"}],"author":[{"embeddable":true,"href":"https:\/\/partners.extu.com\/es_mx\/wp-json\/wp\/v2\/users\/18"}],"replies":[{"embeddable":true,"href":"https:\/\/partners.extu.com\/es_mx\/wp-json\/wp\/v2\/comments?post=15436"}],"version-history":[{"count":0,"href":"https:\/\/partners.extu.com\/es_mx\/wp-json\/wp\/v2\/pages\/15436\/revisions"}],"wp:attachment":[{"href":"https:\/\/partners.extu.com\/es_mx\/wp-json\/wp\/v2\/media?parent=15436"}],"curies":[{"name":"wp","href":"https:\/\/api.w.org\/{rel}","templated":true}]}}