{"id":15434,"date":"2021-06-29T08:24:02","date_gmt":"2021-06-29T08:24:02","guid":{"rendered":"http:\/\/partners.oneaffiniti.com\/configuracion-de-la-cuenta\/"},"modified":"2021-07-28T12:03:30","modified_gmt":"2021-07-28T12:03:30","slug":"configuracion-de-la-cuenta","status":"publish","type":"page","link":"https:\/\/partners.extu.com\/es_mx\/configuracion-de-la-cuenta\/","title":{"rendered":"Configuraci\u00f3n de la cuenta"},"content":{"rendered":"<div class=\"wpb-content-wrapper\"><p>[vc_row full_width=&#8221;stretch_row&#8221; content_placement=&#8221;middle&#8221; css=&#8221;.vc_custom_1573710789675{background-image: url(https:\/\/partners.extu.com\/wp-content\/uploads\/2019\/11\/Navy-Pattern.png?id=8737) !important;background-position: center !important;background-repeat: no-repeat !important;background-size: cover !important;}&#8221;][vc_column]<div class=\"boc_spacing \" style=\"height: 40px\"><\/div><h2 class=\"boc_heading  center  \"  style=\"margin-bottom: 20px;margin-top: 0px;color: #ffffff;\"><span>Prep\u00e1rese para el \u00e9xito<\/span><\/h2><h3 class=\"boc_heading  center  \"  style=\"margin-bottom: 20px;margin-top: 0px;color: #ffffff;\"><span>Ay\u00fadenos a entender cu\u00e1l es la mejor manera de ayudarle<\/span><\/h3><div class=\"boc_spacing \" style=\"height: 20px\"><\/div><div class=\"boc_spacing \" style=\"height: 60px\"><\/div>[\/vc_column][\/vc_row]<\/p>\n<ul>\n<li>Sus recursos e inversiones de marketing actuales<\/li>\n<li>Sus preferencias personales de comunicaci\u00f3n<\/li>\n<li>Cualquier miembro del equipo relevante que deba estar en las comunicaciones del programa<\/li>\n<li>Su fecha preferida para los recordatorios de ventas<\/li>\n<\/ul>\n<p>Su representante de Extu le enviar\u00e1 el cuestionario para que lo complete usted mismo o por tel\u00e9fono. Haga clic en el enlace siguiente para volver a enviarlo.[\/vc_column_text]<a\thref=\"\" \n\t\t\t\tclass=\"button btn_medium btn_theme_color btn_rounded btn_normal_style    \"  target='_self'><span>Reenviar el cuestionario de incorporaci\u00f3n<\/span><\/a>[\/vc_column_inner][\/vc_row_inner]<div class=\"boc_spacing \" style=\"height: 60px\"><\/div>[\/vc_column][\/vc_row][vc_row full_width=&#8221;stretch_row&#8221; css=&#8221;.vc_custom_1617067638941{background-color: #e5ebe7 !important;}&#8221;][vc_column]<div class=\"boc_spacing \" style=\"height: 40px\"><\/div><h3 class=\"boc_heading  center  \" ><span>\u00bfPor qu\u00e9 recopilamos esta informaci\u00f3n?<\/span><\/h3><div class=\"boc_spacing \" style=\"height: 20px\"><\/div>\n\t\t<!--New Tabs-->\n\t\t<div class=\"newtabs clearfix horizontal \">\n\t\t\t<ul class=\"resp-tabs-list\">\n\t\t\t<\/ul>\n\t\t\t<div class=\"resp-tabs-container\">\n\t\t<div class=\"single_tab_div\" rel-title=\"Recursos de marketing\" rel-icon=\"icon icon-dollar\">[vc_row_inner][vc_column_inner width=&#8221;1\/4&#8243;][vc_single_image source=&#8221;external_link&#8221; custom_src=&#8221;https:\/\/cdn.brandfolder.io\/8TODOWLK\/as\/5s957qcxmj2z6qtbmckjfr\/Checklist.gif&#8221;][\/vc_column_inner][vc_column_inner width=&#8221;3\/4&#8243;]<h3 class=\"boc_heading  al_left  \" ><span>Inversi\u00f3n de marketing actual<\/span><\/h3>[vc_column_text]Ofrecemos una amplia gama de servicios en nuestro programa, y saber d\u00f3nde y c\u00f3mo est\u00e1 invirtiendo actualmente en marketing nos ayuda a adaptar nuestros servicios a sus necesidades.<\/p>\n<p>Comprender sus recursos de marketing tambi\u00e9n nos ayuda a obtener apoyo de su patrocinador para una inversi\u00f3n continua y nos permite realizar un seguimiento de su crecimiento en el tiempo.[\/vc_column_text][\/vc_column_inner][\/vc_row_inner]<\/div><div class=\"single_tab_div\" rel-title=\"Sus preferencias\" rel-icon=\"icon icon-mail\">[vc_row_inner][vc_column_inner width=&#8221;1\/4&#8243;][vc_single_image source=&#8221;external_link&#8221; custom_src=&#8221;https:\/\/cdn.brandfolder.io\/8TODOWLK\/as\/5s957qcxmj2z6qtbmckjfr\/Checklist.gif&#8221;][\/vc_column_inner][vc_column_inner width=&#8221;3\/4&#8243;]<h3 class=\"boc_heading  al_left  \"  style=\"margin-bottom: 20px;margin-top: 0px;color: #333333;\"><span>Sus preferencias de comunicaci\u00f3n<\/span><\/h3>[vc_column_text]<span style=\"font-weight: 400;\">D\u00edganos qu\u00e9 comunicaciones del programa desea recibir o no recibir y actualizaremos nuestros registros. <\/span><span style=\"font-weight: 400;\">Se pueden actualizar los siguientes roles:\u00a0<\/span><\/p>\n<ul>\n<li><span style=\"font-weight: 400;\">A\u00f1adir y gestionar su lista de suscriptores<\/span><\/li>\n<li><span style=\"font-weight: 400;\">Revisar y aprobar sus campa\u00f1as de correo electr\u00f3nico mensuales<\/span><\/li>\n<li><span style=\"font-weight: 400;\">Autorizar contenido para publicar en sus p\u00e1ginas de LinkedIn<\/span><\/li>\n<li><span style=\"font-weight: 400;\">Informar del estado de sus ventas y de las ventas cerradas mensuales<\/span><\/li>\n<li>Recibir y gestionar clientes potenciales<\/li>\n<\/ul>\n<p>[\/vc_column_text][\/vc_column_inner][\/vc_row_inner]<\/div><div class=\"single_tab_div\" rel-title=\"Su equipo\" rel-icon=\"icon icon-add-user\">[vc_row_inner][vc_column_inner width=&#8221;1\/4&#8243;][vc_single_image source=&#8221;external_link&#8221; custom_src=&#8221;https:\/\/cdn.brandfolder.io\/8TODOWLK\/as\/n4sw9mkp53r7nzpk77bmbv\/Account-Set-Up.gif?position=2&#8243;][\/vc_column_inner][vc_column_inner width=&#8221;3\/4&#8243;]<h3 class=\"boc_heading  al_left  \"  style=\"margin-bottom: 20px;margin-top: 0px;color: #333333;\"><span>A\u00f1adir su equipo<\/span><\/h3>[vc_column_text]Hay muchos componentes del programa, como los clientes potenciales y los informes de ventas, que es posible que desee delegar en otros miembros del equipo (si corresponde).<\/p>\n<p>Puede informarnos de a qu\u00e9 miembros del equipo delegar\u00eda tareas o a\u00f1adir\u00eda para que recibieran las comunicaciones del programa.<\/p>\n<p>Ejemplos de personal que desea a\u00f1adir y por qu\u00e9:<\/p>\n<ul>\n<li><span style=\"font-weight: 400;\">Ventas: seguimiento de los clientes potenciales recibidos de las campa\u00f1as<\/span><\/li>\n<li><span style=\"font-weight: 400;\">Compras: informes y recordatorios de ventas mensuales<\/span><\/li>\n<\/ul>\n<p>[\/vc_column_text][\/vc_column_inner][\/vc_row_inner]<\/div><div class=\"single_tab_div\" rel-title=\"Recordatorio de ventas\" rel-icon=\"icon icon-calendar2\">[vc_row_inner][vc_column_inner width=&#8221;1\/4&#8243;][vc_single_image source=&#8221;external_link&#8221; custom_src=&#8221;https:\/\/cdn.brandfolder.io\/8TODOWLK\/as\/2tkf8w5h2fjqw95bg8vgnvhw\/Receipt-Reminder-booking.gif?position=2&#8243;][\/vc_column_inner][vc_column_inner width=&#8221;3\/4&#8243;]<h3 class=\"boc_heading  al_left  \"  style=\"margin-bottom: 20px;margin-top: 0px;color: #333333;\"><span>Elegir la fecha de su recordatorio de ventas<\/span><\/h3>[vc_column_text]<span style=\"font-weight: 400;\">Compartir las ventas cerradas es una parte necesaria de su participaci\u00f3n continua en este programa.<\/span><\/p>\n<p>Puede informarnos de la fecha de cada mes en que desea que nuestro equipo realice un seguimiento con usted.<\/p>\n<p>Tambi\u00e9n recomendamos configurar un recordatorio mensual en su calendario para que recuerde enviar su resumen de ventas o facturas.[\/vc_column_text][\/vc_column_inner][\/vc_row_inner]<\/div><\/div>\n\t\t\t\t<\/div><div class=\"boc_spacing \" style=\"height: 60px\"><\/div>[\/vc_column][\/vc_row][vc_row full_width=&#8221;stretch_row&#8221; css=&#8221;.vc_custom_1617067924979{background-color: #fee48b !important;}&#8221;][vc_column width=&#8221;1\/2&#8243;]<div class=\"boc_spacing \" style=\"height: 40px\"><\/div><h3 class=\"boc_heading  al_left  \"  style=\"margin-bottom: 20px;margin-top: 0px;color: #333333;\"><span>Autenticaci\u00f3n de dominio<\/span><\/h3><div class=\"boc_spacing \" style=\"height: 20px\"><\/div>[vc_column_text]La autenticaci\u00f3n de correo electr\u00f3nico verifica que un correo electr\u00f3nico sea realmente suyo o de su empresa. Piense en ello como en una firma digital: protege su marca, identidad y reputaci\u00f3n. Es uno de los pasos m\u00e1s importantes que puede dar para mejorar su capacidad de entrega.<\/p>\n<p><strong><u><a style=\"text-decoration: underline;\" href=\"https:\/\/partners.extu.com\/email-authentication\/\" target=\"_blank\" rel=\"noopener\">Esta gu\u00eda<\/a><\/u><\/strong> explica c\u00f3mo autenticar su dominio de env\u00edo y por qu\u00e9 es importante.[\/vc_column_text]<div class=\"boc_spacing \" style=\"height: 60px\"><\/div>[\/vc_column][vc_column width=&#8221;1\/2&#8243;][vc_single_image source=&#8221;external_link&#8221; custom_src=&#8221;https:\/\/cdn.brandfolder.io\/8TODOWLK\/as\/85nfbk9tkfcxt79sj8598jjk\/Domain-Authentication.gif&#8221;][\/vc_column][\/vc_row][vc_row full_width=&#8221;stretch_row&#8221; disable_element=&#8221;yes&#8221; css=&#8221;.vc_custom_1615163536775{background-color: #284068 !important;}&#8221;][vc_column]<div class=\"boc_spacing \" style=\"height: 40px\"><\/div><h2 class=\"boc_heading  center  \"  style=\"margin-bottom: 20px;margin-top: 0px;color: #ffffff;\"><span>Preguntas frecuentes<\/span><\/h2><div class=\"boc_spacing \" style=\"height: 40px\"><\/div>[\/vc_column][\/vc_row][vc_row disable_element=&#8221;yes&#8221;][vc_column width=&#8221;1\/2&#8243;]<div class=\"acc_holder    \"><div class=\"acc_item\"><h4 class=\"accordion\"><span class=\"acc_control \"><\/span><span class=\"acc_heading\">\u00bfComparte mis clientes potenciales con otras empresas?<\/span><\/h4><div class=\"accordion_content\"><\/p>\n<p class=\"intercom-align-left\">No, las respuestas a sus campa\u00f1as se le env\u00edan directamente a usted, y no proporcionamos informaci\u00f3n espec\u00edfica sobre clientes potenciales a los proveedores hasta que registre oportunidades con su proveedor.<\/p>\n<p class=\"intercom-align-left\">Lo que s\u00ed proporcionamos a los proveedores son los n\u00fameros generales del programa (por ejemplo, cu\u00e1ntas campa\u00f1as se aprueban, cu\u00e1ntos suscriptores lo recibieron, etc.) pero no se comparten con ellos detalles espec\u00edficos de respuesta de clientes potenciales privados.<\/p>\n<p><\/div><\/div><div class=\"acc_item\"><h4 class=\"accordion\"><span class=\"acc_control \"><\/span><span class=\"acc_heading\">\u00bfC\u00f3mo actualizo qui\u00e9n recibe la notificaci\u00f3n de clientes potenciales?<\/span><\/h4><div class=\"accordion_content\"><\/p>\n<p class=\"zfr3Q\">Env\u00ede un correo electr\u00f3nico a su consultor de marketing asociado para a\u00f1adir su equipo de ventas o bandeja de entrada para que reciban notificaciones de clientes potenciales. Recomendamos hacer un seguimiento dentro de los 5 minutos posteriores a la recepci\u00f3n de un cliente potencial para obtener mejores resultados.<\/p>\n<p><\/div><\/div><\/div>[\/vc_column][vc_column width=&#8221;1\/2&#8243;]<div class=\"acc_holder    \"><div class=\"acc_item\"><h4 class=\"accordion\"><span class=\"acc_control \"><\/span><span class=\"acc_heading\">\u00bfC\u00f3mo inicio sesi\u00f3n en Insights Hub?<\/span><\/h4><div class=\"accordion_content\"><span style=\"font-weight: 400;\">Su representante de Extu le enviar\u00e1 una invitaci\u00f3n a usted y a sus representantes de ventas para iniciar sesi\u00f3n en Insights Hub.\u00a0<\/span><\/p>\n<p><span style=\"font-weight: 400;\">Cuando reciba la invitaci\u00f3n, simplemente inicie sesi\u00f3n con sus credenciales de LinkedIn o Google.\u00a0<\/span><\/p>\n<p><span style=\"font-weight: 400;\">Alternativamente, puede iniciar sesi\u00f3n con un correo electr\u00f3nico y una contrase\u00f1a. Aseg\u00farese de verificar su direcci\u00f3n de correo electr\u00f3nico una vez si elige esta opci\u00f3n.<\/span><\/div><\/div><div class=\"acc_item\"><h4 class=\"accordion\"><span class=\"acc_control \"><\/span><span class=\"acc_heading\">\u00bfC\u00f3mo puedo acceder a la creaci\u00f3n de perfiles de cuenta y a las se\u00f1ales de intenci\u00f3n?<\/span><\/h4><div class=\"accordion_content\"><\/p>\n<p class=\"intercom-align-left\">La creaci\u00f3n de perfiles de cuenta y las se\u00f1ales de intenci\u00f3n son servicios premium que solo est\u00e1n disponibles para los socios de los programas Premium y Premium Plus.<\/p>\n<p class=\"intercom-align-left\">Si est\u00e1 interesado en acceder a estos servicios, p\u00f3ngase en contacto con su representante para compartir con su proveedor.<\/p>\n<p><\/div><\/div><\/div>[\/vc_column][\/vc_row][vc_row el_id=&#8221;contact-us&#8221;][vc_column]<div class=\"boc_spacing \" style=\"height: 40px\"><\/div><h2 class=\"boc_heading  center  \" ><span>\u00bfPreguntas? P\u00f3ngase en contacto con nosotros<\/span><\/h2>[vc_column_text]<\/p>\n<p style=\"text-align: center;\">Si tiene alguna pregunta, p\u00f3ngase en contacto con su representante de Extu a trav\u00e9s del formulario siguiente.<\/p>\n<p>[\/vc_column_text][vc_row_inner][vc_column_inner width=&#8221;1\/4&#8243;][\/vc_column_inner][vc_column_inner width=&#8221;1\/2&#8243;]<div class=\"boc_spacing \" style=\"height: 20px\"><\/div>[\/vc_column_inner][vc_column_inner width=&#8221;1\/4&#8243;][\/vc_column_inner][\/vc_row_inner][\/vc_column][\/vc_row]<\/p>\n<\/div>","protected":false},"excerpt":{"rendered":"<p>[vc_row full_width=&#8221;stretch_row&#8221; content_placement=&#8221;middle&#8221; css=&#8221;.vc_custom_1573710789675{background-image: url(https:\/\/partners.extu.com\/wp-content\/uploads\/2019\/11\/Navy-Pattern.png?id=8737) !important;background-position: center !important;background-repeat: no-repeat !important;background-size: cover !important;}&#8221;][vc_column][\/vc_column][\/vc_row] Sus recursos e inversiones de marketing actuales Sus preferencias personales de comunicaci\u00f3n Cualquier miembro del equipo relevante que deba estar en las comunicaciones del programa Su fecha preferida para los recordatorios de ventas Su representante de Extu le enviar\u00e1 el cuestionario para que lo complete usted mismo o<\/p>\n<div class=\"h10\"><\/div>\n<p><a class=\"more-link1\" href=\"https:\/\/partners.extu.com\/es_mx\/configuracion-de-la-cuenta\/\">Read more<\/a><\/p>\n","protected":false},"author":18,"featured_media":0,"parent":0,"menu_order":0,"comment_status":"closed","ping_status":"closed","template":"","meta":{"_acf_changed":false,"om_disable_all_campaigns":false,"footnotes":""},"class_list":["post-15434","page","type-page","status-publish","hentry"],"acf":{"footer_box_text":"","footer_form":""},"_links":{"self":[{"href":"https:\/\/partners.extu.com\/es_mx\/wp-json\/wp\/v2\/pages\/15434","targetHints":{"allow":["GET"]}}],"collection":[{"href":"https:\/\/partners.extu.com\/es_mx\/wp-json\/wp\/v2\/pages"}],"about":[{"href":"https:\/\/partners.extu.com\/es_mx\/wp-json\/wp\/v2\/types\/page"}],"author":[{"embeddable":true,"href":"https:\/\/partners.extu.com\/es_mx\/wp-json\/wp\/v2\/users\/18"}],"replies":[{"embeddable":true,"href":"https:\/\/partners.extu.com\/es_mx\/wp-json\/wp\/v2\/comments?post=15434"}],"version-history":[{"count":0,"href":"https:\/\/partners.extu.com\/es_mx\/wp-json\/wp\/v2\/pages\/15434\/revisions"}],"wp:attachment":[{"href":"https:\/\/partners.extu.com\/es_mx\/wp-json\/wp\/v2\/media?parent=15434"}],"curies":[{"name":"wp","href":"https:\/\/api.w.org\/{rel}","templated":true}]}}