{"id":15433,"date":"2021-06-29T08:24:01","date_gmt":"2021-06-29T08:24:01","guid":{"rendered":"http:\/\/partners.oneaffiniti.com\/gestion-de-la-campana\/"},"modified":"2021-07-28T12:07:35","modified_gmt":"2021-07-28T12:07:35","slug":"gestion-de-la-campana","status":"publish","type":"page","link":"https:\/\/partners.extu.com\/es_mx\/gestion-de-la-campana\/","title":{"rendered":"Gesti\u00f3n de la campa\u00f1a"},"content":{"rendered":"<div class=\"wpb-content-wrapper\"><p>[vc_row full_width=&#8221;stretch_row&#8221; content_placement=&#8221;middle&#8221; css=&#8221;.vc_custom_1573710789675{background-image: url(https:\/\/partners.extu.com\/wp-content\/uploads\/2019\/11\/Navy-Pattern.png?id=8737) !important;background-position: center !important;background-repeat: no-repeat !important;background-size: cover !important;}&#8221;][vc_column]<div class=\"boc_spacing \" style=\"height: 40px\"><\/div><h2 class=\"boc_heading  center  \"  style=\"margin-bottom: 20px;margin-top: 0px;color: #ffffff;\"><span>Aproveche al m\u00e1ximo sus campa\u00f1as<\/span><\/h2><h3 class=\"boc_heading  center  \"  style=\"margin-bottom: 20px;margin-top: 0px;color: #ffffff;\"><span>Siga esta lista de verificaci\u00f3n mensual para obtener resultados \u00f3ptimos<\/span><\/h3><div class=\"boc_spacing \" style=\"height: 20px\"><\/div><div class=\"boc_spacing \" style=\"height: 60px\"><\/div>[\/vc_column][\/vc_row][vc_row][vc_column]<div class=\"boc_spacing \" style=\"height: 20px\"><\/div><h3 class=\"boc_heading  center  \"  style=\"margin-bottom: 20px;margin-top: 0px;color: #333;\"><span>Esto es lo que querr\u00e1 hacer cada mes para maximizar el \u00e9xito<\/span><\/h3><div class=\"boc_spacing \" style=\"height: 20px\"><\/div>[vc_row_inner][vc_column_inner][vc_column_text]Cada mes, nuestro equipo trabaja arduamente para entregar las campa\u00f1as ya listas para utilizar en su bandeja de entrada con contenido actual y de calidad que atraiga a su audiencia y genere m\u00e1s oportunidades.<\/p>\n<p>Para asegurarse de que sus campa\u00f1as alcancen su m\u00e1ximo potencial y su participaci\u00f3n continua sea segura, le recomendamos que realice las siguientes tareas cada mes.[\/vc_column_text]<div class=\"boc_spacing \" style=\"height: 20px\"><\/div>[\/vc_column_inner][\/vc_row_inner][vc_row_inner][vc_column_inner width=&#8221;1\/4&#8243;]<div id=\"top_icon_box_32094\" class=\"top_icon_box type1  \"><div class=\"icon_holder\"><div class=\"icon_bgr\"><\/div><div class=\"icon_center\"><i class=\"icon icon-search3\"><\/i><\/div><\/div><h3>Revisar su campa\u00f1a<\/h3><p>Revisar el contenido para optimizarlo para su audiencia<\/p><\/div>[\/vc_column_inner][vc_column_inner width=&#8221;1\/4&#8243;]<div id=\"top_icon_box_37230\" class=\"top_icon_box type1  \"><div class=\"icon_holder\"><div class=\"icon_bgr\"><\/div><div class=\"icon_center\"><i class=\"icon icon-linkedin-square\"><\/i><\/div><\/div><h3>Publicar en LinkedIn<\/h3><p>Autorizar contenido para publicar en sus redes de LinkedIn<\/p><\/div>[\/vc_column_inner][vc_column_inner width=&#8221;1\/4&#8243;]<div id=\"top_icon_box_23223\" class=\"top_icon_box type1  \"><div class=\"icon_holder\"><div class=\"icon_bgr\"><\/div><div class=\"icon_center\"><i class=\"icon icon-target3\"><\/i><\/div><\/div><h3>Poner en marcha las oportunidades<\/h3><p>Realizar seguimiento de los clientes potenciales generados a partir de sus campa\u00f1as<\/p><\/div>[\/vc_column_inner][vc_column_inner width=&#8221;1\/4&#8243;]<div id=\"top_icon_box_23939\" class=\"top_icon_box type1  \"><div class=\"icon_holder\"><div class=\"icon_bgr\"><\/div><div class=\"icon_center\"><i class=\"icon icon-news-paper\"><\/i><\/div><\/div><h3>Enviar ventas<\/h3><p>Compartir el resumen de ventas cerradas cada mes para cumplir con sus requisitos<\/p><\/div>[\/vc_column_inner][\/vc_row_inner][\/vc_column][\/vc_row][vc_row][vc_column]<div class=\"boc_divider_holder\"><div class=\"boc_divider  \"  style=\"margin-top: 20px;margin-bottom: 20px;height: 1px;background: #eeeeee;\"><\/div><\/div>[vc_row_inner][vc_column_inner width=&#8221;1\/2&#8243;]<div class=\"boc_spacing \" style=\"height: 80px\"><\/div><h3 class=\"boc_heading  al_left  \"  style=\"margin-bottom: 20px;margin-top: 0px;color: #333;\"><span>Revisar su campa\u00f1a<\/span><\/h3>[vc_column_text]<span style=\"font-weight: 400;\">Una vez que su borrador est\u00e9 listo, le enviaremos un correo electr\u00f3nico con un enlace para <\/span><b>revisar<\/b><span style=\"font-weight: 400;\"> su campa\u00f1a del mes.\u00a0<\/span><\/p>\n<p><span style=\"font-weight: 400;\">Si est\u00e1 satisfecho con c\u00f3mo queda, no realice ninguna acci\u00f3n y su campa\u00f1a <\/span><b>se programar\u00e1 autom\u00e1ticamente para enviarse 4 d\u00edas h\u00e1biles despu\u00e9s<\/b><span style=\"font-weight: 400;\">.\u00a0\u00a0\u00a0<\/span>[\/vc_column_text]<a\thref=\"https:\/\/partners.extu.com\/campaign-approval\/\" \n\t\t\t\tclass=\"button btn_medium btn_theme_color btn_rounded btn_normal_style    \"  target='_blank'><span>M\u00e1s informaci\u00f3n sobre la aprobaci\u00f3n de campa\u00f1as<\/span><\/a>[\/vc_column_inner][vc_column_inner width=&#8221;1\/2&#8243;][vc_single_image img_size=&#8221;boc_medium&#8221; source=&#8221;external_link&#8221; custom_src=&#8221;https:\/\/cdn.brandfolder.io\/8TODOWLK\/at\/pjkw9skrwwnj8nk7s39tg7f\/Review-and-Approval-Process.gif&#8221;][\/vc_column_inner][\/vc_row_inner][\/vc_column][\/vc_row][vc_row][vc_column]<div class=\"boc_divider_holder\"><div class=\"boc_divider  \"  style=\"margin-top: 20px;margin-bottom: 20px;height: 1px;background: #eeeeee;\"><\/div><\/div>[\/vc_column][\/vc_row][vc_row full_width=&#8221;stretch_row&#8221;][vc_column width=&#8221;1\/2&#8243;]<div class=\"boc_spacing \" style=\"height: 40px\"><\/div><h3 class=\"boc_heading  al_left  \"  style=\"margin-bottom: 20px;margin-top: 0px;color: #333333;\"><span>Publicar en LinkedIn<\/span><\/h3><div class=\"boc_spacing \" style=\"height: 20px\"><\/div>[vc_column_text]Nuestra herramienta de publicaci\u00f3n de LinkedIn divide autom\u00e1ticamente el contenido aprobado de su campa\u00f1a mensual en varias publicaciones sociales.<\/p>\n<p>Despu\u00e9s, estas publicaciones se env\u00edan a su audiencia de LinkedIn, simplemente autorizando su contenido para publicar.[\/vc_column_text]<a\thref=\"https:\/\/partners.extu.com\/linkedin-publisher\/\" \n\t\t\t\tclass=\"button btn_medium btn_theme_color btn_rounded btn_normal_style    \"  target='_blank'><span>M\u00e1s informaci\u00f3n sobre el editor de LinkedIn<\/span><\/a><div class=\"boc_spacing \" style=\"height: 60px\"><\/div>[\/vc_column][vc_column width=&#8221;1\/2&#8243;][vc_single_image source=&#8221;external_link&#8221; custom_src=&#8221;https:\/\/cdn.brandfolder.io\/8TODOWLK\/at\/73xcrzrfhc8kczrsx74qvc5\/LinkedIn-Publishing.gif&#8221;][\/vc_column][\/vc_row][vc_row][vc_column]<div class=\"boc_divider_holder\"><div class=\"boc_divider  \"  style=\"margin-top: 20px;margin-bottom: 20px;height: 1px;background: #eeeeee;\"><\/div><\/div>[\/vc_column][\/vc_row][vc_row full_width=&#8221;stretch_row&#8221;][vc_column width=&#8221;1\/2&#8243;]<div class=\"boc_spacing \" style=\"height: 60px\"><\/div><h3 class=\"boc_heading  al_left  \"  style=\"margin-bottom: 20px;margin-top: 0px;color: #333333;\"><span>Poner en marcha las oportunidades<\/span><\/h3><div class=\"boc_spacing \" style=\"height: 20px\"><\/div>[vc_column_text]Las oportunidades generadas a partir del micrositio exclusivo de su campa\u00f1a se le enviar\u00e1n en tiempo real para facilitar el seguimiento.<\/p>\n<p>Aseg\u00farese de hacer el seguimiento de 5 a 10 minutos despu\u00e9s de la recepci\u00f3n de oportunidades para tener la mejor oportunidad de \u00e9xito.<\/p>\n<p>Las oportunidades tambi\u00e9n se califican y se priorizan en Insights Hub.[\/vc_column_text]<a\thref=\"https:\/\/partners.extu.com\/lead-generation\/\" \n\t\t\t\tclass=\"button btn_medium btn_theme_color btn_rounded btn_normal_style    \"  target='_blank'><span>M\u00e1s informaci\u00f3n sobre la generaci\u00f3n de clientes potenciales<\/span><\/a><div class=\"boc_spacing \" style=\"height: 60px\"><\/div>[\/vc_column][vc_column width=&#8221;1\/2&#8243;][vc_single_image source=&#8221;external_link&#8221; custom_src=&#8221;https:\/\/cdn.brandfolder.io\/8TODOWLK\/at\/c37k8w6p2jpf7xjtjhg3z7k\/Lead-Follow-up-.gif&#8221;][\/vc_column][\/vc_row][vc_row][vc_column]<div class=\"boc_divider_holder\"><div class=\"boc_divider  \"  style=\"margin-top: 20px;margin-bottom: 20px;height: 1px;background: #eeeeee;\"><\/div><\/div>[\/vc_column][\/vc_row][vc_row full_width=&#8221;stretch_row&#8221;][vc_column width=&#8221;1\/2&#8243;]<div class=\"boc_spacing \" style=\"height: 40px\"><\/div><h3 class=\"boc_heading  al_left  \"  style=\"margin-bottom: 20px;margin-top: 0px;color: #333333;\"><span>Enviar ventas<\/span><\/h3><div class=\"boc_spacing \" style=\"height: 20px\"><\/div>[vc_column_text]Las marcas y distribuidores que financian su participaci\u00f3n en nuestro programa quieren saber c\u00f3mo le est\u00e1 ayudando su apoyo de marketing a generar m\u00e1s negocio.<\/p>\n<p>Al compartir sus ventas cerradas, nos est\u00e1 ayudando a justificar el apoyo continuado de su participaci\u00f3n y a mantener el programa gratuito para usted.[\/vc_column_text]<a\thref=\"https:\/\/partners.extu.com\/sales-reporting\/\" \n\t\t\t\tclass=\"button btn_medium btn_theme_color btn_rounded btn_normal_style    \"  target='_blank'><span>M\u00e1s informaci\u00f3n sobre los informes de ventas<\/span><\/a><div class=\"boc_spacing \" style=\"height: 60px\"><\/div>[\/vc_column][vc_column width=&#8221;1\/2&#8243;][vc_single_image source=&#8221;external_link&#8221; image=&#8221;10541&#8243; custom_src=&#8221;https:\/\/cdn.brandfolder.io\/8TODOWLK\/at\/6tr6gvskrsgnwvcfpnhrqbv4\/Receipt-submissions.gif&#8221;][\/vc_column][\/vc_row][vc_row full_width=&#8221;stretch_row&#8221; css=&#8221;.vc_custom_1617140242875{background-color: #fee48b !important;}&#8221;][vc_column width=&#8221;1\/2&#8243;]<div class=\"boc_spacing \" style=\"height: 40px\"><\/div><h3 class=\"boc_heading  al_left  \"  style=\"margin-bottom: 20px;margin-top: 0px;color: #333333;\"><span>Consejo profesional: Actualice su lista cada 90 d\u00edas<\/span><\/h3><div class=\"boc_spacing \" style=\"height: 20px\"><\/div>[vc_column_text]Las bases de datos de marketing por correo electr\u00f3nico disminuyen naturalmente hasta en un <a style=\"text-decoration: underline;\" href=\"https:\/\/www.hubspot.com\/database-decay\" target=\"_blank\" rel=\"noopener noreferrer\">22\u00a0% cada a\u00f1o<\/a> y, si no se modifican, sus campa\u00f1as de marketing se basar\u00e1n en una lista en disminuci\u00f3n con baja participaci\u00f3n.<\/p>\n<p>Le recomendamos que revise y actualice su lista cada 90 d\u00edas para asegurarse de que est\u00e9 actualizada y se a\u00f1adan nuevos contactos.<\/p>\n<p>Utilice nuestra <a style=\"text-decoration: underline;\" href=\"https:\/\/partners.extu.com\/list-build-feature\/\" target=\"_blank\" rel=\"noopener\">herramienta de creaci\u00f3n de listas<\/a> para importar sus contactos de una manera f\u00e1cil o siga nuestros consejos sobre estrategias para <a style=\"text-decoration: underline;\" href=\"https:\/\/www.oneaffiniti.com\/how-to-grow-your-subscriber-list-organically\/\" target=\"_blank\" rel=\"noopener\">hacer crecer su lista org\u00e1nicamente<\/a>.[\/vc_column_text]<div class=\"boc_spacing \" style=\"height: 60px\"><\/div>[\/vc_column][vc_column width=&#8221;1\/2&#8243;][vc_single_image source=&#8221;external_link&#8221; image=&#8221;10541&#8243; custom_src=&#8221;https:\/\/cdn.brandfolder.io\/8TODOWLK\/at\/6tr6gvskrsgnwvcfpnhrqbv4\/Receipt-submissions.gif&#8221;][\/vc_column][\/vc_row][vc_row full_width=&#8221;stretch_row&#8221; disable_element=&#8221;yes&#8221; css=&#8221;.vc_custom_1615163610913{background-color: #284068 !important;}&#8221;][vc_column]<div class=\"boc_spacing \" style=\"height: 40px\"><\/div><h2 class=\"boc_heading  center  \"  style=\"margin-bottom: 20px;margin-top: 0px;color: #ffffff;\"><span>Preguntas frecuentes<\/span><\/h2><div class=\"boc_spacing \" style=\"height: 40px\"><\/div>[\/vc_column][\/vc_row][vc_row disable_element=&#8221;yes&#8221;][vc_column width=&#8221;1\/2&#8243;]<div class=\"acc_holder    \"><div class=\"acc_item\"><h4 class=\"accordion\"><span class=\"acc_control \"><\/span><span class=\"acc_heading\">\u00bfComparte mis clientes potenciales con otras empresas?<\/span><\/h4><div class=\"accordion_content\"><\/p>\n<p class=\"intercom-align-left\">No, las respuestas a sus campa\u00f1as se le env\u00edan directamente a usted, y no proporcionamos informaci\u00f3n espec\u00edfica sobre clientes potenciales a los proveedores hasta que registre oportunidades con su proveedor.<\/p>\n<p class=\"intercom-align-left\">Lo que s\u00ed proporcionamos a los proveedores son los n\u00fameros generales del programa (por ejemplo, cu\u00e1ntas campa\u00f1as se aprueban, cu\u00e1ntos suscriptores lo recibieron, etc.) pero no se comparten con ellos detalles espec\u00edficos de respuesta de clientes potenciales privados.<\/p>\n<p><\/div><\/div><div class=\"acc_item\"><h4 class=\"accordion\"><span class=\"acc_control \"><\/span><span class=\"acc_heading\">\u00bfC\u00f3mo actualizo qui\u00e9n recibe la notificaci\u00f3n de clientes potenciales?<\/span><\/h4><div class=\"accordion_content\"><\/p>\n<p class=\"zfr3Q\">Env\u00ede un correo electr\u00f3nico a su consultor de marketing asociado para a\u00f1adir su equipo de ventas o bandeja de entrada para que reciban notificaciones de clientes potenciales. Recomendamos hacer un seguimiento dentro de los 5 minutos posteriores a la recepci\u00f3n de un cliente potencial para obtener mejores resultados.<\/p>\n<p><\/div><\/div><\/div>[\/vc_column][vc_column width=&#8221;1\/2&#8243;]<div class=\"acc_holder    \"><div class=\"acc_item\"><h4 class=\"accordion\"><span class=\"acc_control \"><\/span><span class=\"acc_heading\">\u00bfC\u00f3mo inicio sesi\u00f3n en Insights Hub?<\/span><\/h4><div class=\"accordion_content\"><span style=\"font-weight: 400;\">Su representante de Extu le enviar\u00e1 una invitaci\u00f3n a usted y a sus representantes de ventas para iniciar sesi\u00f3n en Insights Hub.\u00a0<\/span><\/p>\n<p><span style=\"font-weight: 400;\">Cuando reciba la invitaci\u00f3n, simplemente inicie sesi\u00f3n con sus credenciales de LinkedIn o Google.\u00a0<\/span><\/p>\n<p><span style=\"font-weight: 400;\">Alternativamente, puede iniciar sesi\u00f3n con un correo electr\u00f3nico y una contrase\u00f1a. Aseg\u00farese de verificar su direcci\u00f3n de correo electr\u00f3nico una vez si elige esta opci\u00f3n.<\/span><\/div><\/div><div class=\"acc_item\"><h4 class=\"accordion\"><span class=\"acc_control \"><\/span><span class=\"acc_heading\">\u00bfC\u00f3mo puedo acceder a la creaci\u00f3n de perfiles de cuenta y a las se\u00f1ales de intenci\u00f3n?<\/span><\/h4><div class=\"accordion_content\"><\/p>\n<p class=\"intercom-align-left\">La creaci\u00f3n de perfiles de cuenta y las se\u00f1ales de intenci\u00f3n son servicios premium que solo est\u00e1n disponibles para los socios de los programas Premium y Premium Plus.<\/p>\n<p class=\"intercom-align-left\">Si est\u00e1 interesado en acceder a estos servicios, p\u00f3ngase en contacto con su representante para compartir con su proveedor.<\/p>\n<p><\/div><\/div><\/div>[\/vc_column][\/vc_row][vc_row el_id=&#8221;contact-us&#8221;][vc_column]<div class=\"boc_spacing \" style=\"height: 40px\"><\/div><h2 class=\"boc_heading  center  \" ><span>\u00bfPreguntas? P\u00f3ngase en contacto con nosotros<\/span><\/h2>[vc_column_text]<\/p>\n<p style=\"text-align: center;\">Si tiene alguna pregunta, p\u00f3ngase en contacto con su representante de Extu a trav\u00e9s del formulario siguiente.<\/p>\n<p>[\/vc_column_text][vc_row_inner][vc_column_inner width=&#8221;1\/4&#8243;][\/vc_column_inner][vc_column_inner width=&#8221;1\/2&#8243;]<div class=\"boc_spacing \" style=\"height: 20px\"><\/div>[\/vc_column_inner][vc_column_inner width=&#8221;1\/4&#8243;][\/vc_column_inner][\/vc_row_inner][\/vc_column][\/vc_row]<\/p>\n<\/div>","protected":false},"excerpt":{"rendered":"<p>[vc_row full_width=&#8221;stretch_row&#8221; content_placement=&#8221;middle&#8221; css=&#8221;.vc_custom_1573710789675{background-image: url(https:\/\/partners.extu.com\/wp-content\/uploads\/2019\/11\/Navy-Pattern.png?id=8737) !important;background-position: center !important;background-repeat: no-repeat !important;background-size: cover !important;}&#8221;][vc_column][\/vc_column][\/vc_row][vc_row][vc_column][vc_row_inner][vc_column_inner][vc_column_text]Cada mes, nuestro equipo trabaja arduamente para entregar las campa\u00f1as ya listas para utilizar en su bandeja de entrada con contenido actual y de calidad que atraiga a su audiencia y genere m\u00e1s oportunidades. Para asegurarse de que sus campa\u00f1as alcancen su m\u00e1ximo potencial y su participaci\u00f3n continua sea<\/p>\n<div class=\"h10\"><\/div>\n<p><a class=\"more-link1\" href=\"https:\/\/partners.extu.com\/es_mx\/gestion-de-la-campana\/\">Read more<\/a><\/p>\n","protected":false},"author":18,"featured_media":0,"parent":0,"menu_order":0,"comment_status":"closed","ping_status":"closed","template":"","meta":{"_acf_changed":false,"om_disable_all_campaigns":false,"footnotes":""},"class_list":["post-15433","page","type-page","status-publish","hentry"],"acf":{"footer_box_text":"","footer_form":""},"_links":{"self":[{"href":"https:\/\/partners.extu.com\/es_mx\/wp-json\/wp\/v2\/pages\/15433","targetHints":{"allow":["GET"]}}],"collection":[{"href":"https:\/\/partners.extu.com\/es_mx\/wp-json\/wp\/v2\/pages"}],"about":[{"href":"https:\/\/partners.extu.com\/es_mx\/wp-json\/wp\/v2\/types\/page"}],"author":[{"embeddable":true,"href":"https:\/\/partners.extu.com\/es_mx\/wp-json\/wp\/v2\/users\/18"}],"replies":[{"embeddable":true,"href":"https:\/\/partners.extu.com\/es_mx\/wp-json\/wp\/v2\/comments?post=15433"}],"version-history":[{"count":0,"href":"https:\/\/partners.extu.com\/es_mx\/wp-json\/wp\/v2\/pages\/15433\/revisions"}],"wp:attachment":[{"href":"https:\/\/partners.extu.com\/es_mx\/wp-json\/wp\/v2\/media?parent=15433"}],"curies":[{"name":"wp","href":"https:\/\/api.w.org\/{rel}","templated":true}]}}