{"id":15432,"date":"2021-06-29T08:23:59","date_gmt":"2021-06-29T08:23:59","guid":{"rendered":"http:\/\/partners.oneaffiniti.com\/informes-de-ventas\/"},"modified":"2021-07-28T12:18:55","modified_gmt":"2021-07-28T12:18:55","slug":"informes-de-ventas","status":"publish","type":"page","link":"https:\/\/partners.extu.com\/es_mx\/informes-de-ventas\/","title":{"rendered":"Informes de ventas"},"content":{"rendered":"<div class=\"wpb-content-wrapper\"><p>[vc_row full_width=&#8221;stretch_row&#8221; content_placement=&#8221;middle&#8221; css=&#8221;.vc_custom_1573710789675{background-image: url(https:\/\/partners.extu.com\/wp-content\/uploads\/2019\/11\/Navy-Pattern.png?id=8737) !important;background-position: center !important;background-repeat: no-repeat !important;background-size: cover !important;}&#8221;][vc_column width=&#8221;1\/2&#8243;]<div class=\"boc_spacing \" style=\"height: 40px\"><\/div><h2 class=\"boc_heading  al_left  \"  style=\"margin-bottom: 20px;margin-top: 0px;color: #ffffff;\"><span>Cierre el bucle. Comparta sus ventas.<\/span><\/h2><h3 class=\"boc_heading  al_left  \"  style=\"margin-bottom: 20px;margin-top: 0px;color: #ffffff;\"><span>Cumpla con los requisitos del programa e informe de sus ventas en menos de 5 minutos<\/span><\/h3><div class=\"boc_spacing \" style=\"height: 60px\"><\/div>[\/vc_column][vc_column width=&#8221;1\/2&#8243;]<div class=\"boc_spacing \" style=\"height: 20px\"><\/div>[vc_video link=&#8221;https:\/\/youtu.be\/wdUt9fBfn3s&#8221;]<div class=\"boc_spacing \" style=\"height: 20px\"><\/div>[\/vc_column][\/vc_row]<\/p>\n<p style=\"text-align: center;\">Las marcas y <span style=\"font-weight: 400;\">distribuidores<\/span> que financian su participaci\u00f3n en nuestro programa quieren saber c\u00f3mo le est\u00e1 ayudando su apoyo de marketing a generar m\u00e1s negocio. Al enviar sus recibos de venta, nos est\u00e1 ayudando a justificar el apoyo continuado de su participaci\u00f3n y a mantener el programa gratuito para usted.<\/p>\n<p>[\/vc_column_text]<div class=\"boc_spacing \" style=\"height: 40px\"><\/div>[\/vc_column][\/vc_row][vc_row gap=&#8221;10&#8243; equal_height=&#8221;yes&#8221; content_placement=&#8221;middle&#8221;][vc_column width=&#8221;1\/3&#8243;]<div id=\"top_icon_box_94024\" class=\"top_icon_box type1  \"><div class=\"icon_holder\"><div class=\"icon_bgr\"><\/div><div class=\"icon_center\"><i class=\"icon icon-bullhorn\"><\/i><\/div><\/div><h3>Apoyar el programa<\/h3><p><\/p>\n<p style=\"text-align: center;\"><span style=\"font-weight: 400;\">Mostrar el retorno de la inversi\u00f3n es la forma en que conservamos el apoyo para el programa y lo mantenemos 100\u00a0% financiado por su proveedor<\/span><\/p>\n<p><\/p><\/div>[\/vc_column][vc_column width=&#8221;1\/3&#8243;]<div id=\"top_icon_box_77753\" class=\"top_icon_box type1  \"><div class=\"icon_holder\"><div class=\"icon_bgr\"><\/div><div class=\"icon_center\"><i class=\"icon icon-group\"><\/i><\/div><\/div><h3>Sin complicaciones<\/h3><p><\/p>\n<p style=\"text-align: center;\"><span style=\"font-weight: 400;\">Cargar las ventas a trav\u00e9s de nuestra p\u00e1gina de env\u00edo lleva 5 minutos o menos<\/span><\/p>\n<p><\/p><\/div>[\/vc_column][vc_column width=&#8221;1\/3&#8243;]<div id=\"top_icon_box_22362\" class=\"top_icon_box type1  \"><div class=\"icon_holder\"><div class=\"icon_bgr\"><\/div><div class=\"icon_center\"><i class=\"icon icon-filter2\"><\/i><\/div><\/div><h3>Financiaci\u00f3n adicional<\/h3><p><\/p>\n<p style=\"text-align: center;\"><span style=\"font-weight: 400;\">Cuando podemos mostrar el retorno de la inversi\u00f3n a su proveedor patrocinador, ellos invierten m\u00e1s dinero en servicios adicionales.<\/span><\/p>\n<p><\/p><\/div>[\/vc_column][\/vc_row][vc_row gap=&#8221;10&#8243; equal_height=&#8221;yes&#8221; content_placement=&#8221;middle&#8221;][vc_column]<div class=\"boc_spacing \" style=\"height: 40px\"><\/div>[\/vc_column][\/vc_row][vc_row full_width=&#8221;stretch_row&#8221; css=&#8221;.vc_custom_1586969406394{background-color: #f0f0f0 !important;}&#8221;][vc_column]<div class=\"boc_spacing \" style=\"height: 40px\"><\/div><h2 class=\"boc_heading  center  \"  style=\"margin-bottom: 20px;margin-top: 0px;color: #333;\"><span>Celebrando 1000 millones en ventas atribuibles<\/span><\/h2>[vc_column_text]<\/p>\n<p style=\"text-align: center;\">Hemos ayudado a nuestros socios (y nuestras marcas) a ganar m\u00e1s de 1000\u00a0millones de USD en ventas. Y hablamos de ventas aut\u00e9nticas y rastreables, no solo de volumen de cartera.\u00a0<a href=\"https:\/\/partners.extu.com\/celebrating-a-milestone\/\"><strong>M\u00e1s informaci\u00f3n aqu\u00ed.<\/strong><\/a><\/p>\n<p>[\/vc_column_text]<div class=\"boc_spacing \" style=\"height: 20px\"><\/div>[\/vc_column][\/vc_row][vc_row][vc_column]<div class=\"boc_spacing \" style=\"height: 20px\"><\/div><h2 class=\"boc_heading  center  \"  style=\"margin-bottom: 20px;margin-top: 0px;color: #333333;\"><span>C\u00f3mo funciona<\/span><\/h2><div class=\"boc_spacing \" style=\"height: 20px\"><\/div>\n\t\t<!--New Tabs-->\n\t\t<div class=\"newtabs clearfix vertical \">\n\t\t\t<ul class=\"resp-tabs-list\">\n\t\t\t<\/ul>\n\t\t\t<div class=\"resp-tabs-container\">\n\t\t<div class=\"single_tab_div\" rel-title=\"Sus datos\" rel-icon=\"icon icon-pencil3\">[vc_row_inner gap=&#8221;10&#8243;][vc_column_inner width=&#8221;1\/2&#8243;]<h3 class=\"boc_heading  al_left  \"  style=\"margin-bottom: 20px;margin-top: 0px;color: #333;\"><span>Paso 1: Completar los datos de contacto<\/span><\/h3>[vc_column_text]<\/p>\n<div class=\"content-wrapper\">\n<p>Navegue a la p\u00e1gina de env\u00edo de su programa. Comience por completar los campos del formulario en la parte superior.<\/p>\n<p>Si no tiene el enlace o no lo recuerda, p\u00f3ngase en contacto con su representante de Extu.<\/p>\n<\/div>\n<p>[\/vc_column_text][\/vc_column_inner][vc_column_inner width=&#8221;1\/2&#8243;][vc_single_image source=&#8221;external_link&#8221; custom_src=&#8221;https:\/\/cdn.brandfolder.io\/8TODOWLK\/at\/456qzm9nskt7p5sn3vr6jb\/How_it_Works-Details.png&#8221;][\/vc_column_inner][\/vc_row_inner]<\/div><div class=\"single_tab_div\" rel-title=\"Cargar ventas\" rel-icon=\"icon icon-publish\">[vc_row_inner gap=&#8221;10&#8243;][vc_column_inner width=&#8221;1\/2&#8243;]<h3 class=\"boc_heading  al_left  \"  style=\"margin-bottom: 20px;margin-top: 0px;color: #333;\"><span>Paso 2: Cargar los archivos<\/span><\/h3>[vc_column_text]<\/p>\n<div class=\"content-wrapper\">\n<p><span style=\"font-weight: 400;\">A continuaci\u00f3n, haga clic en el bot\u00f3n \u00abElegir archivo\u00bb. <\/span><span style=\"font-weight: 400;\">Esto le permitir\u00e1 seleccionar un archivo de su equipo para cargarlo. <\/span>Puede enviar<strong> copias de las facturas de sus clientes<\/strong> o un <strong>resumen de ventas<\/strong>. Los detalles clave que necesitamos ver en sus facturas o resumen de ventas son:<\/p>\n<\/div>\n<ul>\n<li style=\"font-weight: 400;\"><span style=\"font-weight: 400;\">fecha de la factura<\/span><\/li>\n<li style=\"font-weight: 400;\"><span style=\"font-weight: 400;\">n\u00famero de factura<\/span><\/li>\n<li style=\"font-weight: 400;\"><span style=\"font-weight: 400;\">empresa de usuario final<\/span><\/li>\n<li style=\"font-weight: 400;\"><span style=\"font-weight: 400;\">descripci\u00f3n del producto<\/span><\/li>\n<li style=\"font-weight: 400;\"><span style=\"font-weight: 400;\">y precio de venta<\/span><\/li>\n<\/ul>\n<p><span style=\"font-weight: 400;\">Si tiene varias facturas para cargar, puede enviarlas como un solo archivo comprimido<\/span><span style=\"font-weight: 400;\"> o<\/span><span style=\"font-weight: 400;\"> hacer clic en \u00abS\u00ed\u00bb, para que aparezca el mensaje \u00ab\u00bfTiene m\u00e1s archivos para enviar?\u00bb. Puede enviar hasta 10 archivos individuales a la vez.<\/span> [\/vc_column_text][\/vc_column_inner][vc_column_inner width=&#8221;1\/2&#8243;][vc_single_image source=&#8221;external_link&#8221; custom_src=&#8221;https:\/\/cdn.brandfolder.io\/8TODOWLK\/at\/4w5h6m5qn7mmtjnsfhpg8g\/How_it_Works-Upload_Sales.png&#8221;][\/vc_column_inner][\/vc_row_inner]<\/div><div class=\"single_tab_div\" rel-title=\"Atribuci\u00f3n\" rel-icon=\"icon icon-tag2\">[vc_row_inner][vc_column_inner width=&#8221;1\/2&#8243;]<h3 class=\"boc_heading  al_left  \"  style=\"margin-bottom: 20px;margin-top: 0px;color: #333;\"><span>Paso 3: Responder preguntas de atribuci\u00f3n<\/span><\/h3>[vc_column_text]<\/p>\n<div class=\"content-wrapper\">\n<p><span style=\"font-weight: 400;\">Una vez que se hayan cargado sus archivos, aseg\u00farese de responder las siguientes preguntas restantes y pulse \u00abenviar\u00bb.<\/span><\/p>\n<\/div>\n<p>[\/vc_column_text][\/vc_column_inner][vc_column_inner width=&#8221;1\/2&#8243;][vc_single_image source=&#8221;external_link&#8221; custom_src=&#8221;https:\/\/cdn.brandfolder.io\/8TODOWLK\/at\/gsjgp7g2n28rz2xpcssbz9b\/How_it_Works-Attribution.png&#8221;][\/vc_column_inner][\/vc_row_inner]<\/div><div class=\"single_tab_div\" rel-title=\"Enviar\" rel-icon=\"icon icon-check-square-o\">[vc_row_inner][vc_column_inner width=&#8221;1\/2&#8243;]<h3 class=\"boc_heading  al_left  \"  style=\"margin-bottom: 20px;margin-top: 0px;color: #333;\"><span>Paso 4: Y habr\u00e1 terminado<\/span><\/h3>[vc_column_text]<\/p>\n<div class=\"content-wrapper\">\n<p><span style=\"font-weight: 400;\">\u00a1Y eso es todo!\u00a0<\/span><span style=\"font-weight: 400;\">Recuerde esperar el mensaje de confirmaci\u00f3n antes de cerrar la ventana para asegurarse de que su env\u00edo est\u00e9 completo.<\/span><\/p>\n<\/div>\n<p><span style=\"font-weight: 400;\">Si tiene alguna pregunta, consulte nuestras Preguntas frecuentes en el lado derecho de la p\u00e1gina de env\u00edo <\/span><span style=\"font-weight: 400;\">o p\u00f3ngase en contacto con su representante de Extu.<\/span>[\/vc_column_text][\/vc_column_inner][vc_column_inner width=&#8221;1\/2&#8243;][vc_single_image source=&#8221;external_link&#8221; custom_src=&#8221;https:\/\/cdn.brandfolder.io\/8TODOWLK\/at\/ww5qq8gkp52t5zbqfzj3rxxj\/How_it_Works-Submit.png&#8221;][\/vc_column_inner][\/vc_row_inner]<\/div><\/div>\n\t\t\t\t<\/div><div class=\"boc_spacing \" style=\"height: 40px\"><\/div><div class=\"boc_spacing \" style=\"height: 20px\"><\/div>[\/vc_column][\/vc_row][vc_row full_width=&#8221;stretch_row&#8221; css=&#8221;.vc_custom_1563216954383{background-color: #284068 !important;}&#8221;][vc_column]<div class=\"boc_spacing \" style=\"height: 40px\"><\/div><h2 class=\"boc_heading  center  \"  style=\"margin-bottom: 20px;margin-top: 0px;color: #ffffff;\"><span>Preguntas frecuentes<\/span><\/h2><div class=\"boc_spacing \" style=\"height: 40px\"><\/div>[\/vc_column][\/vc_row][vc_row][vc_column width=&#8221;1\/2&#8243;]<div class=\"acc_holder    \"><div class=\"acc_item\"><h4 class=\"accordion\"><span class=\"acc_control \"><\/span><span class=\"acc_heading\">\u00bfQu\u00e9 pasa con la privacidad de mis clientes?<\/span><\/h4><div class=\"accordion_content\"><span style=\"font-weight: 400;\">Mantenemos la misma pol\u00edtica de privacidad cuando se trata de env\u00edo de facturas que cuando se trata de la lista de suscriptores que ya ha cargado.<\/span><\/p>\n<p><span style=\"font-weight: 400;\">Tenga en cuenta que compartiremos todos los recibos elegibles con el proveedor solo con fines de validaci\u00f3n. El proveedor no se comunicar\u00e1 con sus clientes ni proporcionar\u00e1 los datos de su cliente a ning\u00fan tercero.<\/span> <\/div><\/div><div class=\"acc_item\"><h4 class=\"accordion\"><span class=\"acc_control \"><\/span><span class=\"acc_heading\">\u00bfNecesit\u00e1is la factura de mi distribuidor o de mis clientes?<\/span><\/h4><div class=\"accordion_content\"><span style=\"font-weight: 400;\">Requerimos la factura que se env\u00eda a su cliente. <\/span><span style=\"font-weight: 400;\">Es para demostrar que realmente se han realizado ventas a partir de la campa\u00f1a, as\u00ed como para garantizar que podamos atribuir las ventas a esta.<\/span><\/div><\/div><div class=\"acc_item\"><h4 class=\"accordion\"><span class=\"acc_control \"><\/span><span class=\"acc_heading\">\u00bfPuedo enviar las ventas que s\u00e9 que fueron directamente atribuibles a la campa\u00f1a?<\/span><\/h4><div class=\"accordion_content\">S\u00ed, puede, pero le recomendamos que comparta todas sus ventas cerradas del mes.\u00a0 Realizamos nuestra propia verificaci\u00f3n de atribuciones en segundo plano, lo que le ahorra tiempo y garantiza que no perdemos la oportunidad de reflejar la efectividad de los programas.<\/div><\/div><\/div>[\/vc_column][vc_column width=&#8221;1\/2&#8243;]<div class=\"acc_holder    \"><div class=\"acc_item\"><h4 class=\"accordion\"><span class=\"acc_control \"><\/span><span class=\"acc_heading\">Accordion Title Text<\/span><\/h4><div class=\"accordion_content\"><span style=\"font-weight: 400;\">Nuestro sistema solo atribuir\u00e1 las ventas espec\u00edficamente de la campa\u00f1a, lo que significa que su proveedor podr\u00e1 ver exactamente c\u00f3mo usted, como socio, se est\u00e1 beneficiando del programa. <\/span><\/div><\/div><div class=\"acc_item\"><h4 class=\"accordion\"><span class=\"acc_control \"><\/span><span class=\"acc_heading\">\u00bfQu\u00e9 m\u00e1s hac\u00e9is con la informaci\u00f3n compartida en las facturas?<\/span><\/h4><div class=\"accordion_content\">Compartir las ventas cerradas tambi\u00e9n tiene el beneficio adicional de ayudarnos a adaptar sus campa\u00f1as a las necesidades de sus clientes al trabajar con proveedores para incluir ofertas de productos que se ajusten mejor y ayudar a nuestros escritores a desarrollar un mejor contenido para su audiencia.<\/p>\n<p><\/div><\/div><div class=\"acc_item\"><h4 class=\"accordion\"><span class=\"acc_control \"><\/span><span class=\"acc_heading\">\u00bfTengo que enviar mis ventas?<\/span><\/h4><div class=\"accordion_content\">S\u00ed. Como requisito m\u00ednimo del programa, debe mostrar las ventas cerradas.<\/div><\/div><\/div>[\/vc_column][\/vc_row][vc_row el_id=&#8221;contact-us&#8221;][vc_column]<div class=\"boc_spacing \" style=\"height: 40px\"><\/div><div class=\"boc_divider_holder\"><div class=\"boc_divider  \"  style=\"margin-top: 20px;margin-bottom: 20px;height: 1px;background: #eeeeee;\"><\/div><\/div><div class=\"boc_spacing \" style=\"height: 40px\"><\/div><h2 class=\"boc_heading  center  \" ><span>\u00bfPreguntas?<\/span><\/h2>[vc_row_inner][vc_column_inner width=&#8221;1\/2&#8243;]<div class=\"boc_spacing \" style=\"height: 20px\"><\/div>[vc_column_text css_animation=&#8221;boc_animate_when_almost_visible boc_left-to-right&#8221; css=&#8221;.vc_custom_1583963841494{padding-top: 40px !important;padding-right: 15px !important;padding-bottom: 40px !important;padding-left: 15px !important;background-color: #fee48b !important;}&#8221;]<\/p>\n<h3><\/h3>\n<h3 style=\"text-align: center;\"><strong>P\u00f3ngase en contacto con su representante<\/strong><\/h3>\n<p style=\"text-align: center;\">Si tiene alguna pregunta sobre c\u00f3mo cargar sus ventas o necesita acceder a su formulario de env\u00edo, p\u00f3ngase en contacto con su representante de Extu a trav\u00e9s del siguiente formulario.<\/p>\n<p>[\/vc_column_text]<div class=\"boc_spacing \" style=\"height: 20px\"><\/div>[\/vc_column_inner][vc_column_inner width=&#8221;1\/2&#8243;][\/vc_column_inner][\/vc_row_inner][\/vc_column][\/vc_row]<\/p>\n<\/div>","protected":false},"excerpt":{"rendered":"<p>[vc_row full_width=&#8221;stretch_row&#8221; content_placement=&#8221;middle&#8221; css=&#8221;.vc_custom_1573710789675{background-image: url(https:\/\/partners.extu.com\/wp-content\/uploads\/2019\/11\/Navy-Pattern.png?id=8737) !important;background-position: center !important;background-repeat: no-repeat !important;background-size: cover !important;}&#8221;][vc_column width=&#8221;1\/2&#8243;][\/vc_column][vc_column width=&#8221;1\/2&#8243;][vc_video link=&#8221;https:\/\/youtu.be\/wdUt9fBfn3s&#8221;][\/vc_column][\/vc_row] Las marcas y distribuidores que financian su participaci\u00f3n en nuestro programa quieren saber c\u00f3mo le est\u00e1 ayudando su apoyo de marketing a generar m\u00e1s negocio. Al enviar sus recibos de venta, nos est\u00e1 ayudando a justificar el apoyo continuado de su participaci\u00f3n y a mantener<\/p>\n<div class=\"h10\"><\/div>\n<p><a class=\"more-link1\" href=\"https:\/\/partners.extu.com\/es_mx\/informes-de-ventas\/\">Read more<\/a><\/p>\n","protected":false},"author":18,"featured_media":0,"parent":0,"menu_order":0,"comment_status":"closed","ping_status":"closed","template":"","meta":{"_acf_changed":false,"om_disable_all_campaigns":false,"footnotes":""},"class_list":["post-15432","page","type-page","status-publish","hentry"],"acf":{"footer_box_text":"","footer_form":""},"_links":{"self":[{"href":"https:\/\/partners.extu.com\/es_mx\/wp-json\/wp\/v2\/pages\/15432","targetHints":{"allow":["GET"]}}],"collection":[{"href":"https:\/\/partners.extu.com\/es_mx\/wp-json\/wp\/v2\/pages"}],"about":[{"href":"https:\/\/partners.extu.com\/es_mx\/wp-json\/wp\/v2\/types\/page"}],"author":[{"embeddable":true,"href":"https:\/\/partners.extu.com\/es_mx\/wp-json\/wp\/v2\/users\/18"}],"replies":[{"embeddable":true,"href":"https:\/\/partners.extu.com\/es_mx\/wp-json\/wp\/v2\/comments?post=15432"}],"version-history":[{"count":0,"href":"https:\/\/partners.extu.com\/es_mx\/wp-json\/wp\/v2\/pages\/15432\/revisions"}],"wp:attachment":[{"href":"https:\/\/partners.extu.com\/es_mx\/wp-json\/wp\/v2\/media?parent=15432"}],"curies":[{"name":"wp","href":"https:\/\/api.w.org\/{rel}","templated":true}]}}