{"id":15431,"date":"2021-06-29T08:23:57","date_gmt":"2021-06-29T08:23:57","guid":{"rendered":"http:\/\/partners.oneaffiniti.com\/aprobacion-de-la-campana\/"},"modified":"2021-07-28T12:04:55","modified_gmt":"2021-07-28T12:04:55","slug":"aprobacion-de-la-campana","status":"publish","type":"page","link":"https:\/\/partners.extu.com\/es_mx\/aprobacion-de-la-campana\/","title":{"rendered":"Aprobaci\u00f3n de la campa\u00f1a"},"content":{"rendered":"<div class=\"wpb-content-wrapper\"><p>[vc_row full_width=&#8221;stretch_row&#8221; content_placement=&#8221;middle&#8221; css=&#8221;.vc_custom_1573710789675{background-image: url(https:\/\/partners.extu.com\/wp-content\/uploads\/2019\/11\/Navy-Pattern.png?id=8737) !important;background-position: center !important;background-repeat: no-repeat !important;background-size: cover !important;}&#8221;][vc_column width=&#8221;1\/2&#8243;]<div class=\"boc_spacing \" style=\"height: 40px\"><\/div><h2 class=\"boc_heading  al_left  \"  style=\"margin-bottom: 20px;margin-top: 0px;color: #ffffff;\"><span>Apruebe su campa\u00f1a en minutos<\/span><\/h2><h3 class=\"boc_heading  al_left  \"  style=\"margin-bottom: 20px;margin-top: 0px;color: #ffffff;\"><span>Revise y apruebe su campa\u00f1a utilizando nuestro sistema de autoaprobaci\u00f3n.<\/span><\/h3><div class=\"boc_spacing \" style=\"height: 60px\"><\/div>[\/vc_column][vc_column width=&#8221;1\/2&#8243;]<div class=\"boc_spacing \" style=\"height: 20px\"><\/div>[vc_raw_html]JTNDaWZyYW1lJTIwd2lkdGglM0QlMjI1NjAlMjIlMjBoZWlnaHQlM0QlMjIzMTUlMjIlMjBzcmMlM0QlMjJodHRwcyUzQSUyRiUyRnd3dy55b3V0dWJlLmNvbSUyRmVtYmVkJTJGMTh3QXJHUXc4U2slM0ZjY19sb2FkX3BvbGljeSUzRDElMjZhdXRvcGxheSUzRDAlMjZtb2Rlc3RicmFuZGluZyUzRDElMjZyZWwlM0QwJTIyJTIwZnJhbWVib3JkZXIlM0QlMjIwJTIyJTIwJTNFJTNDJTJGaWZyYW1lJTNFJTIw[\/vc_raw_html]<div class=\"boc_spacing \" style=\"height: 20px\"><\/div>[\/vc_column][\/vc_row][vc_row][vc_column]<div class=\"boc_spacing \" style=\"height: 20px\"><\/div>[vc_row_inner][vc_column_inner width=&#8221;1\/2&#8243;]<div class=\"boc_spacing \" style=\"height: 20px\"><\/div><h3 class=\"boc_heading  al_left  \"  style=\"margin-bottom: 20px;margin-top: 0px;color: #333;\"><span>\u00bfQuiere hacer cambios? Es f\u00e1cil.<\/span><\/h3>[vc_column_text]<span style=\"font-weight: 400;\">Hacer cambios en la campa\u00f1a de Extu es r\u00e1pido y f\u00e1cil.\u00a0<\/span><span style=\"font-weight: 400;\">Puede realizar algunos cambios simples como:<\/span><\/p>\n<ul>\n<li style=\"font-weight: 400;\"><span style=\"font-weight: 400;\">Cambiar la hora y el d\u00eda en que desea enviarla<\/span><\/li>\n<li style=\"font-weight: 400;\"><span style=\"font-weight: 400;\">La l\u00ednea de asunto<\/span><\/li>\n<li style=\"font-weight: 400;\"><span style=\"font-weight: 400;\">Informaci\u00f3n b\u00e1sica de pie de p\u00e1gina, incluidos enlaces a redes sociales<\/span><\/li>\n<li style=\"font-weight: 400;\"><span style=\"font-weight: 400;\">Caracter\u00edsticas de los art\u00edculos<\/span><\/li>\n<\/ul>\n<p><span style=\"font-weight: 400;\">Si desea realizar estos cambios, despl\u00e1cese hasta la parte inferior del borrador del correo electr\u00f3nico y haga clic en el bot\u00f3n \u00abrealizar cambios\u00bb.<\/span>[\/vc_column_text][\/vc_column_inner][vc_column_inner width=&#8221;1\/2&#8243;]<div class=\"boc_spacing \" style=\"height: 20px\"><\/div>[\/vc_column_inner][\/vc_row_inner]<div class=\"boc_spacing \" style=\"height: 40px\"><\/div>[\/vc_column][\/vc_row][vc_row full_width=&#8221;stretch_row&#8221; css=&#8221;.vc_custom_1612593539219{background-color: #e5ebe7 !important;}&#8221;][vc_column][vc_row_inner][vc_column_inner]<div class=\"boc_spacing \" style=\"height: 40px\"><\/div><h3 class=\"boc_heading  center  \"  style=\"margin-bottom: 20px;margin-top: 0px;color: #333333;\"><span>Los cuatro tipos de contenido de la campa\u00f1a:<\/span><\/h3>[\/vc_column_inner][\/vc_row_inner][vc_row_inner][vc_column_inner width=&#8221;1\/2&#8243;]<div class=\"side_icon_box normal  \"><span class=\"icon_feat \" style=\"\"><i class=\"icon icon-news-paper\" style=\"\"><\/i><\/span><h3>Industry Content<\/h3><div class=\"side_icon_box_content\"><span style=\"font-weight: 400;\">Contamos con creadores y estrategas de contenido expertos en su sector.\u00a0 Utilizan los datos de miles de campa\u00f1as para crear contenido de alto rendimiento que sea espec\u00edficamente relevante para su audiencia.<\/span><\/p>\n<p><\/div><\/div><div class=\"side_icon_box normal  \"><span class=\"icon_feat \" style=\"\"><i class=\"icon icon-cash\" style=\"\"><\/i><\/span><h3>Sponsored Content<\/h3><div class=\"side_icon_box_content\"><span style=\"font-weight: 400;\">Su marca patrocinadora nos proporciona contenido sobre sus productos, servicios y ofertas especiales.<\/span><\/div><\/div>[\/vc_column_inner][vc_column_inner width=&#8221;1\/2&#8243;]<div class=\"side_icon_box normal  \"><span class=\"icon_feat \" style=\"\"><i class=\"icon icon-target3\" style=\"\"><\/i><\/span><h3>Lead Generation Content<\/h3><div class=\"side_icon_box_content\"><span style=\"font-weight: 400;\">Este es contenido de alto valor, como encuestas y libros electr\u00f3nicos, dise\u00f1ado para capturar clientes potenciales y generar consultas.<\/span><\/div><\/div><div class=\"side_icon_box normal  \"><span class=\"icon_feat \" style=\"\"><i class=\"icon icon-megaphone\" style=\"\"><\/i><\/span><h3>Custom Content<\/h3><div class=\"side_icon_box_content\"><span style=\"font-weight: 400;\">Tambi\u00e9n puede enviar su propio contenido exclusivo. Si se acerca un aniversario o un evento especial que le gustar\u00eda incluir en su pr\u00f3xima campa\u00f1a, simplemente complete un resumen y nosotros hacemos el resto.<\/span><\/p>\n<p><\/div><\/div>[\/vc_column_inner][\/vc_row_inner]<div class=\"boc_spacing \" style=\"height: 40px\"><\/div>[\/vc_column][\/vc_row][vc_row full_width=&#8221;stretch_row&#8221; css=&#8221;.vc_custom_1583789056164{background-color: #fee48b !important;}&#8221;][vc_column]<div class=\"boc_spacing \" style=\"height: 40px\"><\/div><h3 class=\"boc_heading  center  \"  style=\"margin-bottom: 20px;margin-top: 0px;color: #333;\"><span>Las campa\u00f1as consistentes dan sus frutos<\/span><\/h3>[vc_row_inner][vc_column_inner][vc_column_text]<\/p>\n<p style=\"text-align: center;\">El <a style=\"text-decoration: underline;\" href=\"https:\/\/smallbusiness.chron.com\/importance-consistent-email-marketing-schedule-3303.html\" target=\"_blank\" rel=\"noopener\">marketing por correo electr\u00f3nico coherente<\/a> ayuda a construir relaciones a lo largo del tiempo con clientes actuales y potenciales, cumple las expectativas de que su negocio est\u00e1 creciendo y establece su empresa como una autoridad de confianza y experta cuando su contenido es relevante y \u00fatil.<\/p>\n<p style=\"text-align: center;\">Cuando los clientes toman una decisi\u00f3n de compra, normalmente eligen trabajar con alguien en quien conf\u00edan y consideran un experto.<\/p>\n<p>[\/vc_column_text]<div class=\"boc_spacing \" style=\"height: 20px\"><\/div>[\/vc_column_inner][\/vc_row_inner][vc_row_inner][vc_column_inner width=&#8221;1\/3&#8243;]<div id=\"top_icon_box_15899\" class=\"top_icon_box type1  \"><div class=\"icon_holder\"><div class=\"icon_bgr\"><\/div><div class=\"icon_center\"><i class=\"icon icon-smile\"><\/i><\/div><\/div><h3>Construir relaciones<\/h3><p>El env\u00edo constante mantiene a su empresa en la mente de sus clientes y hace que sea m\u00e1s probable que sus suscriptores realicen compras en su empresa en lugar de en otra empresa de la competencia.<\/p><\/div>[\/vc_column_inner][vc_column_inner width=&#8221;1\/3&#8243;]<div id=\"top_icon_box_21970\" class=\"top_icon_box type1  \"><div class=\"icon_holder\"><div class=\"icon_bgr\"><\/div><div class=\"icon_center\"><i class=\"icon icon-graph2\"><\/i><\/div><\/div><h3>Cumplir con las expectativas<\/h3><p>Los mensajes de correo electr\u00f3nico coherentes ayudan a satisfacer las expectativas de los suscriptores de que su negocio est\u00e1 creciendo y prosperando.<\/p><\/div>[\/vc_column_inner][vc_column_inner width=&#8221;1\/3&#8243;]<div id=\"top_icon_box_88752\" class=\"top_icon_box type1  \"><div class=\"icon_holder\"><div class=\"icon_bgr\"><\/div><div class=\"icon_center\"><i class=\"icon icon-chat3\"><\/i><\/div><\/div><h3>Generar confianza<\/h3><p>Cuando sus mensajes de marketing por correo electr\u00f3nico contienen informaci\u00f3n \u00fatil y relevante para su audiencia, genera confianza entre su empresa y sus suscriptores y lo establece como un experto en su campo o sector.<\/p><\/div>[\/vc_column_inner][\/vc_row_inner]<div class=\"boc_spacing \" style=\"height: 40px\"><\/div>[\/vc_column][\/vc_row][vc_row full_width=&#8221;stretch_row&#8221; css=&#8221;.vc_custom_1563216954383{background-color: #284068 !important;}&#8221;][vc_column]<div class=\"boc_spacing \" style=\"height: 40px\"><\/div><h2 class=\"boc_heading  center  \"  style=\"margin-bottom: 20px;margin-top: 0px;color: #ffffff;\"><span>Preguntas frecuentes<\/span><\/h2><div class=\"boc_spacing \" style=\"height: 40px\"><\/div>[\/vc_column][\/vc_row][vc_row][vc_column width=&#8221;1\/2&#8243;]<div class=\"acc_holder    \"><div class=\"acc_item\"><h4 class=\"accordion\"><span class=\"acc_control \"><\/span><span class=\"acc_heading\">\u00bfPuedo actualizar la informaci\u00f3n de mi cuenta antes de enviar?<\/span><\/h4><div class=\"accordion_content\"><\/p>\n<p class=\"intercom-align-left\">S\u00ed, puede actualizar la siguiente informaci\u00f3n en el proceso de aprobaci\u00f3n:<\/p>\n<ul>\n<li>Nombre de la empresa<\/li>\n<li>Sitio web<\/li>\n<li>N\u00famero de tel\u00e9fono<\/li>\n<li>Correo electr\u00f3nico<\/li>\n<li>Sobre nosotros<\/li>\n<\/ul>\n<p class=\"intercom-align-left\">Su informaci\u00f3n solo deber\u00e1 actualizarse una vez, ya que la guardaremos para la pr\u00f3xima vez.<\/p>\n<p class=\"intercom-align-left\">Puede actualizar a trav\u00e9s de los siguientes campos al aprobar su correo electr\u00f3nico:<\/p>\n<div class=\"intercom-container intercom-align-left\"><a href=\"https:\/\/downloads.intercomcdn.com\/i\/o\/67192059\/12a103a7e921b96cd14fcab1\/2018-07-11_14-26-00.jpg\" target=\"_blank\" rel=\"nofollow noopener noreferrer\"><img decoding=\"async\" src=\"https:\/\/downloads.intercomcdn.com\/i\/o\/67192059\/12a103a7e921b96cd14fcab1\/2018-07-11_14-26-00.jpg\" \/><\/a><\/div>\n<p><\/div><\/div><div class=\"acc_item\"><h4 class=\"accordion\"><span class=\"acc_control \"><\/span><span class=\"acc_heading\">\u00bfC\u00f3mo reprogramo mi campa\u00f1a?<\/span><\/h4><div class=\"accordion_content\"><\/p>\n<p class=\"intercom-align-left\">Elegiremos autom\u00e1ticamente el momento \u00f3ptimo para enviar su correo electr\u00f3nico, sin embargo, puede cambiar la hora y la fecha en que se env\u00eda su correo electr\u00f3nico en cualquier momento.<\/p>\n<p class=\"intercom-align-left\">Para hacer esto, simplemente despl\u00e1cese hasta la parte inferior del borrador del correo electr\u00f3nico que recibe y haga clic en el bot\u00f3n \u00abhacer cambios\u00bb.<\/p>\n<p><img decoding=\"async\" src=\"https:\/\/downloads.intercomcdn.com\/i\/o\/67189730\/bae99d010df1d8dcd6a268a9\/2018-07-11_13-42-29.jpg\" \/><\/p>\n<p class=\"intercom-align-left\">A continuaci\u00f3n, simplemente cambie la hora y el d\u00eda a las que prefiera en el sistema de autoaprobaci\u00f3n.<\/p>\n<div class=\"intercom-container intercom-align-left\"><a href=\"https:\/\/downloads.intercomcdn.com\/i\/o\/67189851\/25cc78aa070de55c7fc43757\/2018-07-11_13-44-20.jpg\" target=\"_blank\" rel=\"nofollow noopener noreferrer\"><img decoding=\"async\" src=\"https:\/\/downloads.intercomcdn.com\/i\/o\/67189851\/25cc78aa070de55c7fc43757\/2018-07-11_13-44-20.jpg\" \/><\/a><\/div>\n<p><\/div><\/div><div class=\"acc_item\"><h4 class=\"accordion\"><span class=\"acc_control \"><\/span><span class=\"acc_heading\">\u00bfPuedo cambiar el nombre o la direcci\u00f3n de correo electr\u00f3nico que aparece al enviar mi campa\u00f1a mensual?<\/span><\/h4><div class=\"accordion_content\"><\/p>\n<p class=\"intercom-align-left\">S\u00ed, puede cambiar el \u00abnombre del remitente\u00bb y la direcci\u00f3n de correo electr\u00f3nico de donde parece provenir su correo electr\u00f3nico.<\/p>\n<p class=\"intercom-align-left\">Simplemente, actualice la siguiente secci\u00f3n cuando apruebe su correo electr\u00f3nico:<\/p>\n<div class=\"intercom-container intercom-align-left\"><a href=\"https:\/\/downloads.intercomcdn.com\/i\/o\/67191799\/0d2346e4ca9ae9bf54eef349\/2018-07-11_14-20-01.jpg\" target=\"_blank\" rel=\"nofollow noopener noreferrer\"><img decoding=\"async\" src=\"https:\/\/downloads.intercomcdn.com\/i\/o\/67191799\/0d2346e4ca9ae9bf54eef349\/2018-07-11_14-20-01.jpg\" \/><\/a><\/div>\n<p><\/div><\/div><div class=\"acc_item\"><h4 class=\"accordion\"><span class=\"acc_control \"><\/span><span class=\"acc_heading\">\u00bfPuedo a\u00f1adir mis enlaces sociales a mi correo electr\u00f3nico?<\/span><\/h4><div class=\"accordion_content\"><\/p>\n<p class=\"intercom-align-left\">S\u00ed, puede a\u00f1adir los siguientes enlaces de redes sociales a su correo electr\u00f3nico:<\/p>\n<ul>\n<li>Twitter<\/li>\n<li>Facebook<\/li>\n<li>LinkedIn<\/li>\n<li>Google+<\/li>\n<li>Instagram<\/li>\n<li>Youtube<\/li>\n<\/ul>\n<p class=\"intercom-align-left\">En la p\u00e1gina de autoaprobaci\u00f3n, actualice la siguiente secci\u00f3n:<\/p>\n<div class=\"intercom-container intercom-align-left\"><a href=\"https:\/\/downloads.intercomcdn.com\/i\/o\/67191553\/0f4927509d1b0a0cd2f0f064\/2018-07-11_14-17-41.jpg\" target=\"_blank\" rel=\"nofollow noopener noreferrer\"><img decoding=\"async\" src=\"https:\/\/downloads.intercomcdn.com\/i\/o\/67191553\/0f4927509d1b0a0cd2f0f064\/2018-07-11_14-17-41.jpg\" \/><\/a><\/div>\n<p><\/div><\/div><\/div>[\/vc_column][vc_column width=&#8221;1\/2&#8243;]<div class=\"acc_holder    \"><div class=\"acc_item\"><h4 class=\"accordion\"><span class=\"acc_control \"><\/span><span class=\"acc_heading\">\u00bfPuedo cambiar la l\u00ednea de asunto de mi correo electr\u00f3nico mensual?<\/span><\/h4><div class=\"accordion_content\"><\/p>\n<p class=\"intercom-align-left\">Tiene plena capacidad para cambiar la l\u00ednea de asunto; sin embargo, tenga en cuenta que nuestro objetivo es optimizar la l\u00ednea de asunto en funci\u00f3n del contenido de su correo electr\u00f3nico.<\/p>\n<p class=\"intercom-align-left\">Para cambiar la l\u00ednea de asunto, simplemente despl\u00e1cese hasta la parte inferior del borrador del correo electr\u00f3nico que recibe y haga clic en el bot\u00f3n \u00abrealizar cambios\u00bb.<\/p>\n<div class=\"intercom-container intercom-align-left\"><a href=\"https:\/\/downloads.intercomcdn.com\/i\/o\/67190005\/8a697a49e480f747eb40e697\/2018-07-11_13-42-29.jpg\" target=\"_blank\" rel=\"nofollow noopener noreferrer\"><img decoding=\"async\" src=\"https:\/\/downloads.intercomcdn.com\/i\/o\/67190005\/8a697a49e480f747eb40e697\/2018-07-11_13-42-29.jpg\" \/><\/a><\/div>\n<p class=\"intercom-align-left\">Despu\u00e9s, cambie el texto en el campo denominado \u00abL\u00ednea de asunto del correo electr\u00f3nico\u00bb.<\/p>\n<div class=\"intercom-container intercom-align-left\"><a href=\"https:\/\/downloads.intercomcdn.com\/i\/o\/67190039\/4180beadcdbb32be25928eba\/2018-07-11_13-48-44.jpg\" target=\"_blank\" rel=\"nofollow noopener noreferrer\"><img decoding=\"async\" src=\"https:\/\/downloads.intercomcdn.com\/i\/o\/67190039\/4180beadcdbb32be25928eba\/2018-07-11_13-48-44.jpg\" \/><\/a><\/div>\n<p><\/div><\/div><div class=\"acc_item\"><h4 class=\"accordion\"><span class=\"acc_control \"><\/span><span class=\"acc_heading\">He programado mi campa\u00f1a accidentalmente antes de que se realizaran los cambios. \u00bfC\u00f3mo puedo cancelarlo?<\/span><\/h4><div class=\"accordion_content\"><span style=\"font-weight: 400;\">Necesitar\u00e1 enviar un correo electr\u00f3nico a su asesor de marketing asociado para cancelar manualmente y volver a redactar su campa\u00f1a.\u00a0<\/span><\/div><\/div><div class=\"acc_item\"><h4 class=\"accordion\"><span class=\"acc_control \"><\/span><span class=\"acc_heading\">Necesito hacer cambios, pero mi campa\u00f1a ya se ha enviado. \u00bfQu\u00e9 puedo hacer?<\/span><\/h4><div class=\"accordion_content\"><\/p>\n<p class=\"intercom-align-left\">Su campa\u00f1a est\u00e1 programada autom\u00e1ticamente para que se env\u00ede a su lista cuatro d\u00edas h\u00e1biles despu\u00e9s de recibir el borrador. Dentro de este per\u00edodo de tiempo, puede realizar cambios haciendo clic en el bot\u00f3n \u00abrealizar cambios\u00bb en la parte inferior y acceder a nuestros cambios de autoaprobaci\u00f3n para hacer modificaciones.<\/p>\n<p>Sin embargo, una vez enviada su campa\u00f1a, no podr\u00e1 realizar modificaciones. Puede enviar un correo electr\u00f3nico a su asesor de marketing asociado para asegurarse de que esos cambios se incluyan en su pr\u00f3xima campa\u00f1a.<\/div><\/div><\/div>[\/vc_column][\/vc_row][vc_row el_id=&#8221;contact-us&#8221;][vc_column]<div class=\"boc_spacing \" style=\"height: 40px\"><\/div><div class=\"boc_divider_holder\"><div class=\"boc_divider  \"  style=\"margin-top: 20px;margin-bottom: 20px;height: 1px;background: #eeeeee;\"><\/div><\/div><div class=\"boc_spacing \" style=\"height: 40px\"><\/div><h2 class=\"boc_heading  center  \" ><span>\u00bfPreguntas? P\u00f3ngase en contacto con nosotros<\/span><\/h2><div class=\"boc_spacing \" style=\"height: 20px\"><\/div>[vc_column_text]<\/p>\n<p style=\"text-align: center;\">Si tiene alguna pregunta, p\u00f3ngase en contacto con su representante de Extu a trav\u00e9s del formulario siguiente.<\/p>\n<p>[\/vc_column_text][vc_row_inner][vc_column_inner width=&#8221;1\/4&#8243;][\/vc_column_inner][vc_column_inner width=&#8221;1\/2&#8243;]<div class=\"boc_spacing \" style=\"height: 20px\"><\/div>[\/vc_column_inner][vc_column_inner width=&#8221;1\/4&#8243;][\/vc_column_inner][\/vc_row_inner][\/vc_column][\/vc_row]<\/p>\n<\/div>","protected":false},"excerpt":{"rendered":"<p>[vc_row full_width=&#8221;stretch_row&#8221; content_placement=&#8221;middle&#8221; css=&#8221;.vc_custom_1573710789675{background-image: url(https:\/\/partners.extu.com\/wp-content\/uploads\/2019\/11\/Navy-Pattern.png?id=8737) !important;background-position: center !important;background-repeat: no-repeat !important;background-size: cover !important;}&#8221;][vc_column width=&#8221;1\/2&#8243;][\/vc_column][vc_column width=&#8221;1\/2&#8243;][vc_raw_html]JTNDaWZyYW1lJTIwd2lkdGglM0QlMjI1NjAlMjIlMjBoZWlnaHQlM0QlMjIzMTUlMjIlMjBzcmMlM0QlMjJodHRwcyUzQSUyRiUyRnd3dy55b3V0dWJlLmNvbSUyRmVtYmVkJTJGMTh3QXJHUXc4U2slM0ZjY19sb2FkX3BvbGljeSUzRDElMjZhdXRvcGxheSUzRDAlMjZtb2Rlc3RicmFuZGluZyUzRDElMjZyZWwlM0QwJTIyJTIwZnJhbWVib3JkZXIlM0QlMjIwJTIyJTIwJTNFJTNDJTJGaWZyYW1lJTNFJTIw[\/vc_raw_html][\/vc_column][\/vc_row][vc_row][vc_column][vc_row_inner][vc_column_inner width=&#8221;1\/2&#8243;][vc_column_text]Hacer cambios en la campa\u00f1a de Extu es r\u00e1pido y f\u00e1cil.\u00a0Puede realizar algunos cambios simples como: Cambiar la hora y el d\u00eda en que desea enviarla La l\u00ednea de asunto Informaci\u00f3n b\u00e1sica de pie de p\u00e1gina, incluidos enlaces a redes sociales Caracter\u00edsticas de los art\u00edculos Si<\/p>\n<div class=\"h10\"><\/div>\n<p><a class=\"more-link1\" href=\"https:\/\/partners.extu.com\/es_mx\/aprobacion-de-la-campana\/\">Read more<\/a><\/p>\n","protected":false},"author":18,"featured_media":0,"parent":0,"menu_order":0,"comment_status":"closed","ping_status":"closed","template":"","meta":{"_acf_changed":false,"om_disable_all_campaigns":false,"footnotes":""},"class_list":["post-15431","page","type-page","status-publish","hentry"],"acf":{"footer_box_text":"","footer_form":""},"_links":{"self":[{"href":"https:\/\/partners.extu.com\/es_mx\/wp-json\/wp\/v2\/pages\/15431","targetHints":{"allow":["GET"]}}],"collection":[{"href":"https:\/\/partners.extu.com\/es_mx\/wp-json\/wp\/v2\/pages"}],"about":[{"href":"https:\/\/partners.extu.com\/es_mx\/wp-json\/wp\/v2\/types\/page"}],"author":[{"embeddable":true,"href":"https:\/\/partners.extu.com\/es_mx\/wp-json\/wp\/v2\/users\/18"}],"replies":[{"embeddable":true,"href":"https:\/\/partners.extu.com\/es_mx\/wp-json\/wp\/v2\/comments?post=15431"}],"version-history":[{"count":0,"href":"https:\/\/partners.extu.com\/es_mx\/wp-json\/wp\/v2\/pages\/15431\/revisions"}],"wp:attachment":[{"href":"https:\/\/partners.extu.com\/es_mx\/wp-json\/wp\/v2\/media?parent=15431"}],"curies":[{"name":"wp","href":"https:\/\/api.w.org\/{rel}","templated":true}]}}