{"id":15430,"date":"2021-06-29T08:23:55","date_gmt":"2021-06-29T08:23:55","guid":{"rendered":"http:\/\/partners.oneaffiniti.com\/inicio\/"},"modified":"2024-04-24T22:26:40","modified_gmt":"2024-04-24T22:26:40","slug":"inicio","status":"publish","type":"page","link":"https:\/\/partners.extu.com\/es_mx\/","title":{"rendered":"Inicio"},"content":{"rendered":"<div class=\"wpb-content-wrapper\"><p>[vc_row full_width=&#8221;stretch_row&#8221; content_placement=&#8221;middle&#8221; sf_background_style=&#8221;section-bg-light&#8221; sf_sec_background=&#8221;bg-cream&#8221; css=&#8221;.vc_custom_1713996601845{background-position: center !important;background-repeat: no-repeat !important;background-size: cover !important;}&#8221;][vc_column width=&#8221;1\/2&#8243;]<div class=\"boc_spacing \" style=\"height: 20px\"><\/div><h2 class=\"boc_heading  al_left  \"  style=\"margin-bottom: 20px;margin-top: 0px;color: #333333;\"><span>\u00bfNuevo en Extu?<\/span><\/h2>[vc_column_text]<span style=\"font-weight: 400; color: #333333; font-size: 20px;\">Todo lo que necesita para comenzar con el programa Extu, a un clic de distancia&#8230;<\/span>[\/vc_column_text][\/vc_column][vc_column width=&#8221;1\/2&#8243;][vc_single_image img_size=&#8221;boc_medium&#8221; source=&#8221;external_link&#8221; custom_src=&#8221;https:\/\/cdn.brandfolder.io\/8TODOWLK\/at\/qvxqrhwqs5ggn274xrs3b45\/partner-coordinator.gif&#8221;]<div class=\"boc_spacing \" style=\"height: 20px\"><\/div>[\/vc_column][\/vc_row][vc_row full_width=&#8221;stretch_row&#8221; sf_background_style=&#8221;section-bg-dark&#8221; sf_sec_background=&#8221;bg-black&#8221; css=&#8221;.vc_custom_1713996656365{background-color: #000000 !important;background-position: center !important;background-repeat: no-repeat !important;background-size: cover !important;}&#8221;][vc_column width=&#8221;2\/3&#8243;]<h3 class=\"boc_heading  al_left  \"  style=\"color: #ffffff;\"><span>\u00bfSocio actual?<\/span><\/h3>[vc_column_text]<span style=\"font-weight: 400; color: #ffffff; font-size: 20px;\">Explore las nuevas funciones y servicios del programa para ayudarle a aumentar el negocio<\/span>[\/vc_column_text]<div class=\"boc_spacing \" style=\"height: 20px\"><\/div>[\/vc_column][vc_column width=&#8221;1\/3&#8243; css=&#8221;.vc_custom_1617183132498{padding-left: 20px !important;}&#8221;]<div class=\"boc_spacing \" style=\"height: 30px\"><\/div><div class=\"boc_spacing \" style=\"height: 20px\"><\/div>[\/vc_column][\/vc_row][vc_row full_width=&#8221;stretch_row&#8221; equal_height=&#8221;yes&#8221; sf_background_style=&#8221;section-bg-light&#8221; sf_sec_background=&#8221;bg-cream&#8221;][vc_column]<div class=\"boc_spacing \" style=\"height: 20px\"><\/div><h3 class=\"boc_heading  center  \" ><span>Nosotros hacemos todo el trabajo pesado<\/span><\/h3><div class=\"boc_spacing \" style=\"height: 20px\"><\/div>[vc_row_inner][vc_column_inner width=&#8221;1\/2&#8243;][vc_column_text css=&#8221;&#8221;]Al dar servicio a m\u00e1s de 3000 socios de canal en todo el mundo, ofrecemos una plataforma tecnol\u00f3gica habilitada para servicios dise\u00f1ada para ayudarle a hacer crecer su negocio con un tiempo y esfuerzo m\u00ednimos.<\/p>\n<p style=\"text-align: left;\"><span style=\"font-weight: 400;\">A diferencia de las plataformas de marketing tradicionales, contamos con un equipo de profesionales de marketing y ventas para ayudarle a ejecutar y optimizar sus campa\u00f1as todos los meses.<\/span><\/p>\n<p>[\/vc_column_text][\/vc_column_inner][vc_column_inner width=&#8221;1\/2&#8243;][vc_single_image source=&#8221;external_link&#8221; alignment=&#8221;center&#8221; css=&#8221;&#8221; custom_src=&#8221;https:\/\/cdn.theindustrybest.com\/8TODOWLK\/at\/mjgzhcg5f6mtjjh6cg9z78w\/Extu_program_overview_scale.png?auto=webp&amp;format=png&#8221;][\/vc_column_inner][\/vc_row_inner]<div class=\"boc_spacing \" style=\"height: 60px\"><\/div>[\/vc_column][\/vc_row][vc_row full_width=&#8221;stretch_row&#8221; equal_height=&#8221;yes&#8221; disable_element=&#8221;yes&#8221; el_class=&#8221;howWrap owlCSliderWrap&#8221;][vc_column width=&#8221;1\/3&#8243;]<h3 class=\"boc_heading  center  \" ><span>Maximice su impacto en el canal<\/span><\/h3>[vc_column_text]<\/p>\n<p style=\"text-align: center;\"><span style=\"font-weight: 400;\">Nuestra combinaci\u00f3n \u00fanica de tecnolog\u00eda, personas, datos y servicios obtiene una participaci\u00f3n mensual de los socios superior al 80\u00a0% y un retorno de la inversi\u00f3n de 22:1 en ventas atribuibles.<\/span><\/p>\n<p>[\/vc_column_text][\/vc_column][vc_column width=&#8221;1\/3&#8243;]<h3 class=\"boc_heading  center  \" ><span>Priorice los clientes potenciales y cierre ventas m\u00e1s r\u00e1pido<\/span><\/h3>[vc_column_text]<\/p>\n<p style=\"text-align: center;\">Nuestros asesores dedicados de marketing ayudan a los socios de canal a optimizar sus campa\u00f1as e identificar las audiencias y clientes con mayor n\u00famero de contactos.<\/p>\n<p>[\/vc_column_text][\/vc_column][vc_column width=&#8221;1\/3&#8243;]<h3 class=\"boc_heading  center  \" ><span>Contenido de campa\u00f1a mejorado<\/span><\/h3>[vc_column_text]<\/p>\n<p style=\"text-align: center;\">El contacto constante con las campa\u00f1as ayuda a obtener clientes potenciales y moviliza los contactos existentes, con el fin de descubrir nuevas oportunidades de venta entre las audiencias y clientes de los socios de canal.<\/p>\n<p>[\/vc_column_text][\/vc_column][\/vc_row][vc_row full_width=&#8221;stretch_row_content_no_spaces&#8221; disable_element=&#8221;yes&#8221; css=&#8221;.vc_custom_1612909166161{background-position: center !important;background-repeat: no-repeat !important;background-size: cover !important;}&#8221; el_class=&#8221;breakWrap&#8221;][vc_column][vc_single_image alignment=&#8221;center&#8221; image=&#8221;20495&#8243;][\/vc_column][\/vc_row][vc_row full_width=&#8221;stretch_row&#8221; equal_height=&#8221;yes&#8221; sf_background_style=&#8221;section-bg-light&#8221; sf_sec_background=&#8221;bg-green&#8221;][vc_column]<div class=\"boc_spacing \" style=\"height: 40px\"><\/div><h3 class=\"boc_heading  center  \" ><span>Trabajamos como una extensi\u00f3n de su equipo<\/span><\/h3>[vc_row_inner][vc_column_inner width=&#8221;1\/3&#8243;][vc_single_image img_size=&#8221;medium&#8221; source=&#8221;external_link&#8221; external_img_size=&#8221;200&#215;200&#8243; alignment=&#8221;center&#8221; custom_src=&#8221;https:\/\/cdn.brandfolder.io\/8TODOWLK\/at\/2pxq7gtbmpcb55hkb5bjg\/Vendor_Team.png&#8221;]<h3 class=\"boc_heading  center  \"  style=\"margin-bottom: 20px;margin-top: 0px;color: #333;\"><span><strong>Compromiso del proveedor<\/strong><\/span><\/h3>[vc_column_text]<span style=\"font-weight: 400;\">Nuestro equipo de cuenta de proveedores trabaja en estrecha colaboraci\u00f3n con los patrocinadores para garantizar que tenga material de producto oportuno y relevante para involucrar a sus clientes.\u00a0<\/span><\/p>\n<p><span style=\"font-weight: 400;\">No trabajar\u00e1 con ellos directamente, pero est\u00e1n enfocados en obtener todo el material y la asistencia que necesita.<\/span>[\/vc_column_text][\/vc_column_inner][vc_column_inner width=&#8221;1\/3&#8243;][vc_single_image img_size=&#8221;medium&#8221; source=&#8221;external_link&#8221; external_img_size=&#8221;200&#215;200&#8243; alignment=&#8221;center&#8221; custom_src=&#8221;https:\/\/cdn.brandfolder.io\/8TODOWLK\/at\/6xjxbrkfwtth2mfhrmvm94r\/Marketing_Consultant.png&#8221;]<h3 class=\"boc_heading  center  \"  style=\"margin-bottom: 20px;margin-top: 0px;color: #333;\"><span><strong>Conocimientos de marketing<\/strong><\/span><\/h3>[vc_column_text]<span style=\"font-weight: 400;\">Nuestros consultores de marketing asociados trabajan con usted para configurar su cuenta y ayudarle<\/span><span style=\"font-weight: 400;\"> todos los meses a ejecutar y optimizar sus campa\u00f1as para obtener los m\u00e1ximos resultados.<\/span>[\/vc_column_text][\/vc_column_inner][vc_column_inner width=&#8221;1\/3&#8243;][vc_single_image img_size=&#8221;medium&#8221; source=&#8221;external_link&#8221; external_img_size=&#8221;200&#215;200&#8243; alignment=&#8221;center&#8221; custom_src=&#8221;https:\/\/cdn.brandfolder.io\/8TODOWLK\/at\/kgnqf4p558hvfzpt428n7k\/Global_Partner_Team.png&#8221;]<h3 class=\"boc_heading  center  \"  style=\"margin-bottom: 20px;margin-top: 0px;color: #333;\"><span><strong>Gesti\u00f3n de la campa\u00f1a<\/strong><\/span><\/h3>[vc_column_text]<span style=\"font-weight: 400;\">Nuestro equipo global de experiencia de socios le ayudar\u00e1 con la ejecuci\u00f3n y personalizaci\u00f3n continuas de la campa\u00f1a, garantizando que sus campa\u00f1as salgan a tiempo todos los meses.<\/span>[\/vc_column_text][\/vc_column_inner][\/vc_row_inner]<div class=\"boc_spacing \" style=\"height: 40px\"><\/div><div class=\"boc_spacing \" style=\"height: 40px\"><\/div>[\/vc_column][\/vc_row][vc_row full_width=&#8221;stretch_row&#8221; equal_height=&#8221;yes&#8221; sf_background_style=&#8221;section-bg-dark&#8221; sf_sec_background=&#8221;bg-black&#8221;][vc_column]<div class=\"boc_spacing \" style=\"height: 20px\"><\/div><h3 class=\"boc_heading  center  \"  style=\"margin-bottom: 20px;margin-top: 0px;color: #ededda;\"><span>Vea lo que nuestros socios tienen que decir&#8230;<\/span><\/h3><div class=\"boc_spacing \" style=\"height: 20px\"><\/div>[vc_column_text]<div class=\"rpi\" style=\"\" data-id=\"8800\" data-opts='{&quot;layout&quot;:&quot;slider&quot;,&quot;style_style&quot;:&quot;1&quot;,&quot;style_stars&quot;:&quot;1&quot;,&quot;style_ava&quot;:&quot;1&quot;,&quot;head_logo&quot;:&quot;1&quot;,&quot;style_logo&quot;:&quot;1&quot;,&quot;pagination&quot;:&quot;&quot;,&quot;text_size&quot;:&quot;&quot;,&quot;hide_avatar&quot;:&quot;&quot;,&quot;hide_name&quot;:&quot;&quot;,&quot;disable_review_time&quot;:&quot;&quot;,&quot;disable_user_link&quot;:&quot;&quot;,&quot;disable_google_link&quot;:false,&quot;open_link&quot;:&quot;1&quot;,&quot;nofollow_link&quot;:&quot;1&quot;,&quot;lazy_load_img&quot;:&quot;1&quot;,&quot;time_format&quot;:&quot;&quot;,&quot;breakpoints&quot;:&quot;&quot;,&quot;reviewer_avatar_size&quot;:&quot;56&quot;,&quot;ajax_load&quot;:false,&quot;v2&quot;:false,&quot;trans&quot;:{&quot;read more&quot;:&quot;read more&quot;,&quot;review us on&quot;:&quot;review us on&quot;,&quot;See all reviews&quot;:&quot;See all reviews&quot;,&quot;More reviews&quot;:&quot;More reviews&quot;,&quot;Response from the owner&quot;:&quot;Response from the owner&quot;}}' data-exec=\"\"><div class=\"rpi-cnt rpi-col-m rpi-slider rpi-sh\" data-opts='{&quot;pagination&quot;:&quot;&quot;,&quot;speed&quot;:&quot;10&quot;,&quot;autoplay&quot;:true,&quot;wheelscroll&quot;:false,&quot;mousestop&quot;:true,&quot;clickstop&quot;:false,&quot;swipe_step&quot;:&quot;&quot;,&quot;swipe_per_btn&quot;:&quot;&quot;,&quot;swipe_per_dot&quot;:&quot;&quot;,&quot;hide_dots&quot;:&quot;&quot;}' style=\"visibility:var(--visible, hidden)\" ><\/div><script>(function(p){if(!p)return;let w=p.offsetWidth,m=function(a,b){return Math.min(a,b)===a};p.querySelector('.rpi-cnt').classList.replace('rpi-col-m','rpi-col-'+(m(w,510)?'xs':m(w,750)?'x':m(w,1050)?'s':m(w,1450)?'m':m(w,1800)?'l':'xl'))})(document.currentScript?.parentElement)<\/script><\/div>[\/vc_column_text][\/vc_column][\/vc_row][vc_row full_width=&#8221;stretch_row&#8221; equal_height=&#8221;yes&#8221; disable_element=&#8221;yes&#8221; el_class=&#8221;brandsCTAWrap&#8221; css=&#8221;.vc_custom_1612913733795{background-color: #e6ece8 !important;}&#8221;][vc_column width=&#8221;2\/3&#8243; offset=&#8221;vc_col-md-9&#8243;]<h3 class=\"boc_heading  al_left  \" ><span>Descubra lo que Extu puede hacer por su negocio. <\/span><\/h3>[\/vc_column][vc_column width=&#8221;1\/3&#8243; offset=&#8221;vc_col-md-3&#8243;]<a\thref=\"\/contact-us\/\" \n\t\t\t\tclass=\"button btn_medium btn_theme_color btn_rounded btn_normal_style    \"  target='_self'><span>P\u00f3ngase en contacto con nosotros<\/span><\/a>[\/vc_column][\/vc_row][vc_row full_width=&#8221;stretch_row&#8221; disable_element=&#8221;yes&#8221; el_class=&#8221;benefitsWrap&#8221;][vc_column width=&#8221;1\/2&#8243;]<h2 class=\"boc_heading  al_left  \" ><span>Beneficios<br \/>\npara las marcas<\/span><\/h2>[vc_row_inner][vc_column_inner width=&#8221;1\/4&#8243; offset=&#8221;vc_col-xs-4&#8243;][vc_single_image image=&#8221;20244&#8243;][\/vc_column_inner][vc_column_inner width=&#8221;3\/4&#8243; offset=&#8221;vc_col-xs-8&#8243;][vc_column_text]Maximice el alcance mediante un programa con una participaci\u00f3n diez veces superior a la de cualquier otro.[\/vc_column_text][\/vc_column_inner][\/vc_row_inner][vc_row_inner][vc_column_inner width=&#8221;1\/4&#8243; offset=&#8221;vc_col-xs-4&#8243;][vc_single_image image=&#8221;20259&#8243;][\/vc_column_inner][vc_column_inner width=&#8221;3\/4&#8243; offset=&#8221;vc_col-xs-8&#8243;][vc_column_text]Utilice las redes de sus socios para lograr el mejor retorno posible de su inversi\u00f3n en marketing.[\/vc_column_text][\/vc_column_inner][\/vc_row_inner][vc_row_inner][vc_column_inner width=&#8221;1\/4&#8243; offset=&#8221;vc_col-xs-4&#8243;][vc_single_image image=&#8221;20262&#8243;][\/vc_column_inner][vc_column_inner width=&#8221;3\/4&#8243; offset=&#8221;vc_col-xs-8&#8243;][vc_column_text]Paga solo al enviarse las campa\u00f1as y cuando obtiene resultados de ventas: no hay ni adelantos ni licencias.[\/vc_column_text][\/vc_column_inner][\/vc_row_inner][\/vc_column][vc_column width=&#8221;1\/2&#8243;]<h2 class=\"boc_heading  al_left  \" ><span>Beneficios para<br \/>\nlos socios de canal<\/span><\/h2>[vc_row_inner][vc_column_inner width=&#8221;1\/4&#8243; offset=&#8221;vc_col-xs-4&#8243;][vc_single_image image=&#8221;20247&#8243;][\/vc_column_inner][vc_column_inner width=&#8221;3\/4&#8243; offset=&#8221;vc_col-xs-8&#8243;][vc_column_text]Cree relaciones con los clientes y genere nuevos y valiosos negocios dedicando solo 5\u00a0minutos al mes.[\/vc_column_text][\/vc_column_inner][\/vc_row_inner][vc_row_inner][vc_column_inner width=&#8221;1\/4&#8243; offset=&#8221;vc_col-xs-4&#8243;][vc_single_image image=&#8221;20250&#8243;][\/vc_column_inner][vc_column_inner width=&#8221;3\/4&#8243; offset=&#8221;vc_col-xs-8&#8243;][vc_column_text]Los costes del programa los subvencionan sus marcas favoritas.[\/vc_column_text][\/vc_column_inner][\/vc_row_inner][vc_row_inner][vc_column_inner width=&#8221;1\/4&#8243; offset=&#8221;vc_col-xs-4&#8243;][vc_single_image image=&#8221;20253&#8243;][\/vc_column_inner][vc_column_inner width=&#8221;3\/4&#8243; offset=&#8221;vc_col-xs-8&#8243;][vc_column_text]Ponga su logotipo junto a contenido de liderazgo intelectual de la m\u00e1xima calidad.[\/vc_column_text][\/vc_column_inner][\/vc_row_inner][\/vc_column][\/vc_row][vc_row full_width=&#8221;stretch_row&#8221; equal_height=&#8221;yes&#8221; disable_element=&#8221;yes&#8221; el_class=&#8221;brandsCTAWrap&#8221; css=&#8221;.vc_custom_1612914045695{background-color: #e6ece8 !important;}&#8221;][vc_column width=&#8221;2\/3&#8243; offset=&#8221;vc_col-md-9&#8243;]<h3 class=\"boc_heading  al_left  \" ><span>Descubra lo que Extu puede hacer por su negocio. <\/span><\/h3>[\/vc_column][vc_column width=&#8221;1\/3&#8243; offset=&#8221;vc_col-md-3&#8243;]<a\thref=\"\/contact-us\/\" \n\t\t\t\tclass=\"button btn_medium btn_theme_color btn_rounded btn_normal_style    \"  target='_self'><span>P\u00f3ngase en contacto con nosotros<\/span><\/a>[\/vc_column][\/vc_row]<\/p>\n<\/div>","protected":false},"excerpt":{"rendered":"<p>[vc_row full_width=&#8221;stretch_row&#8221; content_placement=&#8221;middle&#8221; sf_background_style=&#8221;section-bg-light&#8221; sf_sec_background=&#8221;bg-cream&#8221; css=&#8221;.vc_custom_1713996601845{background-position: center !important;background-repeat: no-repeat !important;background-size: cover !important;}&#8221;][vc_column width=&#8221;1\/2&#8243;][vc_column_text]Todo lo que necesita para comenzar con el programa Extu, a un clic de distancia&#8230;[\/vc_column_text][\/vc_column][vc_column width=&#8221;1\/2&#8243;][vc_single_image img_size=&#8221;boc_medium&#8221; source=&#8221;external_link&#8221; custom_src=&#8221;https:\/\/cdn.brandfolder.io\/8TODOWLK\/at\/qvxqrhwqs5ggn274xrs3b45\/partner-coordinator.gif&#8221;][\/vc_column][\/vc_row][vc_row full_width=&#8221;stretch_row&#8221; sf_background_style=&#8221;section-bg-dark&#8221; sf_sec_background=&#8221;bg-black&#8221; css=&#8221;.vc_custom_1713996656365{background-color: #000000 !important;background-position: center !important;background-repeat: no-repeat !important;background-size: cover !important;}&#8221;][vc_column width=&#8221;2\/3&#8243;][vc_column_text]Explore las nuevas funciones y servicios del programa para ayudarle a aumentar el negocio[\/vc_column_text][\/vc_column][vc_column width=&#8221;1\/3&#8243; css=&#8221;.vc_custom_1617183132498{padding-left: 20px<\/p>\n<div class=\"h10\"><\/div>\n<p><a class=\"more-link1\" href=\"https:\/\/partners.extu.com\/es_mx\/\">Read more<\/a><\/p>\n","protected":false},"author":18,"featured_media":0,"parent":0,"menu_order":0,"comment_status":"closed","ping_status":"closed","template":"","meta":{"_acf_changed":false,"om_disable_all_campaigns":false,"footnotes":""},"class_list":["post-15430","page","type-page","status-publish","hentry"],"acf":{"footer_box_text":"","footer_form":""},"_links":{"self":[{"href":"https:\/\/partners.extu.com\/es_mx\/wp-json\/wp\/v2\/pages\/15430","targetHints":{"allow":["GET"]}}],"collection":[{"href":"https:\/\/partners.extu.com\/es_mx\/wp-json\/wp\/v2\/pages"}],"about":[{"href":"https:\/\/partners.extu.com\/es_mx\/wp-json\/wp\/v2\/types\/page"}],"author":[{"embeddable":true,"href":"https:\/\/partners.extu.com\/es_mx\/wp-json\/wp\/v2\/users\/18"}],"replies":[{"embeddable":true,"href":"https:\/\/partners.extu.com\/es_mx\/wp-json\/wp\/v2\/comments?post=15430"}],"version-history":[{"count":0,"href":"https:\/\/partners.extu.com\/es_mx\/wp-json\/wp\/v2\/pages\/15430\/revisions"}],"wp:attachment":[{"href":"https:\/\/partners.extu.com\/es_mx\/wp-json\/wp\/v2\/media?parent=15430"}],"curies":[{"name":"wp","href":"https:\/\/api.w.org\/{rel}","templated":true}]}}