{"id":15429,"date":"2021-06-29T08:23:54","date_gmt":"2021-06-29T08:23:54","guid":{"rendered":"http:\/\/partners.oneaffiniti.com\/como-anadir-suscriptores\/"},"modified":"2024-04-30T23:26:21","modified_gmt":"2024-04-30T23:26:21","slug":"como-anadir-suscriptores-2-2","status":"publish","type":"page","link":"https:\/\/partners.extu.com\/es_mx\/como-anadir-suscriptores-2-2\/","title":{"rendered":"C\u00f3mo a\u00f1adir suscriptores"},"content":{"rendered":"<div class=\"wpb-content-wrapper\"><p>[vc_row full_width=&#8221;stretch_row&#8221; content_placement=&#8221;middle&#8221; sf_sec_background=&#8221;bg-black&#8221; css=&#8221;.vc_custom_1710366234142{background-position: center !important;background-repeat: no-repeat !important;background-size: cover !important;}&#8221;][vc_column]<div class=\"boc_spacing \" style=\"height: 40px\"><\/div>[vc_row_inner][vc_column_inner width=&#8221;1\/2&#8243;]<div class=\"boc_spacing \" style=\"height: 10px\"><\/div>[vc_custom_heading text=&#8221;A\u00f1ada suscriptores a su campa\u00f1a en minutos.&#8221; font_container=&#8221;tag:h1|text_align:left|color:%23ededda&#8221; use_theme_fonts=&#8221;yes&#8221; css=&#8221;&#8221;][vc_custom_heading text=&#8221;&#8221; font_container=&#8221;tag:p|text_align:left|color:%23ededda&#8221; use_theme_fonts=&#8221;yes&#8221; css=&#8221;&#8221;]<div class=\"boc_spacing \" style=\"height: 20px\"><\/div>[\/vc_column_inner][vc_column_inner width=&#8221;1\/2&#8243;][vc_video link=&#8221;https:\/\/www.youtube.com\/watch?v=9Pk0Wf7OPwA&#8221; css=&#8221;&#8221;][\/vc_column_inner][\/vc_row_inner][vc_row_inner][vc_column_inner width=&#8221;2\/3&#8243;]<a class=\"button vcCE  button-gradient\" href=\"https:\/\/login.createsend.com\/l\" target=\"_blank\" rel=\"noopener\">Inicia sesi\u00f3n en tu cuenta de Campaign Monitor<\/a>[\/vc_column_inner][vc_column_inner width=&#8221;1\/6&#8243;][\/vc_column_inner][vc_column_inner width=&#8221;1\/6&#8243;][\/vc_column_inner][\/vc_row_inner]<div class=\"boc_spacing \" style=\"height: 20px\"><\/div><div class=\"boc_spacing \" style=\"height: 80px\"><\/div>[\/vc_column][\/vc_row][vc_row][vc_column]<div class=\"boc_spacing \" style=\"height: 100px\"><\/div><h2 class=\"boc_heading  center  \"  style=\"margin-bottom: 20px;margin-top: 0px;color: #333;\"><span>Primero, prepara tu lista de correos electr\u00f3nicos<\/span><\/h2>[vc_column_text css=&#8221;&#8221;]<\/p>\n<p style=\"text-align: center;\">Importar tu lista de correos electr\u00f3nicos desde un archivo es la forma m\u00e1s r\u00e1pida de agregar suscriptores a tu cuenta. Pero antes de hacerlo, deber\u00e1s asegurarte de que tu archivo est\u00e9 listo para importar siguiendo estos pasos a continuaci\u00f3n.<\/p>\n<p>[\/vc_column_text]<div class=\"acc_holder    \"><div class=\"acc_item\"><h4 class=\"accordion\"><span class=\"acc_control \"><\/span><span class=\"acc_heading\">Paso 1<\/span><\/h4><div class=\"accordion_content\"><\/p>\n<h3>Aseg\u00farate de que tu lista est\u00e9 actualizada<\/h3>\n<ul>\n<li>La probabilidad de que los contactos no sean v\u00e1lidos aumenta a medida que avanza el tiempo. \u00a1La gente cambia de empresa y, por tanto, sus correos electr\u00f3nicos cambian! El est\u00e1ndar de la industria es asegurarse de que tus listas no tengan m\u00e1s de 12 a 24 meses.<\/li>\n<li>Aseg\u00farate de que tu lista no contenga personas que ya hayan optado por no participar; Cuando subes una lista en Campaign Monitor, todas las direcciones de correo electr\u00f3nico se consideran activas, por lo que tendr\u00e1s que verificar y revisar que las personas que han optado por no participar no est\u00e9n en tu lista de importaci\u00f3n.<\/li>\n<\/ul>\n<p><strong>Nota:<\/strong> Si Campaign Monitor detecta una tasa de quejas de spam superior al 0.5%, tu cuenta ser\u00e1 suspendida (y peor a\u00fan, si eso se convierte en un h\u00e1bito, tu IP ser\u00e1 incluida en la lista negra). Campaign Monitor tiene m\u00e1s informaci\u00f3n sobre la importancia de esto aqu\u00ed.<\/p>\n<h3><strong>Est\u00e1ndares de cumplimiento de la lista Extu<\/strong><\/h3>\n<p>Seg\u00fan tu acuerdo de servicio con Extu, t\u00fa eres responsable del cumplimiento de las leyes locales de privacidad y antispam aplicables. Esto significa que debes asegurarte de haber realizado las notificaciones necesarias y obtenido el consentimiento necesario de tus clientes para enviarles campa\u00f1as de correo electr\u00f3nico.<\/p>\n<p>Si bien, Extu no puede brindarte asesoramiento legal sobre el cumplimiento de las regulaciones locales de privacidad y SPAM, podemos brindarte orientaci\u00f3n general para ayudarte a poner a prueba tu lista de clientes antes de unirte al programa.<\/p>\n<p>Antes de importar tu lista de clientes, debes considerar si tienes:<\/p>\n<ol>\n<li>Consentimiento claro y expl\u00edcito del individuo; o<\/li>\n<li>Puedes demostrar un inter\u00e9s comercial leg\u00edtimo para enviarles una campa\u00f1a de correo electr\u00f3nico basada en una relaci\u00f3n comercial existente con el individuo. Una relaci\u00f3n comercial existente se puede identificar con base en las siguientes pautas:<\/li>\n<\/ol>\n<ul>\n<li>El individuo realiz\u00f3 una compra dentro de los \u00faltimos 24 meses.<\/li>\n<li>La persona recibi\u00f3 una cotizaci\u00f3n, realiz\u00f3 una consulta, particip\u00f3 en una discusi\u00f3n o hizo una pregunta sobre un producto\/servicio dentro de los \u00faltimos 12 meses.<\/li>\n<\/ul>\n<p>Nunca debes utilizar listas compradas o de terceros. Consulta todos nuestros <a href=\"https:\/\/extu.com\/es_mx\/informacion-legal\/terminos-generales-de-servicio\/\" target=\"_blank\" rel=\"noopener\">t\u00e9rminos y condiciones<\/a>.<\/p>\n<p>Nota: Extu mantiene un programa de privacidad dise\u00f1ado en torno al Reglamento General de Protecci\u00f3n de Datos (RGPD).<\/div><\/div><div class=\"acc_item\"><h4 class=\"accordion\"><span class=\"acc_control \"><\/span><span class=\"acc_heading\">Paso 2<\/span><\/h4><div class=\"accordion_content\"><\/p>\n<h3><strong>Aseg\u00farate de que tu lista est\u00e9 en uno de estos formatos<\/strong><\/h3>\n<ul>\n<li>Excel (XLS, XLSX o CSV)<\/li>\n<li>Texto de valores separados por comass (CSV)<\/li>\n<li>Archivos de texto separados por tabulaciones (TXT)<\/li>\n<li>vCard<\/li>\n<li>Formatos de archivos comprimidos (ZIP, RAR o 7Z)<\/li>\n<\/ul>\n<p><strong>Los formatos de Excel y CSV funcionan mejor<\/strong><\/div><\/div><div class=\"acc_item\"><h4 class=\"accordion\"><span class=\"acc_control \"><\/span><span class=\"acc_heading\">Paso 3<\/span><\/h4><div class=\"accordion_content\"><\/p>\n<h3><strong>Eliminar m\u00faltiples correos electr\u00f3nicos y pesta\u00f1as adicionales<\/strong><\/h3>\n<ul>\n<li>Si tienes m\u00e1s de un correo electr\u00f3nico en una celda, deber\u00e1s separarlos para que haya un correo electr\u00f3nico por fila.<\/li>\n<li>Si est\u00e1s importando un archivo de Excel, aseg\u00farate de que todos tus suscriptores est\u00e9n en una hoja (cuando subes una lista en Campaign Monitor con varias hojas, solo se captura la primera hoja).<\/li>\n<\/ul>\n<p><\/div><\/div><\/div><div class=\"boc_spacing \" style=\"height: 40px\"><\/div>[\/vc_column][\/vc_row][vc_row][vc_column]<div class=\"boc_divider_holder\"><div class=\"boc_divider  \"  style=\"margin-top: 20px;margin-bottom: 20px;height: 1px;background: #eeeeee;\"><\/div><\/div><div class=\"boc_spacing \" style=\"height: 20px\"><\/div><div class=\"boc_spacing \" style=\"height: 20px\"><\/div>[vc_row_inner][vc_column_inner width=&#8221;1\/4&#8243;][\/vc_column_inner][vc_column_inner width=&#8221;1\/2&#8243;][\/vc_column_inner][vc_column_inner width=&#8221;1\/4&#8243;][\/vc_column_inner][\/vc_row_inner]<div class=\"boc_spacing \" style=\"height: 40px\"><\/div>[\/vc_column][\/vc_row][vc_row full_width=&#8221;stretch_row&#8221; sf_background_style=&#8221;section-bg-dark&#8221; sf_sec_background=&#8221;bg-black&#8221;][vc_column]<div class=\"boc_spacing \" style=\"height: 80px\"><\/div><h2 class=\"boc_heading  center  \"  style=\"margin-bottom: 20px;margin-top: 0px;color: #ededda;\"><span>A continuaci\u00f3n, importe su lista<\/span><\/h2>[\/vc_column][\/vc_row][vc_row full_width=&#8221;stretch_row&#8221; sf_background_style=&#8221;section-bg-dark&#8221; sf_sec_background=&#8221;bg-black&#8221;][vc_column width=&#8221;1\/2&#8243;][vc_row_inner][vc_column_inner]<div class=\"boc_spacing \" style=\"height: 100px\"><\/div>[vc_column_text]Una vez que su archivo est\u00e9 preparado, simplemente puede cargarlo en Campaign Monitor siguiendo estos pasos.<\/p>\n<ol>\n<li>Haga clic en\u00a0<strong>Listas y suscriptores<\/strong>.<\/li>\n<li>Haga clic en el nombre de una lista o cree una nueva.<\/li>\n<li>Haga clic en <strong>A\u00f1adir nuevos suscriptores<\/strong> en la barra lateral derecha.<\/li>\n<li>Para importar un archivo, arr\u00e1strelo y su\u00e9ltelo desde su escritorio o haga clic en la opci\u00f3n <strong>Seleccionarlo desde su equipo<\/strong>.<\/li>\n<li><strong>Haga coincidir las columnas del archivo<\/strong> con los campos de su lista de suscriptores.<\/li>\n<li>Haga clic en <strong>Terminar de a\u00f1adir suscriptores<\/strong>.<\/li>\n<\/ol>\n<p>[\/vc_column_text]<div class=\"boc_spacing \" style=\"height: 20px\"><\/div>[\/vc_column_inner][\/vc_row_inner]<a class=\"button vcCE  button-light\" href=\"https:\/\/login.createsend.com\/l\" target=\"_blank\" rel=\"noopener\">Inicia sesi\u00f3n en Campaign Monitor<\/a><div class=\"boc_spacing \" style=\"height: 100px\"><\/div>[\/vc_column][vc_column width=&#8221;1\/2&#8243;][vc_row_inner][vc_column_inner][vc_single_image css=&#8221;&#8221; image=&#8221;22924&#8243;][\/vc_column_inner][\/vc_row_inner]<div class=\"boc_spacing \" style=\"height: 20px\"><\/div>[\/vc_column][\/vc_row][vc_row full_width=&#8221;stretch_row&#8221;][vc_column]<div class=\"boc_spacing \" style=\"height: 100px\"><\/div><h2 class=\"boc_heading  center  \"  style=\"margin-bottom: 20px;margin-top: 0px;color: #333;\"><span>Entonces, tu lista ser\u00e1 filtrada<\/span><\/h2><div class=\"boc_spacing \" style=\"height: 20px\"><\/div><div class=\"boc_spacing \" style=\"height: 20px\"><\/div>[vc_row_inner][vc_column_inner]<div class=\"boc_spacing \" style=\"height: 20px\"><\/div>[vc_column_text css=&#8221;&#8221;]Una vez que tu lista se suba a la cuenta, nuestro sistema verificar\u00e1 los dominios de correo electr\u00f3nico en la lista y eliminar\u00e1 cualquier correo electr\u00f3nico no v\u00e1lido o riesgoso para reducir las tasas de spam.<\/p>\n<p>Nuestro sistema sigue ciertas reglas al eliminar correos electr\u00f3nicos, que incluyen:<\/p>\n<ol>\n<li>Correos electr\u00f3nicos marcados como no v\u00e1lidos, spam o no contactar<\/li>\n<li>Correos electr\u00f3nicos que provienen de dominios gratuitos tales como @aol.com,@yahoo.com, @hotmail.com,@comcast.net y @msn.com.<\/li>\n<\/ol>\n<p>[\/vc_column_text][\/vc_column_inner][\/vc_row_inner]<div class=\"boc_spacing \" style=\"height: 40px\"><\/div>[vc_row_inner sf_sec_background=&#8221;bg-orange&#8221; sf_border_padding=&#8221;sec-bp-main&#8221;][vc_column_inner][vc_custom_heading text=&#8221;\u00bfPor qu\u00e9 validamos listas?&#8221; font_container=&#8221;tag:h3|text_align:left&#8221; use_theme_fonts=&#8221;yes&#8221; css=&#8221;&#8221;][vc_custom_heading text=&#8221;Campaign Monitor tiene umbrales bajos (0,2 %) para las direcciones de correo electr\u00f3nico que rebotan y cuando los usuarios marcan los correos electr\u00f3nicos como spam: 1 entre aproximadamente 5000. Si tu cuenta est\u00e1 marcada con una alta tasa de spam, Campaign Monitor cerrar\u00e1 tu cuenta y ya no podr\u00e1s utilizar nuestros servicios.&#8221; font_container=&#8221;tag:p|text_align:left&#8221; use_theme_fonts=&#8221;yes&#8221; css=&#8221;&#8221;][\/vc_column_inner][\/vc_row_inner][vc_row_inner][vc_column_inner]<div class=\"boc_spacing \" style=\"height: 100px\"><\/div><div class=\"boc_spacing \" style=\"height: 40px\"><\/div>[vc_custom_heading text=&#8221;Preguntas Frecuentes&#8221; font_container=&#8221;tag:h2|text_align:center&#8221; use_theme_fonts=&#8221;yes&#8221; css=&#8221;&#8221;]<div class=\"boc_spacing \" style=\"height: 40px\"><\/div>[\/vc_column_inner][\/vc_row_inner][\/vc_column][\/vc_row][vc_row][vc_column][vc_row_inner][vc_column_inner]<div class=\"acc_holder    \"><div class=\"acc_item\"><h4 class=\"accordion\"><span class=\"acc_control \"><\/span><span class=\"acc_heading\">\u00bfNecesito permiso de mis contactos para enviarles mi contenido?<\/span><\/h4><div class=\"accordion_content\">S\u00ed, al importar tus contactos, certificas que tienes motivos legales para procesar sus direcciones de correo electr\u00f3nico de acuerdo con nuestros <strong><span style=\"text-decoration: underline;\"><a href=\"https:\/\/extu.com\/es_mx\/informacion-legal\/terminos-generales-de-servicio\/\" target=\"_blank\" rel=\"noopener\">t\u00e9r<\/a><a href=\"https:\/\/partners.extu.com\/es_mx\/informacion-legal\/\">minos y condiciones.<\/a><\/span><\/strong><\/p>\n<p>Los motivos legales para procesar una direcci\u00f3n de correo electr\u00f3nico incluyen tener <strong>consentimiento<\/strong> y\/o un <strong>inter\u00e9s comercial leg\u00edtimo<\/strong> para contactar a una persona con una relaci\u00f3n comercial existente.<\/p>\n<p>Una relaci\u00f3n comercial existente se puede identificar con base en las siguientes pautas:<\/p>\n<ul>\n<li>El individuo realiz\u00f3 una compra dentro de los \u00faltimos 24 meses.<\/li>\n<li>La persona recibi\u00f3 una cotizaci\u00f3n, realiz\u00f3 una consulta, particip\u00f3 en una discusi\u00f3n o hizo una pregunta sobre un producto\/servicio dentro de los \u00faltimos 12 meses.<\/li>\n<\/ul>\n<p><strong>Nota:<\/strong> Extu mantiene un programa de privacidad dise\u00f1ado en base al Reglamento General de Protecci\u00f3n de Datos (RGPD).<\/div><\/div><div class=\"acc_item\"><h4 class=\"accordion\"><span class=\"acc_control \"><\/span><span class=\"acc_heading\">\u00bfQu\u00e9 hacen con mis contactos despu\u00e9s de importarlos?<\/span><\/h4><div class=\"accordion_content\"><strong>Nuestro acuerdo de servicio mantiene que t\u00fa eres el propietario legal de tu lista de suscriptores y eres responsable de su gesti\u00f3n y cumplimiento. Nosotros no lo compartimos con proveedores ni enviamos ning\u00fan otro material de marketing fuera de las campa\u00f1as que t\u00fa nos autorizas a enviar a trav\u00e9s de este programa.<\/strong><\/p>\n<p><strong>Solo compartimos informaci\u00f3n con terceros con el fin de proporcionar u optimizar los servicios. Consulta nuestros <a href=\"https:\/\/extu.com\/es_mx\/informacion-legal\/terminos-generales-de-servicio\/\" target=\"_blank\" rel=\"noopener\"><span style=\"text-decoration: underline;\">t\u00e9rminos y condiciones<\/span><\/a> para m\u00e1s detalles.<\/strong><\/div><\/div><div class=\"acc_item\"><h4 class=\"accordion\"><span class=\"acc_control \"><\/span><span class=\"acc_heading\">\u00bfQu\u00e9 es Campaign Monitor?<\/span><\/h4><div class=\"accordion_content\">Campaign Monitor es la plataforma externa de correo electr\u00f3nico que utilizamos para programar y enviar tus campa\u00f1as. T\u00fa utilizar\u00e1s Campaign Monitor para administrar tus listas de suscriptores y tambi\u00e9n hacer un seguimiento del rendimiento de tu campa\u00f1a.<\/div><\/div><div class=\"acc_item\"><h4 class=\"accordion\"><span class=\"acc_control \"><\/span><span class=\"acc_heading\">No he recibido mi invitaci\u00f3n para iniciar sesi\u00f3n en Campaign Monitor<\/span><\/h4><div class=\"accordion_content\">Nuestro equipo activa una invitaci\u00f3n para iniciar sesi\u00f3n en tu Campaign Monitor con el asunto <strong>&#8220;Bienvenido a Extu &#8211; TU REGI\u00d3N&#8221;<\/strong><\/p>\n<p><img loading=\"lazy\" decoding=\"async\" class=\"aligncenter wp-image-24097 size-full\" src=\"https:\/\/partners.extu.com\/wp-content\/uploads\/2024\/04\/createsend1.png\" alt=\"\" width=\"496\" height=\"370\" srcset=\"https:\/\/partners.extu.com\/wp-content\/uploads\/2024\/04\/createsend1.png 496w, https:\/\/partners.extu.com\/wp-content\/uploads\/2024\/04\/createsend1-300x224.png 300w, https:\/\/partners.extu.com\/wp-content\/uploads\/2024\/04\/createsend1-50x37.png 50w\" sizes=\"auto, (max-width: 496px) 100vw, 496px\" \/><\/p>\n<p>Si no has recibido la invitaci\u00f3n, revisa tu carpeta de spam. Tu invitaci\u00f3n caduca despu\u00e9s de 72 horas, por lo que, si tienes alg\u00fan problema, comun\u00edcate con tu representante de Extu para que te la reenv\u00ede.<\/div><\/div><div class=\"acc_item\"><h4 class=\"accordion\"><span class=\"acc_control \"><\/span><span class=\"acc_heading\">Olvid\u00e9 mi contrase\u00f1a para Campaign Monitor<\/span><\/h4><div class=\"accordion_content\">Una vez que aceptes tu invitaci\u00f3n y crees una contrase\u00f1a para Campaign Monitor, puedes restablecer tu contrase\u00f1a en cualquier momento haciendo clic en &#8220;\u00bfNo recuerdas tu contrase\u00f1a?&#8221; para que Campaign Monitor te env\u00ede un enlace de restablecimiento.<\/p>\n<p>Inicia sesi\u00f3n en tu cuenta en <span style=\"text-decoration: underline;\"><a href=\"https:\/\/login.createsend.com\/l\" target=\"_blank\" rel=\"noopener\">https:\/\/login.createsend.com\/l<\/a><\/span><\/div><\/div><div class=\"acc_item\"><h4 class=\"accordion\"><span class=\"acc_control \"><\/span><span class=\"acc_heading\">\u00bfPuedo agregar suscriptores despu\u00e9s de programar mi campa\u00f1a?<\/span><\/h4><div class=\"accordion_content\">Puedes agregar cualquier contacto nuevo a tus listas de correo electr\u00f3nico antes de enviar tu campa\u00f1a. Cualquier persona que agregues despu\u00e9s de esa fecha\/hora no recibir\u00e1 nada hasta el pr\u00f3ximo borrador.<\/div><\/div><div class=\"acc_item\"><h4 class=\"accordion\"><span class=\"acc_control \"><\/span><span class=\"acc_heading\">\u00bfC\u00f3mo agrego suscriptores manualmente a una lista?<\/span><\/h4><div class=\"accordion_content\">Ingresa las direcciones de correo electr\u00f3nico en el cuadro de texto, un suscriptor por cada rengl\u00f3n. Utiliza comas para separar los detalles adicionales del suscriptor, asegur\u00e1ndote de que los tipos de detalles est\u00e9n en el mismo orden siempre.<\/p>\n<p>Consulta la gu\u00eda de Campaign Monitor <a href=\"https:\/\/help.campaignmonitor.com\/add-subscribers-to-a-list\" target=\"_blank\" rel=\"noopener\"><span style=\"text-decoration: underline;\">aqu\u00ed<\/span><\/a>.<\/div><\/div><div class=\"acc_item\"><h4 class=\"accordion\"><span class=\"acc_control \"><\/span><span class=\"acc_heading\">\u00bfC\u00f3mo exporto mis suscriptores despu\u00e9s de subirlos?<\/span><\/h4><div class=\"accordion_content\">Los detalles del suscriptor se pueden descargar como un archivo CSV (valores separados por comas) o un archivo de texto separado por tabulaciones. Si tienes varias listas, debes descargar cada una como un archivo independiente.<\/p>\n<ol>\n<li>Haz clic en <strong>Listas y suscriptores<\/strong>.<\/li>\n<li>Haz clic en el nombre de una lista para abrir la p\u00e1gina de detalles de la lista, luego, en la barra lateral derecha, haz clic en <strong>Exportar suscriptores<\/strong>.<\/li>\n<li>Utiliza el men\u00fa <strong>Exportar<\/strong> para seleccionar el tipo de suscriptores que quieres descargar, por ejemplo, solo &#8220;Suscriptores activos&#8221; o &#8220;Todos los suscriptores&#8221;.<\/li>\n<li>Elije tu tipo de archivo preferido: CSV o separados por tabulaciones.<\/li>\n<li>Selecciona qu\u00e9 campos de suscriptor incluir en la descarga.<\/li>\n<li>Haz clic en <strong>Exportar suscriptores<\/strong> para descargar el archivo.<\/li>\n<\/ol>\n<p>Consulta la gu\u00eda de Campaign Monitor sobre <a href=\"https:\/\/help.campaignmonitor.com\/export-subscribers\" target=\"_blank\" rel=\"noopener\"><span style=\"text-decoration: underline;\">c\u00f3mo exportar listas aqu\u00ed<\/span><\/a>.<\/div><\/div><div class=\"acc_item\"><h4 class=\"accordion\"><span class=\"acc_control \"><\/span><span class=\"acc_heading\">\u00bfC\u00f3mo elimino suscriptores para que no reciban campa\u00f1as futuras?<\/span><\/h4><div class=\"accordion_content\">Todos los suscriptores que se den de baja de tus campa\u00f1as ser\u00e1n eliminados autom\u00e1ticamente de tu lista activa y no se les enviar\u00e1n campa\u00f1as futuras.<\/p>\n<p>Tambi\u00e9n puedes eliminar suscriptores individualmente o realizar una eliminaci\u00f3n en masa cambiando sus estados a &#8220;Eliminado&#8221; o &#8220;Dado de baja&#8221;. Se conservar\u00e1n sus datos de presentaci\u00f3n de informes y su perfil de suscriptor.<\/p>\n<p>Cambiar el estado de un suscriptor a:<\/p>\n<ul>\n<li><strong>Eliminado:<\/strong> Los elimina de la lista actual, pero no los agrega a la lista de supresi\u00f3n. Si el suscriptor se vuelve a suscribir, autom\u00e1ticamente volver\u00e1 al estado &#8220;Activo&#8221;.<\/li>\n<li><strong>Dado de baja:<\/strong> Los elimina de la lista actual o de todas las listas, seg\u00fan la configuraci\u00f3n de suscripci\u00f3n de la lista. Si est\u00e1 configurado como &#8220;todas las listas&#8221;, el suscriptor tambi\u00e9n se agregar\u00e1 a la lista de supresi\u00f3n.<\/li>\n<\/ul>\n<p>Consulta la gu\u00eda de Campaign Monitor sobre <span style=\"text-decoration: underline;\"><a href=\"https:\/\/help.campaignmonitor.com\/remove-subscribers-from-lists\" target=\"_blank\" rel=\"noopener\">c\u00f3mo eliminar suscriptores de tu lista aqu\u00ed.<\/a><\/span><\/div><\/div><div class=\"acc_item\"><h4 class=\"accordion\"><span class=\"acc_control \"><\/span><span class=\"acc_heading\">\u00bfC\u00f3mo veo qui\u00e9n se ha dado de baja de mis campa\u00f1as?<\/span><\/h4><div class=\"accordion_content\">Cuando se agrega una direcci\u00f3n de correo electr\u00f3nico a una lista de tu cuenta, se crea una &#8220;copia instant\u00e1nea&#8221;, que es un perfil para ese suscriptor en particular en esa lista individual. En la p\u00e1gina de copias instant\u00e1neas, puedes editar los detalles de un suscriptor, cambiar su estado de suscriptor para la lista asociada y ver la actividad de cualquier correo electr\u00f3nico que se le haya enviado.<\/p>\n<p>Consulta la gu\u00eda de Campaign Monitor sobre <span style=\"text-decoration: underline;\"><a href=\"https:\/\/help.campaignmonitor.com\/view-subscriber-profile\" target=\"_blank\" rel=\"noopener\">c\u00f3mo ver el perfil del suscriptor aqu\u00ed.<\/a><\/span><\/div><\/div><\/div>[\/vc_column_inner][\/vc_row_inner]<div class=\"boc_spacing \" style=\"height: 40px\"><\/div>[vc_row_inner][vc_column_inner width=&#8221;1\/3&#8243;][\/vc_column_inner][vc_column_inner width=&#8221;1\/3&#8243;]<a class=\"button vcCE  button-dark\" href=\"https:\/\/help.campaignmonitor.com\/category-lists-and-subscribers\" target=\"_blank\" rel=\"noopener\">M\u00e1s Listas y Preguntas Frecuentes de Suscriptores<\/a>[\/vc_column_inner][vc_column_inner width=&#8221;1\/3&#8243;][\/vc_column_inner][\/vc_row_inner]<div class=\"boc_spacing \" style=\"height: 40px\"><\/div>[\/vc_column][\/vc_row]<\/p>\n<\/div>","protected":false},"excerpt":{"rendered":"<p>[vc_row full_width=&#8221;stretch_row&#8221; content_placement=&#8221;middle&#8221; sf_sec_background=&#8221;bg-black&#8221; css=&#8221;.vc_custom_1710366234142{background-position: center !important;background-repeat: no-repeat !important;background-size: cover !important;}&#8221;][vc_column][vc_row_inner][vc_column_inner width=&#8221;1\/2&#8243;][vc_custom_heading text=&#8221;A\u00f1ada suscriptores a su campa\u00f1a en minutos.&#8221; font_container=&#8221;tag:h1|text_align:left|color:%23ededda&#8221; use_theme_fonts=&#8221;yes&#8221; css=&#8221;&#8221;][vc_custom_heading text=&#8221;&#8221; font_container=&#8221;tag:p|text_align:left|color:%23ededda&#8221; use_theme_fonts=&#8221;yes&#8221; css=&#8221;&#8221;][\/vc_column_inner][vc_column_inner width=&#8221;1\/2&#8243;][vc_video link=&#8221;https:\/\/www.youtube.com\/watch?v=9Pk0Wf7OPwA&#8221; css=&#8221;&#8221;][\/vc_column_inner][\/vc_row_inner][vc_row_inner][vc_column_inner width=&#8221;2\/3&#8243;][\/vc_column_inner][vc_column_inner width=&#8221;1\/6&#8243;][\/vc_column_inner][vc_column_inner width=&#8221;1\/6&#8243;][\/vc_column_inner][\/vc_row_inner][\/vc_column][\/vc_row][vc_row][vc_column][vc_column_text css=&#8221;&#8221;] Importar tu lista de correos electr\u00f3nicos desde un archivo es la forma m\u00e1s r\u00e1pida de agregar suscriptores a tu cuenta. Pero antes de hacerlo, deber\u00e1s asegurarte de<\/p>\n<div class=\"h10\"><\/div>\n<p><a class=\"more-link1\" href=\"https:\/\/partners.extu.com\/es_mx\/como-anadir-suscriptores-2-2\/\">Read more<\/a><\/p>\n","protected":false},"author":18,"featured_media":0,"parent":0,"menu_order":0,"comment_status":"closed","ping_status":"closed","template":"","meta":{"_acf_changed":false,"om_disable_all_campaigns":false,"footnotes":""},"class_list":["post-15429","page","type-page","status-publish","hentry"],"acf":{"footer_box_text":"","footer_form":""},"_links":{"self":[{"href":"https:\/\/partners.extu.com\/es_mx\/wp-json\/wp\/v2\/pages\/15429","targetHints":{"allow":["GET"]}}],"collection":[{"href":"https:\/\/partners.extu.com\/es_mx\/wp-json\/wp\/v2\/pages"}],"about":[{"href":"https:\/\/partners.extu.com\/es_mx\/wp-json\/wp\/v2\/types\/page"}],"author":[{"embeddable":true,"href":"https:\/\/partners.extu.com\/es_mx\/wp-json\/wp\/v2\/users\/18"}],"replies":[{"embeddable":true,"href":"https:\/\/partners.extu.com\/es_mx\/wp-json\/wp\/v2\/comments?post=15429"}],"version-history":[{"count":0,"href":"https:\/\/partners.extu.com\/es_mx\/wp-json\/wp\/v2\/pages\/15429\/revisions"}],"wp:attachment":[{"href":"https:\/\/partners.extu.com\/es_mx\/wp-json\/wp\/v2\/media?parent=15429"}],"curies":[{"name":"wp","href":"https:\/\/api.w.org\/{rel}","templated":true}]}}