{"id":15428,"date":"2021-06-29T08:23:52","date_gmt":"2021-06-29T08:23:52","guid":{"rendered":"http:\/\/partners.oneaffiniti.com\/lista-blanca-de-correos-electronicos-de-oneaffiniti\/"},"modified":"2021-07-23T15:47:56","modified_gmt":"2021-07-23T15:47:56","slug":"lista-blanca-de-correos-electronicos-de-oneaffiniti","status":"publish","type":"page","link":"https:\/\/partners.extu.com\/es_mx\/lista-blanca-de-correos-electronicos-de-oneaffiniti\/","title":{"rendered":"Lista blanca de correos electr\u00f3nicos de Extu"},"content":{"rendered":"<div class=\"wpb-content-wrapper\"><p>[vc_row][vc_column][\/vc_column][\/vc_row][vc_row full_width=&#8221;stretch_row&#8221; css=&#8221;.vc_custom_1522823389956{background-color: #e5ebe7 !important;}&#8221;][vc_column]<div class=\"boc_spacing \" style=\"height: 20px\"><\/div><p class=\"boc_heading  center  \"  style=\"margin-bottom: 20px;margin-top: 0px;color: #333;\"><span>Mantener la comunicaci\u00f3n abierta<\/span><\/p><h2 class=\"boc_heading  center  \"  style=\"margin-bottom: 20px;margin-top: 0px;color: #333;\"><span>Lista blanca de correos electr\u00f3nicos de Extu<\/span><\/h2><div class=\"boc_spacing \" style=\"height: 20px\"><\/div>[\/vc_column][\/vc_row][vc_row][vc_column]<div class=\"boc_spacing \" style=\"height: 50px\"><\/div>[\/vc_column][\/vc_row][vc_row][vc_column width=&#8221;2\/3&#8243;][vc_row_inner][vc_column_inner]<h3 class=\"boc_heading  al_left  \"  style=\"margin-bottom: 20px;margin-top: 0px;color: #333;\"><span>Lista blanca de correo electr\u00f3nico<\/span><\/h3>[vc_column_text]En Extu, utilizamos los correos electr\u00f3nicos como la forma principal de enviarle informaci\u00f3n oportuna sobre cu\u00e1ndo tomar medidas, cu\u00e1ndo revisar su campa\u00f1a y cu\u00e1ndo hacer un seguimiento de un nuevo cliente potencial generado a partir de su campa\u00f1a.<\/p>\n<p>Por eso es importante que marque nuestras direcciones de correo electr\u00f3nico como seguras para que pueda seguir recibiendo informaci\u00f3n importante relacionada con el servicio.<\/p>\n<p>Hemos reunido esta gu\u00eda sobre qu\u00e9 es una lista blanca, c\u00f3mo incluirla y cu\u00e1les son los correos electr\u00f3nicos de Extu que debe a\u00f1adir a su lista de contactos.[\/vc_column_text]<div class=\"side_icon_box normal  boc_animate_when_almost_visible\"><span class=\"icon_feat \" style=\"\"><i class=\"icon icon-info-circle\" style=\"color: #1e3869;\"><\/i><\/span><h3><\/h3><div class=\"side_icon_box_content\">\u00bfListo para incluir nuestros correos electr\u00f3nicos en la lista blanca? <a style=\"text-decoration: underline;\" href=\"https:\/\/www.campaignmonitor.com\/resources\/guides\/whitelisting\/\" target=\"_blank\" rel=\"noopener\">Consulte las instrucciones para su cliente de correo electr\u00f3nico<\/a>.<\/div><\/div><div class=\"boc_spacing \" style=\"height: 20px\"><\/div>[\/vc_column_inner][\/vc_row_inner][vc_row_inner][vc_column_inner]<h3 class=\"boc_heading  al_left  \"  style=\"margin-bottom: 20px;margin-top: 0px;color: #333;\"><span>Qu\u00e9 es una lista blanca de correo electr\u00f3nico<\/span><\/h3>[vc_column_text]La <strong>lista blanca de correo electr\u00f3nico<\/strong> es una forma en que los proveedores de correo electr\u00f3nico (como Outlook) asignan privilegios especiales a ciertos remitentes o dominios de confianza. B\u00e1sicamente, permite que los correos electr\u00f3nicos de ciertas fuentes, como Extu, puedan llegar a su bandeja de entrada.<\/p>\n<p>Una <strong>lista blanca de correo electr\u00f3nico<\/strong> es una lista de remitentes de correo electr\u00f3nico aprobados o \u00abseguros\u00bb que le <i>dice<\/i> a su cliente de correo electr\u00f3nico que conoce y conf\u00eda en la direcci\u00f3n de correo electr\u00f3nico de la que recibe los mensajes. La mayor\u00eda de las veces, los usuarios tienen que a\u00f1adir manualmente un dominio o la direcci\u00f3n de un remitente a la lista blanca dentro de su cliente de correo electr\u00f3nico. El proceso var\u00eda entre los diferentes clientes de correo electr\u00f3nico.[\/vc_column_text]<div class=\"boc_spacing \" style=\"height: 20px\"><\/div>[\/vc_column_inner][\/vc_row_inner][vc_row_inner][vc_column_inner]<h3 class=\"boc_heading  al_left  \"  style=\"margin-bottom: 20px;margin-top: 0px;color: #333;\"><span>Beneficios de la lista blanca<\/span><\/h3>[vc_column_text]<\/p>\n<ul>\n<li>La inclusi\u00f3n en listas blancas de correo electr\u00f3nico conduce a una <b>mejorada capacidad de entrega<\/b><\/li>\n<li>Nos aseguramos de que <b>no se pierda<\/b> ning\u00fan correo electr\u00f3nico. Despu\u00e9s de todo, los correos electr\u00f3nicos son la forma en que nos aseguramos de comunicarle mensajes relevantes y oportunos.<\/li>\n<li>Nos aseguramos de que nuestros correos electr\u00f3nicos de servicio lleguen <b>siempre<\/b> a su bandeja de entrada.<\/li>\n<\/ul>\n<p>[\/vc_column_text]<div class=\"boc_spacing \" style=\"height: 20px\"><\/div>[\/vc_column_inner][\/vc_row_inner][vc_row_inner][vc_column_inner]<h3 class=\"boc_heading  al_left  \"  style=\"margin-bottom: 20px;margin-top: 0px;color: #333;\"><span>Correos electr\u00f3nicos de Extu para incluir en la lista blanca<\/span><\/h3>[vc_column_text]<\/p>\n<p class=\"CDt4Ke zfr3Q\" dir=\"ltr\"><strong>Correos electr\u00f3nicos de servicio<\/strong><\/p>\n<p class=\"CDt4Ke zfr3Q\" dir=\"ltr\">Los siguientes correos electr\u00f3nicos provienen de nuestros sistemas internos y contienen informaci\u00f3n importante y urgente sobre su campa\u00f1a y programa. Debe a\u00f1adir estos correos electr\u00f3nicos a su lista de contactos para asegurarse de que lleguen a su bandeja de entrada.<\/p>\n<ul>\n<li><a style=\"text-decoration: underline;\" href=\"mailto:campaigns@c.oneaffiniti.com\">campaigns@c.oneaffiniti.com<\/a>: borradores de campa\u00f1a y solicitudes de contenido personalizado<\/li>\n<li class=\"CDt4Ke zfr3Q\"><a style=\"text-decoration: underline;\" href=\"mailto:sales@p.oneaffiniti.com\">sales@p.oneaffiniti.com<\/a>: recordatorios de informes de ventas<\/li>\n<li class=\"CDt4Ke zfr3Q\"><a style=\"text-decoration: underline;\" href=\"mailto:hello@p.oneaffiniti.com\">hello@p.oneaffiniti.com <\/a>: actualizaciones generales del programa<\/li>\n<li class=\"CDt4Ke zfr3Q\"><a style=\"text-decoration: underline;\" href=\"mailto:leads@f.oneaffiniti.com\">leads@f.oneaffiniti.com<\/a>: notificaciones de clientes potenciales<\/li>\n<li class=\"CDt4Ke zfr3Q\"><a style=\"text-decoration: underline;\" href=\"mailto:notifications@f.oneaffiniti.com\">notifications@f.oneaffiniti.com<\/a>: notificaciones de formulario<\/li>\n<\/ul>\n<p class=\"CDt4Ke zfr3Q\" dir=\"ltr\"><strong>Dominios de terceros<\/strong><\/p>\n<p class=\"CDt4Ke zfr3Q\" dir=\"ltr\">Los correos electr\u00f3nicos de nuestra plataforma de correo de terceros Campaign Monitor tambi\u00e9n deben incluirse en la lista blanca para garantizar que reciba actualizaciones importantes, como invitaciones a la cuenta y correos electr\u00f3nicos de confirmaci\u00f3n.<\/p>\n<p class=\"CDt4Ke zfr3Q\" dir=\"ltr\">Nuestros dominios de env\u00edo actuales para incluir en la lista blanca son:<\/p>\n<ul>\n<li class=\"CDt4Ke zfr3Q\"><a class=\"XqQF9c rXJpyf\" style=\"text-decoration: underline;\" href=\"http:\/\/www.google.com\/url?q=http%3A%2F%2Fcmail.com%2F&amp;sa=D&amp;sntz=1&amp;usg=AFQjCNG9pkKDn634M8joCUpPMOrAyhN6Ew\" target=\"_blank\" rel=\"noopener\">cmail.com<\/a>, de <a class=\"XqQF9c rXJpyf\" style=\"text-decoration: underline;\" href=\"http:\/\/www.google.com\/url?q=http%3A%2F%2Fcmail1.com%2F&amp;sa=D&amp;sntz=1&amp;usg=AFQjCNEEY9k9l2-_rmOEdqpMryPgo1xnIA\" target=\"_blank\" rel=\"noopener\">cmail1.com<\/a> a <a class=\"XqQF9c rXJpyf\" style=\"text-decoration: underline;\" href=\"http:\/\/www.google.com\/url?q=http%3A%2F%2Fcmail20.com%2F&amp;sa=D&amp;sntz=1&amp;usg=AFQjCNHax8pqzj1RNf-s2ELczWfe_n42uw\" target=\"_blank\" rel=\"noopener\">cmail20.com<\/a><\/li>\n<li class=\"CDt4Ke zfr3Q\"><a class=\"XqQF9c rXJpyf\" style=\"text-decoration: underline;\" href=\"http:\/\/www.google.com\/url?q=http%3A%2F%2Fcreatesend.com%2F&amp;sa=D&amp;sntz=1&amp;usg=AFQjCNHQLT_Oqwtv6UqtHi-bTN-uGgVCXg\" target=\"_blank\" rel=\"noopener\">createsend.com<\/a>, de <a class=\"XqQF9c rXJpyf\" style=\"text-decoration: underline;\" href=\"http:\/\/www.google.com\/url?q=http%3A%2F%2Fcreatesend1.com%2F&amp;sa=D&amp;sntz=1&amp;usg=AFQjCNEaq9QvX9AdmDnDKlsg3vyAp109pg\" target=\"_blank\" rel=\"noopener\">createsend1.com<\/a> a <a class=\"XqQF9c rXJpyf\" style=\"text-decoration: underline;\" href=\"http:\/\/www.google.com\/url?q=http%3A%2F%2Fcreatesend20.com%2F&amp;sa=D&amp;sntz=1&amp;usg=AFQjCNFr3Mvqe1RNd591VhiEiGI6aPIW7w\" target=\"_blank\" rel=\"noopener\">createsend20.com<\/a><\/li>\n<\/ul>\n<p class=\"CDt4Ke zfr3Q\" dir=\"ltr\">Vea todas las direcciones IP de Campaign Monitor aqu\u00ed: <span class=\" aw5Odc\"><a class=\"XqQF9c\" style=\"text-decoration: underline;\" href=\"https:\/\/www.google.com\/url?q=https%3A%2F%2Fhelp.campaignmonitor.com%2Fwhitelist-campaign-monitors-addresses&amp;sa=D&amp;sntz=1&amp;usg=AFQjCNHOn3DBiiCwqa4EtLjpTo7HduDBaA\" target=\"_blank\" rel=\"noopener\">https:\/\/help.campaignmonitor.com\/whitelist-campaign-monitors-addresses<\/a><\/span><\/p>\n<p class=\"CDt4Ke zfr3Q\" dir=\"ltr\"><strong>Bandejas de entrada de soporte<\/strong><\/p>\n<p class=\"CDt4Ke zfr3Q\" dir=\"ltr\">Si tiene alguna pregunta o cambio sobre la campa\u00f1a, env\u00ede un correo electr\u00f3nico a nuestro equipo de soporte de campa\u00f1a a <a style=\"text-decoration: underline;\" href=\"mailto:support@oneaffiniti.com\">support@oneaffiniti.com<\/a>.<\/p>\n<p>[\/vc_column_text]<div class=\"boc_spacing \" style=\"height: 20px\"><\/div>[\/vc_column_inner][\/vc_row_inner][vc_row_inner][vc_column_inner]<h3 class=\"boc_heading  al_left  \"  style=\"margin-bottom: 20px;margin-top: 0px;color: #333;\"><span>C\u00f3mo incluir en la lista blanca<\/span><\/h3>[vc_column_text]La inclusi\u00f3n en la lista blanca es una tarea r\u00e1pida y \u00fanica para garantizar que el remitente de un correo electr\u00f3nico se a\u00f1ade a la libreta de direcciones del destinatario o a la lista de remitentes seguros. El proceso es diferente para varios clientes de correo electr\u00f3nico. Para simplificar esta tarea, hemos descrito los procedimientos de inclusi\u00f3n en listas blancas para algunos de los clientes de correo electr\u00f3nico m\u00e1s populares.<\/p>\n<p>Para ver c\u00f3mo incluir en la lista blanca diferentes clientes, consulte <a href=\"https:\/\/www.campaignmonitor.com\/resources\/guides\/whitelisting\/\" target=\"_blank\" rel=\"noopener\">esta gu\u00eda de Campaign Monitor<\/a>.<\/p>\n<p id=\"outlookcom\"><strong>Lista blanca de Outlook.com<\/strong><\/p>\n<p>Incluir en la lista blanca un dominio o una direcci\u00f3n de correo electr\u00f3nico espec\u00edfica en Outlook.com es igual de f\u00e1cil y funciona a\u00f1adiendo la direcci\u00f3n o el dominio en cuesti\u00f3n a un grupo llamado \u00abremitentes seguros\u00bb. Una direcci\u00f3n que se haya a\u00f1adido a remitentes seguros se enviar\u00e1 a su bandeja de entrada independientemente de sus filtros de correo no deseado. Para a\u00f1adir una direcci\u00f3n o dominio a remitentes seguros:<\/p>\n<ol>\n<li style=\"list-style-type: none;\">\n<ol>\n<li>Haga clic en \u00abConfiguraci\u00f3n\u00bb y, a continuaci\u00f3n, en \u00abVer todas las configuraciones de Outlook\u00bb.<\/li>\n<li>Vaya a \u00abCorreo no deseado\u00bb y, despu\u00e9s, elija \u00abRemitentes y dominios seguros\u00bb o \u00abListas de correo seguras\u00bb para seleccionar el dominio o correo electr\u00f3nico que desea incluir en la lista blanca.<\/li>\n<li>Introduzca el nombre de dominio o la direcci\u00f3n de correo electr\u00f3nico que desea a\u00f1adir a Remitentes seguros. Aseg\u00farese de incluir el car\u00e1cter @ para los nombres de dominio a fin de incluir solo en la lista blanca los correos electr\u00f3nicos con la cadena exacta de caracteres que ingres\u00f3 (y nada m\u00e1s).<\/li>\n<\/ol>\n<\/li>\n<\/ol>\n<div class=\"article-media\"><img decoding=\"async\" class=\" lazyloaded\" src=\"https:\/\/clean.email\/user\/pages\/how-to-whitelist-an-email\/cleanout.jpg\" alt=\"C\u00f3mo incluir en la lista blanca un correo electr\u00f3nico en Outlook\" data-src=\"\/user\/pages\/how-to-whitelist-an-email\/cleanout.jpg\" data-srcset=\"\/user\/pages\/how-to-whitelist-an-email\/cleanout-2x.jpg 2x\" \/><\/div>\n<p>Alternativamente, puede simplemente a\u00f1adir una direcci\u00f3n de correo electr\u00f3nico individual que le haya enviado un mensaje a sus Contactos de Outlook. Aunque conducen al mismo resultado, este m\u00e9todo es m\u00e1s r\u00e1pido y m\u00e1s eficiente que introducir informaci\u00f3n manualmente.<\/p>\n<p>Despu\u00e9s de abrir un mensaje de correo electr\u00f3nico, deber\u00eda aparecer un mensaje de alerta indicando \u00abSe han bloqueado partes de este mensaje por su seguridad\u00bb. Debajo de esto, haga clic en el enlace con \u00abConf\u00edo en sender@theirdomain.com.\u00a0Mostrar siempre el contenido\u00bb:<\/p>\n<p><img loading=\"lazy\" decoding=\"async\" class=\"fullimage alignnone\" src=\"https:\/\/www.campaignmonitor.com\/wp-content\/themes\/cm-theme\/assets\/images\/guides\/outlook-com.png\" alt=\"Ejemplo de lista blanca de correo electr\u00f3nico de Yahoo\" width=\"679\" height=\"200\" \/><\/p>\n<p id=\"gmail\"><strong>Lista blanca de Gmail<\/strong><\/p>\n<p>Obtener todos los correos electr\u00f3nicos futuros de un remitente para que aparezcan en la pesta\u00f1a \u00abPrincipal\u00bb (en lugar de \u00abPromociones\u00bb o en cualquier otro lugar) es un proceso r\u00e1pido.<\/p>\n<ol>\n<li>Haga clic en el bot\u00f3n de configuraci\u00f3n (en la esquina superior derecha de la pantalla) y, a continuaci\u00f3n, seleccione \u00abConfiguraci\u00f3n\u00bb en el men\u00fa desplegable resultante.<\/li>\n<li>Navegue a la pesta\u00f1a etiquetada \u00abDirecciones filtradas y bloqueadas\u00bb para acceder a la informaci\u00f3n sobre sus filtros existentes.<\/li>\n<li>Seleccione \u00abCrear un nuevo filtro\u00bb e introduzca los correos electr\u00f3nicos o dominios que desea incluir en la lista blanca. Para incluir una sola direcci\u00f3n de correo electr\u00f3nico en la lista blanca, por ejemplo, escriba la direcci\u00f3n completa. Por otro lado, si est\u00e1 intentando incluir en la lista blanca a todos los remitentes de un determinado dominio, escriba el dominio solo, como \u00ab@dominio.com\u00bb. Esto le indicar\u00e1 a Gmail que apruebe todos los mensajes de ese dominio.<\/li>\n<li>Haga clic en \u00abCrear filtro\u00bb para aprobar el nuevo filtro y, despu\u00e9s, marque \u00abNo enviar nunca a Spam\u00bb para incluir en la lista blanca todos los correos electr\u00f3nicos dentro del filtro. Tambi\u00e9n puede elegir Destacar estos correos electr\u00f3nicos, aplicar una etiqueta determinada o marcarlos como importantes.<\/li>\n<\/ol>\n<div class=\"article-media\"><img decoding=\"async\" class=\" lazyloaded\" src=\"https:\/\/clean.email\/user\/pages\/how-to-whitelist-an-email\/cleangmail.jpg\" alt=\"C\u00f3mo incluir en la lista blanca un correo electr\u00f3nico en Gmail\" data-src=\"\/user\/pages\/how-to-whitelist-an-email\/cleangmail.jpg\" data-srcset=\"\/user\/pages\/how-to-whitelist-an-email\/cleangmail-2x.jpg 2x\" \/><\/div>\n<h6><strong><em><a href=\"https:\/\/clean.email\/how-to-whitelist-an-email\" target=\"_blank\" rel=\"noopener\">Cr\u00e9dito de la imagen: Correo electr\u00f3nico limpio<\/a><\/em><\/strong><\/h6>\n<p>Alternativamente, puede simplemente arrastrar y soltar el mensaje de correo electr\u00f3nico desde debajo de la pesta\u00f1a en la que est\u00e1 actualmente archivado a la pesta\u00f1a \u00abPrincipal\u00bb:<\/p>\n<p><img loading=\"lazy\" decoding=\"async\" class=\"fullimage alignnone\" src=\"https:\/\/www.campaignmonitor.com\/wp-content\/themes\/cm-theme\/assets\/images\/guides\/gmail-part-1.png\" alt=\"Ejemplo de lista blanca de correo electr\u00f3nico de Gmail\" width=\"679\" height=\"200\" \/><\/p>\n<p>Una vez hecho esto, aparecer\u00e1 una alerta de mensaje con: \u00abEsta conversaci\u00f3n se ha movido a Principal. \u00bfHacer esto para todos los mensajes futuros de sender@theirdomain.com?\u00bb Seleccionar \u00abS\u00ed\u00bb:<\/p>\n<p><img loading=\"lazy\" decoding=\"async\" class=\"fullimage alignnone\" src=\"https:\/\/www.campaignmonitor.com\/wp-content\/themes\/cm-theme\/assets\/images\/guides\/gmail-part-2.png\" alt=\"Ejemplo de correo electr\u00f3nico de remitente seguro de Gmail\" width=\"679\" height=\"200\" \/>[\/vc_column_text]<div class=\"side_icon_box normal  boc_animate_when_almost_visible\"><span class=\"icon_feat \" style=\"\"><i class=\"icon icon-info-circle\" style=\"color: #1e3869;\"><\/i><\/span><h3><\/h3><div class=\"side_icon_box_content\">Consulte <a style=\"text-decoration: underline;\" href=\"https:\/\/www.campaignmonitor.com\/resources\/guides\/whitelisting\/\" target=\"_blank\" rel=\"noopener\">esta gu\u00eda de Campaign Monitor<\/a> para obtener instrucciones sobre c\u00f3mo incluir en la lista blanca otros clientes de correo electr\u00f3nico.<\/div><\/div><div class=\"boc_spacing \" style=\"height: 20px\"><\/div>[\/vc_column_inner][\/vc_row_inner][\/vc_column][vc_column width=&#8221;1\/3&#8243;][\/vc_column][\/vc_row][vc_row][vc_column]<div class=\"boc_spacing \" style=\"height: 80px\"><\/div>[\/vc_column][\/vc_row]<\/p>\n<\/div>","protected":false},"excerpt":{"rendered":"<p>[vc_row][vc_column][\/vc_column][\/vc_row][vc_row full_width=&#8221;stretch_row&#8221; css=&#8221;.vc_custom_1522823389956{background-color: #e5ebe7 !important;}&#8221;][vc_column][\/vc_column][\/vc_row][vc_row][vc_column][\/vc_column][\/vc_row][vc_row][vc_column width=&#8221;2\/3&#8243;][vc_row_inner][vc_column_inner][vc_column_text]En Extu, utilizamos los correos electr\u00f3nicos como la forma principal de enviarle informaci\u00f3n oportuna sobre cu\u00e1ndo tomar medidas, cu\u00e1ndo revisar su campa\u00f1a y cu\u00e1ndo hacer un seguimiento de un nuevo cliente potencial generado a partir de su campa\u00f1a. Por eso es importante que marque nuestras direcciones de correo electr\u00f3nico como seguras para que pueda seguir<\/p>\n<div class=\"h10\"><\/div>\n<p><a class=\"more-link1\" href=\"https:\/\/partners.extu.com\/es_mx\/lista-blanca-de-correos-electronicos-de-oneaffiniti\/\">Read more<\/a><\/p>\n","protected":false},"author":18,"featured_media":0,"parent":0,"menu_order":0,"comment_status":"closed","ping_status":"closed","template":"","meta":{"_acf_changed":false,"om_disable_all_campaigns":false,"footnotes":""},"class_list":["post-15428","page","type-page","status-publish","hentry"],"acf":{"footer_box_text":"","footer_form":""},"_links":{"self":[{"href":"https:\/\/partners.extu.com\/es_mx\/wp-json\/wp\/v2\/pages\/15428","targetHints":{"allow":["GET"]}}],"collection":[{"href":"https:\/\/partners.extu.com\/es_mx\/wp-json\/wp\/v2\/pages"}],"about":[{"href":"https:\/\/partners.extu.com\/es_mx\/wp-json\/wp\/v2\/types\/page"}],"author":[{"embeddable":true,"href":"https:\/\/partners.extu.com\/es_mx\/wp-json\/wp\/v2\/users\/18"}],"replies":[{"embeddable":true,"href":"https:\/\/partners.extu.com\/es_mx\/wp-json\/wp\/v2\/comments?post=15428"}],"version-history":[{"count":0,"href":"https:\/\/partners.extu.com\/es_mx\/wp-json\/wp\/v2\/pages\/15428\/revisions"}],"wp:attachment":[{"href":"https:\/\/partners.extu.com\/es_mx\/wp-json\/wp\/v2\/media?parent=15428"}],"curies":[{"name":"wp","href":"https:\/\/api.w.org\/{rel}","templated":true}]}}