{"id":15420,"date":"2021-06-29T08:23:40","date_gmt":"2021-06-29T08:23:40","guid":{"rendered":"http:\/\/partners.oneaffiniti.com\/primeros-pasos\/"},"modified":"2021-07-28T12:13:02","modified_gmt":"2021-07-28T12:13:02","slug":"primeros-pasos","status":"publish","type":"page","link":"https:\/\/partners.extu.com\/es_mx\/primeros-pasos\/","title":{"rendered":"Primeros pasos"},"content":{"rendered":"<div class=\"wpb-content-wrapper\"><p>[vc_row full_width=&#8221;stretch_row&#8221; content_placement=&#8221;middle&#8221; css=&#8221;.vc_custom_1573710789675{background-image: url(https:\/\/partners.extu.com\/wp-content\/uploads\/2019\/11\/Navy-Pattern.png?id=8737) !important;background-position: center !important;background-repeat: no-repeat !important;background-size: cover !important;}&#8221;][vc_column width=&#8221;1\/2&#8243;]<div class=\"boc_spacing \" style=\"height: 40px\"><\/div><h2 class=\"boc_heading  center  \"  style=\"margin-bottom: 20px;margin-top: 0px;color: #ffffff;\"><span>Primeros pasos con su primera campa\u00f1a<\/span><\/h2><h3 class=\"boc_heading  center  \"  style=\"margin-bottom: 20px;margin-top: 0px;color: #ffffff;\"><span>Es tan f\u00e1cil como 1, 2, 3.<\/span><\/h3><div class=\"boc_spacing \" style=\"height: 60px\"><\/div>[\/vc_column][vc_column width=&#8221;1\/2&#8243;][vc_single_image img_size=&#8221;boc_medium&#8221; source=&#8221;external_link&#8221; custom_src=&#8221;https:\/\/cdn.brandfolder.io\/8TODOWLK\/as\/7p5rn5tgn7n8xj35j8p79sr\/Partner-coordinator-Banner.gif?position=2&#8243;]<div class=\"boc_spacing \" style=\"height: 40px\"><\/div>[\/vc_column][\/vc_row][vc_row][vc_column]<div class=\"boc_spacing \" style=\"height: 20px\"><\/div>[vc_row_inner][vc_column_inner]<div class=\"boc_spacing \" style=\"height: 20px\"><\/div><h3 class=\"boc_heading  center  \"  style=\"margin-bottom: 20px;margin-top: 0px;color: #333;\"><span>Esto es lo que debe hacer a continuaci\u00f3n mientras nuestro equipo prepara su primera campa\u00f1a<\/span><\/h3><div class=\"boc_spacing \" style=\"height: 20px\"><\/div>[\/vc_column_inner][\/vc_row_inner][vc_row_inner][vc_column_inner width=&#8221;1\/3&#8243;]<div id=\"top_icon_box_64899\" class=\"top_icon_box type1  \"><div class=\"icon_holder\"><div class=\"icon_bgr\"><\/div><div class=\"icon_center\"><i class=\"icon icon-upload2\"><\/i><\/div><\/div><h3>A\u00f1adir su lista de objetivos<\/h3><p>Cargar la lista de suscriptores de correo electr\u00f3nico en la cuenta de Campaign Monitor<\/p><\/div>[\/vc_column_inner][vc_column_inner width=&#8221;1\/3&#8243;]<div id=\"top_icon_box_10078\" class=\"top_icon_box type1  \"><div class=\"icon_holder\"><div class=\"icon_bgr\"><\/div><div class=\"icon_center\"><i class=\"icon icon-check-square\"><\/i><\/div><\/div><h3>Completar la configuraci\u00f3n<\/h3><p><span style=\"font-weight: 400;\">Completar el cuestionario de marketing e invitar a los miembros relevantes del equipo a unirse al programa<\/span><\/p><\/div>[\/vc_column_inner][vc_column_inner width=&#8221;1\/3&#8243;]<div id=\"top_icon_box_50892\" class=\"top_icon_box type1  \"><div class=\"icon_holder\"><div class=\"icon_bgr\"><\/div><div class=\"icon_center\"><i class=\"icon icon-search3\"><\/i><\/div><\/div><h3>Revisar su campa\u00f1a<\/h3><p><span style=\"font-weight: 400;\">Comprobar el primer borrador de la campa\u00f1a para ver si hay alguna marca en los cambios de contenido<\/span><\/p><\/div>[\/vc_column_inner][\/vc_row_inner]<div class=\"boc_spacing \" style=\"height: 60px\"><\/div>[\/vc_column][\/vc_row][vc_row full_width=&#8221;stretch_row&#8221; css=&#8221;.vc_custom_1614298461250{background-color: #e5ebe7 !important;}&#8221; el_id=&#8221;your-list&#8221;][vc_column width=&#8221;1\/2&#8243;]<div class=\"boc_spacing \" style=\"height: 40px\"><\/div><h3 class=\"boc_heading  al_left  \"  style=\"margin-bottom: 20px;margin-top: 0px;color: #333333;\"><span>Preparar y cargar su lista<\/span><\/h3><div class=\"boc_spacing \" style=\"height: 20px\"><\/div>[vc_column_text]Para comenzar a enviar campa\u00f1as, deber\u00e1 cargar la lista de suscriptores a su cuenta de Campaign Monitor. <span style=\"font-weight: 400;\">Puede actualizar o eliminar suscriptores en cualquier momento.\u00a0<\/span><\/p>\n<p>Importar su lista de correo electr\u00f3nico desde un archivo es la forma m\u00e1s r\u00e1pida de a\u00f1adir suscriptores. Querr\u00e1 asegurarse de que su archivo est\u00e9 listo para importar siguiendo estos pasos:<\/p>\n<ol>\n<li>Aseg\u00farese de que la lista est\u00e9 actualizada<\/li>\n<li>Aseg\u00farese de que su lista tenga el formato correcto<\/li>\n<li>Elimine pesta\u00f1as adicionales<\/li>\n<\/ol>\n<p>Si bien se requiere un m\u00ednimo de 50 direcciones de correo electr\u00f3nico para comenzar a enviar, recomendamos trabajar hasta tener una lista de destino de m\u00e1s de 200 suscriptores de correo electr\u00f3nico para obtener resultados \u00f3ptimos.[\/vc_column_text]<a\thref=\"https:\/\/partners.extu.com\/how-to-add-subscribers\/\" \n\t\t\t\tclass=\"button btn_medium btn_theme_color btn_rounded btn_normal_style    \"  target='_blank'><span>aprender m\u00e1s sobre c\u00f3mo a\u00f1adir suscriptores<\/span><\/a><div class=\"boc_spacing \" style=\"height: 60px\"><\/div>[\/vc_column][vc_column width=&#8221;1\/2&#8243;]<div class=\"boc_spacing \" style=\"height: 20px\"><\/div>[vc_single_image source=&#8221;external_link&#8221; image=&#8221;8882&#8243; custom_src=&#8221;https:\/\/cdn.brandfolder.io\/8TODOWLK\/as\/78fwkbps4m5rsmbvvfz\/Add-Subscribers.gif&#8221;][\/vc_column][\/vc_row][vc_row full_width=&#8221;stretch_row&#8221; disable_element=&#8221;yes&#8221;][vc_column width=&#8221;1\/2&#8243;]<div class=\"boc_spacing \" style=\"height: 40px\"><\/div><h3 class=\"boc_heading  al_left  \"  style=\"margin-bottom: 20px;margin-top: 0px;color: #333333;\"><span>Gestionar su lista y la participaci\u00f3n de los suscriptores<\/span><\/h3><div class=\"boc_spacing \" style=\"height: 20px\"><\/div>[vc_column_text]<\/p>\n<p class=\"boc_heading center \" style=\"text-align: left;\">Reciba informaci\u00f3n \u00fatil para mejorar su campa\u00f1a con los an\u00e1lisis de Campaign Monitor y administre su lista de suscriptores.<\/p>\n<p>[\/vc_column_text]<a\thref=\"https:\/\/partners.extu.com\/analytics\/\" \n\t\t\t\tclass=\"button btn_medium btn_theme_color btn_rounded btn_normal_style    \"  target='_self'><span>M\u00e1s informaci\u00f3n<\/span><\/a><div class=\"boc_spacing \" style=\"height: 60px\"><\/div>[\/vc_column][vc_column width=&#8221;1\/2&#8243;]<div class=\"boc_spacing \" style=\"height: 20px\"><\/div>[vc_single_image image=&#8221;10540&#8243;][\/vc_column][\/vc_row][vc_row full_width=&#8221;stretch_row&#8221; el_id=&#8221;complete-setup&#8221;][vc_column width=&#8221;1\/2&#8243;]<div class=\"boc_spacing \" style=\"height: 40px\"><\/div><h3 class=\"boc_heading  al_left  \"  style=\"margin-bottom: 20px;margin-top: 0px;color: #333333;\"><span>Completar la configuraci\u00f3n de su cuenta<\/span><\/h3><div class=\"boc_spacing \" style=\"height: 20px\"><\/div>[vc_column_text]Para garantizar el m\u00e1ximo \u00e9xito en el programa, recomendamos completar los siguientes pasos para tener la informaci\u00f3n m\u00e1s actualizada sobre usted y su empresa:<\/p>\n<ul>\n<li style=\"font-weight: 400;\"><span style=\"font-weight: 400;\">Cuestionario de marketing<\/span><\/li>\n<li style=\"font-weight: 400;\"><span style=\"font-weight: 400;\">Establezca sus preferencias de comunicaci\u00f3n<\/span><\/li>\n<li style=\"font-weight: 400;\"><span style=\"font-weight: 400;\">A\u00f1ada los miembros de su equipo<\/span><\/li>\n<li style=\"font-weight: 400;\"><span style=\"font-weight: 400;\">Marque un recordatorio que reciba mensualmente<\/span><\/li>\n<\/ul>\n<p>[\/vc_column_text]<a\thref=\"https:\/\/partners.extu.com\/account-setup\/\" \n\t\t\t\tclass=\"button btn_medium btn_theme_color btn_rounded btn_normal_style    \"  target='_blank'><span>aprender m\u00e1s sobre c\u00f3mo completar su configuraci\u00f3n<\/span><\/a><div class=\"boc_spacing \" style=\"height: 60px\"><\/div>[\/vc_column][vc_column width=&#8221;1\/2&#8243;]<div class=\"boc_spacing \" style=\"height: 20px\"><\/div>[vc_single_image source=&#8221;external_link&#8221; custom_src=&#8221;https:\/\/cdn.brandfolder.io\/8TODOWLK\/as\/n4sw9mkp53r7nzpk77bmbv\/Account-Set-Up.gif?position=2&#8243;][\/vc_column][\/vc_row][vc_row full_width=&#8221;stretch_row&#8221; css=&#8221;.vc_custom_1614355172836{background-color: #e5ebe7 !important;}&#8221; el_id=&#8221;review-approve&#8221;][vc_column width=&#8221;1\/2&#8243;]<div class=\"boc_spacing \" style=\"height: 40px\"><\/div><h3 class=\"boc_heading  al_left  \"  style=\"margin-bottom: 20px;margin-top: 0px;color: #333333;\"><span>Revisar y aprobar la campa\u00f1a<\/span><\/h3><div class=\"boc_spacing \" style=\"height: 20px\"><\/div>[vc_column_text]<span style=\"font-weight: 400;\">Combinamos una mezcla de liderazgo intelectual, proveedor y contenido de generaci\u00f3n de clientes potenciales para crear una campa\u00f1a \u00fanica con la marca de su empresa.<\/span><\/p>\n<p><span style=\"font-weight: 400;\">Una vez que su borrador est\u00e9 listo, le enviaremos un correo electr\u00f3nico con un enlace para <\/span><b>revisar<\/b><span style=\"font-weight: 400;\"> su campa\u00f1a del mes.\u00a0<\/span><\/p>\n<p><span style=\"font-weight: 400;\">Si est\u00e1 satisfecho con c\u00f3mo queda, no realice ninguna acci\u00f3n y su campa\u00f1a <\/span><b>se programar\u00e1 autom\u00e1ticamente para enviarse 4 d\u00edas h\u00e1biles despu\u00e9s<\/b><span style=\"font-weight: 400;\">.\u00a0\u00a0\u00a0<\/span>[\/vc_column_text]<a\thref=\"https:\/\/partners.extu.com\/campaign-approval\/\" \n\t\t\t\tclass=\"button btn_medium btn_theme_color btn_rounded btn_normal_style    \"  target='_blank'><span>aprender m\u00e1s sobre su primera campa\u00f1a<\/span><\/a><div class=\"boc_spacing \" style=\"height: 60px\"><\/div>[\/vc_column][vc_column width=&#8221;1\/2&#8243;]<div class=\"boc_spacing \" style=\"height: 20px\"><\/div>[vc_single_image source=&#8221;external_link&#8221; custom_src=&#8221;https:\/\/cdn.brandfolder.io\/8TODOWLK\/as\/k9xs87p9xrgwfffgf83vvh\/Review-and-Approval-Process-.gif&#8221;][\/vc_column][\/vc_row][vc_row full_width=&#8221;stretch_row&#8221;][vc_column width=&#8221;1\/2&#8243;]<div class=\"boc_spacing \" style=\"height: 40px\"><\/div><h3 class=\"boc_heading  al_left  \"  style=\"margin-bottom: 20px;margin-top: 0px;color: #333333;\"><span>Gestionar las campa\u00f1as mensualmente<\/span><\/h3><div class=\"boc_spacing \" style=\"height: 20px\"><\/div>[vc_column_text]Para tener el mayor \u00e9xito posible en este programa, deber\u00e1 participar mensualmente:<\/p>\n<ul>\n<li style=\"font-weight: 400;\"><span style=\"font-weight: 400;\">Revisando y aprobando sus campa\u00f1as de correo electr\u00f3nico mensuales<\/span><\/li>\n<li style=\"font-weight: 400;\"><span style=\"font-weight: 400;\">Compartiendo su contenido en LinkedIn<\/span><\/li>\n<li style=\"font-weight: 400;\"><span style=\"font-weight: 400;\">Haciendo un seguimiento de clientes potenciales y oportunidades<\/span><\/li>\n<li style=\"font-weight: 400;\"><span style=\"font-weight: 400;\">Enviando las ventas cerradas<\/span><\/li>\n<\/ul>\n<p><span style=\"font-weight: 400;\">Hemos preparado una lista de comprobaci\u00f3n mensual que ayudar\u00e1 a que sus campa\u00f1as se ejecuten de manera eficiente y que su patrocinador est\u00e9 satisfecho con los requisitos de participaci\u00f3n. <\/span>[\/vc_column_text]<div class=\"boc_spacing \" style=\"height: 20px\"><\/div><a\thref=\"https:\/\/partners.extu.com\/campaign-management\/\" \n\t\t\t\tclass=\"button btn_medium btn_theme_color btn_rounded btn_normal_style    \"  target='_blank'><span>aprender m\u00e1s sobre los compromisos en curso<\/span><\/a><div class=\"boc_spacing \" style=\"height: 60px\"><\/div>[\/vc_column][vc_column width=&#8221;1\/2&#8243;]<div class=\"boc_spacing \" style=\"height: 20px\"><\/div>[vc_single_image source=&#8221;external_link&#8221; custom_src=&#8221;https:\/\/cdn.brandfolder.io\/8TODOWLK\/as\/5s957qcxmj2z6qtbmckjfr\/Checklist.gif&#8221;][\/vc_column][\/vc_row][vc_row full_width=&#8221;stretch_row&#8221; disable_element=&#8221;yes&#8221; css=&#8221;.vc_custom_1615163449674{background-color: #284068 !important;}&#8221;][vc_column]<div class=\"boc_spacing \" style=\"height: 40px\"><\/div><h2 class=\"boc_heading  center  \"  style=\"margin-bottom: 20px;margin-top: 0px;color: #ffffff;\"><span>Preguntas frecuentes<\/span><\/h2><div class=\"boc_spacing \" style=\"height: 40px\"><\/div>[\/vc_column][\/vc_row][vc_row disable_element=&#8221;yes&#8221;][vc_column width=&#8221;1\/2&#8243;]<div class=\"acc_holder    \"><div class=\"acc_item\"><h4 class=\"accordion\"><span class=\"acc_control \"><\/span><span class=\"acc_heading\">\u00bfComparte mis clientes potenciales con otras empresas?<\/span><\/h4><div class=\"accordion_content\"><\/p>\n<p class=\"intercom-align-left\">No, las respuestas a sus campa\u00f1as se le env\u00edan directamente a usted, y no proporcionamos informaci\u00f3n espec\u00edfica sobre clientes potenciales a los proveedores hasta que registre oportunidades con su proveedor.<\/p>\n<p class=\"intercom-align-left\">Lo que s\u00ed proporcionamos a los proveedores son los n\u00fameros generales del programa (por ejemplo, cu\u00e1ntas campa\u00f1as se aprueban, cu\u00e1ntos suscriptores lo recibieron, etc.) pero no se comparten con ellos detalles espec\u00edficos de respuesta de clientes potenciales privados.<\/p>\n<p><\/div><\/div><div class=\"acc_item\"><h4 class=\"accordion\"><span class=\"acc_control \"><\/span><span class=\"acc_heading\">\u00bfC\u00f3mo actualizo qui\u00e9n recibe la notificaci\u00f3n de clientes potenciales?<\/span><\/h4><div class=\"accordion_content\"><\/p>\n<p class=\"zfr3Q\">Env\u00ede un correo electr\u00f3nico a su consultor de marketing asociado para a\u00f1adir su equipo de ventas o bandeja de entrada para que reciban notificaciones de clientes potenciales. Recomendamos hacer un seguimiento dentro de los 5 minutos posteriores a la recepci\u00f3n de un cliente potencial para obtener mejores resultados.<\/p>\n<p><\/div><\/div><\/div>[\/vc_column][vc_column width=&#8221;1\/2&#8243;]<div class=\"acc_holder    \"><div class=\"acc_item\"><h4 class=\"accordion\"><span class=\"acc_control \"><\/span><span class=\"acc_heading\">\u00bfC\u00f3mo inicio sesi\u00f3n en Insights Hub?<\/span><\/h4><div class=\"accordion_content\"><span style=\"font-weight: 400;\">Su representante de Extu le enviar\u00e1 una invitaci\u00f3n a usted y a sus representantes de ventas para iniciar sesi\u00f3n en Insights Hub.\u00a0<\/span><\/p>\n<p><span style=\"font-weight: 400;\">Cuando reciba la invitaci\u00f3n, simplemente inicie sesi\u00f3n con sus credenciales de LinkedIn o Google.\u00a0<\/span><\/p>\n<p><span style=\"font-weight: 400;\">Alternativamente, puede iniciar sesi\u00f3n con un correo electr\u00f3nico y una contrase\u00f1a. Aseg\u00farese de verificar su direcci\u00f3n de correo electr\u00f3nico una vez si elige esta opci\u00f3n.<\/span><\/div><\/div><div class=\"acc_item\"><h4 class=\"accordion\"><span class=\"acc_control \"><\/span><span class=\"acc_heading\">\u00bfC\u00f3mo puedo acceder a la creaci\u00f3n de perfiles de cuenta y a las se\u00f1ales de intenci\u00f3n?<\/span><\/h4><div class=\"accordion_content\"><\/p>\n<p class=\"intercom-align-left\">La creaci\u00f3n de perfiles de cuenta y las se\u00f1ales de intenci\u00f3n son servicios premium que solo est\u00e1n disponibles para los socios de los programas Premium y Premium Plus.<\/p>\n<p class=\"intercom-align-left\">Si est\u00e1 interesado en acceder a estos servicios, p\u00f3ngase en contacto con su representante para compartir con su proveedor.<\/p>\n<p><\/div><\/div><\/div>[\/vc_column][\/vc_row][vc_row el_id=&#8221;contact-us&#8221;][vc_column]<div class=\"boc_spacing \" style=\"height: 40px\"><\/div><div class=\"boc_divider_holder\"><div class=\"boc_divider  \"  style=\"margin-top: 20px;margin-bottom: 20px;height: 1px;background: #eeeeee;\"><\/div><\/div><div class=\"boc_spacing \" style=\"height: 40px\"><\/div><h2 class=\"boc_heading  center  \" ><span>\u00bfPreguntas? P\u00f3ngase en contacto con nosotros<\/span><\/h2>[vc_column_text]<\/p>\n<p style=\"text-align: center;\">Si tiene alguna pregunta, p\u00f3ngase en contacto con su representante de Extu a trav\u00e9s del formulario siguiente.<\/p>\n<p>[\/vc_column_text][vc_row_inner][vc_column_inner width=&#8221;1\/4&#8243;][\/vc_column_inner][vc_column_inner width=&#8221;1\/2&#8243;]<div class=\"boc_spacing \" style=\"height: 20px\"><\/div>[\/vc_column_inner][vc_column_inner width=&#8221;1\/4&#8243;][\/vc_column_inner][\/vc_row_inner][\/vc_column][\/vc_row]<\/p>\n<\/div>","protected":false},"excerpt":{"rendered":"<p>[vc_row full_width=&#8221;stretch_row&#8221; content_placement=&#8221;middle&#8221; css=&#8221;.vc_custom_1573710789675{background-image: url(https:\/\/partners.extu.com\/wp-content\/uploads\/2019\/11\/Navy-Pattern.png?id=8737) !important;background-position: center !important;background-repeat: no-repeat !important;background-size: cover !important;}&#8221;][vc_column width=&#8221;1\/2&#8243;][\/vc_column][vc_column width=&#8221;1\/2&#8243;][vc_single_image img_size=&#8221;boc_medium&#8221; source=&#8221;external_link&#8221; custom_src=&#8221;https:\/\/cdn.brandfolder.io\/8TODOWLK\/as\/7p5rn5tgn7n8xj35j8p79sr\/Partner-coordinator-Banner.gif?position=2&#8243;][\/vc_column][\/vc_row][vc_row][vc_column][vc_row_inner][vc_column_inner][\/vc_column_inner][\/vc_row_inner][vc_row_inner][vc_column_inner width=&#8221;1\/3&#8243;][\/vc_column_inner][vc_column_inner width=&#8221;1\/3&#8243;][\/vc_column_inner][vc_column_inner width=&#8221;1\/3&#8243;][\/vc_column_inner][\/vc_row_inner][\/vc_column][\/vc_row][vc_row full_width=&#8221;stretch_row&#8221; css=&#8221;.vc_custom_1614298461250{background-color: #e5ebe7 !important;}&#8221; el_id=&#8221;your-list&#8221;][vc_column width=&#8221;1\/2&#8243;][vc_column_text]Para comenzar a enviar campa\u00f1as, deber\u00e1 cargar la lista de suscriptores a su cuenta de Campaign Monitor. Puede actualizar o eliminar suscriptores en cualquier momento.\u00a0 Importar su lista de correo electr\u00f3nico desde un archivo es<\/p>\n<div class=\"h10\"><\/div>\n<p><a class=\"more-link1\" href=\"https:\/\/partners.extu.com\/es_mx\/primeros-pasos\/\">Read more<\/a><\/p>\n","protected":false},"author":18,"featured_media":0,"parent":0,"menu_order":0,"comment_status":"closed","ping_status":"closed","template":"","meta":{"_acf_changed":false,"om_disable_all_campaigns":false,"footnotes":""},"class_list":["post-15420","page","type-page","status-publish","hentry"],"acf":{"footer_box_text":"","footer_form":""},"_links":{"self":[{"href":"https:\/\/partners.extu.com\/es_mx\/wp-json\/wp\/v2\/pages\/15420","targetHints":{"allow":["GET"]}}],"collection":[{"href":"https:\/\/partners.extu.com\/es_mx\/wp-json\/wp\/v2\/pages"}],"about":[{"href":"https:\/\/partners.extu.com\/es_mx\/wp-json\/wp\/v2\/types\/page"}],"author":[{"embeddable":true,"href":"https:\/\/partners.extu.com\/es_mx\/wp-json\/wp\/v2\/users\/18"}],"replies":[{"embeddable":true,"href":"https:\/\/partners.extu.com\/es_mx\/wp-json\/wp\/v2\/comments?post=15420"}],"version-history":[{"count":0,"href":"https:\/\/partners.extu.com\/es_mx\/wp-json\/wp\/v2\/pages\/15420\/revisions"}],"wp:attachment":[{"href":"https:\/\/partners.extu.com\/es_mx\/wp-json\/wp\/v2\/media?parent=15420"}],"curies":[{"name":"wp","href":"https:\/\/api.w.org\/{rel}","templated":true}]}}