{"id":18514,"date":"2022-01-21T08:34:46","date_gmt":"2022-01-21T08:34:46","guid":{"rendered":"http:\/\/partners.oneaffiniti.com\/ubermittlungsformular-fur-weltweite-umsatze\/"},"modified":"2025-02-17T13:24:27","modified_gmt":"2025-02-17T13:24:27","slug":"ubermittlungsformular-fur-weltweite-umsatze","status":"publish","type":"page","link":"https:\/\/partners.extu.com\/de\/ubermittlungsformular-fur-weltweite-umsatze\/","title":{"rendered":"\u00dcbermittlungsformular f\u00fcr weltweite Ums\u00e4tze"},"content":{"rendered":"<div class=\"wpb-content-wrapper\"><p>[vc_row full_width=&#8220;stretch_row&#8220; css=&#8220;.vc_custom_1694564813869{background-color: #000000 !important;}&#8220;][vc_column]<div class=\"boc_spacing \" style=\"height: 40px\"><\/div><h2 class=\"boc_heading  center  \"  style=\"margin-bottom: 20px;margin-top: 0px;color: #ededda;\"><span>Teile deine abgeschlossenen Verk\u00e4ufe<\/span><\/h2><h3 class=\"boc_heading  center  \"  style=\"margin-bottom: 20px;margin-top: 0px;color: #ededda;\"><span>Erf\u00fclle deine Anforderungen zur Verkaufseinreichung und unterst\u00fctze das Programm.<\/span><\/h3><div class=\"boc_spacing \" style=\"height: 40px\"><\/div>[\/vc_column][\/vc_row][vc_row][vc_column]<div class=\"boc_spacing \" style=\"height: 40px\"><\/div>[\/vc_column][\/vc_row][vc_row][vc_column width=&#8220;2\/3&#8243;]<div class=\"vcSFIframeWrap vcCEWrap \"><div id=\"sf_iframe\" data-url=\"https:\/\/survey.alchemer.com\/s3\/6399638\/de-de\" data-qs=\"csid\" data-lang=\"lang\" data-ih=\"1900\"><\/div><\/div><!--.vcCEWrap-->[\/vc_column][vc_column width=&#8220;1\/3&#8243;]<h3 class=\"boc_heading  al_left  \"  style=\"margin-bottom: 20px;margin-top: 0px;color: #333;\"><span>H\u00e4ufig gestellte Fragen<\/span><\/h3><div class=\"acc_holder  no_sibling_toggle   border\"><div class=\"acc_item\"><h4 class=\"accordion\"><span class=\"acc_control \"><\/span><span class=\"acc_heading\">Welche Belege kann ich einreichen?<\/span><\/h4><div class=\"accordion_content\"><\/p>\n<ul>\n<li>Berechtigte Belege sind Kopien deiner <strong>Kundenrechnungen<\/strong> (PDF- oder Bilddateien), die den Verkauf von Produkten deines Sponsoring-Anbieters nachweisen. Unser Team wird qualifizierte von nicht qualifizierten Belegen trennen (du musst dies nicht selbst tun).<\/li>\n<li>Detaillierte Verkaufszusammenfassungen k\u00f6nnen eingereicht werden, unterliegen jedoch einer Pr\u00fcfung.<\/li>\n<li>Rechnungs- und Verkaufszusammenfassungsbelege m\u00fcssen folgende Angaben enthalten:\n<ul>\n<li>Rechnungsdatum<\/li>\n<li>Rechnungsnummer<\/li>\n<li>Endkundenfirma<\/li>\n<li>Produktbeschreibung<\/li>\n<li>Produktmenge<\/li>\n<li>St\u00fcckpreis<\/li>\n<li>Und Gesamtbetrag<\/li>\n<\/ul>\n<\/li>\n<li>Bitte reiche keine Belege von deinem Distributor ein. Wenn du Bedenken wegen pers\u00f6nlicher Kundendaten hast, lies bitte weiter unten.<\/li>\n<li>Belege m\u00fcssen innerhalb von zwei Monaten nach dem Verkauf (Rechnungsdatum) und innerhalb von 60 Tagen nach dem letzten Versand deiner Kampagne eingereicht werden.<\/li>\n<li>Belege oder Deals, die du zuvor eingereicht hast, werden nicht ber\u00fccksichtigt.<\/li>\n<\/ul>\n<p><\/div><\/div><div class=\"acc_item\"><h4 class=\"accordion\"><span class=\"acc_control \"><\/span><span class=\"acc_heading\">Warum einreichen?<\/span><\/h4><div class=\"accordion_content\">Deine Sponsoring-Marke(n) m\u00f6chte(n) wissen, ob und wie ihre Marketingunterst\u00fctzung dir hilft, mehr Gesch\u00e4ft zu generieren. Durch das Einreichen deiner Verkaufsbelege tr\u00e4gst du dazu bei, deine weitere Teilnahme an diesem Programm mit den Marken, die deine Kampagne sponsern, zu rechtfertigen.<\/div><\/div><div class=\"acc_item\"><h4 class=\"accordion\"><span class=\"acc_control \"><\/span><span class=\"acc_heading\">Was ist mit der Privatsph\u00e4re meiner Kunden?<\/span><\/h4><div class=\"accordion_content\">Bitte beachte, dass wir alle berechtigten Belege ausschlie\u00dflich zu Validierungszwecken mit deinem\/Ihren Anbieter(n) teilen. Die Anbieter werden weder deine Kunden kontaktieren noch deren Daten an Dritte weitergeben.<\/p>\n<p><span style=\"text-decoration: underline;\"><a href=\"https:\/\/extu.com\/de\/rechtliche\/\" target=\"_blank\" rel=\"noopener\">Sieh dir unsere Datenschutzrichtlinie f\u00fcr weitere Details an.<\/a><\/span><\/p>\n<p><\/div><\/div><\/div>[\/vc_column][\/vc_row]<\/p>\n<\/div>","protected":false},"excerpt":{"rendered":"<p>[vc_row full_width=&#8220;stretch_row&#8220; css=&#8220;.vc_custom_1694564813869{background-color: #000000 !important;}&#8220;][vc_column][\/vc_column][\/vc_row][vc_row][vc_column][\/vc_column][\/vc_row][vc_row][vc_column width=&#8220;2\/3&#8243;][\/vc_column][vc_column width=&#8220;1\/3&#8243;][\/vc_column][\/vc_row]<\/p>\n","protected":false},"author":54,"featured_media":0,"parent":0,"menu_order":0,"comment_status":"closed","ping_status":"closed","template":"","meta":{"_acf_changed":false,"om_disable_all_campaigns":false,"footnotes":""},"class_list":["post-18514","page","type-page","status-publish","hentry"],"acf":{"footer_box_text":"","footer_form":""},"_links":{"self":[{"href":"https:\/\/partners.extu.com\/de\/wp-json\/wp\/v2\/pages\/18514","targetHints":{"allow":["GET"]}}],"collection":[{"href":"https:\/\/partners.extu.com\/de\/wp-json\/wp\/v2\/pages"}],"about":[{"href":"https:\/\/partners.extu.com\/de\/wp-json\/wp\/v2\/types\/page"}],"author":[{"embeddable":true,"href":"https:\/\/partners.extu.com\/de\/wp-json\/wp\/v2\/users\/54"}],"replies":[{"embeddable":true,"href":"https:\/\/partners.extu.com\/de\/wp-json\/wp\/v2\/comments?post=18514"}],"version-history":[{"count":4,"href":"https:\/\/partners.extu.com\/de\/wp-json\/wp\/v2\/pages\/18514\/revisions"}],"predecessor-version":[{"id":25764,"href":"https:\/\/partners.extu.com\/de\/wp-json\/wp\/v2\/pages\/18514\/revisions\/25764"}],"wp:attachment":[{"href":"https:\/\/partners.extu.com\/de\/wp-json\/wp\/v2\/media?parent=18514"}],"curies":[{"name":"wp","href":"https:\/\/api.w.org\/{rel}","templated":true}]}}