{"id":15423,"date":"2021-06-29T08:23:45","date_gmt":"2021-06-29T08:23:45","guid":{"rendered":"http:\/\/partners.oneaffiniti.com\/content-brief-fur-kundenspezifische-inhalte\/"},"modified":"2023-09-13T00:23:49","modified_gmt":"2023-09-13T00:23:49","slug":"content-brief-fur-kundenspezifische-inhalte","status":"publish","type":"page","link":"https:\/\/partners.extu.com\/de\/content-brief-fur-kundenspezifische-inhalte\/","title":{"rendered":"Content Brief f\u00fcr kundenspezifische Inhalte"},"content":{"rendered":"<div class=\"wpb-content-wrapper\"><p>[vc_row full_width=&#8220;stretch_row_content&#8220; content_placement=&#8220;middle&#8220; css=&#8220;.vc_custom_1694564516560{background-color: #000000 !important;background-position: center !important;background-repeat: no-repeat !important;background-size: cover !important;}&#8220;][vc_column]<div class=\"boc_spacing \" style=\"height: 40px\"><\/div><h2 class=\"boc_heading  center  \"  style=\"margin-bottom: 20px;margin-top: 0px;color: #ffffff;\"><span>Content Brief f\u00fcr kundenspezifische Inhalte<\/span><\/h2><div class=\"boc_spacing \" style=\"height: 40px\"><\/div>[\/vc_column][\/vc_row][vc_row][vc_column width=&#8220;1\/2&#8243;][vc_column_text]<\/p>\n<h3 style=\"text-align: left;\"><strong>F\u00fcllen Sie das nachstehende Formular mit Ihrer Anfrage nach kundenspezifischen Inhalten f\u00fcr Ihre n\u00e4chste Kampagne aus<\/strong><\/h3>\n<p style=\"text-align: left;\">Bitte rechnen Sie mit etwa 5 Werktagen f\u00fcr die Fertigstellung der kundenspezifischen Arbeiten<\/p>\n<p>[\/vc_column_text]<div class=\"boc_divider_holder\"><div class=\"boc_divider  \"  style=\"margin-top: 20px;margin-bottom: 20px;height: 1px;background: #eeeeee;\"><\/div><\/div><div class=\"vcSFIframeWrap vcCEWrap \"><div id=\"sf_iframe\" data-url=\"https:\/\/survey.alchemer.com\/s3\/6215575\/de-DE\" data-qs=\"dac\" data-lang=\"\" data-ih=\"2400\"><\/div><\/div><!--.vcCEWrap-->[\/vc_column][vc_column width=&#8220;1\/2&#8243;]<div class=\"boc_spacing \" style=\"height: 20px\"><\/div><h3 class=\"boc_heading  al_left  \" ><span>H\u00e4ufig gestellte Fragen<\/span><\/h3><div class=\"acc_holder   with_bgr \"><div class=\"acc_item\"><h4 class=\"accordion\"><span class=\"acc_control \"><\/span><span class=\"acc_heading\">Was sind kundenspezifische Inhalte?<\/span><\/h4><div class=\"accordion_content\">Kundenspezifische Inhalte sind typischerweise Inhalte, die einzigartig f\u00fcr Ihr Unternehmen sind. Beispiele daf\u00fcr sind Unternehmens-Updates, Einladungen zu Webinaren oder n\u00fctzliche Ressourcen wie Schulungsdemos. <a style=\"text-decoration: underline;\" href=\"https:\/\/partners.extu.com\/de\/kundenspezifische-inhalte\/\" target=\"_blank\" rel=\"noopener\">In unserem Leitfaden f\u00fcr kundenspezifische Inhalte finden Sie weitere Informationen<\/a>.<\/div><\/div><div class=\"acc_item\"><h4 class=\"accordion\"><span class=\"acc_control \"><\/span><span class=\"acc_heading\">Was sind produktspezifische Inhalte?<\/span><\/h4><div class=\"accordion_content\">Wir tun unser Bestes, um die relevantesten Produktmerkmale in Ihrer monatlichen Kampagne darzustellen. Dennoch sind wir uns bewusst, dass einige Ihrer Produkte bisweilen nicht Teil Ihrer Kampagne sind.\u00a0 Sie k\u00f6nnen diese Option nutzen, um ein Produkt anzufordern, das nicht in Ihrer monatlichen Extu-Kampagne enthalten war oder sein wird.<\/p>\n<p>Abh\u00e4ngig von Ihrem Programm m\u00fcssen Sie mindestens 1-2 Produktmerkmale einbeziehen, die von Ihrer auftraggebenden Marke ausgew\u00e4hlt wurden.\u00a0Sie k\u00f6nnen keine konkurrierenden Marken zu Ihrer auftraggebenden Marke vorstellen oder anf\u00fchren.<\/div><\/div><div class=\"acc_item\"><h4 class=\"accordion\"><span class=\"acc_control \"><\/span><span class=\"acc_heading\">Woher weiss ich, welche kundenspezifischen inhalte ich einbinden kann und welche nicht?<\/span><\/h4><div class=\"accordion_content\">Inhalte, die von Ihrem Unternehmen stammen, gelten als kundenspezifische Inhalte.<\/p>\n<p>Wir raten Ihnen davon ab, auf die Arbeiten anderer Verfasser oder Writer zu verlinken, da dies den Traffic von Ihrer Kampagne wegf\u00fchrt. Stattdessen k\u00f6nnen Sie einen der Thought-Leadership-Artikel w\u00e4hlen, die wir Ihnen jeden Monat zur Verf\u00fcgung stellen. So bleibt der Leser auf Ihrer Microsite und kann Anfragen stellen, die direkt an Sie gehen.<\/p>\n<p>In unserem <a style=\"text-decoration: underline;\" href=\"https:\/\/partners.extu.com\/de\/kundenspezifische-inhalte\/\" target=\"_blank\" rel=\"noopener\">Leitfaden f\u00fcr kundenspezifische Inhalte<\/a> finden Sie Beispiele f\u00fcr das, was Sie einbeziehen sollten.<\/div><\/div><\/div><div class=\"boc_spacing \" style=\"height: 20px\"><\/div><a class=\"button vcCE  button-dark\" href=\"https:\/\/partners.extu.com\/de\/kundenspezifische-inhalte\/\" target=\"_self\">Leitfaden f\u00fcr kundenspezifische Inhalte anzeigen<\/a><div class=\"boc_spacing \" style=\"height: 20px\"><\/div>[\/vc_column][\/vc_row]<\/p>\n<\/div>","protected":false},"excerpt":{"rendered":"<p>[vc_row full_width=&#8220;stretch_row_content&#8220; content_placement=&#8220;middle&#8220; css=&#8220;.vc_custom_1694564516560{background-color: #000000 !important;background-position: center !important;background-repeat: no-repeat !important;background-size: cover !important;}&#8220;][vc_column][\/vc_column][\/vc_row][vc_row][vc_column width=&#8220;1\/2&#8243;][vc_column_text] F\u00fcllen Sie das nachstehende Formular mit Ihrer Anfrage nach kundenspezifischen Inhalten f\u00fcr Ihre n\u00e4chste Kampagne aus Bitte rechnen Sie mit etwa 5 Werktagen f\u00fcr die Fertigstellung der kundenspezifischen Arbeiten [\/vc_column_text][\/vc_column][vc_column width=&#8220;1\/2&#8243;][\/vc_column][\/vc_row]<\/p>\n","protected":false},"author":54,"featured_media":0,"parent":0,"menu_order":0,"comment_status":"closed","ping_status":"closed","template":"","meta":{"_acf_changed":false,"om_disable_all_campaigns":false,"footnotes":""},"class_list":["post-15423","page","type-page","status-publish","hentry"],"acf":{"footer_box_text":"","footer_form":""},"_links":{"self":[{"href":"https:\/\/partners.extu.com\/de\/wp-json\/wp\/v2\/pages\/15423","targetHints":{"allow":["GET"]}}],"collection":[{"href":"https:\/\/partners.extu.com\/de\/wp-json\/wp\/v2\/pages"}],"about":[{"href":"https:\/\/partners.extu.com\/de\/wp-json\/wp\/v2\/types\/page"}],"author":[{"embeddable":true,"href":"https:\/\/partners.extu.com\/de\/wp-json\/wp\/v2\/users\/54"}],"replies":[{"embeddable":true,"href":"https:\/\/partners.extu.com\/de\/wp-json\/wp\/v2\/comments?post=15423"}],"version-history":[{"count":0,"href":"https:\/\/partners.extu.com\/de\/wp-json\/wp\/v2\/pages\/15423\/revisions"}],"wp:attachment":[{"href":"https:\/\/partners.extu.com\/de\/wp-json\/wp\/v2\/media?parent=15423"}],"curies":[{"name":"wp","href":"https:\/\/api.w.org\/{rel}","templated":true}]}}