{"id":15421,"date":"2021-06-29T08:23:42","date_gmt":"2021-06-29T08:23:42","guid":{"rendered":"http:\/\/partners.oneaffiniti.com\/haufige-fragen-zu-e-mail-listen\/"},"modified":"2021-08-05T12:19:37","modified_gmt":"2021-08-05T12:19:37","slug":"haufige-fragen-zu-e-mail-listen","status":"publish","type":"page","link":"https:\/\/partners.extu.com\/de\/haufige-fragen-zu-e-mail-listen\/","title":{"rendered":"H\u00e4ufige Fragen zu E-Mail-Listen"},"content":{"rendered":"<div class=\"wpb-content-wrapper\"><p>[vc_row full_width=&#8220;stretch_row&#8220; content_placement=&#8220;middle&#8220; css=&#8220;.vc_custom_1573710789675{background-image: url(https:\/\/partners.extu.com\/wp-content\/uploads\/2019\/11\/Navy-Pattern.png?id=8737) !important;background-position: center !important;background-repeat: no-repeat !important;background-size: cover !important;}&#8220;][vc_column width=&#8220;1\/2&#8243;]<div class=\"boc_spacing \" style=\"height: 40px\"><\/div><h2 class=\"boc_heading  al_left  \"  style=\"margin-bottom: 20px;margin-top: 0px;color: #ffffff;\"><span>H\u00e4ufige Fragen zu E-Mail-Listen<\/span><\/h2><h3 class=\"boc_heading  al_left  \"  style=\"margin-bottom: 20px;margin-top: 0px;color: #ffffff;\"><span>H\u00e4ufige Fragen zu E-Mail-Listen<\/span><\/h3><a href=\"https:\/\/login.createsend.com\/l\" class=\"button btn_medium btn_theme_color btn_rounded btn_normal_style    \" target=\"_blank\" rel=\"noopener\"><span>Anmeldung in Campaign Monitor<\/span><\/a><div class=\"boc_spacing \" style=\"height: 60px\"><\/div>[\/vc_column][vc_column width=&#8220;1\/2&#8243;]<div class=\"boc_spacing \" style=\"height: 20px\"><\/div>[vc_raw_html]JTNDaWZyYW1lJTIwd2lkdGglM0QlMjI1NjAlMjIlMjBoZWlnaHQlM0QlMjIzMTUlMjIlMjBzcmMlM0QlMjJodHRwcyUzQSUyRiUyRnd3dy55b3V0dWJlLmNvbSUyRmVtYmVkJTJGSGFYVEZnNTNKQWclM0ZjY19sb2FkX3BvbGljeSUzRDElMjZhdXRvcGxheSUzRDAlMjZtb2Rlc3RicmFuZGluZyUzRDElMjZyZWwlM0QwJTIyJTIwZnJhbWVib3JkZXIlM0QlMjIwJTIyJTIwJTNFJTNDJTJGaWZyYW1lJTNF[\/vc_raw_html]<div class=\"boc_spacing \" style=\"height: 20px\"><\/div>[\/vc_column][\/vc_row][vc_row gap=&#8220;10&#8243; equal_height=&#8220;yes&#8220; content_placement=&#8220;middle&#8220; el_id=&#8220;how-it-works&#8220;][vc_column]<div class=\"boc_spacing \" style=\"height: 40px\"><\/div><h3 class=\"boc_heading  al_left  \"  style=\"margin-bottom: 20px;margin-top: 0px;color: #333333;\"><span>Was ist Campaign Monitor? <\/span><\/h3>[vc_column_text]Campaign Monitor ist die externe Mailing-Plattform, die wir f\u00fcr die Planung und den Versand Ihrer Kampagnen verwenden. In Campaign Monitor k\u00f6nnen Sie Ihre Abonnentenlisten verwalten und zudem die Wirkung Ihrer Kampagne verfolgen.[\/vc_column_text]<div class=\"boc_spacing \" style=\"height: 20px\"><\/div><div class=\"boc_divider_holder\"><div class=\"boc_divider  \"  style=\"margin-top: 20px;margin-bottom: 20px;height: 1px;background: #eeeeee;\"><\/div><\/div>[\/vc_column][\/vc_row][vc_row gap=&#8220;10&#8243; equal_height=&#8220;yes&#8220; content_placement=&#8220;middle&#8220; el_id=&#8220;list-post-upload&#8220;][vc_column]<div class=\"boc_spacing \" style=\"height: 40px\"><\/div><h3 class=\"boc_heading  al_left  \"  style=\"margin-bottom: 20px;margin-top: 0px;color: #333333;\"><span>Was machen Sie mit meinen Kontakten, nachdem ich sie importiert habe? <\/span><\/h3>[vc_column_text el_id=&#8220;attribution&#8220;]Unsere Servicevereinbarung besagt, dass Sie der rechtm\u00e4\u00dfige Eigent\u00fcmer Ihrer Abonnentenliste sind und f\u00fcr deren Verwaltung und die Einhaltung von Bestimmungen verantwortlich sind. Wir geben sie nicht an Anbieter weiter und versenden keine anderen Marketingmaterialien au\u00dferhalb der Kampagnen, zu denen Sie uns \u00fcber dieses Programm erm\u00e4chtigen.<\/p>\n<p>Die Weitergabe von Informationen an Dritte erfolgt nur zum Zweck der Bereitstellung oder Optimierung der Dienstleistungen. Weitere Informationen hierzu finden Sie in unseren <span style=\"text-decoration: underline;\"><a href=\"https:\/\/www.oneaffiniti.com\/de\/rechtliche-hinweise\/allgemeine-nutzungsbedingungen\/\" target=\"_blank\" rel=\"noopener\">Gesch\u00e4ftsbedingungen<\/a><\/span> und unserer <a href=\"https:\/\/www.oneaffiniti.com\/de\/rechtliche-hinweise\/globaler-datenschutzhinweis\/\" target=\"_blank\" rel=\"noopener\"><span style=\"text-decoration: underline;\">Datenschutzrichtlinie<\/span><\/a>.[\/vc_column_text]<div class=\"boc_spacing \" style=\"height: 20px\"><\/div><div class=\"boc_divider_holder\"><div class=\"boc_divider  \"  style=\"margin-top: 20px;margin-bottom: 20px;height: 1px;background: #eeeeee;\"><\/div><\/div>[\/vc_column][\/vc_row][vc_row gap=&#8220;10&#8243; equal_height=&#8220;yes&#8220; content_placement=&#8220;middle&#8220; el_id=&#8220;opt-in&#8220;][vc_column]<div class=\"boc_spacing \" style=\"height: 40px\"><\/div><h3 class=\"boc_heading  al_left  \"  style=\"margin-bottom: 20px;margin-top: 0px;color: #333333;\"><span>Ben\u00f6tige ich die Erlaubnis meiner Kontakte, um ihnen Nachrichten zu senden? <\/span><\/h3>[vc_column_text]Ja, durch den Import Ihrer Kontakte best\u00e4tigen Sie, dass Sie rechtm\u00e4\u00dfige Gr\u00fcnde f\u00fcr die Verarbeitung ihrer E-Mail-Adressen in \u00dcbereinstimmung mit unseren <strong><span style=\"text-decoration: underline;\"><a href=\"https:\/\/www.oneaffiniti.com\/de\/rechtliche-hinweise\/\" target=\"_blank\" rel=\"noopener noreferrer\">Gesch\u00e4ftsbedingungen<\/a><\/span> haben.<\/strong><\/p>\n<p>Zu den rechtm\u00e4\u00dfigen Gr\u00fcnden f\u00fcr die Verarbeitung einer E-Mail-Adresse z\u00e4hlen das Vorliegen der <strong>Zustimmung<\/strong> und\/oder ein <strong>berechtigtes gesch\u00e4ftliches Interesse<\/strong>, eine Person mit einer bestehenden Gesch\u00e4ftsbeziehung zu kontaktieren.<\/p>\n<p>Eine bestehende Gesch\u00e4ftsbeziehung liegt vor, wenn:<\/p>\n<ul>\n<li>Die Person innerhalb der letzten 24 Monate einen Kauf get\u00e4tigt hat<\/li>\n<li>Die Person innerhalb der letzten 12 Monate ein Angebot erhalten, eine Anfrage gestellt, an einem Gespr\u00e4ch teilgenommen oder eine Frage zu einem Produkt\/einer Dienstleistung gestellt hat.<\/li>\n<\/ul>\n<p><strong>Hinweis:<\/strong>\u00a0Extu unterh\u00e4lt ein Datenschutzprogramm, das auf die Datenschutz-Grundverordnung (DSGVO) abgestimmt ist.[\/vc_column_text]<div class=\"boc_spacing \" style=\"height: 20px\"><\/div><div class=\"boc_divider_holder\"><div class=\"boc_divider  \"  style=\"margin-top: 20px;margin-bottom: 20px;height: 1px;background: #eeeeee;\"><\/div><\/div>[\/vc_column][\/vc_row][vc_row gap=&#8220;10&#8243; equal_height=&#8220;yes&#8220; content_placement=&#8220;middle&#8220; el_id=&#8220;privacy-concerns&#8220;][vc_column]<div class=\"boc_spacing \" style=\"height: 40px\"><\/div><h3 class=\"boc_heading  al_left  \"  style=\"margin-bottom: 20px;margin-top: 0px;color: #333333;\"><span>Kann ich Abonnenten hinzuf\u00fcgen, nachdem meine Kampagne geplant wurde? <\/span><\/h3>[vc_column_text]<span data-sheets-value=\"{\" data-sheets-userformat=\"{\">Vor dem Versand Ihrer Kampagne k\u00f6nnen Sie Ihren E-Mail-Listen neue Kontakte hinzuf\u00fcgen.\u00a0<\/span><span data-sheets-value=\"{\" data-sheets-userformat=\"{\">Personen, die Sie nach diesem Datum\/Zeitpunkt hinzuf\u00fcgen, erhalten erst<b> <\/b>Ihren n\u00e4chsten Entwurf<\/span>.<\/p>\n<p>[\/vc_column_text]<div class=\"boc_spacing \" style=\"height: 20px\"><\/div><div class=\"boc_divider_holder\"><div class=\"boc_divider  \"  style=\"margin-top: 20px;margin-bottom: 20px;height: 1px;background: #eeeeee;\"><\/div><\/div>[\/vc_column][\/vc_row][vc_row gap=&#8220;10&#8243; equal_height=&#8220;yes&#8220; content_placement=&#8220;middle&#8220; el_id=&#8220;no-sales&#8220;][vc_column]<div class=\"boc_spacing \" style=\"height: 40px\"><\/div><h3 class=\"boc_heading  al_left  \"  style=\"margin-bottom: 20px;margin-top: 0px;color: #333333;\"><span>Wie f\u00fcge ich manuell Abonnenten zu einer Liste hinzu? <\/span><\/h3>[vc_column_text]Geben Sie die E-Mail-Adressen in das Textfeld ein, und zwar einen Abonnenten pro Zeile. Trennen Sie zus\u00e4tzliche Abonnentendetails durch Kommas und achten Sie darauf, dass die Detailtypen immer in der gleichen Reihenfolge aufgef\u00fchrt sind.<\/p>\n<p>Einen Leitfaden f\u00fcr Campaign Monitor finden Sie <span style=\"text-decoration: underline;\"><a href=\"https:\/\/help.campaignmonitor.com\/add-subscribers-to-a-list\" target=\"_blank\" rel=\"noopener noreferrer\">hier<\/a><\/span>.[\/vc_column_text]<div class=\"boc_spacing \" style=\"height: 20px\"><\/div><div class=\"boc_divider_holder\"><div class=\"boc_divider  \"  style=\"margin-top: 20px;margin-bottom: 20px;height: 1px;background: #eeeeee;\"><\/div><\/div>[\/vc_column][\/vc_row][vc_row gap=&#8220;10&#8243; equal_height=&#8220;yes&#8220; content_placement=&#8220;middle&#8220;][vc_column]<div class=\"boc_spacing \" style=\"height: 40px\"><\/div><h3 class=\"boc_heading  al_left  \"  style=\"margin-bottom: 20px;margin-top: 0px;color: #333333;\"><span>Wie exportiere ich meine Abonnenten nach dem Hochladen? <\/span><\/h3>[vc_column_text]Abonnentendetails k\u00f6nnen als CSV-Datei (Comma Separated Values bzw. durch Kommas getrennte Werte) oder als tabulatorgetrennte Textdatei heruntergeladen werden. Wenn Sie mehrere Listen haben, muss jede einzeln als getrennte Datei heruntergeladen werden.<\/p>\n<ol>\n<li>Klicken Sie auf <strong>Listen und Abonnenten<\/strong>.<\/li>\n<li>Klicken Sie auf einen Listennamen, um die Seite mit Listendetails zu \u00f6ffnen, und dann in der rechten Seitenleiste auf\u00a0<strong>Abonnenten exportieren<\/strong>.<\/li>\n<li>Anhand des <strong>Export<\/strong>-Men\u00fcs k\u00f6nnen Sie die Art von Abonnenten ausw\u00e4hlen, die Sie herunterladen m\u00f6chten, etwa nur \u201eAktive Abonnenten\u201c oder \u201eAlle Abonnenten\u201c.<\/li>\n<li>W\u00e4hlen Sie den gew\u00fcnschten Dateityp: CSV oder tabulatorgetrennt.<\/li>\n<li>W\u00e4hlen Sie, welche Abonnentenfelder in den Download aufgenommen werden sollen.<\/li>\n<li>Klicken Sie zum Herunterladen der Datei auf <strong>Abonnenten exportieren<\/strong>.<\/li>\n<\/ol>\n<p>Den Leitfaden von Campaign Monitor zum <span style=\"text-decoration: underline;\"><a href=\"https:\/\/help.campaignmonitor.com\/export-subscribers\" target=\"_blank\" rel=\"noopener noreferrer\">Export von Listen finden Sie hier<\/a><\/span>.[\/vc_column_text]<div class=\"boc_spacing \" style=\"height: 20px\"><\/div><div class=\"boc_divider_holder\"><div class=\"boc_divider  \"  style=\"margin-top: 20px;margin-bottom: 20px;height: 1px;background: #eeeeee;\"><\/div><\/div>[\/vc_column][\/vc_row][vc_row gap=&#8220;10&#8243; equal_height=&#8220;yes&#8220; content_placement=&#8220;middle&#8220;][vc_column]<div class=\"boc_spacing \" style=\"height: 40px\"><\/div><h3 class=\"boc_heading  al_left  \"  style=\"margin-bottom: 20px;margin-top: 0px;color: #333333;\"><span>Wie entferne ich Abonnenten f\u00fcr zuk\u00fcnftige Kampagnen? <\/span><\/h3>[vc_column_text]Abonnenten, die sich von Ihren Kampagnen abmelden, werden automatisch aus Ihrer aktiven Liste entfernt, und zuk\u00fcnftige Kampagnen werden nicht an sie gesendet.<\/p>\n<p>Sie k\u00f6nnen Abonnenten auch einzeln l\u00f6schen oder eine Massenentfernung durchf\u00fchren, indem sie ihren\u00a0<a href=\"https:\/\/help.campaignmonitor.com\/subscriber-statuses\" target=\"_blank\" rel=\"noopener\"><span style=\"text-decoration: underline;\">Status<\/span><\/a>\u00a0entweder in \u201eGel\u00f6scht\u201c oder \u201eAbgemeldet\u201c \u00e4ndern. Ihre Berichtsdaten und ihr Abonnentenprofil bleiben erhalten.<\/p>\n<p>\u00c4ndern des Status eines Abonnenten in:<\/p>\n<ul>\n<li><strong>Gel\u00f6scht<\/strong> \u2013 Entfernt den Abonnenten aus der aktuellen Liste, f\u00fcgt ihn aber nicht der Liste der unterdr\u00fcckten Kontakte hinzu. Wenn sich der Abonnent wieder anmeldet, wird er automatisch in den Status \u201eAktiv\u201c umgestellt.<\/li>\n<li><strong>Abgemeldet<\/strong>\u00a0\u2013 Entfernt den Abonnenten aus der aktuellen Liste oder aus allen Listen, je nach den Abmeldeeinstellungen der Liste. Wenn sie auf \u201ealle Listen\u201c gesetzt sind, wird der Abonnent auch der Liste der unterdr\u00fcckten Kontakte hinzugef\u00fcgt.<\/li>\n<\/ul>\n<p>Den Leitfaden von Campaign Monitor zum <span style=\"text-decoration: underline;\"><a href=\"https:\/\/help.campaignmonitor.com\/remove-subscribers-from-lists\" target=\"_blank\" rel=\"noopener noreferrer\">Entfernen von Abonnenten aus Ihrer Liste finden Sie hier<\/a><\/span>.[\/vc_column_text]<div class=\"boc_spacing \" style=\"height: 20px\"><\/div><div class=\"boc_divider_holder\"><div class=\"boc_divider  \"  style=\"margin-top: 20px;margin-bottom: 20px;height: 1px;background: #eeeeee;\"><\/div><\/div>[\/vc_column][\/vc_row][vc_row gap=&#8220;10&#8243; equal_height=&#8220;yes&#8220; content_placement=&#8220;middle&#8220;][vc_column]<div class=\"boc_spacing \" style=\"height: 40px\"><\/div><h3 class=\"boc_heading  al_left  \"  style=\"margin-bottom: 20px;margin-top: 0px;color: #333333;\"><span>Wie kann ich sehen, wer sich von meinen Kampagnen abgemeldet hat? <\/span><\/h3>[vc_column_text]Wenn einer Liste in Ihrem Konto eine E-Mail-Adresse hinzugef\u00fcgt wird, wird eine Momentaufnahme erstellt, die ein Profil dieses Abonnenten auf dieser Liste ist. In der \u201eMomentaufnahme\u201c k\u00f6nnen Sie die Angaben des Abonnenten bearbeiten, seinen <span style=\"text-decoration: underline;\"><a href=\"https:\/\/help.campaignmonitor.com\/subscriber-statuses\" target=\"_blank\" rel=\"noopener\">Abonnentenstatus<\/a><\/span>\u00a0f\u00fcr die zugeh\u00f6rige Liste \u00e4ndern und die Aktivit\u00e4t f\u00fcr ihm gesendete E-Mails einsehen.<\/p>\n<p>Den Leitfaden von Campaign Monitor zum <a href=\"https:\/\/help.campaignmonitor.com\/view-subscriber-profile\" target=\"_blank\" rel=\"noopener\"><span style=\"text-decoration: underline;\">Anzeigen eines Abonnentenprofils finden Sie hier<\/span><\/a>.[\/vc_column_text]<div class=\"boc_spacing \" style=\"height: 20px\"><\/div><div class=\"boc_divider_holder\"><div class=\"boc_divider  \"  style=\"margin-top: 20px;margin-bottom: 20px;height: 1px;background: #eeeeee;\"><\/div><\/div>[\/vc_column][\/vc_row][vc_row gap=&#8220;10&#8243; equal_height=&#8220;yes&#8220; content_placement=&#8220;middle&#8220;][vc_column]<div class=\"boc_spacing \" style=\"height: 40px\"><\/div><h3 class=\"boc_heading  al_left  \"  style=\"margin-bottom: 20px;margin-top: 0px;color: #333333;\"><span>Ich habe keine Einladung zur Anmeldung in Campaign Monitor erhalten.<\/span><\/h3>[vc_column_text]<span data-sheets-value=\"{\" data-sheets-userformat=\"{\">Nach Fertigstellung Ihrer Registrierung sendet unser Team Ihnen eine Einladung zur Anmeldung in Campaign Monitor mit der Betreffzeile \u201e<strong>Willkommen bei Extu &#8211; IHRE REGION<\/strong>\u201c<\/span><\/p>\n<p><img loading=\"lazy\" decoding=\"async\" class=\"alignnone size-medium wp-image-13074\" src=\"https:\/\/partners.extu.com\/wp-content\/uploads\/2020\/11\/CM-invite-generic-300x202.png\" alt=\"\" width=\"300\" height=\"202\" srcset=\"https:\/\/partners.extu.com\/wp-content\/uploads\/2020\/11\/CM-invite-generic-300x202.png 300w, https:\/\/partners.extu.com\/wp-content\/uploads\/2020\/11\/CM-invite-generic-1024x691.png 1024w, https:\/\/partners.extu.com\/wp-content\/uploads\/2020\/11\/CM-invite-generic-768x518.png 768w, https:\/\/partners.extu.com\/wp-content\/uploads\/2020\/11\/CM-invite-generic-272x182.png 272w, https:\/\/partners.extu.com\/wp-content\/uploads\/2020\/11\/CM-invite-generic.png 1387w\" sizes=\"auto, (max-width: 300px) 100vw, 300px\" \/><\/p>\n<p>Wenn Sie diese Einladung nicht finden k\u00f6nnen, pr\u00fcfen Sie bitte auch Ihren Spam-Ordner. Ihre Einladung ist 72 Stunden lang g\u00fcltig. Bei Schwierigkeiten wenden Sie sich bitte an Ihren Ansprechpartner bei Extu, der Ihnen die Einladung erneut senden kann.[\/vc_column_text]<div class=\"boc_spacing \" style=\"height: 20px\"><\/div><div class=\"boc_divider_holder\"><div class=\"boc_divider  \"  style=\"margin-top: 20px;margin-bottom: 20px;height: 1px;background: #eeeeee;\"><\/div><\/div>[\/vc_column][\/vc_row][vc_row gap=&#8220;10&#8243; equal_height=&#8220;yes&#8220; content_placement=&#8220;middle&#8220;][vc_column]<div class=\"boc_spacing \" style=\"height: 40px\"><\/div><h3 class=\"boc_heading  al_left  \"  style=\"margin-bottom: 20px;margin-top: 0px;color: #333333;\"><span>Ich habe mein Campaign Monitor-Passwort vergessen.<\/span><\/h3>[vc_column_text]Nach Annahme der Einladung und Erstellung eines Passworts in Campaign Monitor k\u00f6nnen Sie Ihr Passwort jederzeit durch Klick auf \u201e<span style=\"text-decoration: underline;\"><a class=\"js-login-link-forgot\" href=\"https:\/\/login.createsend.com\/p\/reset\" target=\"_blank\" rel=\"noopener\">Sie haben Ihr Passwort vergessen?<\/a><\/span>\u201c zur\u00fccksetzen, damit Campaign Monitor Ihnen einen Reset-Link zusendet.<\/p>\n<p>Melden Sie sich unter der folgenden Adresse in Ihrem Konto an: <a href=\"https:\/\/login.createsend.com\/l\" target=\"_blank\" rel=\"noopener\"><span style=\"text-decoration: underline;\">https:\/\/login.createsend.com\/l<\/span><\/a>[\/vc_column_text]<div class=\"boc_spacing \" style=\"height: 20px\"><\/div>[\/vc_column][\/vc_row][vc_row gap=&#8220;10&#8243; equal_height=&#8220;yes&#8220; content_placement=&#8220;middle&#8220;][vc_column]<div class=\"boc_spacing \" style=\"height: 40px\"><\/div>[vc_row_inner][vc_column_inner width=&#8220;1\/3&#8243;][\/vc_column_inner][vc_column_inner width=&#8220;1\/3&#8243;]<a href=\"https:\/\/help.campaignmonitor.com\/category-lists-and-subscribers\" class=\"button btn_medium btn_theme_color btn_rounded btn_normal_style    \" target=\"_blank\" rel=\"noopener\"><span>Weitere h\u00e4ufige Fragen zu Listen und Abonnenten anzeigen<\/span><\/a>[\/vc_column_inner][vc_column_inner width=&#8220;1\/3&#8243;][\/vc_column_inner][\/vc_row_inner]<div class=\"boc_spacing \" style=\"height: 40px\"><\/div>[\/vc_column][\/vc_row][vc_row full_width=&#8220;stretch_row&#8220; disable_element=&#8220;yes&#8220; css=&#8220;.vc_custom_1614105208266{background-color: #1e3869 !important;}&#8220;][vc_column]<div class=\"boc_spacing \" style=\"height: 40px\"><\/div>[vc_row_inner][vc_column_inner width=&#8220;2\/3&#8243;]<h3 class=\"boc_heading  al_left  \"  style=\"margin-bottom: 20px;margin-top: 0px;color: #ffffff;\"><span>Werden Lenovo-Verkaufszahlen mitgeteilt? Laden Sie sie jetzt hoch<\/span><\/h3>[\/vc_column_inner][vc_column_inner width=&#8220;1\/3&#8243;]<a href=\"https:\/\/partners.extu.com\/rewards\/us\/lenovo-expand\/\" class=\"button btn_medium btn_theme_color btn_rounded btn_normal_style    \" target=\"_blank\"><span>Reichen Sie Ihre abgeschlossenen Verk\u00e4ufe ein<\/span><\/a>[\/vc_column_inner][\/vc_row_inner]<div class=\"boc_spacing \" style=\"height: 40px\"><\/div>[\/vc_column][\/vc_row][vc_row el_id=&#8220;contact-us&#8220;][vc_column]<div class=\"boc_spacing \" style=\"height: 40px\"><\/div><div class=\"boc_divider_holder\"><div class=\"boc_divider  \"  style=\"margin-top: 20px;margin-bottom: 20px;height: 1px;background: #eeeeee;\"><\/div><\/div><h2 class=\"boc_heading  center  \" ><span>Fragen?<\/span><\/h2><div class=\"boc_spacing \" style=\"height: 40px\"><\/div>[vc_column_text]<\/p>\n<p style=\"text-align: center;\">Haben Sie Fragen zur Vorbereitung oder zum Hochladen Ihrer Liste? Geben Sie unten Ihre Daten ein, und eines unserer Teammitglieder wird sich mit Ihnen in Verbindung setzen.<\/p>\n<p>[\/vc_column_text][vc_row_inner][vc_column_inner width=&#8220;1\/4&#8243;][\/vc_column_inner][vc_column_inner width=&#8220;1\/2&#8243;][vc_raw_html]JTNDaWZyYW1lJTIwc3JjJTNEJTIyaHR0cHMlM0ElMkYlMkZ3d3cyLm9uZWFmZmluaXRpLmNvbSUyRmwlMkY1MTE3MzElMkYyMDIxLTA1LTE5JTJGOW00OTU4JTIyJTIwd2lkdGglM0QlMjIxMDAlMjUlMjIlMjBoZWlnaHQlM0QlMjI1MDAlMjIlMjB0eXBlJTNEJTIydGV4dCUyRmh0bWwlMjIlMjBmcmFtZWJvcmRlciUzRCUyMjAlMjIlMjBhbGxvd1RyYW5zcGFyZW5jeSUzRCUyMnRydWUlMjIlMjBzdHlsZSUzRCUyMmJvcmRlciUzQSUyMDAlMjIlM0UlM0MlMkZpZnJhbWUlM0U=[\/vc_raw_html][\/vc_column_inner][vc_column_inner width=&#8220;1\/4&#8243;][\/vc_column_inner][\/vc_row_inner][\/vc_column][\/vc_row]<\/p>\n<\/div>","protected":false},"excerpt":{"rendered":"<p>[vc_row full_width=&#8220;stretch_row&#8220; content_placement=&#8220;middle&#8220; css=&#8220;.vc_custom_1573710789675{background-image: url(https:\/\/partners.extu.com\/wp-content\/uploads\/2019\/11\/Navy-Pattern.png?id=8737) !important;background-position: center !important;background-repeat: no-repeat !important;background-size: cover !important;}&#8220;][vc_column width=&#8220;1\/2&#8243;][\/vc_column][vc_column width=&#8220;1\/2&#8243;][vc_raw_html]JTNDaWZyYW1lJTIwd2lkdGglM0QlMjI1NjAlMjIlMjBoZWlnaHQlM0QlMjIzMTUlMjIlMjBzcmMlM0QlMjJodHRwcyUzQSUyRiUyRnd3dy55b3V0dWJlLmNvbSUyRmVtYmVkJTJGSGFYVEZnNTNKQWclM0ZjY19sb2FkX3BvbGljeSUzRDElMjZhdXRvcGxheSUzRDAlMjZtb2Rlc3RicmFuZGluZyUzRDElMjZyZWwlM0QwJTIyJTIwZnJhbWVib3JkZXIlM0QlMjIwJTIyJTIwJTNFJTNDJTJGaWZyYW1lJTNF[\/vc_raw_html][\/vc_column][\/vc_row][vc_row gap=&#8220;10&#8243; equal_height=&#8220;yes&#8220; content_placement=&#8220;middle&#8220; el_id=&#8220;how-it-works&#8220;][vc_column][vc_column_text]Campaign Monitor ist die externe Mailing-Plattform, die wir f\u00fcr die Planung und den Versand Ihrer Kampagnen verwenden. In Campaign Monitor k\u00f6nnen Sie Ihre Abonnentenlisten verwalten und zudem die Wirkung Ihrer Kampagne verfolgen.[\/vc_column_text][\/vc_column][\/vc_row][vc_row gap=&#8220;10&#8243; equal_height=&#8220;yes&#8220; content_placement=&#8220;middle&#8220; el_id=&#8220;list-post-upload&#8220;][vc_column][vc_column_text el_id=&#8220;attribution&#8220;]Unsere Servicevereinbarung besagt, dass Sie der rechtm\u00e4\u00dfige<\/p>\n<div class=\"h10\"><\/div>\n<p><a class=\"more-link1\" href=\"https:\/\/partners.extu.com\/de\/haufige-fragen-zu-e-mail-listen\/\">Read more<\/a><\/p>\n","protected":false},"author":18,"featured_media":0,"parent":0,"menu_order":0,"comment_status":"closed","ping_status":"closed","template":"","meta":{"_acf_changed":false,"om_disable_all_campaigns":false,"footnotes":""},"class_list":["post-15421","page","type-page","status-publish","hentry"],"acf":{"footer_box_text":"","footer_form":""},"_links":{"self":[{"href":"https:\/\/partners.extu.com\/de\/wp-json\/wp\/v2\/pages\/15421","targetHints":{"allow":["GET"]}}],"collection":[{"href":"https:\/\/partners.extu.com\/de\/wp-json\/wp\/v2\/pages"}],"about":[{"href":"https:\/\/partners.extu.com\/de\/wp-json\/wp\/v2\/types\/page"}],"author":[{"embeddable":true,"href":"https:\/\/partners.extu.com\/de\/wp-json\/wp\/v2\/users\/18"}],"replies":[{"embeddable":true,"href":"https:\/\/partners.extu.com\/de\/wp-json\/wp\/v2\/comments?post=15421"}],"version-history":[{"count":0,"href":"https:\/\/partners.extu.com\/de\/wp-json\/wp\/v2\/pages\/15421\/revisions"}],"wp:attachment":[{"href":"https:\/\/partners.extu.com\/de\/wp-json\/wp\/v2\/media?parent=15421"}],"curies":[{"name":"wp","href":"https:\/\/api.w.org\/{rel}","templated":true}]}}