{"id":15414,"date":"2021-06-29T08:23:32","date_gmt":"2021-06-29T08:23:32","guid":{"rendered":"http:\/\/partners.oneaffiniti.com\/genehmigung-von-kampagnen\/"},"modified":"2023-09-12T23:47:02","modified_gmt":"2023-09-12T23:47:02","slug":"genehmigung-von-kampagnen","status":"publish","type":"page","link":"https:\/\/partners.extu.com\/de\/genehmigung-von-kampagnen\/","title":{"rendered":"Genehmigung von Kampagnen"},"content":{"rendered":"<div class=\"wpb-content-wrapper\"><p>[vc_row full_width=&#8220;stretch_row&#8220; content_placement=&#8220;middle&#8220; css=&#8220;.vc_custom_1694560995391{background-color: #000000 !important;background-position: center !important;background-repeat: no-repeat !important;background-size: cover !important;}&#8220;][vc_column width=&#8220;1\/2&#8243;]<div class=\"boc_spacing \" style=\"height: 40px\"><\/div><h2 class=\"boc_heading  al_left  \"  style=\"margin-bottom: 20px;margin-top: 0px;color: #ededda;\"><span>Genehmigen Sie Ihre Kampagne innerhalb weniger Minuten<\/span><\/h2><h3 class=\"boc_heading  al_left  \"  style=\"margin-bottom: 20px;margin-top: 0px;color: #ededda;\"><span>\u00dcberpr\u00fcfen und genehmigen Sie Ihre Kampagne mithilfe unseres Selbstfreigabesystems<\/span><\/h3><div class=\"boc_spacing \" style=\"height: 60px\"><\/div>[\/vc_column][vc_column width=&#8220;1\/2&#8243;]<div class=\"boc_spacing \" style=\"height: 20px\"><\/div>[vc_raw_html]JTNDaWZyYW1lJTIwd2lkdGglM0QlMjI1NjAlMjIlMjBoZWlnaHQlM0QlMjIzMTUlMjIlMjBzcmMlM0QlMjJodHRwcyUzQSUyRiUyRnd3dy55b3V0dWJlLmNvbSUyRmVtYmVkJTJGYlRpUmp0SngtZTglMjIlMjB0aXRsZSUzRCUyMllvdVR1YmUlMjB2aWRlbyUyMHBsYXllciUyMiUyMGZyYW1lYm9yZGVyJTNEJTIyMCUyMiUyMGFsbG93JTNEJTIyYWNjZWxlcm9tZXRlciUzQiUyMGF1dG9wbGF5JTNCJTIwY2xpcGJvYXJkLXdyaXRlJTNCJTIwZW5jcnlwdGVkLW1lZGlhJTNCJTIwZ3lyb3Njb3BlJTNCJTIwcGljdHVyZS1pbi1waWN0dXJlJTIyJTIwYWxsb3dmdWxsc2NyZWVuJTNFJTNDJTJGaWZyYW1lJTNF[\/vc_raw_html]<div class=\"boc_spacing \" style=\"height: 20px\"><\/div>[\/vc_column][\/vc_row][vc_row][vc_column]<div class=\"boc_spacing \" style=\"height: 20px\"><\/div>[vc_row_inner][vc_column_inner width=&#8220;1\/2&#8243;]<div class=\"boc_spacing \" style=\"height: 20px\"><\/div><h3 class=\"boc_heading  al_left  \"  style=\"margin-bottom: 20px;margin-top: 0px;color: #333;\"><span>M\u00f6chten Sie \u00c4nderungen vornehmen? Das ist ganz einfach.<\/span><\/h3>[vc_column_text]<span style=\"font-weight: 400;\">\u00c4nderungen an Ihrer Extu-Kampagne lassen sich schnell und einfach vornehmen.\u00a0<\/span><span style=\"font-weight: 400;\">Sie k\u00f6nnen einige einfache \u00c4nderungen vornehmen wie:<\/span><\/p>\n<ul>\n<li style=\"font-weight: 400;\"><span style=\"font-weight: 400;\">\u00c4nderung der Uhrzeit und des Datums, an dem sie versendet werden soll<\/span><\/li>\n<li style=\"font-weight: 400;\"><span style=\"font-weight: 400;\">Die Betreffzeile<\/span><\/li>\n<li style=\"font-weight: 400;\"><span style=\"font-weight: 400;\">Grundlegende Informationen in der Fu\u00dfzeile mit Social-Media-Links<\/span><\/li>\n<li style=\"font-weight: 400;\"><span style=\"font-weight: 400;\">Artikelmerkmale<\/span><\/li>\n<\/ul>\n<p><span style=\"font-weight: 400;\">Wenn Sie diese \u00c4nderungen vornehmen m\u00f6chten, scrollen Sie an das Ende des E-Mail-Entwurfs und klicken Sie auf die Schaltfl\u00e4che \u201e\u00c4nderungen vornehmen\u201c.<\/span>[\/vc_column_text][\/vc_column_inner][vc_column_inner width=&#8220;1\/2&#8243;]<div class=\"boc_spacing \" style=\"height: 20px\"><\/div>[vc_raw_html]JTNDaWZyYW1lJTIwd2lkdGglM0QlMjI1NjAlMjIlMjBoZWlnaHQlM0QlMjIzMTUlMjIlMjBzcmMlM0QlMjJodHRwcyUzQSUyRiUyRnd3dy55b3V0dWJlLmNvbSUyRmVtYmVkJTJGNE44QWtQSFRCbmclMjIlMjB0aXRsZSUzRCUyMllvdVR1YmUlMjB2aWRlbyUyMHBsYXllciUyMiUyMGZyYW1lYm9yZGVyJTNEJTIyMCUyMiUyMGFsbG93JTNEJTIyYWNjZWxlcm9tZXRlciUzQiUyMGF1dG9wbGF5JTNCJTIwY2xpcGJvYXJkLXdyaXRlJTNCJTIwZW5jcnlwdGVkLW1lZGlhJTNCJTIwZ3lyb3Njb3BlJTNCJTIwcGljdHVyZS1pbi1waWN0dXJlJTIyJTIwYWxsb3dmdWxsc2NyZWVuJTNFJTNDJTJGaWZyYW1lJTNF[\/vc_raw_html][\/vc_column_inner][\/vc_row_inner]<div class=\"boc_spacing \" style=\"height: 40px\"><\/div>[\/vc_column][\/vc_row][vc_row full_width=&#8220;stretch_row&#8220;][vc_column]<div class=\"boc_divider_holder\"><div class=\"boc_divider  \"  style=\"margin-top: 20px;margin-bottom: 20px;height: 1px;background: #0a0a0a;\"><\/div><\/div>[vc_row_inner][vc_column_inner]<div class=\"boc_spacing \" style=\"height: 40px\"><\/div><h3 class=\"boc_heading  center  \"  style=\"margin-bottom: 20px;margin-top: 0px;\"><span>Die vier Arten von Kampagneninhalten:<\/span><\/h3>[\/vc_column_inner][\/vc_row_inner][vc_row_inner][vc_column_inner width=&#8220;1\/2&#8243;]<div class=\"side_icon_box normal  \"><span class=\"icon_feat \" style=\"\"><i class=\"icon icon-news-paper\" style=\"color: ;\"><\/i><\/span><h3>Branchenspezifische Inhalte<\/h3><div class=\"side_icon_box_content\"><span style=\"color: #000000;\">Unsere Content Writer sind mit der Erstellung von Texten speziell f\u00fcr Ihre Branche bestens vertraut. Sie nutzen Daten von Tausenden von Kampagnen, um ansprechende Inhalte zu erstellen, die f\u00fcr Ihr Zielpublikum relevant sind.<\/span><\/div><\/div><div class=\"side_icon_box normal  \"><span class=\"icon_feat \" style=\"\"><i class=\"icon icon-cash\" style=\"\"><\/i><\/span><h3>Gesponserte Inhalte<\/h3><div class=\"side_icon_box_content\">Ihre auftraggebende Marke stellt uns Inhalte zu ihren Produkten, Services und Angeboten zur Verf\u00fcgung.<\/div><\/div>[\/vc_column_inner][vc_column_inner width=&#8220;1\/2&#8243;]<div class=\"side_icon_box normal  \"><span class=\"icon_feat \" style=\"\"><i class=\"icon icon-target3\" style=\"\"><\/i><\/span><h3>Inhalte zur Lead-Generierung<\/h3><div class=\"side_icon_box_content\">Hierbei handelt es sich um hochwertige Inhalte, wie Umfragen und E-Books, um Leads und Anfragen zu generieren.<\/div><\/div><div class=\"side_icon_box normal  \"><span class=\"icon_feat \" style=\"\"><i class=\"icon icon-megaphone\" style=\"\"><\/i><\/span><h3>Kundenspezifische Inhalte<\/h3><div class=\"side_icon_box_content\">Sie k\u00f6nnen auch eigene Inhalte nutzen. Wenn ein Jubil\u00e4um oder ein besonderes Ereignis ansteht, das Sie in Ihre n\u00e4chste Kampagne einbinden m\u00f6chten, f\u00fcllen Sie einfach ein kurzes Formular aus und wir k\u00fcmmern uns um den Rest.<\/div><\/div>[\/vc_column_inner][\/vc_row_inner][\/vc_column][\/vc_row][vc_row full_width=&#8220;stretch_row&#8220;][vc_column]<div class=\"boc_divider_holder\"><div class=\"boc_divider  \"  style=\"margin-top: 20px;margin-bottom: 20px;height: 1px;background: #0a0a0a;\"><\/div><\/div><div class=\"boc_spacing \" style=\"height: 40px\"><\/div><h3 class=\"boc_heading  center  \"  style=\"margin-bottom: 20px;margin-top: 0px;color: #333;\"><span>Konsistente Kampagnen zahlen sich aus<\/span><\/h3>[vc_row_inner][vc_column_inner][vc_column_text]<\/p>\n<p style=\"text-align: center;\"><a style=\"text-decoration: underline;\" href=\"https:\/\/smallbusiness.chron.com\/importance-consistent-email-marketing-schedule-3303.html\" target=\"_blank\" rel=\"noopener\">Konsistentes E-Mail-Marketing<\/a> unterst\u00fctzt den Aufbau von Beziehungen zu bestehenden und potenziellen Kunden im Laufe der Zeit, erf\u00fcllt die Erwartungen, dass Ihr Unternehmen w\u00e4chst, und etabliert Ihr Unternehmen als vertrauensw\u00fcrdige Autorit\u00e4t und Experten, wenn Ihre Inhalte n\u00fctzlich und relevant sind.<\/p>\n<p style=\"text-align: center;\">Wenn Kunden Kaufentscheidungen treffen, w\u00e4hlen sie normalerweise einen Anbieter, dem sie vertrauen und den sie f\u00fcr einen Experten halten.<\/p>\n<p>[\/vc_column_text]<div class=\"boc_spacing \" style=\"height: 20px\"><\/div>[\/vc_column_inner][\/vc_row_inner][vc_row_inner][vc_column_inner width=&#8220;1\/3&#8243;]<div id=\"top_icon_box_28743\" class=\"top_icon_box type1  \"><div class=\"icon_holder\"><div class=\"icon_bgr\"><\/div><div class=\"icon_center\"><i class=\"icon icon-smile\"><\/i><\/div><\/div><h3>Bauen Sie Beziehungen auf<\/h3><p>Mit konsistenten Kampagnen bleibt Ihr Unternehmen bei Ihren Kunden im Ged\u00e4chtnis und Sie erh\u00f6hen die Wahrscheinlichkeit, dass Ihre Abonnenten bei Ihrem Unternehmen statt bei einem Konkurrenten einkaufen.<\/p><\/div>[\/vc_column_inner][vc_column_inner width=&#8220;1\/3&#8243;]<div id=\"top_icon_box_62146\" class=\"top_icon_box type1  \"><div class=\"icon_holder\"><div class=\"icon_bgr\"><\/div><div class=\"icon_center\"><i class=\"icon icon-graph2\"><\/i><\/div><\/div><h3>Erf\u00fcllen Sie die Erwartungen<\/h3><p>Konsistente E-Mail-Nachrichten tragen dazu bei, die Erwartungen der Abonnenten zu erf\u00fcllen, dass Ihr Unternehmen w\u00e4chst und gedeiht.<\/p><\/div>[\/vc_column_inner][vc_column_inner width=&#8220;1\/3&#8243;]<div id=\"top_icon_box_70354\" class=\"top_icon_box type1  \"><div class=\"icon_holder\"><div class=\"icon_bgr\"><\/div><div class=\"icon_center\"><i class=\"icon icon-chat3\"><\/i><\/div><\/div><h3>Bauen Sie Vertrauen auf<\/h3><p>Wenn Ihre E-Mail-Marketing-Nachrichten n\u00fctzliche und relevante Informationen f\u00fcr Ihre Zielgruppe enthalten, entsteht Vertrauen zwischen Ihrem Unternehmen und Ihren Abonnenten und Sie etablieren sich als Experte auf Ihrem Gebiet oder in Ihrer Branche.<\/p><\/div>[\/vc_column_inner][\/vc_row_inner]<div class=\"boc_spacing \" style=\"height: 40px\"><\/div>[\/vc_column][\/vc_row][vc_row full_width=&#8220;stretch_row&#8220; css=&#8220;.vc_custom_1694561546599{background-color: #000000 !important;}&#8220;][vc_column]<div class=\"boc_spacing \" style=\"height: 40px\"><\/div><h2 class=\"boc_heading  center  \"  style=\"margin-bottom: 20px;margin-top: 0px;color: #ffffff;\"><span>H\u00e4ufig gestellte Fragen<\/span><\/h2><div class=\"boc_spacing \" style=\"height: 40px\"><\/div>[\/vc_column][\/vc_row][vc_row][vc_column]<div class=\"acc_holder    \"><div class=\"acc_item\"><h4 class=\"accordion\"><span class=\"acc_control \"><\/span><span class=\"acc_heading\">Kann ich meine Kontoinformationen vor dem Versand aktualisieren?<\/span><\/h4><div class=\"accordion_content\"><\/p>\n<p class=\"intercom-align-left\">Ja, Sie k\u00f6nnen die folgenden Informationen im Zuge des Genehmigungsprozesses aktualisieren:<\/p>\n<ul>\n<li>Firmenname<\/li>\n<li>Website<\/li>\n<li>Telefonnummer<\/li>\n<li>E-Mail-Adresse<\/li>\n<li>\u00dcber uns<\/li>\n<\/ul>\n<p class=\"intercom-align-left\">Sie m\u00fcssen Ihre Informationen nur einmal aktualisieren, da wir sie f\u00fcr das n\u00e4chste Mal speichern.<\/p>\n<p class=\"intercom-align-left\">Sie k\u00f6nnen sie \u00fcber die folgenden Felder bei der Freigabe Ihrer E-Mail aktualisieren:<\/p>\n<div class=\"intercom-container intercom-align-left\"><img decoding=\"async\" src=\"https:\/\/cdn.brandfolder.io\/8TODOWLK\/at\/f79x5c2c6n6hfz4gc8rvfr75\/Campaign-Update.png\" \/><\/div>\n<p><\/div><\/div><div class=\"acc_item\"><h4 class=\"accordion\"><span class=\"acc_control \"><\/span><span class=\"acc_heading\">Wie kann ich meine Kampagne zeitlich umplanen?<\/span><\/h4><div class=\"accordion_content\"><\/p>\n<p class=\"intercom-align-left\">Wir w\u00e4hlen automatisch den optimalen Zeitpunkt f\u00fcr den Versand Ihrer E-Mail, Sie k\u00f6nnen jedoch die Uhrzeit und das Datum f\u00fcr den Versand jederzeit \u00e4ndern.<\/p>\n<p class=\"intercom-align-left\">Dazu m\u00fcssen Sie einfach an das Ende des Ihnen bereitgestellten E-Mail-Entwurfs scrollen und auf die Schaltfl\u00e4che \u201e\u00c4nderungen vornehmen\u201c klicken.<\/p>\n<p><img decoding=\"async\" src=\"https:\/\/cdn.brandfolder.io\/8TODOWLK\/at\/673hcrb66nztx6n4tfw4867\/Campaign-Make_Changes.png\" \/><\/p>\n<p class=\"intercom-align-left\">\u00c4ndern Sie dann im System f\u00fcr die Selbstfreigabe einfach die Uhrzeit und den Tag, die Sie bevorzugen.<\/p>\n<div class=\"intercom-container intercom-align-left\"><img decoding=\"async\" src=\"https:\/\/cdn.brandfolder.io\/8TODOWLK\/at\/hwsrhnvfhk4hpcck25q8j5c\/Campaign-Schedule.png\" \/><\/div>\n<p><\/div><\/div><div class=\"acc_item\"><h4 class=\"accordion\"><span class=\"acc_control \"><\/span><span class=\"acc_heading\">Kann ich den Namen oder die E-Mail-Adresse \u00e4ndern, die beim Versand meiner monatlichen Kampagne erscheint?<\/span><\/h4><div class=\"accordion_content\"><\/p>\n<p class=\"intercom-align-left\">Ja, Sie k\u00f6nnen den \u201eAbsendernamen\u201c und die E-Mail-Adresse, von der Ihre E-Mail verschickt zu sein scheint, \u00e4ndern.<\/p>\n<p class=\"intercom-align-left\">Aktualisieren Sie einfach den folgenden Abschnitt, wenn Sie Ihre E-Mail genehmigen:<\/p>\n<div class=\"intercom-container intercom-align-left\"><img decoding=\"async\" src=\"https:\/\/cdn.brandfolder.io\/8TODOWLK\/at\/gn5tvj5q4msfg7csk35mxwpv\/Campaign-Change_Email.png\" \/><\/div>\n<p><\/div><\/div><div class=\"acc_item\"><h4 class=\"accordion\"><span class=\"acc_control \"><\/span><span class=\"acc_heading\">Kann ich meiner E-Mail Social-Media-Links hinzuf\u00fcgen?<\/span><\/h4><div class=\"accordion_content\"><\/p>\n<p class=\"intercom-align-left\">Ja, Sie k\u00f6nnen Ihrer E-Mail die folgenden Social-Media-Links hinzuf\u00fcgen:<\/p>\n<ul>\n<li>Twitter<\/li>\n<li>Facebook<\/li>\n<li>LinkedIn<\/li>\n<li>Google+<\/li>\n<li>Instagram<\/li>\n<li>YouTube<\/li>\n<\/ul>\n<p class=\"intercom-align-left\">Aktualisieren Sie auf der Seite f\u00fcr die Selbstfreigabe einfach den folgenden Abschnitt:<\/p>\n<div class=\"intercom-container intercom-align-left\"><img decoding=\"async\" src=\"https:\/\/cdn.brandfolder.io\/8TODOWLK\/at\/3bsfph6fnwrpmrq9jr7sz9\/Campaign-Add_Socials.png\" \/><\/div>\n<p><\/div><\/div><div class=\"acc_item\"><h4 class=\"accordion\"><span class=\"acc_control \"><\/span><span class=\"acc_heading\">Kann ich die Betreffzeile meiner monatlichen E-Mail \u00e4ndern?<\/span><\/h4><div class=\"accordion_content\"><\/p>\n<p class=\"intercom-align-left\">Sie haben die M\u00f6glichkeit, die Betreffzeile zu \u00e4ndern. Bitte beachten Sie jedoch, dass wir uns bem\u00fchen, die Betreffzeile basierend auf dem Inhalt Ihrer E-Mail zu optimieren.<\/p>\n<p class=\"intercom-align-left\">Zur \u00c4nderung der Betreffzeile m\u00fcssen Sie einfach an das Ende des Ihnen bereitgestellten E-Mail-Entwurfs scrollen und auf die Schaltfl\u00e4che \u201e\u00c4nderungen vornehmen\u201c klicken.<\/p>\n<div class=\"intercom-container intercom-align-left\"><a href=\"https:\/\/downloads.intercomcdn.com\/i\/o\/67190005\/8a697a49e480f747eb40e697\/2018-07-11_13-42-29.jpg\" target=\"_blank\" rel=\"nofollow noopener noreferrer\"><img decoding=\"async\" src=\"https:\/\/cdn.brandfolder.io\/8TODOWLK\/at\/673hcrb66nztx6n4tfw4867\/Campaign-Make_Changes.png\" \/><\/a><\/div>\n<p class=\"intercom-align-left\">\u00c4ndern Sie dann den Text im Feld mit der Bezeichnung \u201eE-Mail-Betreffzeile\u201c.<\/p>\n<div class=\"intercom-container intercom-align-left\"><img decoding=\"async\" src=\"https:\/\/cdn.brandfolder.io\/8TODOWLK\/at\/rkxxqwtrtn266rh8nt7qxv9x\/Campaign-Subject_Line.png\" \/><\/div>\n<p><\/div><\/div><div class=\"acc_item\"><h4 class=\"accordion\"><span class=\"acc_control \"><\/span><span class=\"acc_heading\">Ich habe meine Kampagne versehentlich geplant, bevor \u00c4nderungen vorgenommen wurden. Wie kann ich sie abbrechen?<\/span><\/h4><div class=\"accordion_content\"><span style=\"font-weight: 400;\">Sie m\u00fcssen Ihren Partner Marketing Consultant per E-Mail bitten, die Kampagne manuell zu stornieren und neu zu erstellen.\u00a0<\/span><\/div><\/div><div class=\"acc_item\"><h4 class=\"accordion\"><span class=\"acc_control \"><\/span><span class=\"acc_heading\">Ich muss \u00c4nderungen vornehmen, aber meine Kampagne wurde bereits versendet. Was kann ich tun?<\/span><\/h4><div class=\"accordion_content\"><\/p>\n<p class=\"intercom-align-left\">Ihre Kampagne wird automatisch so geplant, dass sie vier Werktage nach Erhalt Ihres Entwurfs an Ihre Liste gesendet wird. Innerhalb dieses Zeitraums k\u00f6nnen Sie \u00c4nderungen vornehmen, indem Sie auf die Schaltfl\u00e4che \u201e\u00c4nderungen vornehmen\u201c unten klicken und zur Durchf\u00fchrung von Bearbeitungen auf \u00c4nderungen bei der Selbstfreigabe zugreifen.<\/p>\n<p>Nach dem Versand der Kampagne k\u00f6nnen Sie sie jedoch nicht mehr bearbeiten. Sie k\u00f6nnen Ihrem Partner Marketing Consultant eine E-Mail schicken, um sicherzustellen, dass Ihre \u00c4nderungen in Ihrer n\u00e4chsten Kampagne ber\u00fccksichtigt sind.<\/div><\/div><\/div><div class=\"boc_spacing \" style=\"height: 60px\"><\/div>[\/vc_column][\/vc_row][vc_row disable_element=&#8220;yes&#8220; el_id=&#8220;contact-us&#8220;][vc_column]<div class=\"boc_spacing \" style=\"height: 40px\"><\/div><div class=\"boc_divider_holder\"><div class=\"boc_divider  \"  style=\"margin-top: 20px;margin-bottom: 20px;height: 1px;background: #eeeeee;\"><\/div><\/div><div class=\"boc_spacing \" style=\"height: 40px\"><\/div><h2 class=\"boc_heading  center  \" ><span>Fragen? Kontaktieren Sie uns<\/span><\/h2><div class=\"boc_spacing \" style=\"height: 20px\"><\/div>[vc_column_text]<\/p>\n<p style=\"text-align: center;\">Bei Fragen wenden Sie sich \u00fcber das nachstehende Formular an Ihren Ansprechpartner bei Extu.<\/p>\n<p>[\/vc_column_text][vc_row_inner][vc_column_inner width=&#8220;1\/4&#8243;][\/vc_column_inner][vc_column_inner width=&#8220;1\/2&#8243;]<div class=\"boc_spacing \" style=\"height: 20px\"><\/div>[vc_raw_html]JTNDaWZyYW1lJTIwc3JjJTNEJTIyaHR0cHMlM0ElMkYlMkZ3d3cyLm9uZWFmZmluaXRpLmNvbSUyRmwlMkY1MTE3MzElMkYyMDIxLTA1LTE5JTJGOW00OTU4JTIyJTIwd2lkdGglM0QlMjIxMDAlMjUlMjIlMjBoZWlnaHQlM0QlMjI1MDAlMjIlMjB0eXBlJTNEJTIydGV4dCUyRmh0bWwlMjIlMjBmcmFtZWJvcmRlciUzRCUyMjAlMjIlMjBhbGxvd1RyYW5zcGFyZW5jeSUzRCUyMnRydWUlMjIlMjBzdHlsZSUzRCUyMmJvcmRlciUzQSUyMDAlMjIlM0UlM0MlMkZpZnJhbWUlM0U=[\/vc_raw_html][\/vc_column_inner][vc_column_inner width=&#8220;1\/4&#8243;][\/vc_column_inner][\/vc_row_inner][\/vc_column][\/vc_row]<\/p>\n<\/div>","protected":false},"excerpt":{"rendered":"<p>[vc_row full_width=&#8220;stretch_row&#8220; content_placement=&#8220;middle&#8220; css=&#8220;.vc_custom_1694560995391{background-color: #000000 !important;background-position: center !important;background-repeat: no-repeat !important;background-size: cover !important;}&#8220;][vc_column width=&#8220;1\/2&#8243;][\/vc_column][vc_column width=&#8220;1\/2&#8243;][vc_raw_html]JTNDaWZyYW1lJTIwd2lkdGglM0QlMjI1NjAlMjIlMjBoZWlnaHQlM0QlMjIzMTUlMjIlMjBzcmMlM0QlMjJodHRwcyUzQSUyRiUyRnd3dy55b3V0dWJlLmNvbSUyRmVtYmVkJTJGYlRpUmp0SngtZTglMjIlMjB0aXRsZSUzRCUyMllvdVR1YmUlMjB2aWRlbyUyMHBsYXllciUyMiUyMGZyYW1lYm9yZGVyJTNEJTIyMCUyMiUyMGFsbG93JTNEJTIyYWNjZWxlcm9tZXRlciUzQiUyMGF1dG9wbGF5JTNCJTIwY2xpcGJvYXJkLXdyaXRlJTNCJTIwZW5jcnlwdGVkLW1lZGlhJTNCJTIwZ3lyb3Njb3BlJTNCJTIwcGljdHVyZS1pbi1waWN0dXJlJTIyJTIwYWxsb3dmdWxsc2NyZWVuJTNFJTNDJTJGaWZyYW1lJTNF[\/vc_raw_html][\/vc_column][\/vc_row][vc_row][vc_column][vc_row_inner][vc_column_inner width=&#8220;1\/2&#8243;][vc_column_text]\u00c4nderungen an Ihrer Extu-Kampagne lassen sich schnell und einfach vornehmen.\u00a0Sie k\u00f6nnen einige einfache \u00c4nderungen vornehmen wie: \u00c4nderung der Uhrzeit und des Datums, an dem sie versendet werden soll Die Betreffzeile Grundlegende Informationen in der Fu\u00dfzeile mit Social-Media-Links Artikelmerkmale Wenn Sie diese \u00c4nderungen vornehmen m\u00f6chten, scrollen Sie<\/p>\n<div class=\"h10\"><\/div>\n<p><a class=\"more-link1\" href=\"https:\/\/partners.extu.com\/de\/genehmigung-von-kampagnen\/\">Read more<\/a><\/p>\n","protected":false},"author":18,"featured_media":0,"parent":0,"menu_order":0,"comment_status":"closed","ping_status":"closed","template":"","meta":{"_acf_changed":false,"om_disable_all_campaigns":false,"footnotes":""},"class_list":["post-15414","page","type-page","status-publish","hentry"],"acf":{"footer_box_text":"","footer_form":""},"_links":{"self":[{"href":"https:\/\/partners.extu.com\/de\/wp-json\/wp\/v2\/pages\/15414","targetHints":{"allow":["GET"]}}],"collection":[{"href":"https:\/\/partners.extu.com\/de\/wp-json\/wp\/v2\/pages"}],"about":[{"href":"https:\/\/partners.extu.com\/de\/wp-json\/wp\/v2\/types\/page"}],"author":[{"embeddable":true,"href":"https:\/\/partners.extu.com\/de\/wp-json\/wp\/v2\/users\/18"}],"replies":[{"embeddable":true,"href":"https:\/\/partners.extu.com\/de\/wp-json\/wp\/v2\/comments?post=15414"}],"version-history":[{"count":0,"href":"https:\/\/partners.extu.com\/de\/wp-json\/wp\/v2\/pages\/15414\/revisions"}],"wp:attachment":[{"href":"https:\/\/partners.extu.com\/de\/wp-json\/wp\/v2\/media?parent=15414"}],"curies":[{"name":"wp","href":"https:\/\/api.w.org\/{rel}","templated":true}]}}